
{"id":34759,"date":"2021-06-08T10:42:06","date_gmt":"2021-06-08T09:42:06","guid":{"rendered":"https:\/\/smartbe.be\/?page_id=34759"},"modified":"2023-03-17T16:27:24","modified_gmt":"2023-03-17T15:27:24","slug":"assemblee-generale-ordinaire-2021","status":"publish","type":"page","link":"https:\/\/smartbe.be\/fr\/assemblee-generale-ordinaire-2021\/","title":{"rendered":"Assembl\u00e9e g\u00e9n\u00e9rale ordinaire 2021"},"content":{"rendered":"<h2 class=\"page-leader\">SmartCoop &#8211; Soci\u00e9t\u00e9 coop\u00e9rative agr\u00e9\u00e9e entreprise sociale<\/h2>\n<p>Retrouvez ci-dessous l\u2019ordre du jour, les points soumis au vote ainsi que les r\u00e9sultats des votes.<\/p>\n<p><img decoding=\"async\" src=\"https:\/\/smartbe.be\/wp-content\/uploads\/2021\/01\/fleche-arrow-long.png\" \/><a href=\"https:\/\/smartbe.be\/wp-content\/uploads\/2021\/06\/AG2021-Resolutions-SmartCoop.pdf\">Le texte int\u00e9gral des r\u00e9solutions qui se trouve sur la plateforme de vote<\/a><\/p>\n<p><img decoding=\"async\" src=\"https:\/\/smartbe.be\/wp-content\/uploads\/2021\/01\/fleche-arrow-long.png\" \/><a href=\"https:\/\/smartbe.be\/wp-content\/uploads\/2021\/06\/SmartCoop_resultats_2021.pdf\">Les r\u00e9sultats des votes (752 votant\u00b7es)<\/a><\/p>\n<p>&nbsp;<\/p>\n<h2 class=\"article clearfix\"><span data-contrast=\"auto\">Assembl\u00e9e g\u00e9n\u00e9rale ordinaire &#8211; Ordre du jour<\/span><\/h2>\n<p><strong>1. Approbation des rapports et comptes de l\u2019exercice 2020<\/strong> &#8211; Point pour d\u00e9cision<\/p>\n<p><em>Examen des comptes 2020, du rapport d\u2019activit\u00e9, du rapport du r\u00e9viseur d\u2019entreprise, en vue de leur approbation et de donner d\u00e9charge aux administrateur\u00b7trices de leur mandat de gestion.<\/em><\/p>\n<ul>\n<li><a href=\"https:\/\/smartbe.be\/wp-content\/uploads\/2021\/06\/BE_SMARTCOOP_Rapport_de_gestion2021.pdf\">Rapport de gestion SmartCoop<\/a><\/li>\n<li><a href=\"https:\/\/smartbe.be\/wp-content\/uploads\/2021\/06\/Be-SmartCoop-SC-rapport-de-commissaire-2020.pdf\">Rapport de commissaire<\/a><\/li>\n<li><a href=\"https:\/\/smartbe.be\/wp-content\/uploads\/2021\/06\/BE-Bilan-CDR-SMART-COOP-2020.pdf\">Compte de r\u00e9sultats et bilan 2020 &#8211; SmartCoop<\/a><\/li>\n<li><a href=\"https:\/\/smartbe.be\/wp-content\/uploads\/2021\/06\/Compte-de-resultats-consolide-2020-Smart-Belgique.pdf\">Compte de r\u00e9sultats consolid\u00e9s 2020 &#8211; Smart Belgique<\/a><\/li>\n<li><a href=\"https:\/\/smartbe.be\/wp-content\/uploads\/2021\/06\/Bilan-consolide-2020-Smart-Belgique.pdf\">Bilan consolid\u00e9 2020 &#8211; Smart Belgique<\/a><\/li>\n<li><a href=\"https:\/\/smartbe.be\/wp-content\/uploads\/2021\/09\/rapport_d-activite_2020_FR.pdf\">Rapport d&rsquo;activit\u00e9 2020<\/a><\/li>\n<\/ul>\n<p>&nbsp;<\/p>\n<p><strong>2. D\u00e9cisions d\u2019affectation du r\u00e9sultat <\/strong>&#8211; Point pour d\u00e9cision<\/p>\n<p><em>Les statuts de la coop\u00e9rative pr\u00e9voient la non-distribution des r\u00e9sultats et leurs affectations en r\u00e9serve impartageable.<\/em><\/p>\n<p>&nbsp;<\/p>\n<p><strong>3. Pr\u00e9sentation du rapport de r\u00e9vision<\/strong> &#8211; Point pour d\u00e9cision<\/p>\n<ul>\n<li><a href=\"https:\/\/smartbe.be\/wp-content\/uploads\/2021\/06\/Be-Groupe-SMART-202012-Rapport-Conso-ISA-805.pdf\">Rapport du r\u00e9viseur d&rsquo;entreprises<\/a><\/li>\n<\/ul>\n<p>&nbsp;<\/p>\n<p><strong>4. Pr\u00e9sentation du Rapport sp\u00e9cial sur la r\u00e9alisation d\u2019un \u00ab impact soci\u00e9tal positif \u00bb<\/strong> &#8211; Point pour information<\/p>\n<div><em>Afin de conserver l&rsquo;agr\u00e9ment comme entreprise sociale, un rapport est pr\u00e9sent\u00e9 chaque ann\u00e9e pour montrer l&rsquo;impact soci\u00e9tal positif de la coop\u00e9rative.<\/em><\/div>\n<ul>\n<li><a href=\"https:\/\/smartbe.be\/wp-content\/uploads\/2021\/06\/rapport_social.pdf\">Rapport sp\u00e9cial sur la r\u00e9alisation d\u2019un \u00ab impact soci\u00e9tal positif \u00bb<\/a><\/li>\n<\/ul>\n<p>&nbsp;<\/p>\n<p><strong>5. \u00c9tat du soci\u00e9tariat et du capital social <\/strong>&#8211; Point pour d\u00e9cision<\/p>\n<p><em>La composition du soci\u00e9tariat (cat\u00e9gories, nombre de parts, droits de vote\u2026), du montant du capital social et de la valeur de la part au 31\/12\/2020.<\/em><\/p>\n<p>&nbsp;<\/p>\n<p><strong>6. Retour sur l\u2019ann\u00e9e et le mandat du conseil d\u2019administration<\/strong> &#8211; Point pour information<\/p>\n<p><em>Pr\u00e9sentation des temps forts de la vie et du mandat du conseil d\u2019administration.<\/em><\/p>\n<p>&nbsp;<\/p>\n<p><strong>7. Validation du plan strat\u00e9gique 2025<\/strong> &#8211; Point pour d\u00e9cision<\/p>\n<p><em>Un plan strat\u00e9gique a \u00e9t\u00e9 construit pour poser des principes d\u2019actions et tracer des axes de mise en \u0153uvre. Ce plan est issu d\u2019une \u00e9laboration collective. Nourri d\u2019abord par le processus Smart in Progress et par un travail de l\u2019administration d\u00e9l\u00e9gu\u00e9e et des conseils d\u2019administration, ce plan a \u00e9t\u00e9 discut\u00e9, travaill\u00e9, amend\u00e9 puis valid\u00e9 par ces derniers. <\/em><em>Le r\u00f4le de ce document est de poser les grandes lignes d\u2019action auxquels l\u2019ensemble de la communaut\u00e9 Smart pourra se r\u00e9f\u00e9rer, s\u2019orienter, se raccrocher durant les cinq ann\u00e9es \u00e0 venir.<\/em><\/p>\n<ul>\n<li><a href=\"https:\/\/smartbe.be\/wp-content\/uploads\/2021\/06\/Smart-strate\u0301gie-2025.pdf\">Smart &#8211; Strate\u0301gie 2025<\/a><\/li>\n<\/ul>\n<p>&nbsp;<\/p>\n<p><strong>8. \u00c9lections du conseil d\u2019administration<\/strong> &#8211; Point pour d\u00e9cision<\/p>\n<p>Apr\u00e8s un mandat de quatre ans, le conseil d\u2019administration de la coop\u00e9rative sera renouvel\u00e9, conform\u00e9ment aux statuts de la coop\u00e9rative.<\/p>\n<ul>\n<li><a href=\"https:\/\/smartbe.be\/fr\/?post_type=candidature_ca_2021\">Liste des candidat\u00b7es<\/a><\/li>\n<\/ul>\n<p>&nbsp;<\/p>\n<p><strong>9. Smart in Progress: pr\u00e9sentation du processus pour l\u2019ann\u00e9e \u00e0 venir<\/strong> &#8211; Point pour d\u00e9cision<\/p>\n<p><em>La p\u00e9riode 2021-2022 sera consacr\u00e9e \u00e0 la fois \u00e0 une \u00e9valuation, \u00e0 des moments de mise en visibilit\u00e9 de ce que sont devenues les 200 recommandations \u00e9mises ainsi qu\u2019\u00e0 des exp\u00e9rimentations par les soci\u00e9taires.<\/em><\/p>\n<ul>\n<li>Note Smart in Progress 2021-2022 (\u00e0 venir)<\/li>\n<li>Projets de recommandations Smart in Progress 2020-2021:\n<ul>\n<li><a href=\"https:\/\/eur03.safelinks.protection.outlook.com\/?url=https%3A%2F%2Fpad.smartcoop.io%2Fs%2Frecommandations-accompagnement-2021&amp;data=04%7C01%7Cjulie.leduc%40smart.coop%7C8b78a2eb09f146164fe708d9275d15ed%7C4cd84c4c6921488dabd0c4fa75e5d039%7C0%7C0%7C637584103012888322%7CUnknown%7CTWFpbGZsb3d8eyJWIjoiMC4wLjAwMDAiLCJQIjoiV2luMzIiLCJBTiI6Ik1haWwiLCJXVCI6Mn0%3D%7C1000&amp;sdata=rh68MXMnasz8V3vYKxxzdUhr0Y2nF0M8x3AjwLxX3z0%3D&amp;reserved=0\" data-auth=\"NotApplicable\" data-linkindex=\"6\">L\u2019accompagnement<\/a><\/li>\n<li><a href=\"https:\/\/eur03.safelinks.protection.outlook.com\/?url=https%3A%2F%2Fpad.smartcoop.io%2Fs%2Frecommandations-egalite-2021&amp;data=04%7C01%7Cjulie.leduc%40smart.coop%7C8b78a2eb09f146164fe708d9275d15ed%7C4cd84c4c6921488dabd0c4fa75e5d039%7C0%7C0%7C637584103012868399%7CUnknown%7CTWFpbGZsb3d8eyJWIjoiMC4wLjAwMDAiLCJQIjoiV2luMzIiLCJBTiI6Ik1haWwiLCJXVCI6Mn0%3D%7C1000&amp;sdata=guRAOlEpPWt0EM6Bbkm8O%2F0fFbNC2zunJqLZ5iSto%2BE%3D&amp;reserved=0\" data-auth=\"NotApplicable\" data-linkindex=\"3\">Penser et agir pour l\u2019\u00e9galit\u00e9 des genres<\/a><\/li>\n<li><a href=\"https:\/\/eur03.safelinks.protection.outlook.com\/?url=https%3A%2F%2Fpad.smartcoop.io%2Fs%2Frecommandations-horizon-2021&amp;data=04%7C01%7Cjulie.leduc%40smart.coop%7C8b78a2eb09f146164fe708d9275d15ed%7C4cd84c4c6921488dabd0c4fa75e5d039%7C0%7C0%7C637584103012888322%7CUnknown%7CTWFpbGZsb3d8eyJWIjoiMC4wLjAwMDAiLCJQIjoiV2luMzIiLCJBTiI6Ik1haWwiLCJXVCI6Mn0%3D%7C1000&amp;sdata=JvF0R7FROqwOOr9xrbuaAs0jqhEsj8GrVDyTTMcqwno%3D&amp;reserved=0\" data-auth=\"NotApplicable\" data-linkindex=\"7\">Un nouvel horizon post-crise sanitaire<\/a><\/li>\n<li><a href=\"https:\/\/eur03.safelinks.protection.outlook.com\/?url=https%3A%2F%2Fpad.smartcoop.io%2Fs%2Frecommandations-vdna-2021&amp;data=04%7C01%7Cjulie.leduc%40smart.coop%7C8b78a2eb09f146164fe708d9275d15ed%7C4cd84c4c6921488dabd0c4fa75e5d039%7C0%7C0%7C637584103012868399%7CUnknown%7CTWFpbGZsb3d8eyJWIjoiMC4wLjAwMDAiLCJQIjoiV2luMzIiLCJBTiI6Ik1haWwiLCJXVCI6Mn0%3D%7C1000&amp;sdata=5ecytCK%2FX%2BCRs7gUxo0jP2gwc%2BhCgGlVv6A6v2jT%2FVA%3D&amp;reserved=0\" data-auth=\"NotApplicable\" data-linkindex=\"2\">Vers de nouvelles aventures<\/a> (multi-th\u00e9matiques) &#8211; France uniquement<\/li>\n<li><a href=\"https:\/\/eur03.safelinks.protection.outlook.com\/?url=https%3A%2F%2Fpad.smartcoop.io%2Fs%2Frecommandations-eco-2021&amp;data=04%7C01%7Cjulie.leduc%40smart.coop%7C8b78a2eb09f146164fe708d9275d15ed%7C4cd84c4c6921488dabd0c4fa75e5d039%7C0%7C0%7C637584103012878364%7CUnknown%7CTWFpbGZsb3d8eyJWIjoiMC4wLjAwMDAiLCJQIjoiV2luMzIiLCJBTiI6Ik1haWwiLCJXVCI6Mn0%3D%7C1000&amp;sdata=ssF866%2F%2B5L5q1zDHseqbq9BmRZBEWzMedEjO3Gcgx4o%3D&amp;reserved=0\" data-auth=\"NotApplicable\" data-linkindex=\"4\">La question du mod\u00e8le \u00e9conomique viable<\/a>\u00a0 &#8211; France uniquement<\/li>\n<\/ul>\n<\/li>\n<\/ul>\n<p>&nbsp;<\/p>\n<p><strong>10. Pr\u00e9sentation du rapport du comit\u00e9 d\u2019\u00e9thique<\/strong> &#8211; Point d&rsquo;information<\/p>\n<p><em>Pr\u00e9sentation du rapport du Comit\u00e9 d\u2019\u00e9thique, une instance consultative constitu\u00e9e \u00e0 l\u2019\u00e9chelle du groupe Smart, qui veille \u00e0 la coh\u00e9rence\u00a0<\/em><em>entre les pratiques de la coop\u00e9rative et les valeurs qu\u2019elle affiche.<\/em><\/p>\n<ul>\n<li><a href=\"https:\/\/smartbe.be\/wp-content\/uploads\/2021\/06\/comite_ethique_RA.pdf\">Comite d&rsquo;\u00e9thique &#8211; Rapport d&rsquo;activit\u00e9 2020<\/a><\/li>\n<\/ul>\n<p>&nbsp;<\/p>\n<p><strong>11. D\u00e9signation et pouvoirs pour les formalit\u00e9s<\/strong> &#8211; Point pour d\u00e9cision<\/p>\n<div><em>Pour r\u00e9pondre aux obligations l\u00e9gales et rendre officielles les d\u00e9cisions de cette assembl\u00e9e g\u00e9n\u00e9rale<\/em><\/div>\n<p>&nbsp;<\/p>\n<p><strong>Des questions?<\/strong>\u00a0<a href=\"mailto:&#x6c;&#x65;&#x74;&#x73;&#x63;&#x6f;&#x6f;&#x70;&#x40;&#x73;&#x6d;&#x61;&#x72;&#x74;&#x2e;&#x63;&#x6f;&#x6f;&#x70;\">&#x6c;&#x65;&#x74;&#x73;&#x63;&#x6f;&#x6f;&#x70;&#x40;<span class=\"oe_displaynone\">null<\/span>&#x73;&#x6d;&#x61;&#x72;&#x74;&#x2e;&#x63;&#x6f;&#x6f;&#x70;<\/a><\/p>\n<p>&nbsp;<\/p>\n<p><strong><a href=\"https:\/\/smartbe.be\/wp-content\/uploads\/2021\/01\/fleche-arrow-long.png\"><img loading=\"lazy\" decoding=\"async\" class=\"alignnone size-full wp-image-33556\" src=\"https:\/\/smartbe.be\/wp-content\/uploads\/2021\/01\/fleche-arrow-long.png\" alt=\"\" width=\"142\" height=\"13\" \/><\/a>#Letscoop2021<\/strong><\/p>","protected":false},"excerpt":{"rendered":"<p>SmartCoop &#8211; Soci\u00e9t\u00e9 coop\u00e9rative agr\u00e9\u00e9e entreprise sociale Retrouvez ci-dessous l\u2019ordre du jour, les points soumis au vote ainsi que les r\u00e9sultats des votes. Le texte int\u00e9gral des r\u00e9solutions qui se trouve sur la plateforme de vote Les r\u00e9sultats des votes &hellip;<\/p>\n","protected":false},"author":54,"featured_media":0,"parent":0,"menu_order":0,"comment_status":"closed","ping_status":"closed","template":"","meta":{"footnotes":""},"tags":[],"class_list":["post-34759","page","type-page","status-publish","hentry"],"aioseo_notices":[],"_links":{"self":[{"href":"https:\/\/smartbe.be\/fr\/wp-json\/wp\/v2\/pages\/34759","targetHints":{"allow":["GET"]}}],"collection":[{"href":"https:\/\/smartbe.be\/fr\/wp-json\/wp\/v2\/pages"}],"about":[{"href":"https:\/\/smartbe.be\/fr\/wp-json\/wp\/v2\/types\/page"}],"author":[{"embeddable":true,"href":"https:\/\/smartbe.be\/fr\/wp-json\/wp\/v2\/users\/54"}],"replies":[{"embeddable":true,"href":"https:\/\/smartbe.be\/fr\/wp-json\/wp\/v2\/comments?post=34759"}],"version-history":[{"count":44,"href":"https:\/\/smartbe.be\/fr\/wp-json\/wp\/v2\/pages\/34759\/revisions"}],"predecessor-version":[{"id":39247,"href":"https:\/\/smartbe.be\/fr\/wp-json\/wp\/v2\/pages\/34759\/revisions\/39247"}],"wp:attachment":[{"href":"https:\/\/smartbe.be\/fr\/wp-json\/wp\/v2\/media?parent=34759"}],"wp:term":[{"taxonomy":"post_tag","embeddable":true,"href":"https:\/\/smartbe.be\/fr\/wp-json\/wp\/v2\/tags?post=34759"}],"curies":[{"name":"wp","href":"https:\/\/api.w.org\/{rel}","templated":true}]}}