
{"id":34630,"date":"2021-05-28T15:18:31","date_gmt":"2021-05-28T14:18:31","guid":{"rendered":"https:\/\/smartbe.be\/?page_id=34630"},"modified":"2024-05-22T16:23:43","modified_gmt":"2024-05-22T14:23:43","slug":"merci-pour-votre-participation","status":"publish","type":"page","link":"https:\/\/smartbe.be\/fr\/assemblee-generale-2023\/merci-pour-votre-participation\/","title":{"rendered":"Merci pour votre participation"},"content":{"rendered":"<p>&nbsp;<\/p>\n<p>Votre vote \u00e0 l&rsquo;assembl\u00e9e g\u00e9n\u00e9rale Smartcoop de juin 2024 a bien \u00e9t\u00e9 pris en compte.<\/p>\n<p>Les r\u00e9sultats du vote de l\u2019assembl\u00e9e g\u00e9n\u00e9rale 2024 seront diffus\u00e9s en direct sur <a href=\"https:\/\/www.youtube.com\/@Smartcooperative\" target=\"_blank\" rel=\"noopener\">notre chaine YouTube<\/a> le 18 juin \u00e0 17h40 et publi\u00e9s sur <a href=\"http:\/\/www.smartbe.be\" target=\"_blank\" rel=\"noopener\">notre site\u202fwww.smartbe.be<\/a>.<\/p>","protected":false},"excerpt":{"rendered":"<p>&nbsp; Votre vote \u00e0 l&rsquo;assembl\u00e9e g\u00e9n\u00e9rale Smartcoop de juin 2024 a bien \u00e9t\u00e9 pris en compte. Les r\u00e9sultats du vote de l\u2019assembl\u00e9e g\u00e9n\u00e9rale 2024 seront diffus\u00e9s en direct sur notre chaine YouTube le 18 juin \u00e0 17h40 et publi\u00e9s sur &hellip;<\/p>\n","protected":false},"author":53,"featured_media":0,"parent":39370,"menu_order":0,"comment_status":"closed","ping_status":"closed","template":"","meta":{"footnotes":""},"tags":[],"class_list":["post-34630","page","type-page","status-publish","hentry"],"aioseo_notices":[],"_links":{"self":[{"href":"https:\/\/smartbe.be\/fr\/wp-json\/wp\/v2\/pages\/34630","targetHints":{"allow":["GET"]}}],"collection":[{"href":"https:\/\/smartbe.be\/fr\/wp-json\/wp\/v2\/pages"}],"about":[{"href":"https:\/\/smartbe.be\/fr\/wp-json\/wp\/v2\/types\/page"}],"author":[{"embeddable":true,"href":"https:\/\/smartbe.be\/fr\/wp-json\/wp\/v2\/users\/53"}],"replies":[{"embeddable":true,"href":"https:\/\/smartbe.be\/fr\/wp-json\/wp\/v2\/comments?post=34630"}],"version-history":[{"count":15,"href":"https:\/\/smartbe.be\/fr\/wp-json\/wp\/v2\/pages\/34630\/revisions"}],"predecessor-version":[{"id":46667,"href":"https:\/\/smartbe.be\/fr\/wp-json\/wp\/v2\/pages\/34630\/revisions\/46667"}],"up":[{"embeddable":true,"href":"https:\/\/smartbe.be\/fr\/wp-json\/wp\/v2\/pages\/39370"}],"wp:attachment":[{"href":"https:\/\/smartbe.be\/fr\/wp-json\/wp\/v2\/media?parent=34630"}],"wp:term":[{"taxonomy":"post_tag","embeddable":true,"href":"https:\/\/smartbe.be\/fr\/wp-json\/wp\/v2\/tags?post=34630"}],"curies":[{"name":"wp","href":"https:\/\/api.w.org\/{rel}","templated":true}]}}