
{"id":34519,"date":"2021-05-19T16:01:11","date_gmt":"2021-05-19T15:01:11","guid":{"rendered":"https:\/\/smartbe.be\/?page_id=34519"},"modified":"2022-07-29T12:34:40","modified_gmt":"2022-07-29T10:34:40","slug":"assemblee-generale-2021","status":"publish","type":"page","link":"https:\/\/smartbe.be\/fr\/assemblee-generale-2021\/","title":{"rendered":"Assembl\u00e9e g\u00e9n\u00e9rale 2021"},"content":{"rendered":"<p><strong><a href=\"https:\/\/smartbe.be\/wp-content\/uploads\/2021\/05\/AG_2021_Joelle.png\"><img loading=\"lazy\" decoding=\"async\" class=\"alignleft size-full wp-image-34599\" src=\"https:\/\/smartbe.be\/wp-content\/uploads\/2021\/05\/AG_2021_Joelle.png\" alt=\"\" width=\"1500\" height=\"400\" srcset=\"https:\/\/smartbe.be\/wp-content\/uploads\/2021\/05\/AG_2021_Joelle.png 1500w, https:\/\/smartbe.be\/wp-content\/uploads\/2021\/05\/AG_2021_Joelle-300x80.png 300w, https:\/\/smartbe.be\/wp-content\/uploads\/2021\/05\/AG_2021_Joelle-1024x273.png 1024w, https:\/\/smartbe.be\/wp-content\/uploads\/2021\/05\/AG_2021_Joelle-768x205.png 768w, https:\/\/smartbe.be\/wp-content\/uploads\/2021\/05\/AG_2021_Joelle-500x133.png 500w, https:\/\/smartbe.be\/wp-content\/uploads\/2021\/05\/AG_2021_Joelle-290x77.png 290w\" sizes=\"auto, (max-width: 1500px) 100vw, 1500px\" \/><\/a>O\u00f9 que vous soyez, vous pouviez participer \u00e0 notre Assembl\u00e9e g\u00e9n\u00e9rale 2021, le 22 juin. <\/strong><\/p>\n<p>Membres historiques ou membres depuis peu, client\u00b7es, partenaires, curieux\u00b7euses d\u2019en savoir plus sur la vie notre entreprise partag\u00e9e, nous sommes ravi\u00b7es de vous retrouver ou de vous rencontrer chaque ann\u00e9e pour ces deux jours partag\u00e9s. Pour l&rsquo;\u00e9dition 2021 il y avait au programme: des ateliers, des temps d\u2019\u00e9changes et de convivialit\u00e9, en mode local et collectif, en mode distanciel et pr\u00e9sentiel, \u00e0 Bruxelles, Charleroi, Louvain-la-Neuve, Li\u00e8ge, Mons. Le choix \u00e9tait large !<\/p>\n<p>Pour \u00e9changer, vous informer, d\u00e9cider, d\u00e9compresser. Chaque ann\u00e9e&#8230; Let\u2019s coop !<\/p>\n<h3><\/h3>\n<h3><strong>Lire le <\/strong><a href=\"https:\/\/smartbe.be\/fr\/news\/rapport-dactivite-2020\/\"><strong>Rapport d&rsquo;activit\u00e9 Smart 2020<\/strong><\/a><\/h3>\n<h3>Revoir la conf\u00e9rence qui a pr\u00e9c\u00e9d\u00e9 l&rsquo;Assembl\u00e9e g\u00e9n\u00e9rale :<\/h3>\n<p><strong>Rencontre avec Ander Etxeberria de la coop\u00e9rative Mondragon<\/strong>, plus grande coop\u00e9rative au monde avec 75.000 travailleuses et travailleurs en Espagne. Interview men\u00e9e en anglais par Sarah de Heusch de la coop\u00e9rative Smart, le 22 juin.<br \/>\nTraduction FR <a href=\"https:\/\/www.youtube.com\/watch?v=3P2-4kH52oc\">https:\/\/www.youtube.com\/watch?v=3P2-4kH52oc<\/a><br \/>\nVertaling NL <a href=\"https:\/\/www.youtube.com\/watch?v=wBPOA-31lvE\">https:\/\/www.youtube.com\/watch?v=wBPOA-31lvE<\/a><br \/>\nOriginal version ENG <a href=\"https:\/\/www.youtube.com\/watch?v=p1nwVWhErU0\">https:\/\/www.youtube.com\/watch?v=p1nwVWhErU0<\/a><\/p>\n<h3><\/h3>\n<h3>Revoir l&rsquo;Assembl\u00e9e g\u00e9n\u00e9rale :<\/h3>\n<p><strong>22 juin 15h30 dans l&rsquo;espace Kop de Smart \u00e0 Bruxelles<\/strong><\/p>\n<div class=\"video-container\"><iframe loading=\"lazy\" title=\"Let&#039;s coop - Assembl\u00e9e g\u00e9n\u00e9rale 2021 - 22\/06\" width=\"584\" height=\"329\" src=\"https:\/\/www.youtube.com\/embed\/KE8t9Arv_rk?feature=oembed\" frameborder=\"0\" allow=\"accelerometer; autoplay; clipboard-write; encrypted-media; gyroscope; picture-in-picture; web-share\" referrerpolicy=\"strict-origin-when-cross-origin\" allowfullscreen><\/iframe><\/div>\n<p><strong>Algemene vergadering 2021 in het Nederlands:<br \/>\n<\/strong>AV 22\/06 Vertaling NL <a href=\"https:\/\/www.youtube.com\/watch?v=MFy9tkQGduM\">https:\/\/www.youtube.com\/watch?v=MFy9tkQGduM<\/a><\/p>\n<p><strong>General Assembly 2021 in English:<\/strong><br \/>\nGA 22\/06 English translation <a href=\"https:\/\/www.youtube.com\/watch?v=sdeVOLl0rzM\">https:\/\/www.youtube.com\/watch?v=sdeVOLl0rzM<\/a><\/p>\n<h3><\/h3>\n<h3><strong>Toutes les infos des 21 et 22 juin :<br \/>\n<\/strong><\/h3>\n<ul>\n<li><a href=\"https:\/\/smartbe.be\/fr\/programme-ags-2021\/\">Le programme complet<\/a><\/li>\n<li><a href=\"https:\/\/smartbe.be\/fr\/assemblee-generale-ordinaire-2021\/\">L&rsquo;ordre du jour de l&rsquo;assembl\u00e9e g\u00e9n\u00e9rale 2021 de SmartCoop et les r\u00e9sultats des votes<\/a><\/li>\n<li><a href=\"https:\/\/smartbe.be\/fr\/?post_type=candidature_ca_2021\">La liste des candidat\u00b7es aux \u00e9lections du Conseil d&rsquo;administration du 22 juin 2021<\/a><\/li>\n<li>Les <a href=\"https:\/\/smartbe.be\/wp-content\/uploads\/2021\/06\/SmartCoop_resultats_2021.pdf\">r\u00e9sultats des votes<\/a><\/li>\n<\/ul>\n<h3>Le format<\/h3>\n<p>L\u2019assembl\u00e9e g\u00e9n\u00e9rale est un temps phare de notre coop\u00e9rative, un temps formel que nous avons voulu aussi un temps d\u2019\u00e9changes et de vie collective. Afin de combiner r\u00e8gles sanitaires, jauges et envie de se revoir, le format a \u00e9t\u00e9 adapt\u00e9. Vous pouviez rejoindre les \u00e9v\u00e9nements locaux organis\u00e9s par les \u00e9quipes, que ce soit le temps d\u2019un atelier, d\u2019un ap\u00e9ro, pour toute la journ\u00e9e ou pour vivre en direct la retransmission de l\u2019assembl\u00e9e g\u00e9n\u00e9rale.<\/p>\n<p>Et si vous pr\u00e9f\u00e9riez rester chez vous, les \u00e9quipes avaient pr\u00e9par\u00e9 un riche programme de visioconf\u00e9rences (en utilisant surtout la plateforme Jitsi qui pr\u00e9sente l&rsquo;avantage de n&rsquo;exiger aucune inscription).<\/p>\n<p>L\u2019assembl\u00e9e g\u00e9n\u00e9rale formelle s&rsquo;est donc tenue au format digital, tout comme la conf\u00e9rence pr\u00e9alable (coop\u00e9rative Mondragon). Elles \u00e9taient toutes retransmises en direct sur Linkedin, Youtube et Facebook ainsi que sur grand \u00e9cran collectif dans certains bureaux.<\/p>\n<h3>Le vote<\/h3>\n<p>Chaque soci\u00e9taire de la coop\u00e9rative dispose \u00e0 toute occasion de ce type d\u2019un droit de vote (une personne = une voix). Comme chaque ann\u00e9e, le vote \u00e9tait \u00e9lectronique. Les soci\u00e9taires recevaient d\u00e9but juin un mail avec les r\u00e9solutions soumises au vote ainsi que la marche \u00e0 suivre pour voter, et leur lien personnalis\u00e9. Documents, vid\u00e9os, temps d\u2019\u00e9change ont permis de s\u2019informer auparavant, de poser des questions et de voter en connaissance de cause.<\/p>\n<h3>Quelles infos ?<\/h3>\n<p>Plusieurs moyens et \u00e9l\u00e9ments \u00e9taient fournis pour aider \u00e0 voter :<\/p>\n<ul>\n<li><a href=\"https:\/\/smartbe.be\/fr\/assemblee-generale-ordinaire-2021\/\">Les r\u00e9solutions soumises au vote ainsi que les documents y aff\u00e9rents<\/a><\/li>\n<li><a href=\"https:\/\/smartbe.be\/fr\/?post_type=candidature_ca_2021\">La liste des candidat\u00b7es aux \u00e9lections du conseil d\u2019administration<\/a>. Une rencontre \u00e9tait organis\u00e9e en visio le 14 juin 2021.<\/li>\n<li>Tout le monde \u00e9tait invit\u00e9 \u00e0 la pr\u00e9sentation du plan strat\u00e9gique 2025 le 18 juin 2021 (en visio) pour poser des questions.<\/li>\n<li>Participer \u00e0 l\u2019assembl\u00e9e g\u00e9n\u00e9rale le 22 juin et, l\u00e0 aussi, poser des questions par les espaces de discussion des r\u00e9seaux sociaux.<\/li>\n<li>Il \u00e9tait aussi propos\u00e9 d&rsquo;envoyer vos questions par mail \u00e0 l\u2019adresse : <a href=\"mailto:&#x6c;&#x65;&#x74;&#x73;&#x63;&#x6f;&#x6f;&#x70;&#x40;&#x73;&#x6d;&#x61;&#x72;&#x74;&#x2e;&#x63;&#x6f;&#x6f;&#x70;\">&#x6c;&#x65;&#x74;&#x73;&#x63;&#x6f;&#x6f;&#x70;&#x40;<span class=\"oe_displaynone\">null<\/span>&#x73;&#x6d;&#x61;&#x72;&#x74;&#x2e;&#x63;&#x6f;&#x6f;&#x70;<\/a><\/li>\n<\/ul>\n<h3>Des questions au sujet de l&rsquo;Assembl\u00e9e g\u00e9n\u00e9rale annuelle ?<\/h3>\n<p>Prenez contact avec nous via <a href=\"mailto:&#x6c;&#x65;&#x74;&#x73;&#x63;&#x6f;&#x6f;&#x70;&#x40;&#x73;&#x6d;&#x61;&#x72;&#x74;&#x2e;&#x63;&#x6f;&#x6f;&#x70;\">&#x6c;&#x65;&#x74;&#x73;&#x63;&#x6f;&#x6f;&#x70;&#x40;<span class=\"oe_displaynone\">null<\/span>&#x73;&#x6d;&#x61;&#x72;&#x74;&#x2e;&#x63;&#x6f;&#x6f;&#x70;<\/a><\/p>\n<p><strong>#Letscoop2021<\/strong><\/p>","protected":false},"excerpt":{"rendered":"<p>O\u00f9 que vous soyez, vous pouviez participer \u00e0 notre Assembl\u00e9e g\u00e9n\u00e9rale 2021, le 22 juin. Membres historiques ou membres depuis peu, client\u00b7es, partenaires, curieux\u00b7euses d\u2019en savoir plus sur la vie notre entreprise partag\u00e9e, nous sommes ravi\u00b7es de vous retrouver ou &hellip;<\/p>\n","protected":false},"author":53,"featured_media":0,"parent":0,"menu_order":0,"comment_status":"closed","ping_status":"closed","template":"","meta":{"footnotes":""},"tags":[],"class_list":["post-34519","page","type-page","status-publish","hentry"],"aioseo_notices":[],"_links":{"self":[{"href":"https:\/\/smartbe.be\/fr\/wp-json\/wp\/v2\/pages\/34519","targetHints":{"allow":["GET"]}}],"collection":[{"href":"https:\/\/smartbe.be\/fr\/wp-json\/wp\/v2\/pages"}],"about":[{"href":"https:\/\/smartbe.be\/fr\/wp-json\/wp\/v2\/types\/page"}],"author":[{"embeddable":true,"href":"https:\/\/smartbe.be\/fr\/wp-json\/wp\/v2\/users\/53"}],"replies":[{"embeddable":true,"href":"https:\/\/smartbe.be\/fr\/wp-json\/wp\/v2\/comments?post=34519"}],"version-history":[{"count":22,"href":"https:\/\/smartbe.be\/fr\/wp-json\/wp\/v2\/pages\/34519\/revisions"}],"predecessor-version":[{"id":37675,"href":"https:\/\/smartbe.be\/fr\/wp-json\/wp\/v2\/pages\/34519\/revisions\/37675"}],"wp:attachment":[{"href":"https:\/\/smartbe.be\/fr\/wp-json\/wp\/v2\/media?parent=34519"}],"wp:term":[{"taxonomy":"post_tag","embeddable":true,"href":"https:\/\/smartbe.be\/fr\/wp-json\/wp\/v2\/tags?post=34519"}],"curies":[{"name":"wp","href":"https:\/\/api.w.org\/{rel}","templated":true}]}}