
{"id":34202,"date":"2021-04-21T12:31:43","date_gmt":"2021-04-21T11:31:43","guid":{"rendered":"https:\/\/smartbe.be\/?page_id=34202"},"modified":"2021-06-30T10:28:24","modified_gmt":"2021-06-30T09:28:24","slug":"programme-ags-2021","status":"publish","type":"page","link":"https:\/\/smartbe.be\/fr\/assemblee-generale-ordinaire-2021\/programme-ags-2021\/","title":{"rendered":"Assembl\u00e9e g\u00e9n\u00e9rale 2021 : Programme"},"content":{"rendered":"<p>Afin de combiner r\u00e8gles sanitaires, jauges et notre envie de vous revoir, le format de notre c\u00e9l\u00e8bre <a href=\"\/fr\/assemblee-generale-2021\"><b>assembl\u00e9e g\u00e9n\u00e9rale<\/b><\/a> annuelle a \u00e9t\u00e9 modifi\u00e9 de fond en comble.<br \/>\nCertains bureaux proposent \u00e0 leurs membres de rejoindre leurs \u00e9v\u00e9nements locaux pour un moment convivial ou pour toute la journ\u00e9e, pour une diffusion en direct de l\u2019assembl\u00e9e g\u00e9n\u00e9rale ou pour un atelier&#8230; <br \/>\nVous pr\u00e9f\u00e9rez rester chez vous? Vos \u00e9quipes vous ont pr\u00e9par\u00e9 un riche programme en visio.  <\/p>\n<p>D\u00e9couvrez sans plus attendre le programme. <br \/>\nOn vous conseille vivement de filtrer directement les \u00e9v\u00e8nements ; que ce soit par le lieu, par le format, visio ou pr\u00e9sentiel, ou encore par la langue. <\/p>\n<p><script type=\"text\/javascript\" src=\"https:\/\/evenium.net\/ng\/js\/widgets\/web-widget.js?name=program&#038;siteName=q9bjcbpf&#038;from=js&#038;loc=<?php echo $lg;?>\"><\/script><\/p>","protected":false},"excerpt":{"rendered":"<p>Afin de combiner r\u00e8gles sanitaires, jauges et notre envie de vous revoir, le format de notre c\u00e9l\u00e8bre assembl\u00e9e g\u00e9n\u00e9rale annuelle a \u00e9t\u00e9 modifi\u00e9 de fond en comble. Certains bureaux proposent \u00e0 leurs membres de rejoindre leurs \u00e9v\u00e9nements locaux pour un &hellip;<\/p>\n","protected":false},"author":53,"featured_media":0,"parent":34759,"menu_order":0,"comment_status":"closed","ping_status":"closed","template":"","meta":{"footnotes":""},"tags":[],"class_list":["post-34202","page","type-page","status-publish","hentry"],"aioseo_notices":[],"_links":{"self":[{"href":"https:\/\/smartbe.be\/fr\/wp-json\/wp\/v2\/pages\/34202","targetHints":{"allow":["GET"]}}],"collection":[{"href":"https:\/\/smartbe.be\/fr\/wp-json\/wp\/v2\/pages"}],"about":[{"href":"https:\/\/smartbe.be\/fr\/wp-json\/wp\/v2\/types\/page"}],"author":[{"embeddable":true,"href":"https:\/\/smartbe.be\/fr\/wp-json\/wp\/v2\/users\/53"}],"replies":[{"embeddable":true,"href":"https:\/\/smartbe.be\/fr\/wp-json\/wp\/v2\/comments?post=34202"}],"version-history":[{"count":7,"href":"https:\/\/smartbe.be\/fr\/wp-json\/wp\/v2\/pages\/34202\/revisions"}],"predecessor-version":[{"id":35045,"href":"https:\/\/smartbe.be\/fr\/wp-json\/wp\/v2\/pages\/34202\/revisions\/35045"}],"up":[{"embeddable":true,"href":"https:\/\/smartbe.be\/fr\/wp-json\/wp\/v2\/pages\/34759"}],"wp:attachment":[{"href":"https:\/\/smartbe.be\/fr\/wp-json\/wp\/v2\/media?parent=34202"}],"wp:term":[{"taxonomy":"post_tag","embeddable":true,"href":"https:\/\/smartbe.be\/fr\/wp-json\/wp\/v2\/tags?post=34202"}],"curies":[{"name":"wp","href":"https:\/\/api.w.org\/{rel}","templated":true}]}}