
{"id":33602,"date":"2021-01-15T15:25:08","date_gmt":"2021-01-15T14:25:08","guid":{"rendered":"https:\/\/smartbe.be\/?page_id=33602"},"modified":"2026-03-26T13:29:31","modified_gmt":"2026-03-26T12:29:31","slug":"societaire-de-categorie-c","status":"publish","type":"page","link":"https:\/\/smartbe.be\/fr\/societaire-de-categorie-c\/","title":{"rendered":"Soci\u00e9taire de cat\u00e9gorie C"},"content":{"rendered":"<h3>Vous connaissez Smart depuis toujours ou depuis peu? Vous \u00eates convaincu\u00b7e par le travail de terrain et les r\u00e9flexions men\u00e9es par Smart, par son utilit\u00e9 soci\u00e9tale dans un monde du travail en pleine mutation, par son engagement envers ses partenaires? Vous souhaitez soutenir le d\u00e9veloppement du projet et l\u2019activit\u00e9 professionnelle des dizaines de milliers d\u2019entrepreneur\u00b7es-salari\u00e9\u00b7es qui la composent? Posez un acte fort pour renforcer votre relation avec Smart: rejoignez notre coop\u00e9rative!<\/h3>\n<h2>Devenir soci\u00e9taire, \u00e7a veut dire quoi?<\/h2>\n<p>Cela signifie:<\/p>\n<ul>\n<li>Poss\u00e9der des parts coop\u00e9ratives de l\u2019entreprise et donc renforcer son autonomie financi\u00e8re n\u00e9cessaire \u00e0 la p\u00e9rennisation et au d\u00e9veloppement des services (et des risques) mutualis\u00e9s<\/li>\n<li>Avoir un droit de vote lors de l\u2019assembl\u00e9e g\u00e9n\u00e9rale de la coop\u00e9rative (orientations strat\u00e9giques, comptes consolid\u00e9s, etc.) et avoir la possibilit\u00e9 de\u00a0<a href=\"https:\/\/smartbe.be\/fr\/la-cooperative-2\/#espacesparticipation\">s\u2019impliquer dans la vie de la coop\u00e9rative<\/a><\/li>\n<li>Renforcer nos relations pour permettre de l&rsquo;\u00e9changes de pratiques coop\u00e9ratives entre structures, entre coop\u00e9rateur\u00b7trices&#8230;<\/li>\n<li>\u00c9lire et\/ou faire partie du <a href=\"https:\/\/smartbe.be\/fr\/le-conseil-dadministration\/\">conseil d\u2019administration<\/a><\/li>\n<li>Utiliser les <a href=\"https:\/\/smartbe.be\/fr\/services\">services de Smart<\/a><\/li>\n<li>Adh\u00e9rer \u00e0 <a href=\"https:\/\/smartbe.be\/wp-content\/uploads\/2024\/08\/Statuts_Smart.pdf\">nos statuts<\/a><\/li>\n<\/ul>\n<h2>Qui \u00eates-vous?<\/h2>\n<p>Vous vous reconnaissez dans l&rsquo;un de ces profils:<\/p>\n<ul>\n<li><strong>partenaire externe<\/strong><\/li>\n<li><strong>institution de recherche\/partenaire acad\u00e9mique<\/strong><\/li>\n<li><strong>client\u00b7e<\/strong><\/li>\n<li><strong>ancien\u00b7ne salari\u00e9\u00b7e de Smart<\/strong><\/li>\n<\/ul>\n<h2>Comment pouvez-vous devenir soci\u00e9taire?<\/h2>\n<p>C\u2019est simple, voici la marche \u00e0 suivre!<\/p>\n<p>1. Pour les profils de cat\u00e9gorie C, <a href=\"https:\/\/smartbe.be\/fr\/devenez-societaire-de-categorie-c\/\">signalez votre intention en compl\u00e9tant le formulaire suivant<\/a>. Vous serez ensuite recontact\u00e9\u00b7e et aurez l\u2019occasion de discuter des modalit\u00e9s pratiques, notamment financi\u00e8res, de votre engagement en tant que soci\u00e9taire.<\/p>\n<p>2. Votre candidature sera ensuite soumise au conseil d\u2019administration pour validation de votre entr\u00e9e au soci\u00e9tariat. Le conseil d\u2019administration examine les candidatures en fonction:<\/p>\n<ul>\n<li>des caract\u00e9ristiques \u00e9conomiques du soci\u00e9taire;<\/li>\n<li>de son objet social;<\/li>\n<li>de l\u2019historique de ses relations avec Smart;<\/li>\n<li>d\u2019une \u00e9valuation de l\u2019ampleur de ses relations \u00e9conomiques avec Smart, et notamment une \u00e9valuation des risques;<\/li>\n<li>de l\u2019expression de ses motivations.<\/li>\n<\/ul>\n<p>Une part de 30 euros minimum doit \u00eatre souscrite et lib\u00e9r\u00e9e annuellement. Il existe aujourd\u2019hui des modalit\u00e9s sp\u00e9cifiques pr\u00e9vues (<a href=\"https:\/\/smartbe.be\/fr\/societariat-categorie-c\/\">voir le tableau<\/a>) par le conseil d\u2019administration quant au nombre de parts \u00e0 souscrire selon la cat\u00e9gorie de soci\u00e9taires \u00e0 laquelle vous appartenez. Votre entr\u00e9e au soci\u00e9tariat est bien s\u00fbr conditionn\u00e9e par l\u2019acceptation de ces modalit\u00e9s.<\/p>\n<p>En fonction du nombre de parts \u00e0 souscrire, la premi\u00e8re part doit \u00eatre lib\u00e9r\u00e9e au moment de la souscription et les autres parts peuvent l\u2019\u00eatre dans le courant de l\u2019ann\u00e9e. Vous serez alors en ordre de paiement pour autant d\u2019ann\u00e9e que de nombre de parts pay\u00e9es. Les ann\u00e9es suivantes, il vous sera \u00e9videmment possible de lib\u00e9rer de nouvelles parts et prolonger ainsi votre dur\u00e9e d\u2019engagement.<\/p>\n<p>3. Une fois votre candidature valid\u00e9e par le conseil d\u2019administration, vous recevrez ensuite un e-mail vous invitant \u00e0 suivre le lien vers la plateforme de paiement (Hipay).<\/p>\n<h2>Des questions?<\/h2>\n<ul>\n<li><a href=\"https:\/\/smartbe.be\/fr\/faq\/\">Avez-vous consult\u00e9 les FAQ?<\/a>\u00a0Vous y trouverez peut-\u00eatre la r\u00e9ponse en quelques clics.<\/li>\n<li>Vous avez des questions au sujet de la souscription des parts coop\u00e9ratives, contactez <a href=\"mailto:&#x69;&#x6e;&#x73;&#x74;&#x61;&#x6e;&#x63;&#x65;&#x73;&#x40;&#x73;&#x6d;&#x61;&#x72;&#x74;&#x2e;&#x63;&#x6f;&#x6f;&#x70;\">&#x69;&#x6e;&#x73;&#x74;&#x61;&#x6e;&#x63;&#x65;&#x73;&#x40;<span class=\"oe_displaynone\">null<\/span>&#x73;&#x6d;&#x61;&#x72;&#x74;&#x2e;&#x63;&#x6f;&#x6f;&#x70;<\/a><\/li>\n<\/ul>","protected":false},"excerpt":{"rendered":"<p>Vous connaissez Smart depuis toujours ou depuis peu? Vous \u00eates convaincu\u00b7e par le travail de terrain et les r\u00e9flexions men\u00e9es par Smart, par son utilit\u00e9 soci\u00e9tale dans un monde du travail en pleine mutation, par son engagement envers ses partenaires? &hellip;<\/p>\n","protected":false},"author":13,"featured_media":0,"parent":0,"menu_order":0,"comment_status":"closed","ping_status":"closed","template":"","meta":{"footnotes":""},"tags":[],"class_list":["post-33602","page","type-page","status-publish","hentry"],"aioseo_notices":[],"_links":{"self":[{"href":"https:\/\/smartbe.be\/fr\/wp-json\/wp\/v2\/pages\/33602","targetHints":{"allow":["GET"]}}],"collection":[{"href":"https:\/\/smartbe.be\/fr\/wp-json\/wp\/v2\/pages"}],"about":[{"href":"https:\/\/smartbe.be\/fr\/wp-json\/wp\/v2\/types\/page"}],"author":[{"embeddable":true,"href":"https:\/\/smartbe.be\/fr\/wp-json\/wp\/v2\/users\/13"}],"replies":[{"embeddable":true,"href":"https:\/\/smartbe.be\/fr\/wp-json\/wp\/v2\/comments?post=33602"}],"version-history":[{"count":22,"href":"https:\/\/smartbe.be\/fr\/wp-json\/wp\/v2\/pages\/33602\/revisions"}],"predecessor-version":[{"id":49475,"href":"https:\/\/smartbe.be\/fr\/wp-json\/wp\/v2\/pages\/33602\/revisions\/49475"}],"wp:attachment":[{"href":"https:\/\/smartbe.be\/fr\/wp-json\/wp\/v2\/media?parent=33602"}],"wp:term":[{"taxonomy":"post_tag","embeddable":true,"href":"https:\/\/smartbe.be\/fr\/wp-json\/wp\/v2\/tags?post=33602"}],"curies":[{"name":"wp","href":"https:\/\/api.w.org\/{rel}","templated":true}]}}