
{"id":33461,"date":"2021-01-04T15:20:45","date_gmt":"2021-01-04T14:20:45","guid":{"rendered":"https:\/\/smartbe.be\/?page_id=33461"},"modified":"2021-12-06T10:54:54","modified_gmt":"2021-12-06T09:54:54","slug":"a-quoi-servent-ces-contributions-mutualisees","status":"publish","type":"page","link":"https:\/\/smartbe.be\/fr\/nos-services\/modele-economique\/a-quoi-servent-ces-contributions-mutualisees\/","title":{"rendered":"\u00c0 quoi servent ces contributions mutualis\u00e9es ?"},"content":{"rendered":"<p>Le financement collectif de l&rsquo;entreprise partag\u00e9e est assur\u00e9 par des <a href=\"https:\/\/smartbe.be\/fr\/nos-services\/modele-economique\/quelles-sont-les-contributions-mutualisees-et-comment-sont-elles-calculees\/\">contributions mutualis\u00e9es<\/a> issues des activit\u00e9s \u00e9conomiques h\u00e9berg\u00e9es dans Smart par ses soci\u00e9taires.<\/p>\n<p><strong>Smart et ses soci\u00e9taires ont fait le choix d&rsquo;un m\u00e9canisme de financement solidaire et \u00e9galitaire, quel que soit l&rsquo;intensit\u00e9 ou l&rsquo;ampleur d&rsquo;usage par chacun.e des outils de l&rsquo;entreprise partag\u00e9e.<\/strong><\/p>\n<p>Ces outils peuvent \u00eatre r\u00e9partis en deux cat\u00e9gories et six domaines :<\/p>\n<h2>La cat\u00e9gorie productive \u2013 Les outils et services mutualis\u00e9s<\/h2>\n<p>Dans <strong>le domaine d\u00e9claratif<\/strong> : facturation, comptabilit\u00e9, d\u00e9clarations sociales et fiscales, TVA, documents sociaux, etc. Ce domaine est quasiment int\u00e9gralement automatis\u00e9 et l&rsquo;essentiel de nos co\u00fbts informatiques lui sont d\u00e9di\u00e9s.<\/p>\n<p>Dans <strong>le domaine du risque et du financement<\/strong> : garantie de tr\u00e9sorerie, r\u00e9cup\u00e9ration de cr\u00e9ances, auto-assurance des activit\u00e9s contre les clients faillis, financement interne des besoins en investissement, assistance juridique, etc.<\/p>\n<p>Dans <strong>le domaine des moyens de production partag\u00e9s<\/strong> : domaine en cours de d\u00e9veloppement mais qui comprend d\u00e9j\u00e0 les tiers-lieux et autres locaux mis \u00e0 disposition des activit\u00e9s, ainsi que la formation professionnelle d\u00e9di\u00e9e aux soci\u00e9taires et aux salari\u00e9s.<\/p>\n<p>Dans l<strong>e domaine de l&rsquo;accompagnement<\/strong> : plus d&rsquo;une centaine de conseiller\u00b7\u00e8res proposent un accompagnement de proximit\u00e9.<\/p>\n<h2>La cat\u00e9gorie des moyens g\u00e9n\u00e9raux<\/h2>\n<p>Le <strong>domaine de l&rsquo;administration g\u00e9n\u00e9rale<\/strong> : gouvernance (direction, administration d\u00e9l\u00e9gu\u00e9e, secr\u00e9tariat g\u00e9n\u00e9ral, secr\u00e9tariat des soci\u00e9t\u00e9s, Conseils d\u2019administrations, publications l\u00e9gales, etc.), vie coop\u00e9rative (les AG, les groupes participatifs, l\u2019\u00e9ducation permanente, l\u2019information, etc.), la communication, les \u00e9tudes, recherche et d\u00e9veloppement, la gestion du personnel,&#8230;<\/p>\n<p>Le <strong>domaine du <em>facility management<\/em><\/strong>, qui g\u00e8re l&rsquo;ensemble des moyens li\u00e9s \u00e0 l&rsquo;infrastructure, aux \u00e9quipements, \u00e0 la s\u00e9curit\u00e9, et \u2026 aux postes de travail.<\/p>\n<p>&nbsp;<\/p>\n<p><a href=\"https:\/\/smartbe.be\/wp-content\/uploads\/2021\/03\/graphs2.jpg\"><img loading=\"lazy\" decoding=\"async\" class=\" wp-image-33899 alignleft\" src=\"https:\/\/smartbe.be\/wp-content\/uploads\/2021\/03\/graphs2.jpg\" alt=\"\" width=\"257\" height=\"398\" \/><\/a>La premi\u00e8re cat\u00e9gorie, dite \u00ab\u00a0productive\u00a0\u00bb, d\u00e9pend pour ses co\u00fbts, des activit\u00e9s exerc\u00e9es par les soci\u00e9taires : la croissance de celles-ci a pour effet assez m\u00e9canique d&rsquo;accro\u00eetre \u00e9galement ces co\u00fbts.<\/p>\n<p>La seconde cat\u00e9gorie, elle, reste relativement neutre par rapport \u00e0 l&rsquo;\u00e9volution de ce volume d&rsquo;activit\u00e9s.<\/p>\n<p>Les ressources mutualis\u00e9es repr\u00e9sentent 16% du chiffre d\u2019affaires de la coop\u00e9rative. La cat\u00e9gorie productive (les outils collectifs) consomme 12% soit trois quarts des ressources mutualis\u00e9es et la cat\u00e9gorie des moyens g\u00e9n\u00e9raux \u00a04% seulement.<\/p>\n<p>&nbsp;<\/p>","protected":false},"excerpt":{"rendered":"<p>Le financement collectif de l&rsquo;entreprise partag\u00e9e est assur\u00e9 par des contributions mutualis\u00e9es issues des activit\u00e9s \u00e9conomiques h\u00e9berg\u00e9es dans Smart par ses soci\u00e9taires. Smart et ses soci\u00e9taires ont fait le choix d&rsquo;un m\u00e9canisme de financement solidaire et \u00e9galitaire, quel que soit &hellip;<\/p>\n","protected":false},"author":65,"featured_media":0,"parent":33440,"menu_order":0,"comment_status":"closed","ping_status":"closed","template":"","meta":{"footnotes":""},"tags":[],"class_list":["post-33461","page","type-page","status-publish","hentry"],"aioseo_notices":[],"_links":{"self":[{"href":"https:\/\/smartbe.be\/fr\/wp-json\/wp\/v2\/pages\/33461","targetHints":{"allow":["GET"]}}],"collection":[{"href":"https:\/\/smartbe.be\/fr\/wp-json\/wp\/v2\/pages"}],"about":[{"href":"https:\/\/smartbe.be\/fr\/wp-json\/wp\/v2\/types\/page"}],"author":[{"embeddable":true,"href":"https:\/\/smartbe.be\/fr\/wp-json\/wp\/v2\/users\/65"}],"replies":[{"embeddable":true,"href":"https:\/\/smartbe.be\/fr\/wp-json\/wp\/v2\/comments?post=33461"}],"version-history":[{"count":22,"href":"https:\/\/smartbe.be\/fr\/wp-json\/wp\/v2\/pages\/33461\/revisions"}],"predecessor-version":[{"id":35832,"href":"https:\/\/smartbe.be\/fr\/wp-json\/wp\/v2\/pages\/33461\/revisions\/35832"}],"up":[{"embeddable":true,"href":"https:\/\/smartbe.be\/fr\/wp-json\/wp\/v2\/pages\/33440"}],"wp:attachment":[{"href":"https:\/\/smartbe.be\/fr\/wp-json\/wp\/v2\/media?parent=33461"}],"wp:term":[{"taxonomy":"post_tag","embeddable":true,"href":"https:\/\/smartbe.be\/fr\/wp-json\/wp\/v2\/tags?post=33461"}],"curies":[{"name":"wp","href":"https:\/\/api.w.org\/{rel}","templated":true}]}}