
{"id":33440,"date":"2021-03-12T14:47:57","date_gmt":"2021-03-12T13:47:57","guid":{"rendered":"https:\/\/smartbe.be\/?page_id=33440"},"modified":"2025-11-04T19:09:52","modified_gmt":"2025-11-04T18:09:52","slug":"modele-economique","status":"publish","type":"page","link":"https:\/\/smartbe.be\/fr\/nos-services\/modele-economique\/","title":{"rendered":"Mod\u00e8le \u00e9conomique"},"content":{"rendered":"<h2>Que co\u00fbte Smart?<\/h2>\n<p>A ses travailleur\u00b7euses et soci\u00e9taires, rien.<\/p>\n<p>Aucune contribution au financement de l&rsquo;entreprise partag\u00e9e n&rsquo;est demand\u00e9e ni aux soci\u00e9taires (qui participent cependant, c\u2019est le principe m\u00eame d\u2019une coop\u00e9rative, \u00e0 la capitalisation de la coop\u00e9rative SmartCoop) ni aux travailleur\u00b7euses.<\/p>\n<p>Le financement collectif (\u201ccontributions mutualis\u00e9es\u201d) de Smart sur lequel repose les services mutualis\u00e9s, n&rsquo;a d\u2019impact que sur le budget des unit\u00e9s de production (les entit\u00e9s au sein desquelles les soci\u00e9taires agissent), tout comme les fournitures, les marchandises, le mat\u00e9riel n\u00e9cessaires \u00e0 celles-ci. Un budget d\u00e9ficitaire n\u2019est jamais port\u00e9 au compte d&rsquo;une personne &#8211; sauf exception.<\/p>\n<p><a href=\"https:\/\/smartbe.be\/fr\/nos-services\/modele-economique\/quelles-sont-les-contributions-mutualisees-et-comment-sont-elles-calculees\/\">Quelles sont les contributions mutualis\u00e9es et comment sont-elles calcul\u00e9es?<\/a><\/p>\n<p><a href=\"https:\/\/smartbe.be\/fr\/nos-services\/modele-economique\/a-quoi-servent-ces-contributions-mutualisees\/\">\u00c0 quoi servent ces contributions mutualis\u00e9es?<\/a><\/p>\n<h2>Quels seront vos moyens de contr\u00f4le?<\/h2>\n<p>Les ressources et les d\u00e9penses de Smart sont publi\u00e9es chaque ann\u00e9e dans le rapport d\u2019activit\u00e9, les comptes et le bilan. Les trois modalit\u00e9s de financement collectif de l\u2019entreprise partag\u00e9e y sont clairement identifi\u00e9es.<\/p>\n<p><a href=\"https:\/\/smartbe.be\/fr\/la-cooperative-2\/documentation\/\">Ces documents sont publi\u00e9s sur ce site web<\/a>, pr\u00e9sent\u00e9s au Conseil d\u2019administration et \u00e0 chaque\u00a0<a href=\"https:\/\/smartbe.be\/fr\/la-cooperative-2\/assemblee-generale\/\">Assembl\u00e9e g\u00e9n\u00e9rale<\/a>, discut\u00e9s en ateliers, et soumis au vote. Chaque soci\u00e9taire de la coop\u00e9rative est invit\u00e9 \u00e0 participer l\u2019Assembl\u00e9e g\u00e9n\u00e9rale et \u00e0 exercer son droit de vote.<\/p>\n<p>Par ailleurs, les outils et documents disponibles dans \u00abmon compte Smart\u00bb permettent \u00e9galement de visualiser de mani\u00e8re d\u00e9taill\u00e9e les diff\u00e9rentes sources de financement.<\/p>","protected":false},"excerpt":{"rendered":"<p>Que co\u00fbte Smart? A ses travailleur\u00b7euses et soci\u00e9taires, rien. Aucune contribution au financement de l&rsquo;entreprise partag\u00e9e n&rsquo;est demand\u00e9e ni aux soci\u00e9taires (qui participent cependant, c\u2019est le principe m\u00eame d\u2019une coop\u00e9rative, \u00e0 la capitalisation de la coop\u00e9rative SmartCoop) ni aux travailleur\u00b7euses. &hellip;<\/p>\n","protected":false},"author":65,"featured_media":0,"parent":24860,"menu_order":0,"comment_status":"closed","ping_status":"closed","template":"","meta":{"footnotes":""},"tags":[],"class_list":["post-33440","page","type-page","status-publish","hentry"],"aioseo_notices":[],"_links":{"self":[{"href":"https:\/\/smartbe.be\/fr\/wp-json\/wp\/v2\/pages\/33440","targetHints":{"allow":["GET"]}}],"collection":[{"href":"https:\/\/smartbe.be\/fr\/wp-json\/wp\/v2\/pages"}],"about":[{"href":"https:\/\/smartbe.be\/fr\/wp-json\/wp\/v2\/types\/page"}],"author":[{"embeddable":true,"href":"https:\/\/smartbe.be\/fr\/wp-json\/wp\/v2\/users\/65"}],"replies":[{"embeddable":true,"href":"https:\/\/smartbe.be\/fr\/wp-json\/wp\/v2\/comments?post=33440"}],"version-history":[{"count":13,"href":"https:\/\/smartbe.be\/fr\/wp-json\/wp\/v2\/pages\/33440\/revisions"}],"predecessor-version":[{"id":48709,"href":"https:\/\/smartbe.be\/fr\/wp-json\/wp\/v2\/pages\/33440\/revisions\/48709"}],"up":[{"embeddable":true,"href":"https:\/\/smartbe.be\/fr\/wp-json\/wp\/v2\/pages\/24860"}],"wp:attachment":[{"href":"https:\/\/smartbe.be\/fr\/wp-json\/wp\/v2\/media?parent=33440"}],"wp:term":[{"taxonomy":"post_tag","embeddable":true,"href":"https:\/\/smartbe.be\/fr\/wp-json\/wp\/v2\/tags?post=33440"}],"curies":[{"name":"wp","href":"https:\/\/api.w.org\/{rel}","templated":true}]}}