
{"id":33321,"date":"2020-12-11T16:01:57","date_gmt":"2020-12-11T15:01:57","guid":{"rendered":"https:\/\/smartbe.be\/?page_id=33321"},"modified":"2020-12-11T18:33:46","modified_gmt":"2020-12-11T17:33:46","slug":"la-cooperative-2-smart-progress-groupes-de-travail-2020-2021-laccompagnement","status":"publish","type":"page","link":"https:\/\/smartbe.be\/fr\/la-cooperative-2-smart-progress-groupes-de-travail-2020-2021-laccompagnement\/","title":{"rendered":"L\u2019accompagnement"},"content":{"rendered":"<h2><span data-contrast=\"none\">Contexte<\/span><span data-ccp-props=\"{&quot;201341983&quot;:0,&quot;335559739&quot;:160,&quot;335559740&quot;:259}\">\u00a0<\/span><\/h2>\n<p><span data-contrast=\"none\">Smart est une entreprise partag\u00e9e par des milliers de travailleurs et travailleuses autonomes qui, de par la mutualisation d\u2019un ensemble de services -administratifs, financiers, juridiques, \u00e9conomiques, espaces de travail, etc.-, d\u00e9veloppent leurs activit\u00e9s en toute autonomie dans un cadre solidaire et redistributif sans crit\u00e8re de revenus et sans limite dans le temps.\u00a0<\/span><span data-ccp-props=\"{&quot;201341983&quot;:0,&quot;335551550&quot;:6,&quot;335551620&quot;:6,&quot;335559739&quot;:160,&quot;335559740&quot;:259}\">\u00a0<\/span><\/p>\n<p><span data-contrast=\"none\">La mani\u00e8re de pouvoir d\u00e9velopper ses activit\u00e9s via le mod\u00e8le d\u2019entreprise partag\u00e9e Smart a \u00e9volu\u00e9 au cours de son histoire avec l\u2019apparition de nouvelles potentialit\u00e9s ou fonctionnalit\u00e9s, qu\u2019elles soient informatiques, op\u00e9rationnelles ou encore li\u00e9es \u00e0 des comp\u00e9tences humaines, permettant de r\u00e9pondre aux besoins et r\u00e9alit\u00e9s des travailleurs et travailleuses autonomes.\u00a0<\/span><span data-ccp-props=\"{&quot;201341983&quot;:0,&quot;335551550&quot;:6,&quot;335551620&quot;:6,&quot;335559739&quot;:160,&quot;335559740&quot;:259}\">\u00a0<\/span><\/p>\n<p><span data-contrast=\"none\">Il s\u2019agit aussi de pouvoir r\u00e9pondre \u00e0 la diversit\u00e9 de plus en plus importante en termes de profils sectoriels et de porteurs et porteuses de projets qui, chaque jour, ont recours au mod\u00e8le Smart. Un pas a \u00e9t\u00e9 fait, mais nous pouvons aller plus loin.\u00a0<\/span><span data-ccp-props=\"{&quot;201341983&quot;:0,&quot;335551550&quot;:6,&quot;335551620&quot;:6,&quot;335559739&quot;:160,&quot;335559740&quot;:259}\">\u00a0<\/span><\/p>\n<p><span data-contrast=\"none\">Il est en effet n\u00e9cessaire, afin de permettre aux travailleurs et travailleuses autonomes de\u00a0<\/span><span data-contrast=\"none\">cr\u00e9er,\u00a0<\/span><span data-contrast=\"none\">d\u00e9velopper et consolider leurs activit\u00e9s, de rendre les services de l\u2019entreprise partag\u00e9e Smart adapt\u00e9s\u00a0<\/span><span data-contrast=\"none\">et accessibles<\/span><span data-contrast=\"none\">\u00a0pour r\u00e9pondre le plus efficacement possible aux besoins\u00a0<\/span><span data-contrast=\"none\">d\u2019accompagnement<\/span><span data-contrast=\"none\">\u00a0de chacune et chacun.<\/span><span data-ccp-props=\"{&quot;201341983&quot;:0,&quot;335551550&quot;:6,&quot;335551620&quot;:6,&quot;335559739&quot;:160,&quot;335559740&quot;:259}\">\u00a0<\/span><\/p>\n<h2><span data-contrast=\"none\">\u00c9tat de la r\u00e9flexion au sein du groupe Smart<\/span><span data-ccp-props=\"{&quot;201341983&quot;:0,&quot;335559739&quot;:160,&quot;335559740&quot;:259}\">\u00a0<\/span><\/h2>\n<p><span data-contrast=\"none\">Il ne peut exister d\u2019autonomisation et d\u2019\u00e9panouissement des\u00a0<\/span><span data-contrast=\"none\">travailleur\u00b7ses<\/span><span data-contrast=\"none\">\u00a0soci\u00e9taires sans qu\u2019elles et ils disposent d\u2019une r\u00e9elle capacit\u00e9 \u00e0 utiliser avec aisance les outils et services Smart. La coop\u00e9rative doit fournir un support efficace et de qualit\u00e9 afin de favoriser cette aisance, mais aussi d\u2019aider \u00e0 comprendre le projet Smart, \u00e0 d\u00e9crypter l\u2019environnement professionnel, \u00e9conomique et r\u00e8glementaire de l\u2019activit\u00e9 de la personne, \u00e0 permettre son int\u00e9gration \u00e0 la coop\u00e9rative, \u00e0 l\u2019\u00e9pauler dans son d\u00e9veloppement \u00e9conomique, dans ses analyses prospectives ou l\u2019acquisition de nouvelles comp\u00e9tences.\u00a0<\/span><span data-ccp-props=\"{&quot;201341983&quot;:0,&quot;335551550&quot;:6,&quot;335551620&quot;:6,&quot;335559739&quot;:0,&quot;335559740&quot;:240}\">\u00a0<\/span><\/p>\n<p><span data-contrast=\"none\">Smart est une organisation \u00e0 forte valeur ajout\u00e9e humaine et doit l\u2019\u00eatre encore davantage, non seulement au b\u00e9n\u00e9fice de ses soci\u00e9taires, mais aussi pour contribuer \u00e0 renforcer son image d\u2019organisation s\u00e9rieuse, engag\u00e9e dans la dur\u00e9e aupr\u00e8s de ses membres afin qu\u2019ils puissent y tracer un parcours p\u00e9renne.\u00a0<\/span><span data-ccp-props=\"{&quot;201341983&quot;:0,&quot;335551550&quot;:6,&quot;335551620&quot;:6,&quot;335559739&quot;:0,&quot;335559740&quot;:240}\">\u00a0<\/span><\/p>\n<p><span data-contrast=\"none\">Dans ce contexte, chaque gain de productivit\u00e9 apport\u00e9 par un outil performant permet de lib\u00e9rer du temps d\u2019accompagnement humain \u00e0 forte valeur ajout\u00e9e. Notre d\u00e9fi est d\u2019articuler des outils de support et des accompagnements qui r\u00e9pondent aux besoins et attentes de dizaines de milliers de membres d\u2019\u00e2ges, de qualifications et d\u2019exp\u00e9riences variables,\u00a0<\/span><span data-contrast=\"none\">pr\u00e9sent\u00b7es<\/span><span data-contrast=\"none\">\u00a0dans diff\u00e9rents pays et dans diff\u00e9rents environnements professionnels.\u00a0<\/span><span data-ccp-props=\"{&quot;201341983&quot;:0,&quot;335551550&quot;:6,&quot;335551620&quot;:6,&quot;335559739&quot;:0,&quot;335559740&quot;:240}\">\u00a0<\/span><\/p>\n<p><span data-ccp-props=\"{&quot;201341983&quot;:0,&quot;335551550&quot;:6,&quot;335551620&quot;:6,&quot;335559739&quot;:0,&quot;335559740&quot;:240}\">\u00a0<\/span><\/p>\n<h2><span data-contrast=\"none\">Objectifs de r\u00e9flexion du groupe de travail<\/span><span data-ccp-props=\"{&quot;201341983&quot;:0,&quot;335559739&quot;:160,&quot;335559740&quot;:259}\">\u00a0<\/span><\/h2>\n<p><span data-contrast=\"auto\">Le groupe de travail doit regarder au-del\u00e0 d\u2019un accompagnement pour utiliser les outils Smart et participer \u00e0 la vie de la coop\u00e9rative, quelle proposition d\u2019accompagnement chez Smart\u202fpour les projets et les activit\u00e9s\u202f? Cet accompagnement peut notamment \u00eatre individuel, \u00e9conomique, social, collectif, local, \u00e0 la coop\u00e9ration\u2026 et s\u2019inscrire dans des parcours.<\/span><span data-ccp-props=\"{&quot;201341983&quot;:0,&quot;335551550&quot;:6,&quot;335551620&quot;:6,&quot;335559739&quot;:160,&quot;335559740&quot;:259}\">\u00a0<\/span><\/p>\n<p><span data-contrast=\"none\">Questions-clefs<\/span><span data-ccp-props=\"{&quot;201341983&quot;:0,&quot;335559739&quot;:160,&quot;335559740&quot;:259}\">\u00a0<\/span><\/p>\n<p><span data-contrast=\"none\">Les questions clefs devront \u00eatre d\u00e9finies par le groupe de travail, en fonction du d\u00e9veloppement et des avancements des r\u00e9flexions. N\u00e9anmoins \u00e0 titre d\u2019inspiration, voici quelques suggestions\u202f:\u202f\u202f<\/span><span data-ccp-props=\"{&quot;201341983&quot;:0,&quot;335559738&quot;:180,&quot;335559739&quot;:180,&quot;335559740&quot;:240}\">\u00a0<\/span><\/p>\n<ul>\n<li><b><span data-contrast=\"auto\">Comment <\/span><\/b><b><span data-contrast=\"auto\">repenser le rapport \u00e0 la proximit\u00e9\u00a0<\/span><\/b><span data-contrast=\"auto\">et de questionner quel(s) type(s) d\u2019accompagnement\u00a0<\/span><span data-contrast=\"auto\">justifient une pr\u00e9sence plus locale et qu\u2019est-ce qui peut \u00eatre accompli essentiellement \u00e0 distance\u202f?\u00a0<\/span><span data-ccp-props=\"{&quot;201341983&quot;:0,&quot;335559739&quot;:160,&quot;335559740&quot;:259}\">\u00a0<\/span><\/li>\n<li><b><span data-contrast=\"none\">Comment <\/span><\/b><b><span data-contrast=\"none\">diversifier les formes et les modalit\u00e9s de l\u2019accompagnement\u00a0<\/span><\/b><span data-contrast=\"none\">(individualis\u00e9 ou collectif, en ligne ou en pr\u00e9sentiel, par les\u00a0<\/span><span data-contrast=\"none\">conseiller\u00b7es<\/span><span data-contrast=\"none\">\u00a0ou des membres qualifi\u00e9s,\u00a0<\/span><i><span data-contrast=\"none\">via\u00a0<\/span><\/i><span data-contrast=\"none\">des formations formelles ou des dispositifs d\u2019\u00e9ducation permanente\/populaire, etc.)\u202f?<\/span><span data-ccp-props=\"{&quot;201341983&quot;:0,&quot;335559739&quot;:63,&quot;335559740&quot;:240}\">\u00a0<\/span><\/li>\n<li><b><span data-contrast=\"none\">Comment favoriser le <\/span><\/b><b><span data-contrast=\"none\">co<\/span><\/b><b><span data-contrast=\"none\">-accompagnement<\/span><\/b><span data-contrast=\"none\">, le compagnonnage et l\u2019appui mutuel\u202f? Avec quelles m\u00e9thodes\u202f? <\/span><span data-ccp-props=\"{&quot;201341983&quot;:0,&quot;335559739&quot;:0,&quot;335559740&quot;:240}\">\u00a0<\/span><\/li>\n<li><b><span data-contrast=\"none\">Comment <\/span><\/b><b><span data-contrast=\"none\">valoriser les expertises et les comp\u00e9tences des\u00a0<\/span><\/b><b><span data-contrast=\"none\">travailleur\u00b7es<\/span><\/b><span data-contrast=\"none\">\u00a0(membres et\u00a0<\/span><span data-contrast=\"none\">salari\u00e9\u00b7es<\/span><span data-contrast=\"none\">\u00a0des \u00e9quipes mutualis\u00e9es)<\/span><span data-contrast=\"none\">\u00a0afin qu\u2019elles servent aussi les projets d\u2019autres membres\u202f?<\/span><span data-ccp-props=\"{&quot;201341983&quot;:0,&quot;335559739&quot;:63,&quot;335559740&quot;:240}\">\u00a0<\/span><\/li>\n<li><span data-contrast=\"none\"> Peut-on trouver des leviers dans une meilleure <\/span><b><span data-contrast=\"none\">interconnaissance, coop\u00e9ration, r\u00e9ciprocit\u00e9 <\/span><\/b><span data-contrast=\"none\">entre membres\u202f?\u00a0<\/span><span data-ccp-props=\"{&quot;201341983&quot;:0,&quot;335559739&quot;:0,&quot;335559740&quot;:240}\">\u00a0<\/span><\/li>\n<li><span data-contrast=\"none\"> Comment l\u2019accompagnement <\/span><b><span data-contrast=\"none\">peut s\u2019int\u00e9grer aux offres d\u00e9j\u00e0 existantes sur les territoires<\/span><\/b><span data-contrast=\"none\">\u202f(trouver des synergies, nouer des coop\u00e9rations&#8230;)?<\/span><\/li>\n<\/ul>\n<p>&nbsp;<\/p>\n<p><strong>Consultez les autres th\u00e9matiques<\/strong><\/p>\n<ul>\n<li><a href=\"https:\/\/smartbe.be\/fr\/la-cooperative-2-smart-progress-groupes-de-travail-2020-2021-un-nouvel-horizon-post-crise-sanitaire\/\"><strong>Un nouvel horizon post-crise sanitaire <\/strong><\/a><\/li>\n<li><strong><a href=\"https:\/\/smartbe.be\/fr\/la-cooperative-2-smart-progress-groupes-de-travail-2020-2021-penser-et-agir-pour-legalite-des-genres\/\">Penser et agir pour l\u2019\u00e9galit\u00e9<\/a><\/strong><\/li>\n<li><a href=\"https:\/\/smartbe.be\/fr\/la-cooperative-2-smart-progress-groupes-de-travail-2020-2021-mutualiste-redistributif-solidaire%e2%80%af-est-ce-un-modele-economique-viable%e2%80%af\/\"><strong>Mutualiste, redistributif, solidaire : un mod\u00e8le \u00e9conomique viable ? <\/strong><\/a><\/li>\n<\/ul>","protected":false},"excerpt":{"rendered":"<p>Contexte\u00a0 Smart est une entreprise partag\u00e9e par des milliers de travailleurs et travailleuses autonomes qui, de par la mutualisation d\u2019un ensemble de services -administratifs, financiers, juridiques, \u00e9conomiques, espaces de travail, etc.-, d\u00e9veloppent leurs activit\u00e9s en toute autonomie dans un cadre &hellip;<\/p>\n","protected":false},"author":54,"featured_media":0,"parent":0,"menu_order":0,"comment_status":"closed","ping_status":"closed","template":"","meta":{"footnotes":""},"tags":[],"class_list":["post-33321","page","type-page","status-publish","hentry"],"aioseo_notices":[],"_links":{"self":[{"href":"https:\/\/smartbe.be\/fr\/wp-json\/wp\/v2\/pages\/33321","targetHints":{"allow":["GET"]}}],"collection":[{"href":"https:\/\/smartbe.be\/fr\/wp-json\/wp\/v2\/pages"}],"about":[{"href":"https:\/\/smartbe.be\/fr\/wp-json\/wp\/v2\/types\/page"}],"author":[{"embeddable":true,"href":"https:\/\/smartbe.be\/fr\/wp-json\/wp\/v2\/users\/54"}],"replies":[{"embeddable":true,"href":"https:\/\/smartbe.be\/fr\/wp-json\/wp\/v2\/comments?post=33321"}],"version-history":[{"count":3,"href":"https:\/\/smartbe.be\/fr\/wp-json\/wp\/v2\/pages\/33321\/revisions"}],"predecessor-version":[{"id":33354,"href":"https:\/\/smartbe.be\/fr\/wp-json\/wp\/v2\/pages\/33321\/revisions\/33354"}],"wp:attachment":[{"href":"https:\/\/smartbe.be\/fr\/wp-json\/wp\/v2\/media?parent=33321"}],"wp:term":[{"taxonomy":"post_tag","embeddable":true,"href":"https:\/\/smartbe.be\/fr\/wp-json\/wp\/v2\/tags?post=33321"}],"curies":[{"name":"wp","href":"https:\/\/api.w.org\/{rel}","templated":true}]}}