
{"id":33050,"date":"2020-11-16T16:00:12","date_gmt":"2020-11-16T15:00:12","guid":{"rendered":"https:\/\/smartbe.be\/?page_id=33050"},"modified":"2025-01-27T17:20:22","modified_gmt":"2025-01-27T16:20:22","slug":"groupes-de-travail-2020-2021","status":"publish","type":"page","link":"https:\/\/smartbe.be\/fr\/groupes-de-travail-2020-2021\/","title":{"rendered":"Groupes de travail 2020-2021 [cl\u00f4tur\u00e9]"},"content":{"rendered":"<h2>\u00ab\u00a0Smart in Progress\u00a0\u00bb en bref<\/h2>\n<p>Chaque ann\u00e9e, des th\u00e9matiques en lien avec l\u2019\u00e9volution de Smart sont soumises \u00e0 r\u00e9flexion. Les soci\u00e9taires sont invit\u00e9\u00b7es \u00e0 prendre part \u00e0 des groupes de travail qui livrent, au terme des \u00e9changes, des recommandations qui sont par la suite confi\u00e9es au conseil d\u2019administration. Elles donnent lieu ensuite \u00e0 la r\u00e9alisation de projets concrets. L&rsquo;objectif \u00e9tant de faire progresser la coop\u00e9rative, ce cycle a imm\u00e9diatement \u00e9t\u00e9 nomm\u00e9 \u00ab\u00a0Smart in Progress\u00a0\u00bb ou parfois SIP.<\/p>\n<ul>\n<li><strong>Vous n\u2019\u00eates pas familier\u00b7\u00e8re avec ce processus?<\/strong> <a href=\"https:\/\/kronik.smart.coop\/comment-participer-a-levolution-de-smart-smart-in-progress-un-processus-de-participation-unique-et-original\/\">Retrouvez toutes les informations dans cette Kronik.<\/a><\/li>\n<li><strong>D\u00e9couvrez ci-dessous les th\u00e9matiques 2020-2021<\/strong> et les groupes de travail constitu\u00e9s.<\/li>\n<li><strong>Vous avez des questions?<\/strong> \u00c9<span style=\"font-size: 16px;\">crivez-nous \u00e0 l\u2019adresse <a href=\"mailto:&#x6c;&#x65;&#x74;&#x73;&#x63;&#x6f;&#x6f;&#x70;&#x40;&#x73;&#x6d;&#x61;&#x72;&#x74;&#x2e;&#x63;&#x6f;&#x6f;&#x70;\">&#x6c;&#x65;&#x74;&#x73;&#x63;&#x6f;&#x6f;&#x70;&#x40;<span class=\"oe_displaynone\">null<\/span>&#x73;&#x6d;&#x61;&#x72;&#x74;&#x2e;&#x63;&#x6f;&#x6f;&#x70;<\/a><\/span><\/li>\n<\/ul>\n<h2 id=\"th\u00e9matiques2020-2021\">Les th\u00e9matiques<\/h2>\n<p>Le processus Smart in Progress 2021 couvrait quatre th\u00e9matiques pour la premi\u00e8re fois binationales et \u00e9taient donc d\u00e9velopp\u00e9es en Belgique et en France. Deux th\u00e9matiques ont \u00e9t\u00e9 vot\u00e9es par l\u2019assembl\u00e9e g\u00e9n\u00e9rale en juin 2020, les deux autres \u00e9taient des th\u00e9matiques 2019-2020 qui n\u00e9cessitaient un d\u00e9bat plus ample et approfondi, elles \u00e9taient donc prolong\u00e9es.<\/p>\n<p><a href=\"https:\/\/smartbe.be\/fr\/la-cooperative-2-smart-progress-groupes-de-travail-2020-2021-laccompagnement\/\"><strong><u>1. L\u2019accompagnement (Belgique et France)<\/u><\/strong><\/a><\/p>\n<p>Au-del\u00e0 d\u2019un accompagnement pour utiliser les outils Smart et participer \u00e0 la vie de la coop\u00e9rative, quelle proposition d\u2019accompagnement chez Smart pour VOS projets? Quels besoins, quelles attentes? <a href=\"https:\/\/smartbe.be\/fr\/la-cooperative-2-smart-progress-groupes-de-travail-2020-2021-laccompagnement\/\">En savoir plus<\/a><\/p>\n<p><em>Les inscriptions sont closes<\/em><\/p>\n<p>&nbsp;<\/p>\n<p><a href=\"https:\/\/smartbe.be\/fr\/la-cooperative-2-smart-progress-groupes-de-travail-2020-2021-un-nouvel-horizon-post-crise-sanitaire\/\"><strong><u>2. Un nouvel horizon post-crise sanitaire (Belgique et France)<\/u><\/strong><\/a><\/p>\n<p>Que les impacts soient cons\u00e9quents ou plus l\u00e9gers, la crise sanitaire questionne nos trajectoires et notre avenir. Comment acc\u00e9der \u00e0 plus de r\u00e9silience face \u00e0 ces ph\u00e9nom\u00e8nes? \u00c0 quel rebond sommes-nous invit\u00e9\u00b7es? Comment nos pratiques vont \/ doivent \u00e9voluer ? Quels impacts sur notre usage de la coop\u00e9rative? Et plus globalement sur notre vision de la coop\u00e9ration? <a href=\"https:\/\/smartbe.be\/fr\/la-cooperative-2-smart-progress-groupes-de-travail-2020-2021-un-nouvel-horizon-post-crise-sanitaire\/\">En savoir plus<\/a><\/p>\n<p><em>Les inscriptions sont closes<\/em><\/p>\n<p>&nbsp;<\/p>\n<p><strong><a href=\"https:\/\/smartbe.be\/fr\/la-cooperative-2-smart-progress-groupes-de-travail-2020-2021-penser-et-agir-pour-legalite-des-genres\/\">3. Penser et agir pour l\u2019\u00e9galit\u00e9 des genres<\/a><\/strong> (Belgique et France)<\/p>\n<p><em>Cette th\u00e9matique \u00e9tait prolong\u00e9e d\u2019une nouvelle ann\u00e9e. <\/em><\/p>\n<p>L\u2019\u00e9galit\u00e9 entre les genres (F\/H\/X), c\u2019est interroger les gouvernances et les rapports de pouvoir ; questionner les conditions de travail et les rapports de domination; chercher \u00e0 favoriser l\u2019autonomisation des femmes, l\u2019initiative et la responsabilit\u00e9 citoyenne de toutes et tous. Ce groupe de travail r\u00e9fl\u00e9chira aux enjeux transversaux de l\u2019\u00e9galit\u00e9 des genres et proposera des pistes d\u2019actions concr\u00e8tes pour faire bouger les lignes \u00ab\u202fdans les t\u00eates et dans les faits \u00bb. <a href=\"https:\/\/smartbe.be\/fr\/la-cooperative-2-smart-progress-groupes-de-travail-2020-2021-penser-et-agir-pour-legalite-des-genres\/\">En savoir plus<\/a><\/p>\n<p><em>Les inscriptions sont closes<\/em><\/p>\n<p>&nbsp;<\/p>\n<p><a href=\"https:\/\/smartbe.be\/fr\/la-cooperative-2-smart-progress-groupes-de-travail-2020-2021-mutualiste-redistributif-solidaire%e2%80%af-est-ce-un-modele-economique-viable%e2%80%af\/\"><strong><u>4. Mutualiste, redistributif, solidaire : un mod\u00e8le \u00e9conomique viable ? (France uniquement)<\/u><\/strong><\/a><\/p>\n<p><em>Cette th\u00e9matique \u00e9tait prolong\u00e9e pour une nouvelle ann\u00e9e en France<\/em>.<\/p>\n<p>L\u2019ind\u00e9pendance financi\u00e8re de Smart est cruciale : c\u2019est elle qui permet son autonomie et par extension l\u2019autonomie solidaire de chacun\u00b7e de ses membres. Ce mod\u00e8le mutualiste suppose d\u2019atteindre une taille critique afin de supporter les risques. Actuellement, la structure fran\u00e7aise seule n\u2019est pas \u00e0 l\u2019\u00e9quilibre, ce n\u2019est qu\u2019au travers du soutien du groupe Smart que son fonctionnement est possible ; m\u00eame si les r\u00e9sultats s&rsquo;am\u00e9liorent d\u2019ann\u00e9e en ann\u00e9e. R\u00e9fl\u00e9chir au mod\u00e8le financier de Smart, c\u2019est assurer un mod\u00e8le accessible \u00e0 toutes et tous et une solidarit\u00e9 entre chacun\u00b7e. <a href=\"https:\/\/smartbe.be\/fr\/la-cooperative-2-smart-progress-groupes-de-travail-2020-2021-mutualiste-redistributif-solidaire%e2%80%af-est-ce-un-modele-economique-viable%e2%80%af\/\">En savoir plus<\/a><\/p>\n<h2>Qui peut participer?<\/h2>\n<p>Pour participer au cycle annuel de Smart in Progress, il est n\u00e9cessaire d\u2019\u00eatre soci\u00e9taire de la coop\u00e9rative. Aucun autre pr\u00e9requis n\u2019est demand\u00e9, si ce n\u2019est l\u2019envie de s\u2019impliquer et de passer du temps en collectif.<\/p>\n<h2>Pourquoi participer?<\/h2>\n<ul>\n<li>Pour contribuer \u00e0 l&rsquo;\u00e9volution de la coop\u00e9rative.<\/li>\n<li>Pour construire avec d\u2019autres des r\u00e9ponses aux besoins du collectif.<\/li>\n<li>Pour rencontrer, \u00e9changer, collaborer avec d\u2019autres membres de la coop\u00e9rative.<\/li>\n<li>Pour mieux comprendre et appr\u00e9hender la coop\u00e9rative.<\/li>\n<\/ul>\n<h2>\u00c0 quoi s\u2019engage-t-on?<\/h2>\n<p>Pour participer, il est n\u00e9cessaire de\u00a0:<\/p>\n<ul>\n<li>s&rsquo;engager sur la dur\u00e9e du groupe de travail, \u00e0 savoir en moyenne cinq r\u00e9unions d\u2019environ 3h entre d\u00e9cembre 2020 et avril 2021.<\/li>\n<li>participer de fa\u00e7on volontaire et non r\u00e9mun\u00e9r\u00e9e<\/li>\n<li>avoir un int\u00e9r\u00eat pour le sujet choisi et souhaiter travailler en coop\u00e9ration<\/li>\n<\/ul>\n<h2>Comment s&rsquo;organisent les groupes de travail?<\/h2>\n<p>Appuy\u00e9s par un animateur et un secr\u00e9taire, les groupes s\u2019organisent pour traiter leur sujet. Ils peuvent faire appel \u00e0 des expert\u00b7es et partenaires pour s\u2019inspirer et apporter une diversit\u00e9 de points de vue.<\/p>\n<h2 id=\"nouveaut\u00e9s cycle 2020-2021\">Ce que le cycle 2020-2021 changeait<\/h2>\n<p><strong>Le rythme<\/strong><br \/>\nNous avons souhait\u00e9 rythmer un peu plus le cycle Smart in Progress, la fin d\u2019ann\u00e9e est consacr\u00e9e \u00e0 la pr\u00e9paration pour informer, mobiliser, constituer les groupes, pr\u00e9parer les ressources sur les th\u00e9matiques&#8230; Puis les groupes de travail ont pu avoir une phase d\u2019appropriation des th\u00e9matiques, d\u2019\u00e9mergence d\u2019id\u00e9es pour les recommandations et d\u2019analyse de la faisabilit\u00e9 des recommandations \u00e9mises. Ce rythme nous a permis de mieux accompagner les groupes dans leur travail et vers la synth\u00e8se des propositions th\u00e9matiques (entre les diff\u00e9rents groupes de m\u00eame th\u00e9matique notamment).<\/p>\n<p><strong>Les exp\u00e9rimentations<\/strong><\/p>\n<p>Afin d\u2019ouvrir une autre approche, nous proposons <strong>un nouveau cadre de participation pour un groupe, celui de l\u2019exp\u00e9rimentation.<\/strong> Il s\u2019agit de privil\u00e9gier le passage \u00e0 l\u2019acte plut\u00f4t que l\u2019attente autour d\u2019une recommandation.<\/p>\n<p>Plut\u00f4t que de mettre un groupe de travail dans une posture de demande vis-\u00e0-vis de Smart, d\u2019attente de r\u00e9ponse suite \u00e0 une proposition ou encore de r\u00e9aliser une \u00ab liste au p\u00e8re No\u00ebl \u00bb, il est propos\u00e9 que le groupe teste \u00e0 sa mesure une action \u00e0 r\u00e9aliser. Il s\u2019agit aussi de se d\u00e9focaliser du \u00ab global \u00bb pour se concentrer sur l\u2019accessible imm\u00e9diat.<\/p>\n<p>Par ces exp\u00e9rimentations, nous souhaitons certes renforcer la participation, favoriser la cr\u00e9ation de communaut\u00e9s en capacit\u00e9 de se prendre en main mais aussi d\u00e9clencher plus rapidement de l\u2019initiative dont nous pourrons tirer des enseignements positifs et n\u00e9gatifs afin d\u2019innover avec des projets et actions.<\/p>\n<p><em>Comment ?<\/em><\/p>\n<p>Le groupe de travail peut d\u00e9marrer le cycle Smart in Progress de la m\u00eame mani\u00e8re qu\u2019habituellement en choisissant une th\u00e9matique, en entrant progressivement dans l\u2019appropriation de celle-ci. Au fil des discussions et de ce qui se dessine au sein de groupe (complet ou partiel), il peut \u00eatre d\u00e9cid\u00e9 de passer \u00e0 l\u2019action pour exp\u00e9rimenter une id\u00e9e. Cette exp\u00e9rimentation s\u2019affranchit dans un premier temps des besoins et d\u2019attentes vis-\u00e0-vis de Smart (besoin d\u2019outils informatiques ou besoin d\u2019industrialisation par exemple), elle construit une action avec ce que les personnes ont \u00e0 disposition et souhaitent faire.<br \/>\n<strong>Un budget habituel li\u00e9 \u00e0 Smart in Progress<\/strong> peut permettre d\u2019animer le groupe, de faciliter la mise en place de l\u2019exp\u00e9rimentation, de mobiliser plus largement des personnes.<\/p>\n<p><strong>Un cercle de suivi des exp\u00e9rimentations<\/strong> est mis en place au niveau du p\u00f4le vie coop\u00e9rative, afin de construire une vision d\u2019ensemble, d\u2019entendre les freins rencontr\u00e9s, de d\u00e9bloquer des situations, de r\u00e9pondre \u00e0 des besoins exprim\u00e9s par les groupes concern\u00e9s.<\/p>\n<p>L\u2019exp\u00e9rimentation est ensuite \u00e9valu\u00e9e pour venir nourrir les recommandations de Smart in Progress.<\/p>\n<h2>Calendrier<br \/>\n<a href=\"https:\/\/smartbe.be\/wp-content\/uploads\/2021\/01\/Frise-sip-2021.png\"><img loading=\"lazy\" decoding=\"async\" src=\"https:\/\/smartbe.be\/wp-content\/uploads\/2021\/01\/Frise-sip-2021.png\" alt=\"\" width=\"2304\" height=\"1683\" \/><\/a><\/h2>\n<p>Programme 2020-2021 :<\/p>\n<ul>\n<li>1<sup>er<\/sup> novembre &#8211; 31 d\u00e9cembre 2020 : <strong>Pr\u00e9paration<\/strong> de la d\u00e9marche : sollicitation d\u2019animateur\u00b7trices, de secr\u00e9taires, sondage pour manifestation d\u2019int\u00e9r\u00eat \u00e0 participer, information, mobilisation et composition des groupes.<\/li>\n<li>1<sup>er<\/sup> janvier \u2013 31 janvier 2021 : <strong>Appropriation<\/strong> des th\u00e9matiques : 1 \u00e0 2 rencontres du groupe de travail<\/li>\n<li>20 janvier \u2013 20 f\u00e9vrier 2021 : <strong>Faire \u00e9merger<\/strong> les id\u00e9es pour les recommandations : 1 \u00e0 2 rencontres<\/li>\n<li>1er au 15 f\u00e9vrier 2021 : <strong>Apports d\u2019expert\u00b7es<\/strong><\/li>\n<li>20 f\u00e9vrier au 20 mars 2021 :<strong> Formuler<\/strong>, <strong>concerter<\/strong> et \u00e9tudier la <strong>faisabilit\u00e9 <\/strong>des recommandations : 1 rencontre de groupe de travail et des rendez-vous ouverts \u00e0 tou\u00b7tes les soci\u00e9taires<\/li>\n<\/ul>\n<p>En parall\u00e8le :<\/p>\n<ul>\n<li>15 janvier \u2013 15 avril 2021 : <strong>Exp\u00e9rimenter<\/strong><\/li>\n<li>1<sup>er<\/sup> Mars \u2013 30 Mai 2021 : <strong>Proposer de nouvelles th\u00e9matiques<\/strong> pour le cycle suivant<\/li>\n<\/ul>\n<p>&nbsp;<\/p>\n<h2><strong>Pr\u00e9sentation des recommandations:<\/strong><\/h2>\n<p>Les projets des recommandations publi\u00e9s ci-dessous sont des documents de travail.<\/p>\n<ul>\n<li><a href=\"https:\/\/pad.smartcoop.io\/s\/recommandations-vdna-2021\" target=\"_blank\" rel=\"noopener\">Vers de nouvelles aventures<\/a><\/li>\n<li><a href=\"https:\/\/pad.smartcoop.io\/s\/recommandations-egalite-2021\" target=\"_blank\" rel=\"noopener\">Penser et agir pour l\u2019\u00e9galit\u00e9 des genres<\/a><\/li>\n<li><a href=\"https:\/\/pad.smartcoop.io\/s\/recommandations-eco-2021\" target=\"_blank\" rel=\"noopener\">La question du mod\u00e8le \u00e9conomique viable<\/a><\/li>\n<li><a href=\"https:\/\/pad.smartcoop.io\/s\/recommandations-accompagnement-2021\" target=\"_blank\" rel=\"noopener\">L\u2019accompagnement<\/a><\/li>\n<li><a href=\"https:\/\/pad.smartcoop.io\/s\/recommandations-horizon-2021\" target=\"_blank\" rel=\"noopener\">Un nouvel horizon post-crise sanitaire<\/a><\/li>\n<\/ul>\n<p>&nbsp;<\/p>\n<h2>Des questions?<\/h2>\n<p>\u00c9crivez \u00e0 l\u2019adresse <a href=\"mailto:&#x6c;&#x65;&#x74;&#x73;&#x63;&#x6f;&#x6f;&#x70;&#x40;&#x73;&#x6d;&#x61;&#x72;&#x74;&#x2e;&#x63;&#x6f;&#x6f;&#x70;\">&#x6c;&#x65;&#x74;&#x73;&#x63;&#x6f;&#x6f;&#x70;&#x40;<span class=\"oe_displaynone\">null<\/span>&#x73;&#x6d;&#x61;&#x72;&#x74;&#x2e;&#x63;&#x6f;&#x6f;&#x70;<\/a><\/p>\n<h2>Les \u00e9ditions pr\u00e9c\u00e9dentes<\/h2>\n<ul>\n<li><a href=\"https:\/\/smartbe.be\/fr\/la-cooperative-2\/smart-progress\/groupes-de-travail-2019-2020\/\"><strong>Groupes de travail 2019-2020 <\/strong><\/a><\/li>\n<li><a href=\"https:\/\/smartbe.be\/fr\/la-cooperative-2\/smart-progress\/groupes-de-travail-2018-2019\/\"><strong>Groupes de travail 2018-2019<\/strong><\/a><\/li>\n<li><a href=\"https:\/\/smartbe.be\/fr\/la-cooperative-2\/smart-progress\/groupes-de-travail-participatifs-et-multi-societaires\/\"><strong>Groupes de travail 2017-2018<\/strong><\/a><\/li>\n<\/ul>\n<h2>Publication<\/h2>\n<p><a href=\"https:\/\/smartbe.be\/fr\/comprendre\/publications\/education-permanente\/smart-in-progress-la-participation-continue-en-temps-de-crise\/\">Smart in Progress: la participation continue en temps de crise<\/a><\/p>","protected":false},"excerpt":{"rendered":"<p>\u00ab\u00a0Smart in Progress\u00a0\u00bb en bref Chaque ann\u00e9e, des th\u00e9matiques en lien avec l\u2019\u00e9volution de Smart sont soumises \u00e0 r\u00e9flexion. Les soci\u00e9taires sont invit\u00e9\u00b7es \u00e0 prendre part \u00e0 des groupes de travail qui livrent, au terme des \u00e9changes, des recommandations qui &hellip;<\/p>\n","protected":false},"author":54,"featured_media":0,"parent":0,"menu_order":0,"comment_status":"closed","ping_status":"closed","template":"","meta":{"footnotes":""},"tags":[],"class_list":["post-33050","page","type-page","status-publish","hentry"],"aioseo_notices":[],"_links":{"self":[{"href":"https:\/\/smartbe.be\/fr\/wp-json\/wp\/v2\/pages\/33050","targetHints":{"allow":["GET"]}}],"collection":[{"href":"https:\/\/smartbe.be\/fr\/wp-json\/wp\/v2\/pages"}],"about":[{"href":"https:\/\/smartbe.be\/fr\/wp-json\/wp\/v2\/types\/page"}],"author":[{"embeddable":true,"href":"https:\/\/smartbe.be\/fr\/wp-json\/wp\/v2\/users\/54"}],"replies":[{"embeddable":true,"href":"https:\/\/smartbe.be\/fr\/wp-json\/wp\/v2\/comments?post=33050"}],"version-history":[{"count":53,"href":"https:\/\/smartbe.be\/fr\/wp-json\/wp\/v2\/pages\/33050\/revisions"}],"predecessor-version":[{"id":47955,"href":"https:\/\/smartbe.be\/fr\/wp-json\/wp\/v2\/pages\/33050\/revisions\/47955"}],"wp:attachment":[{"href":"https:\/\/smartbe.be\/fr\/wp-json\/wp\/v2\/media?parent=33050"}],"wp:term":[{"taxonomy":"post_tag","embeddable":true,"href":"https:\/\/smartbe.be\/fr\/wp-json\/wp\/v2\/tags?post=33050"}],"curies":[{"name":"wp","href":"https:\/\/api.w.org\/{rel}","templated":true}]}}