
{"id":32685,"date":"2020-09-30T15:43:42","date_gmt":"2020-09-30T14:43:42","guid":{"rendered":"https:\/\/smartbe.be\/?page_id=32685"},"modified":"2023-12-11T17:52:14","modified_gmt":"2023-12-11T16:52:14","slug":"liste-des-candidats","status":"publish","type":"page","link":"https:\/\/smartbe.be\/fr\/liste-des-candidats\/","title":{"rendered":"\u00c9lections sociales 2020"},"content":{"rendered":"<div>\n<p>Les \u00e9lections sociales se sont tenues le 19 novembre 2020. Elles ont permis aux travailleur\u00b7euses d\u2019\u00e9lire, pour une dur\u00e9e de quatre ans, leurs repr\u00e9sentants au sein du conseil d\u2019entreprise (CE) et du comit\u00e9 pour la pr\u00e9vention et la protection du travail (CPPT).<\/p>\n<p>Au sein de Smart, 283 travailleur\u00b7euses ont \u00e9t\u00e9 invit\u00e9\u00b7es \u00e0 voter, 57 % d\u2019entre eux ont particip\u00e9 au suffrage.<\/p>\n<p>Voici les r\u00e9sultats:<\/p>\n<ul>\n<li><a href=\"https:\/\/smartbe.be\/wp-content\/uploads\/2020\/11\/SMARTCOOP_Conseil_Y-10.pdf\">Conseil d&rsquo;entreprise<\/a><\/li>\n<li><a href=\"https:\/\/smartbe.be\/wp-content\/uploads\/2020\/11\/SMARTCOOP_Comite_Y-8.pdf\">Comit\u00e9 pour la pr\u00e9vention et la protection du travail<\/a><\/li>\n<\/ul>\n<p>&nbsp;<\/p>\n<\/div>\n<h2><strong>Mais en fait&#8230; c\u2019est quoi le CE et CPPT ?<\/strong><\/h2>\n<p><strong>Le conseil d&rsquo;entreprise (CE)<\/strong> est un organe paritaire au sein duquel l\u2019employeur informe et consulte les repr\u00e9sentant\u2219es des travailleurs. En tant qu&rsquo;organe bipartite, il est compos\u00e9, d&rsquo;une part, du-de la chef\u2219fe d&rsquo;entreprise et de ses repr\u00e9sentant\u2219es et, d&rsquo;autre part, des repr\u00e9sentant\u2219es des travailleur\u2219ses \u00e9lu\u2219es tous les quatre ans par les travailleurs de l&rsquo;entreprise sur base de listes de candidat\u2219es pr\u00e9sent\u00e9es par les organisations repr\u00e9sentatives de travailleurs.<\/p>\n<p><strong>Le Comit\u00e9 pour la pr\u00e9vention et la protection au travail (CPPT)<\/strong> a pour mission de proposer et de contribuer \u00e0 mettre en \u0153uvre les moyens destin\u00e9s \u00e0 favoriser le bien-\u00eatre des travailleur\u2219ses. Il est compos\u00e9 du-de la chef\u2219fe d\u2019entreprise (ou de ses repr\u00e9sentant\u2219es), des d\u00e9l\u00e9gu\u00e9\u2219es de la direction, des d\u00e9l\u00e9gu\u00e9\u2219es du personnel, du conseil en pr\u00e9vention et du m\u00e9decin du travail.<\/p>\n<h2><strong>Qui peut voter ? <\/strong><\/h2>\n<ul>\n<li>Tou\u2219tes les salari\u00e9\u2219es qui sont sous contrat de travail depuis le 14 f\u00e9vrier 2020 (pour l\u2019\u00e9quipe mutualis\u00e9e de Smart)\u00a0;<\/li>\n<li>Les travailleurs\/soci\u00e9taires Smart, qui sont en CDI ou qui remplissent certaines conditions l\u00e9gales\u00a0;<\/li>\n<li>Les stagiaires et salari\u00e9\u2219es plac\u00e9\u2219es dans l&rsquo;entreprise pour une formation professionnelle\u00a0;<\/li>\n<li>Il n\u2019est pas n\u00e9cessaire d\u2019\u00eatre affili\u00e9\u2219e \u00e0 un syndicat pour voter\u00a0;<\/li>\n<li>Les membres du personnel de direction n&rsquo;ont pas le droit de voter.<\/li>\n<\/ul>\n<h2><strong>Quand et comment ?<\/strong><\/h2>\n<p><strong>Le vote a eu lieu le jeudi 19 novembre via un vote \u00e9lectronique<\/strong>.<\/p>\n<h2><strong>Qui sont les candidat<\/strong>\u2219<strong>es ? Quel est leur programme\u00a0? <\/strong><\/h2>\n<p>Deux listes se pr\u00e9sentent chez Smart en ces \u00e9lections 2020 : CSC et FGTG.<\/p>\n<p><strong>Pour le CE,<\/strong> en ordre de position au sein de la liste :<\/p>\n<ul>\n<li>CSC (liste n\u00b02): Sophie Van Nuffel, Sophie Delrivi\u00e8re, H\u00e9l\u00e8ne Derwa, Christos Gatsis, Sergio Giorgi, Phil\u00e9mon Dushimimana, Layla Bous Hib.<\/li>\n<li>FGTB (liste n\u00b03) : Damien No\u00ebl, C\u00e9line Marique, Bernard Moisse, Marcella Militello et Melissa Charlier.<\/li>\n<\/ul>\n<p><strong>Pour le CPPT,<\/strong> en ordre de position au sein de la liste :<\/p>\n<ul>\n<li>CSC (liste n\u00b02): Sophie Delrivi\u00e8re, Phil\u00e9mon Dushimimana, Layla Bous Hib, Christos Gatsis, Sophie Van Nuffel, H\u00e9l\u00e8ne Derwa.<\/li>\n<li>FGTB (liste n\u00b03) : Melissa Charlier, Marcella Militello, Bernard Moisse, C\u00e9line Marique, Damien No\u00ebl.<\/li>\n<\/ul>\n<p>&nbsp;<\/p>\n<p>Liste 2 &#8211; CNE-CSC (<a href=\"https:\/\/smartbe.be\/wp-content\/uploads\/2020\/11\/ssSmart-Campagne-2020-Liste-2-CNE-CSC.pdf\">PDF<\/a>)<\/p>\n<p><a href=\"https:\/\/smartbe.be\/wp-content\/uploads\/2020\/11\/cnecsc-liste2-A-2020.jpg\"><img loading=\"lazy\" decoding=\"async\" class=\"alignnone wp-image-32946\" src=\"https:\/\/smartbe.be\/wp-content\/uploads\/2020\/11\/cnecsc-liste2-A-2020-525x1024.jpg\" alt=\"\" width=\"145\" height=\"283\" srcset=\"https:\/\/smartbe.be\/wp-content\/uploads\/2020\/11\/cnecsc-liste2-A-2020-525x1024.jpg 525w, https:\/\/smartbe.be\/wp-content\/uploads\/2020\/11\/cnecsc-liste2-A-2020-154x300.jpg 154w, https:\/\/smartbe.be\/wp-content\/uploads\/2020\/11\/cnecsc-liste2-A-2020-768x1498.jpg 768w, https:\/\/smartbe.be\/wp-content\/uploads\/2020\/11\/cnecsc-liste2-A-2020-788x1536.jpg 788w, https:\/\/smartbe.be\/wp-content\/uploads\/2020\/11\/cnecsc-liste2-A-2020-290x566.jpg 290w, https:\/\/smartbe.be\/wp-content\/uploads\/2020\/11\/cnecsc-liste2-A-2020.jpg 985w\" sizes=\"auto, (max-width: 145px) 100vw, 145px\" \/> \u00a0\u00a0 <\/a><a href=\"https:\/\/smartbe.be\/wp-content\/uploads\/2020\/11\/cnecsc-liste2-B-2020.jpg\"><img loading=\"lazy\" decoding=\"async\" class=\"alignnone wp-image-32950\" src=\"https:\/\/smartbe.be\/wp-content\/uploads\/2020\/11\/cnecsc-liste2-B-2020-454x1024.jpg\" alt=\"\" width=\"143\" height=\"323\" srcset=\"https:\/\/smartbe.be\/wp-content\/uploads\/2020\/11\/cnecsc-liste2-B-2020-454x1024.jpg 454w, https:\/\/smartbe.be\/wp-content\/uploads\/2020\/11\/cnecsc-liste2-B-2020-133x300.jpg 133w, https:\/\/smartbe.be\/wp-content\/uploads\/2020\/11\/cnecsc-liste2-B-2020-768x1733.jpg 768w, https:\/\/smartbe.be\/wp-content\/uploads\/2020\/11\/cnecsc-liste2-B-2020-681x1536.jpg 681w, https:\/\/smartbe.be\/wp-content\/uploads\/2020\/11\/cnecsc-liste2-B-2020-907x2048.jpg 907w, https:\/\/smartbe.be\/wp-content\/uploads\/2020\/11\/cnecsc-liste2-B-2020-290x654.jpg 290w, https:\/\/smartbe.be\/wp-content\/uploads\/2020\/11\/cnecsc-liste2-B-2020.jpg 993w\" sizes=\"auto, (max-width: 143px) 100vw, 143px\" \/>\u00a0\u00a0 <\/a><a href=\"https:\/\/smartbe.be\/wp-content\/uploads\/2020\/11\/cnecsc-liste2-p4-2020.jpg\"><img loading=\"lazy\" decoding=\"async\" class=\"alignnone wp-image-32960\" src=\"https:\/\/smartbe.be\/wp-content\/uploads\/2020\/11\/cnecsc-liste2-p4-2020-1024x573.jpg\" alt=\"\" width=\"258\" height=\"145\" srcset=\"https:\/\/smartbe.be\/wp-content\/uploads\/2020\/11\/cnecsc-liste2-p4-2020-1024x573.jpg 1024w, https:\/\/smartbe.be\/wp-content\/uploads\/2020\/11\/cnecsc-liste2-p4-2020-300x168.jpg 300w, https:\/\/smartbe.be\/wp-content\/uploads\/2020\/11\/cnecsc-liste2-p4-2020-768x429.jpg 768w, https:\/\/smartbe.be\/wp-content\/uploads\/2020\/11\/cnecsc-liste2-p4-2020-1536x859.jpg 1536w, https:\/\/smartbe.be\/wp-content\/uploads\/2020\/11\/cnecsc-liste2-p4-2020-500x280.jpg 500w, https:\/\/smartbe.be\/wp-content\/uploads\/2020\/11\/cnecsc-liste2-p4-2020-290x162.jpg 290w, https:\/\/smartbe.be\/wp-content\/uploads\/2020\/11\/cnecsc-liste2-p4-2020.jpg 1665w\" sizes=\"auto, (max-width: 258px) 100vw, 258px\" \/><\/a><\/p>\n<p>Vos questions peuvent \u00eatre adress\u00e9es \u00e0: <a href=\"mailto:&#x67;&#x72;&#x6f;&#x75;&#x70;&#x65;&#x5f;&#x64;&#x70;&#x5f;&#x43;&#x53;&#x43;&#x40;&#x73;&#x6d;&#x61;&#x72;&#x74;&#x2e;&#x63;&#x6f;&#x6f;&#x70;\">&#x67;&#x72;&#x6f;&#x75;&#x70;&#x65;&#x5f;&#x64;&#x70;&#x5f;&#x43;&#x53;&#x43;&#x40;<span class=\"oe_displaynone\">null<\/span>&#x73;&#x6d;&#x61;&#x72;&#x74;&#x2e;&#x63;&#x6f;&#x6f;&#x70;<\/a><\/p>\n<p>&nbsp;<\/p>\n<p>Liste3 &#8211; SETCa-FGTB <a href=\"https:\/\/smartbe.be\/wp-content\/uploads\/2020\/11\/Setca-Leaflet_2020-FR.pdf\">(PDF)<\/a><\/p>\n<p><a href=\"https:\/\/smartbe.be\/wp-content\/uploads\/2020\/11\/Smart-Campagne-2020-Liste-3-Setca-FGTB-1.png\"><img loading=\"lazy\" decoding=\"async\" class=\"alignnone size-medium wp-image-32933\" src=\"https:\/\/smartbe.be\/wp-content\/uploads\/2020\/11\/Smart-Campagne-2020-Liste-3-Setca-FGTB-1-212x300.png\" alt=\"\" width=\"212\" height=\"300\" srcset=\"https:\/\/smartbe.be\/wp-content\/uploads\/2020\/11\/Smart-Campagne-2020-Liste-3-Setca-FGTB-1-212x300.png 212w, https:\/\/smartbe.be\/wp-content\/uploads\/2020\/11\/Smart-Campagne-2020-Liste-3-Setca-FGTB-1-724x1024.png 724w, https:\/\/smartbe.be\/wp-content\/uploads\/2020\/11\/Smart-Campagne-2020-Liste-3-Setca-FGTB-1-768x1086.png 768w, https:\/\/smartbe.be\/wp-content\/uploads\/2020\/11\/Smart-Campagne-2020-Liste-3-Setca-FGTB-1-1086x1536.png 1086w, https:\/\/smartbe.be\/wp-content\/uploads\/2020\/11\/Smart-Campagne-2020-Liste-3-Setca-FGTB-1-1448x2048.png 1448w, https:\/\/smartbe.be\/wp-content\/uploads\/2020\/11\/Smart-Campagne-2020-Liste-3-Setca-FGTB-1-290x410.png 290w\" sizes=\"auto, (max-width: 212px) 100vw, 212px\" \/><\/a><a href=\"https:\/\/smartbe.be\/wp-content\/uploads\/2020\/11\/Smart-Campagne-2020-Liste-3-Setca-FGTB-2.png\"><img loading=\"lazy\" decoding=\"async\" class=\"alignnone size-medium wp-image-32937\" src=\"https:\/\/smartbe.be\/wp-content\/uploads\/2020\/11\/Smart-Campagne-2020-Liste-3-Setca-FGTB-2-212x300.png\" alt=\"\" width=\"212\" height=\"300\" srcset=\"https:\/\/smartbe.be\/wp-content\/uploads\/2020\/11\/Smart-Campagne-2020-Liste-3-Setca-FGTB-2-212x300.png 212w, https:\/\/smartbe.be\/wp-content\/uploads\/2020\/11\/Smart-Campagne-2020-Liste-3-Setca-FGTB-2-724x1024.png 724w, https:\/\/smartbe.be\/wp-content\/uploads\/2020\/11\/Smart-Campagne-2020-Liste-3-Setca-FGTB-2-768x1086.png 768w, https:\/\/smartbe.be\/wp-content\/uploads\/2020\/11\/Smart-Campagne-2020-Liste-3-Setca-FGTB-2-1086x1536.png 1086w, https:\/\/smartbe.be\/wp-content\/uploads\/2020\/11\/Smart-Campagne-2020-Liste-3-Setca-FGTB-2-1448x2048.png 1448w, https:\/\/smartbe.be\/wp-content\/uploads\/2020\/11\/Smart-Campagne-2020-Liste-3-Setca-FGTB-2-290x410.png 290w\" sizes=\"auto, (max-width: 212px) 100vw, 212px\" \/><\/a><\/p>\n<p>&nbsp;<\/p>\n<p>Vos questions peuvent \u00eatre adress\u00e9es \u00e0 <a href=\"mailto:&#x67;&#x72;&#x6f;&#x75;&#x70;&#x65;&#x5f;&#x64;&#x70;&#x5f;&#x66;&#x67;&#x74;&#x62;&#x40;&#x73;&#x6d;&#x61;&#x72;&#x74;&#x2e;&#x63;&#x6f;&#x6f;&#x70;\">&#x67;&#x72;&#x6f;&#x75;&#x70;&#x65;&#x5f;&#x64;&#x70;&#x5f;&#x66;&#x67;&#x74;&#x62;&#x40;<span class=\"oe_displaynone\">null<\/span>&#x73;&#x6d;&#x61;&#x72;&#x74;&#x2e;&#x63;&#x6f;&#x6f;&#x70;<\/a><\/p>\n<h2><strong>Documents l\u00e9gaux<\/strong><\/h2>\n<p>Retrouvez ci-dessous tous les documents relatifs aux \u00e9lections sociales 2020.<\/p>\n<ul>\n<li><a href=\"https:\/\/smartbe.be\/wp-content\/uploads\/2020\/11\/SMARTCOOP_Conseil_Y-10.pdf\">\u00c9lections de la d\u00e9l\u00e9gation du personnel pour le conseil d&rsquo;entreprise &#8211; r\u00e9sultats du vote <\/a><\/li>\n<li><a href=\"https:\/\/smartbe.be\/wp-content\/uploads\/2020\/11\/SMARTCOOP_Comite_Y-8.pdf\">\u00c9lections de la d\u00e9l\u00e9gation du personnel pour le comit\u00e9 pour la pr\u00e9vention et la protection au travail \u2013 r\u00e9sultats du vote<\/a><\/li>\n<li><a href=\"https:\/\/smartbe.be\/wp-content\/uploads\/2020\/09\/Conseil_XP40.pdf\">Liste des candidats pour la d\u00e9l\u00e9gation du personnel pour le conseil d&rsquo;entreprise<\/a>.<\/li>\n<li><a href=\"https:\/\/smartbe.be\/wp-content\/uploads\/2020\/09\/Comit%C3%A9_XP40.pdf\">Liste des candidats pour la d\u00e9l\u00e9gation du personnel pour le comit\u00e9 pour la pr\u00e9vention et la protection au travail.<\/a><\/li>\n<li><a href=\"https:\/\/smartbe.be\/wp-content\/uploads\/2020\/10\/SMARTCOOP_Comit%C3%A9_XP29-.pdf\">Avis rectifiant l\u2019avis X apr\u00e8s la fin de la suspension \u2013 Comit\u00e9 de pr\u00e9vention et de protection au travail \u2013 Elections sociales 2020<\/a><\/li>\n<\/ul>\n<ul>\n<li><a href=\"https:\/\/smartbe.be\/wp-content\/uploads\/2020\/10\/SMARTCOOP_Conseil_XP29-.pdf\">Avis rectifiant l\u2019avis X apr\u00e8s la fin de la suspension \u2013 Conseil d\u2019entreprise \u2013 Elections sociales 2020<\/a><\/li>\n<\/ul>\n<h2><strong>A lire aussi<\/strong><\/h2>\n<ul>\n<li><a href=\"https:\/\/smartbe.be\/fr\/dialogue-social-cooperatif\/\">Dialogue social coop\u00e9ratif<\/a><\/li>\n<\/ul>","protected":false},"excerpt":{"rendered":"<p>Les \u00e9lections sociales se sont tenues le 19 novembre 2020. Elles ont permis aux travailleur\u00b7euses d\u2019\u00e9lire, pour une dur\u00e9e de quatre ans, leurs repr\u00e9sentants au sein du conseil d\u2019entreprise (CE) et du comit\u00e9 pour la pr\u00e9vention et la protection du &hellip;<\/p>\n","protected":false},"author":56,"featured_media":0,"parent":0,"menu_order":0,"comment_status":"closed","ping_status":"closed","template":"","meta":{"footnotes":""},"tags":[],"class_list":["post-32685","page","type-page","status-publish","hentry"],"aioseo_notices":[],"_links":{"self":[{"href":"https:\/\/smartbe.be\/fr\/wp-json\/wp\/v2\/pages\/32685","targetHints":{"allow":["GET"]}}],"collection":[{"href":"https:\/\/smartbe.be\/fr\/wp-json\/wp\/v2\/pages"}],"about":[{"href":"https:\/\/smartbe.be\/fr\/wp-json\/wp\/v2\/types\/page"}],"author":[{"embeddable":true,"href":"https:\/\/smartbe.be\/fr\/wp-json\/wp\/v2\/users\/56"}],"replies":[{"embeddable":true,"href":"https:\/\/smartbe.be\/fr\/wp-json\/wp\/v2\/comments?post=32685"}],"version-history":[{"count":24,"href":"https:\/\/smartbe.be\/fr\/wp-json\/wp\/v2\/pages\/32685\/revisions"}],"predecessor-version":[{"id":33103,"href":"https:\/\/smartbe.be\/fr\/wp-json\/wp\/v2\/pages\/32685\/revisions\/33103"}],"wp:attachment":[{"href":"https:\/\/smartbe.be\/fr\/wp-json\/wp\/v2\/media?parent=32685"}],"wp:term":[{"taxonomy":"post_tag","embeddable":true,"href":"https:\/\/smartbe.be\/fr\/wp-json\/wp\/v2\/tags?post=32685"}],"curies":[{"name":"wp","href":"https:\/\/api.w.org\/{rel}","templated":true}]}}