
{"id":32137,"date":"2020-06-26T15:22:00","date_gmt":"2020-06-26T14:22:00","guid":{"rendered":"https:\/\/smartbe.be\/?page_id=32137"},"modified":"2026-04-15T18:08:55","modified_gmt":"2026-04-15T16:08:55","slug":"comite-ethique","status":"publish","type":"page","link":"https:\/\/smartbe.be\/fr\/comite-ethique\/","title":{"rendered":"Le comit\u00e9 d&rsquo;\u00e9thique"},"content":{"rendered":"<p><strong>Le comit\u00e9 d\u2019\u00e9thique est une instance consultative. Il veille \u00e0 la coh\u00e9rence entre les pratiques de la coop\u00e9rative et les valeurs qu\u2019elle affiche.<\/strong><\/p>\n<p><iframe loading=\"lazy\" title=\"YouTube video player\" src=\"https:\/\/www.youtube.com\/embed\/TNiYl2pErbA?start=6765\" width=\"560\" height=\"315\" frameborder=\"0\" allowfullscreen=\"allowfullscreen\"><\/iframe><\/p>\n<h2>Origine<\/h2>\n<p>Lors du premier Smart in Progress (2015-2016), le groupe de travail \u00abune coop\u00e9rative, pour qui et avec qui?\u00bb avait recommand\u00e9 de cr\u00e9er un comit\u00e9 d&rsquo;\u00e9thique pour s\u2019assurer que Smart reste un employeur responsable lorsque celle-ci s\u2019ouvrait \u00e0 tous les secteurs d\u2019activit\u00e9.<\/p>\n<p>En 2017-2018, un groupe de travail a r\u00e9fl\u00e9chi \u00e0 la mise en place d\u2019un comit\u00e9 d\u2019\u00e9thique au sein de Smart. Le fruit de ses r\u00e9flexions est formul\u00e9 en onze recommandations. <a href=\"https:\/\/smartbe.be\/wp-content\/uploads\/2018\/03\/Recommandations-du-groupe-de-travail-charg\u00e9-de-mettre-en-place-un-comit\u00e9-\u00e9thique-au-sein-de-SMart.pdf\">Voir les recommandations.<\/a><\/p>\n<p>Le conseil d\u2019administration a ensuite analys\u00e9 les recommandations et ses d\u00e9cisions ont \u00e9t\u00e9 pr\u00e9sent\u00e9es \u00e0 l\u2019assembl\u00e9e g\u00e9n\u00e9rale. <a href=\"https:\/\/smartbe.be\/wp-content\/uploads\/2018\/06\/Synth\u00e8se-d\u00e9cision-CA-Recommandations-GT-2017-2018-.pdf\">Voir la synth\u00e8se\u00a0des\u00a0d\u00e9cisions.<\/a><\/p>\n<p>Et c&rsquo;est en 2019 que le comit\u00e9 d\u2019\u00e9thique est mis en place.<\/p>\n<h2>Missions<\/h2>\n<p>L\u2019objectif du comit\u00e9 d\u2019\u00e9thique est de renforcer la l\u00e9gitimit\u00e9 de Smart en tant qu\u2019actrice (et employeuse) responsable qui n\u2019autorise pas tout en son sein et qui exprime le souhait clair d\u2019installer des garde-fous. Le comit\u00e9 d\u2019\u00e9thique veille \u00e0 la coh\u00e9rence entre les pratiques de la coop\u00e9rative et les valeurs qu\u2019elle affiche.<\/p>\n<p>Il est consultatif et agit par voie d\u2019avis (lorsqu\u2019il est sollicit\u00e9) et de recommandations qu\u2019il \u00e9met \u00e0 l\u2019attention de Smart. Il peut \u00e0 cette fin interroger diff\u00e9rentes entit\u00e9s ou instances de Smart sur leurs pratiques, ou utiliser toute forme d\u2019investigation.<\/p>\n<h2>Le p\u00e9rim\u00e8tre d\u2019action<\/h2>\n<p>Le comit\u00e9 d\u2019\u00e9thique ne peut pas \u00eatre dans l\u2019arbitrage ou la m\u00e9diation \u00e0 la place d\u2019autres instances plus appropri\u00e9es. Afin d\u2019asseoir sa l\u00e9gitimit\u00e9, la fronti\u00e8re de son domaine de comp\u00e9tences est \u00e0 tracer avec:<\/p>\n<ul>\n<li>L\u2019op\u00e9rationnel: la direction, la chaine op\u00e9rationnelle, qui passe aussi par les conseiller\u2219es, les questions RH, juridiques, assurancielles, financi\u00e8res\u2026<\/li>\n<li>Le politique: le conseil d\u2019administration et l\u2019assembl\u00e9e g\u00e9n\u00e9rale qui a la comp\u00e9tence de faire les grands choix strat\u00e9giques<\/li>\n<li>La repr\u00e9sentation du personnel; qui ne concerne que les salari\u00e9\u2219es des \u00e9quipes d\u2019appui.<\/li>\n<li>Les membres de Smart (qui peuvent eux aussi \u00eatre concern\u00e9s)<\/li>\n<\/ul>\n<p>En d\u2019autres mots, ce qui suit n\u2019est pas du ressort du comit\u00e9 d\u2019\u00e9thique, sauf si des actions dans ces domaines sont en contradiction avec les valeurs de Smart:<\/p>\n<ul>\n<li>Le juridique<\/li>\n<li>Le politique (ex.: inviter \u00e0 un d\u00e9bat quelqu\u2019un d\u2019un parti qui ne partage pas nos valeurs, ce n\u2019est pas du ressort du comit\u00e9 d\u2019\u00e9thique, car cela ne remet pas en question les valeurs, c\u2019est juste un \u00e9change d\u2019id\u00e9es).<\/li>\n<li>La strat\u00e9gie (ex.: recevoir un financement venant d\u2019un cabinet, c\u2019est une opportunit\u00e9 pour agir, le comit\u00e9 d\u2019\u00e9thique n\u2019a pas \u00e0 intervenir).<\/li>\n<\/ul>\n<h2>Qui compose ce comit\u00e9?<\/h2>\n<p>Le comit\u00e9 d\u2019\u00e9thique de Smart est constitu\u00e9 de:<\/p>\n<ul>\n<li><strong>six soci\u00e9taires utilisateur\u00b7ices de Smart :<\/strong> Ann De Visscher (pr\u00e9sidente), Beno\u00eet De Visscher,\u00a0Jean-Baptiste Friquet, Nicolas Hellas, S\u00e9verine Lacante et Thibault Scheuer<\/li>\n<li><strong>trois soci\u00e9taires membres de l&rsquo;\u00e9quipe support:<\/strong>\u00a0Erwin Carlier, Anne Delheid et Julie Leduc<\/li>\n<li><strong>deux expertes accompagnantes:<\/strong> Monique Boulad et Gabrielle Mirbeau<\/li>\n<\/ul>\n<p>Les soci\u00e9taires employ\u00e9s de l\u2019\u00e9quipe support de Smart sont s\u00e9lectionn\u00e9s sur base de candidatures suite \u00e0 la diffusion de messages en interne.<\/p>\n<p>Les soci\u00e9taires utilisateur\u00b7ices de Smart sont tir\u00e9s au sort.<\/p>\n<p>Les expertes sont choisies du fait de leur exp\u00e9rience au sein d\u2019autres comit\u00e9s d\u2019\u00e9thique et afin d\u2019aider les membres dans leurs r\u00e9flexions. Cette expertise est bienvenue compte tenu du fait que les membres du comit\u00e9 d\u2019\u00e9thique de Smart ne sont pas n\u00e9cessairement des expert\u00b7es en mati\u00e8re d\u2019\u00e9thique.<\/p>\n<p>Il est important de noter que l\u2019on recherche une diversit\u00e9 importante dans les profils constituant le comit\u00e9 d\u2019\u00e9thique. D\u2019ailleurs, les soci\u00e9taires sont s\u00e9lectionn\u00e9s selon certains crit\u00e8res: le secteur d\u2019activit\u00e9, l\u2019anciennet\u00e9 chez Smart, l\u2019\u00e2ge, la fr\u00e9quence des activit\u00e9s, la langue, le lieu d\u2019habitation.<\/p>\n<h2>Comment saisir le comit\u00e9 d\u2019\u00e9thique?<\/h2>\n<p><strong>L\u2019autosaisie<\/strong><\/p>\n<p>Il est important que le comit\u00e9 puisse s\u2019auto-saisir.<\/p>\n<p>Il arrive que des gens n\u2019osent pas, n\u2019aient pas envie d\u2019aller vers le comit\u00e9 d\u2019\u00e9thique, ils ou elles en parlent entre deux portes \u00e0 un\u2219e membre du comit\u00e9 d\u2019\u00e9thique qui peut proposer au comit\u00e9 de se saisir du sujet.<\/p>\n<p><strong>La saisine<\/strong><\/p>\n<p>Tout soci\u00e9taire, service ou membre de l\u2019\u00e9quipe support de Smart peut se saisir du comit\u00e9 d\u2019\u00e9thique pour avis. Pour recevoir une demande, il doit y avoir une sollicitation pour que la requ\u00eate puisse \u00eatre analys\u00e9e. Si le comit\u00e9 d\u2019\u00e9thique en ressent la n\u00e9cessit\u00e9, il peut inviter des personnes lors d\u2019une r\u00e9union pour \u00e9changer et approfondir certains points.<\/p>\n<p>Si le comit\u00e9 se saisit d\u2019un sujet, il peut d\u00e9cider si oui ou non il publie des recommandations. S\u2019il n\u2019arrive pas \u00e0 conclure, il n\u2019y aura pas de recommandation. Des questions peuvent bien s\u00fbr \u00eatre \u00e9mises, tout comme l\u2019ouverture d\u2019un d\u00e9bat.<\/p>\n<p>\u00c0 partir de cas particulier, les questions sont anonymis\u00e9es pour arriver \u00e0 des recommandations plus larges. Les recommandations seront publi\u00e9es sur des pages d\u00e9di\u00e9es du site.<\/p>\n<p>Le comit\u00e9 d\u2019\u00e9thique se saisit des questions qui lui paraissent pertinentes et peut donc \u00eatre saisi par tout\u00b7e soci\u00e9taire, travailleur\u00b7euse et utilisateur\u00b7trice de Smart, via l\u2019adresse <a href=\"mailto:&#x63;&#x6f;&#x6d;&#x69;&#x74;&#x65;&#x2e;&#x65;&#x74;&#x68;&#x69;&#x71;&#x75;&#x65;&#x40;&#x73;&#x6d;&#x61;&#x72;&#x74;&#x2e;&#x63;&#x6f;&#x6f;&#x70;\">&#x63;&#x6f;&#x6d;&#x69;&#x74;&#x65;&#x2e;&#x65;&#x74;&#x68;&#x69;&#x71;&#x75;&#x65;&#x40;<span class=\"oe_displaynone\">null<\/span>&#x73;&#x6d;&#x61;&#x72;&#x74;&#x2e;&#x63;&#x6f;&#x6f;&#x70;.<\/a> \u00a0Merci d&rsquo;expliquer en quelques mots la probl\u00e9matique. Et si vous pr\u00e9f\u00e9rez en discuter par t\u00e9l\u00e9phone, n&rsquo;h\u00e9sitez pas \u00e0 laisser vos coordonn\u00e9es t\u00e9l\u00e9phoniques, nous conviendrons d&rsquo;un rendez-vous t\u00e9l\u00e9phonique pour en discuter.<\/p>\n<h2><a name=\"reco\"><\/a>10 recommandations du Comit\u00e9 d&rsquo;\u00e9thique 2020-2025<\/h2>\n<ul>\n<li><a href=\"https:\/\/smartbe.be\/wp-content\/uploads\/2026\/04\/c001-promotion-et-business-des-armes.pdf\">Promotion et business des armes<\/a><\/li>\n<li><a href=\"https:\/\/smartbe.be\/wp-content\/uploads\/2026\/04\/c002-ethique-des-achats-par-activites.pdf\">\u00c9thique des achats par les Activit\u00e9s<\/a><\/li>\n<li><a href=\"https:\/\/smartbe.be\/wp-content\/uploads\/2026\/04\/c003-mediation-et-reclamations.pdf\">M\u00e9diation et r\u00e9clamations<\/a><\/li>\n<li><a href=\"https:\/\/smartbe.be\/wp-content\/uploads\/2026\/04\/c004-relations-intimes-au-travail.pdf\">Relations intimes au travail<\/a><\/li>\n<li><a href=\"https:\/\/smartbe.be\/wp-content\/uploads\/2026\/04\/c005-cryptomonnaies-et-smart.pdf\">Les cryptomonnaies et Smart<\/a><\/li>\n<li><a href=\"https:\/\/smartbe.be\/wp-content\/uploads\/2026\/04\/c006-transparence-recommandations-comite-d-ethique.pdf\">Transparence des recommandations du comit\u00e9 d&rsquo;\u00e9thique<\/a><\/li>\n<li><a href=\"https:\/\/smartbe.be\/wp-content\/uploads\/2026\/04\/c007-astrologie-sur-reseausocial-de-smart.pdf\">Promotion de prestations d&rsquo;astrologie sur un r\u00e9seau social de Smart<\/a><\/li>\n<li><a href=\"https:\/\/smartbe.be\/wp-content\/uploads\/2026\/04\/c008-intelligence-artificielle-impacts-sur-travail-autonome.pdf\">Intelligence artificielle, les impacts sur le travail autonome<\/a><\/li>\n<li><a href=\"https:\/\/smartbe.be\/wp-content\/uploads\/2026\/04\/c009-accueil-du-travail-du-sexe-dans-smart.pdf\">Accueil de travailleurs ou travailleuses du sexe chez Smart<\/a><\/li>\n<li><a href=\"https:\/\/smartbe.be\/wp-content\/uploads\/2026\/04\/c010-pratiques-soins-non-conventionnelles.pdf\">Pratiques non-conventionnelles de soins de sant\u00e9<\/a><\/li>\n<\/ul>\n<p>&nbsp;<\/p>\n<h2>Documents utiles<\/h2>\n<ul>\n<li><a href=\"https:\/\/smartbe.be\/wp-content\/uploads\/2026\/04\/SMART_comite_ethique_25.pdf\">Rapport d&rsquo;activit\u00e9 2025<\/a><\/li>\n<li><a href=\"https:\/\/smartbe.be\/wp-content\/uploads\/2025\/07\/comite_ethique_25_FR.pdf\">Rapport d&rsquo;activit\u00e9 2024 du Comit\u00e9<\/a><\/li>\n<li><a href=\"https:\/\/smartbe.be\/wp-content\/uploads\/2024\/04\/comite_ethique_FR-002.pdf\">Rapport d&rsquo;activit\u00e9 2023<\/a><\/li>\n<li><a href=\"https:\/\/smartbe.be\/wp-content\/uploads\/2023\/05\/Smart_comite_ethique_RA_2022.pdf\">Rapport d&rsquo;activit\u00e9 2022<\/a><\/li>\n<li>Analyse d&rsquo;Adrien Billiet (KULeuven), pdf 6 pages:<br \/>\n<a href=\"https:\/\/smartbe.be\/fr\/comprendre\/publications\/education-permanente\/decisions-collectives-au-dela-des-elections-lapproche-innovante-du-comite-dethique-de-smart\/\">D\u00e9cisions collectives\u2009: l\u2019approche innovante du comit\u00e9 d\u2019\u00e9thique de Smart<\/a><\/li>\n<li><a href=\"https:\/\/smartbe.be\/wp-content\/uploads\/2023\/03\/comite_ethique_RA_2021.pdf\">Rapport d&rsquo;activit\u00e9 2021<\/a><\/li>\n<li><a href=\"https:\/\/smartbe.be\/wp-content\/uploads\/2021\/06\/comite_ethique_RA.pdf\">Rapport d&rsquo;activit\u00e9 2020<\/a><\/li>\n<li><a href=\"https:\/\/smartbe.be\/wp-content\/uploads\/2020\/06\/RA_Comite_ethique_Smart_2019.pdf\">Rapport d\u2019activit\u00e9 2019<\/a><\/li>\n<li><a href=\"https:\/\/smartbe.be\/wp-content\/uploads\/2019\/06\/Rapport-du-comit%C3%A9-d%E2%80%99%C3%A9thique-2018-2019-FR.pdf\">Rapport du comit\u00e9 d&rsquo;\u00e9thique 2018<\/a><\/li>\n<li><a href=\"https:\/\/smartbe.be\/wp-content\/uploads\/2023\/02\/Reglement-dordre-interieur-Comite-dethique-Smart-2023.pdf\">R\u00e8glement d&rsquo;ordre int\u00e9rieur &#8211; Comit\u00e9 d&rsquo;\u00e9thique 2023<\/a><\/li>\n<\/ul>","protected":false},"excerpt":{"rendered":"<p>Le comit\u00e9 d\u2019\u00e9thique est une instance consultative. Il veille \u00e0 la coh\u00e9rence entre les pratiques de la coop\u00e9rative et les valeurs qu\u2019elle affiche. Origine Lors du premier Smart in Progress (2015-2016), le groupe de travail \u00abune coop\u00e9rative, pour qui et &hellip;<\/p>\n","protected":false},"author":54,"featured_media":0,"parent":0,"menu_order":0,"comment_status":"closed","ping_status":"closed","template":"","meta":{"footnotes":""},"tags":[],"class_list":["post-32137","page","type-page","status-publish","hentry"],"aioseo_notices":[],"_links":{"self":[{"href":"https:\/\/smartbe.be\/fr\/wp-json\/wp\/v2\/pages\/32137","targetHints":{"allow":["GET"]}}],"collection":[{"href":"https:\/\/smartbe.be\/fr\/wp-json\/wp\/v2\/pages"}],"about":[{"href":"https:\/\/smartbe.be\/fr\/wp-json\/wp\/v2\/types\/page"}],"author":[{"embeddable":true,"href":"https:\/\/smartbe.be\/fr\/wp-json\/wp\/v2\/users\/54"}],"replies":[{"embeddable":true,"href":"https:\/\/smartbe.be\/fr\/wp-json\/wp\/v2\/comments?post=32137"}],"version-history":[{"count":60,"href":"https:\/\/smartbe.be\/fr\/wp-json\/wp\/v2\/pages\/32137\/revisions"}],"predecessor-version":[{"id":49551,"href":"https:\/\/smartbe.be\/fr\/wp-json\/wp\/v2\/pages\/32137\/revisions\/49551"}],"wp:attachment":[{"href":"https:\/\/smartbe.be\/fr\/wp-json\/wp\/v2\/media?parent=32137"}],"wp:term":[{"taxonomy":"post_tag","embeddable":true,"href":"https:\/\/smartbe.be\/fr\/wp-json\/wp\/v2\/tags?post=32137"}],"curies":[{"name":"wp","href":"https:\/\/api.w.org\/{rel}","templated":true}]}}