
{"id":31522,"date":"2020-06-10T12:01:14","date_gmt":"2020-06-10T11:01:14","guid":{"rendered":"https:\/\/smartbe.be\/?page_id=31522"},"modified":"2022-02-23T16:52:31","modified_gmt":"2022-02-23T15:52:31","slug":"candidature-anne-laure-desgris","status":"publish","type":"page","link":"https:\/\/smartbe.be\/fr\/assemblee-generale-2020\/candidature-anne-laure-desgris\/","title":{"rendered":"Candidature Anne-Laure Desgris"},"content":{"rendered":"<div class=\"page_viecoop_content\">\n<div class=\"fiche_candidat\">\n<div class=\"fiche_candidat_image\"><img loading=\"lazy\" decoding=\"async\" class=\"attachment-post-thumbnail size-post-thumbnail wp-post-image\" src=\"https:\/\/www.smartfr.fr\/wp-content\/uploads\/2020\/06\/0.jpg\" sizes=\"auto, (max-width: 500px) 100vw, 500px\" srcset=\"https:\/\/www.smartfr.fr\/wp-content\/uploads\/2020\/06\/0.jpg 500w, https:\/\/www.smartfr.fr\/wp-content\/uploads\/2020\/06\/0-150x150.jpg 150w, https:\/\/www.smartfr.fr\/wp-content\/uploads\/2020\/06\/0-300x300.jpg 300w, https:\/\/www.smartfr.fr\/wp-content\/uploads\/2020\/06\/0-200x200.jpg 200w\" alt=\"\" width=\"500\" height=\"500\" \/><\/div>\n<div class=\"fiche_candidat_content\">\n<div class=\"fiche_candidat_nom fiche_candidat_signaletique\">Anne-Laure Desgris<\/div>\n<div class=\"fiche_candidat_sexe fiche_candidat_signaletique\"><span class=\"label\">Femme<\/span><\/div>\n<div class=\" fiche_candidat_signaletique\"><span class=\"label\">Cat\u00e9gorie :<\/span> Cat\u00e9gorie B &#8211; Partenaire externe<\/div>\n<div class=\"fiche_candidat_ville fiche_candidat_signaletique\">\nBruxelles \/ Rennes<\/div>\n<\/div>\n<div class=\"fiche_candidat_content2\">\n<h3>Votre m\u00e9tier, votre activit\u00e9 :<\/h3>\n<div class=\"fiche_candidat_activity fiche_candidat_txt\">J&rsquo;assume actuellement diff\u00e9rents mandats en Belgique et en France.<\/div>\n<h3>Que pouvez-vous apporter au projet Smart ? Quelles sont les comp\u00e9tences et exp\u00e9riences que vous souhaitez apporter au sein du conseil d\u2019administration ?<\/h3>\n<div class=\"fiche_candidat_competences fiche_candidat_txt\">Impliqu\u00e9e dans le mouvement coop\u00e9ratif depuis 2007, j\u2019ai exerc\u00e9 diff\u00e9rentes fonctions au sein de coop\u00e9ratives, notamment la coop\u00e9rative d\u2019entrepreneur\u2219es Oxalis (accompagnement, d\u00e9veloppement, animation de la vie coop\u00e9rative, partenariats, dialogue social coop\u00e9ratif) et mandats (r\u00e9seau, administratrice et codirectrice g\u00e9n\u00e9rale). J\u2019ai rejoint Smart et son \u00e9quipe bruxelloise en septembre 2018. J\u2019y ai d\u2019abord travaill\u00e9 au sein de la direction de la vie coop\u00e9rative puis l\u2019administration d\u00e9l\u00e9gu\u00e9e depuis octobre 2019. L\u2019entreprise partag\u00e9e et la coop\u00e9ration sont des moteurs puissants auxquels je souhaite continuer \u00e0 contribuer au sein des Conseils d\u2019administration.<\/div>\n<h3>Pourquoi vous pr\u00e9sentez-vous au Conseil d\u2019Administration ?<\/h3>\n<div class=\"fiche_candidat_competences fiche_candidat_txt\">J\u2019ai le souhait de pouvoir participer \u00e0 l\u2019\u00e9laboration des orientations et d\u00e9cisions dont j\u2019aurais la coresponsabilit\u00e9 de mise en \u0153uvre, exercer un mandat en rapport avec les responsabilit\u00e9s qui me sont confi\u00e9es et pour lesquelles j\u2019ai \u00e0 rendre compte en conseils d\u2019administration et assembl\u00e9e des associ\u00e9\u2219es, incarner la volont\u00e9 transnationale port\u00e9e coop\u00e9rativement par le projet Smart.<\/div>\n<h3>Comment voyez-vous Smart dans le futur ? Quelle est votre vision \u00e0 terme du projet ?<\/h3>\n<div class=\"fiche_candidat_futur fiche_candidat_txt\">Smart est centr\u00e9e sur les travailleur\u2219euses, la cr\u00e9ation de valeurs sociales et \u00e9conomiques pour pouvoir en tirer la meilleure protection sociale. Il s\u2019appuie sur un niveau de mutualisation in\u00e9dit dans le mouvement coop\u00e9ratif : celui du grand nombre de membres et sa dimension europ\u00e9enne, la recherche d\u2019autonomie tout en disposant de droits effectifs tout au long de sa vie. La d\u00e9marche Smart in Progress vient en appui de la recherche constante de d\u00e9mocratie \u00e9conomique. Celle-ci sera un appui ind\u00e9niable dans les enjeux d\u2019\u00e9quilibre sociaux et \u00e9conomiques qui vont se poser \u00e0 nous ces prochaines ann\u00e9es.<\/div>\n<div class=\"fiche_candidat_video iframe__container\"><iframe loading=\"lazy\" src=\"https:\/\/player.vimeo.com\/video\/427702639\" width=\"640\" height=\"360\" frameborder=\"0\" allowfullscreen=\"allowfullscreen\"><\/iframe><\/div>\n<\/div>\n<\/div>\n<\/div>","protected":false},"excerpt":{"rendered":"<p>Anne-Laure Desgris Femme Cat\u00e9gorie : Cat\u00e9gorie B &#8211; Partenaire externe Bruxelles \/ Rennes Votre m\u00e9tier, votre activit\u00e9 : J&rsquo;assume actuellement diff\u00e9rents mandats en Belgique et en France. Que pouvez-vous apporter au projet Smart ? Quelles sont les comp\u00e9tences et exp\u00e9riences &hellip;<\/p>\n","protected":false},"author":53,"featured_media":31523,"parent":31305,"menu_order":0,"comment_status":"closed","ping_status":"closed","template":"","meta":{"footnotes":""},"tags":[],"class_list":["post-31522","page","type-page","status-publish","has-post-thumbnail","hentry"],"aioseo_notices":[],"_links":{"self":[{"href":"https:\/\/smartbe.be\/fr\/wp-json\/wp\/v2\/pages\/31522","targetHints":{"allow":["GET"]}}],"collection":[{"href":"https:\/\/smartbe.be\/fr\/wp-json\/wp\/v2\/pages"}],"about":[{"href":"https:\/\/smartbe.be\/fr\/wp-json\/wp\/v2\/types\/page"}],"author":[{"embeddable":true,"href":"https:\/\/smartbe.be\/fr\/wp-json\/wp\/v2\/users\/53"}],"replies":[{"embeddable":true,"href":"https:\/\/smartbe.be\/fr\/wp-json\/wp\/v2\/comments?post=31522"}],"version-history":[{"count":15,"href":"https:\/\/smartbe.be\/fr\/wp-json\/wp\/v2\/pages\/31522\/revisions"}],"predecessor-version":[{"id":36735,"href":"https:\/\/smartbe.be\/fr\/wp-json\/wp\/v2\/pages\/31522\/revisions\/36735"}],"up":[{"embeddable":true,"href":"https:\/\/smartbe.be\/fr\/wp-json\/wp\/v2\/pages\/31305"}],"wp:featuredmedia":[{"embeddable":true,"href":"https:\/\/smartbe.be\/fr\/wp-json\/wp\/v2\/media\/31523"}],"wp:attachment":[{"href":"https:\/\/smartbe.be\/fr\/wp-json\/wp\/v2\/media?parent=31522"}],"wp:term":[{"taxonomy":"post_tag","embeddable":true,"href":"https:\/\/smartbe.be\/fr\/wp-json\/wp\/v2\/tags?post=31522"}],"curies":[{"name":"wp","href":"https:\/\/api.w.org\/{rel}","templated":true}]}}