
{"id":31315,"date":"2020-06-02T20:05:07","date_gmt":"2020-06-02T19:05:07","guid":{"rendered":"https:\/\/smartbe.be\/?page_id=31315"},"modified":"2022-08-23T18:00:11","modified_gmt":"2022-08-23T16:00:11","slug":"assemblee-generale-ordinaire-et-extraordinaire-2020","status":"publish","type":"page","link":"https:\/\/smartbe.be\/fr\/assemblee-generale-ordinaire-et-extraordinaire-2020\/","title":{"rendered":"Assembl\u00e9e g\u00e9n\u00e9rale ordinaire et extraordinaire 2020"},"content":{"rendered":"<h2 class=\"page-leader\"><strong style=\"font-size: 16px;\">SmartCoop\u202f\u2013 Soci\u00e9t\u00e9 coop\u00e9rative \u00e0 responsabilit\u00e9 limit\u00e9e et \u00e0 finalit\u00e9 sociale<\/strong><\/h2>\n<div class=\"article clearfix\">\n<p class=\"null\"><strong>Les soci\u00e9taires ont \u00e9t\u00e9 invit\u00e9s \u00e0 exercer leur droit de vote lors de l\u2019Assembl\u00e9e g\u00e9n\u00e9rale \u202fmixte du\u202f23 juin 2020\u202f<\/strong><\/p>\n<p class=\"null\">Retrouvez ci-dessous l\u2019ordre du jour, les points soumis au vote, les ressources \u00e0 votre disposition pour chaque point ainsi que le r\u00e9sultat des votes.<\/p>\n<p>Pour revoir l&rsquo;AG<\/p>\n<p class=\"null\"><strong>Maxime Dechesne et Fran\u00e7oise Kemajou pr\u00e9sentent le programme de l&rsquo;Assembl\u00e9e g\u00e9n\u00e9rale et les r\u00e9solutions soumises au vote.<\/strong><\/p>\n<div class=\"video-container\"><iframe loading=\"lazy\" title=\"#letscoop2020 - Maxime Dechesne et Fran\u00e7oise Kemajou - R\u00e9solutions de Smart en Belgique\" width=\"584\" height=\"329\" src=\"https:\/\/www.youtube.com\/embed\/seAKlOCAO2A?feature=oembed\" frameborder=\"0\" allow=\"accelerometer; autoplay; clipboard-write; encrypted-media; gyroscope; picture-in-picture; web-share\" referrerpolicy=\"strict-origin-when-cross-origin\" allowfullscreen><\/iframe><\/div>\n<\/div>\n<p><strong><a href=\"https:\/\/smartbe.be\/wp-content\/uploads\/2021\/01\/fleche-arrow-long.png\"><img loading=\"lazy\" decoding=\"async\" class=\"alignnone size-full wp-image-33556\" src=\"https:\/\/smartbe.be\/wp-content\/uploads\/2021\/01\/fleche-arrow-long.png\" alt=\"\" width=\"142\" height=\"13\" \/><\/a><\/strong><a href=\"https:\/\/smartbe.be\/wp-content\/uploads\/2020\/06\/BE_SmartCoop_AGs-20_texte-des-r%C3%A9solutions-1.pdf\">Le texte int\u00e9gral des r\u00e9solutions qui se trouve sur la plateforme de vote<\/a><\/p>\n<h2 class=\"article clearfix\"><span data-contrast=\"auto\">Assembl\u00e9e g\u00e9n\u00e9rale ordinaire<\/span><\/h2>\n<p>738 votant.es en date du 23 juin 2020<\/p>\n<div class=\"article clearfix\">\n<div id=\"resolution1\">1. <strong>Nomination du cabinet de commissaires r\u00e9viseurs d\u2019entreprise<\/strong> &#8211; Point pour d\u00e9cision<\/div>\n<div><em>Chaque entreprise est tenue de nommer un\u00b7e commissaire r\u00e9viseur d\u2019entreprise ind\u00e9pendant\u00b7e de la direction d\u2019entreprise pour contr\u00f4ler la situation financi\u00e8re des comptes annuels et la r\u00e9gularit\u00e9 au regard du Code des soci\u00e9t\u00e9s.<\/em><br \/>\n<em>Les commissaires sont nomm\u00e9s par l\u2019assembl\u00e9e g\u00e9n\u00e9rale, cette r\u00e9solution permet de nommer les r\u00e9viseurs pour une dur\u00e9e de trois ans.<\/em><\/div>\n<h4>R\u00c9SULTAT<\/h4>\n<ul>\n<li>Je vote pour: 68%<\/li>\n<li>Je vote contre: 6%<\/li>\n<li>Je m\u2019abstiens: 26%<\/li>\n<\/ul>\n<p>Document:\u00a0<a href=\"https:\/\/smartbe.be\/wp-content\/uploads\/2020\/06\/BE_SmartCoop_AGO-20_pr\u00e9sentation-RSM.pdf\">Pr\u00e9sentation du nouveau cabinet de r\u00e9viseur<\/a><\/p>\n<\/div>\n<div class=\"article clearfix\">\n<div id=\"resolution2\">\n<p>2. <strong>Approbation des comptes et rapports (activit\u00e9s, objet social, r\u00e9viseur d\u2019entreprise) de l\u2019exercice 2019 et d\u00e9charge aux administrateur\u00b7trices de leur mandat de gestion<\/strong> &#8211; Point pour d\u00e9cision<\/p>\n<p><em>Examen des comptes 2019, du rapport d\u2019activit\u00e9, du rapport sur la r\u00e9alisation de l\u2019objet social et du rapport du r\u00e9viseur d\u2019entreprise, en vue de leur approbation et de donner d\u00e9charge aux administrateur.trice.s de leur mandat de gestion.<\/em><\/p>\n<h4>R\u00c9SULTAT<\/h4>\n<ul>\n<li>Je vote pour: 72%<\/li>\n<li>Je vote contre: 5%<\/li>\n<li>Je m\u2019abstiens: 23%<\/li>\n<\/ul>\n<p>Vid\u00e9o: <a href=\"https:\/\/www.youtube.com\/watch?v=_3hf69i-fd8&amp;list=PL0ui8MceUYB94mQCmIDx6IgOS5dCMNdwI\">Marielle Demilie explique les chiffres de Smart en Belgique<\/a><\/p>\n<p>Documents<\/p>\n<ul>\n<li><a href=\"https:\/\/smartbe.be\/wp-content\/uploads\/2020\/06\/BE_SmartCoop_AGE-20_Rapport_special_realisation_but_social.pdf\" target=\"_blank\" rel=\"noopener noreferrer\">Rapport sp\u00e9cial sur la r\u00e9alisation du but social<\/a><\/li>\n<li><a href=\"https:\/\/indd.adobe.com\/view\/3a683df0-85d5-4c9b-8ee5-f2e50268d4a8\" target=\"_blank\" rel=\"noopener noreferrer\">Rapport d&rsquo;activit\u00e9 2019, compte de r\u00e9sultats et bilan consolid\u00e9 Smart Belgique<\/a><\/li>\n<li><a href=\"https:\/\/smartbe.be\/wp-content\/uploads\/2020\/06\/BE_SmartCoop_AGO-20_bilan-2019.pdf\" target=\"_blank\" rel=\"noopener noreferrer\">Bilan SmartCoop<\/a><\/li>\n<li><a href=\"https:\/\/smartbe.be\/wp-content\/uploads\/2020\/06\/BE_SmartCoop_AGO-20_compte-de-r%C3%A9sultat-2019.pdf\" target=\"_blank\" rel=\"noopener noreferrer\">Compte de r\u00e9sultat SmartCoop<\/a><\/li>\n<li><a href=\"https:\/\/smartbe.be\/wp-content\/uploads\/2020\/06\/20200611_SmartCoop_Rapport-de-gestion-1.pdf\">Rapport de gestion<\/a><\/li>\n<li><a href=\"https:\/\/smartbe.be\/wp-content\/uploads\/2020\/06\/SMARTCOOP-rapport-de-commissaire-2019.pdf\">Rapport du commissaire<\/a><\/li>\n<\/ul>\n<\/div>\n<div id=\"resolution3\">\n<p>3.<strong> D\u00e9cisions d\u2019affectation du r\u00e9sultat 2019<\/strong> &#8211; Point pour d\u00e9cision<\/p>\n<p><em>Les statuts de la coop\u00e9rative pr\u00e9voient la non-distribution des r\u00e9sultats et leurs affectations en r\u00e9serve impartageable.<\/em><\/p>\n<p><strong>Les soci\u00e9taires ont pris acte de l\u2019affectation aux r\u00e9serves impartageables du r\u00e9sultat.<\/strong><b><br \/>\n<\/b><\/p>\n<\/div>\n<div id=\"resolution4\">4. <strong>\u00c9tat du soci\u00e9tariat et du capital social<\/strong> &#8211; <span data-contrast=\"none\">Point pour d\u00e9cision<br \/>\n<\/span><em>La composition du soci\u00e9tariat\u00a0(cat\u00e9gories, nombre de parts, droits de vote\u2026), du montant du capital social et de la valeur de la part au 31\/12\/2019.<\/em><\/div>\n<div><\/div>\n<div><strong><span class=\"TextRun BCX0 SCXP166033966\" lang=\"FR-FR\" xml:lang=\"FR-FR\" data-usefontface=\"true\" data-contrast=\"none\"><span class=\"NormalTextRun BCX0 SCXP166033966\">Les soci\u00e9taires ont\u00a0<\/span><\/span><span class=\"TextRun BCX0 SCXP166033966\" lang=\"FR-FR\" xml:lang=\"FR-FR\" data-usefontface=\"true\" data-contrast=\"none\"><span class=\"NormalTextRun BCX0 SCXP166033966\">pris acte\u00a0<\/span><\/span><span class=\"TextRun BCX0 SCXP166033966\" lang=\"FR-FR\" xml:lang=\"FR-FR\" data-usefontface=\"true\" data-contrast=\"none\"><span class=\"NormalTextRun BCX0 SCXP166033966\">de la\u00a0<\/span><\/span><span class=\"TextRun BCX0 SCXP166033966\" lang=\"FR-FR\" xml:lang=\"FR-FR\" data-usefontface=\"true\" data-contrast=\"none\"><span class=\"NormalTextRun BCX0 SCXP166033966\">composition du soci\u00e9tariat, de l\u2019\u00e9tat du capital\u00a0<\/span><\/span><span class=\"TextRun BCX0 SCXP166033966\" lang=\"FR-FR\" xml:lang=\"FR-FR\" data-usefontface=\"true\" data-contrast=\"none\"><span class=\"NormalTextRun BCX0 SCXP166033966\">social et de la valeur de la part.<\/span><\/span><\/strong><span class=\"LineBreakBlob BlobObject BCX0 SCXP166033966\"><strong><span class=\"BCX0 SCXP166033966\">\u200b<\/span><\/strong><br class=\"BCX0 SCXP166033966\" \/><\/span><\/div>\n<p>5. <strong>Retour sur l\u2019ann\u00e9e du conseil d\u2019administration <\/strong>&#8211; Point d\u2019information<\/p>\n<p><em>Pr\u00e9sentation des temps forts de la vie du Conseil d\u2019administration.<\/em><\/p>\n<div id=\"resolution5\">\n<p>6. <strong>\u00c9lection d\u2019une nouvelle administratrice<\/strong> &#8211; Point pour d\u00e9cision<\/p>\n<p><em>Anne-Laure Desgris, candidate au conseil d\u2019administration de SmartCoop (Cat\u00e9gorie B \u2013 Partenaire externe)<\/em><\/p>\n<h4>R\u00c9SULTAT<\/h4>\n<ul>\n<li>Je vote pour: 78%<\/li>\n<li>Je vote contre: 6%<\/li>\n<li>Je m\u2019abstiens: 18%<\/li>\n<\/ul>\n<p><a href=\"https:\/\/smartbe.be\/fr\/assemblee-generale-2020\/candidature-anne-laure-desgris\/\" target=\"_blank\" rel=\"noopener noreferrer\">D\u00e9couvrez sa candidature<\/a><\/p>\n<p>Vid\u00e9o : <a href=\"https:\/\/vimeo.com\/427702639\" target=\"_blank\" rel=\"noopener noreferrer\">Pr\u00e9sentation de la candidature d&rsquo;Anne-Laure Desgris au CA SmartCoop<\/a><\/p>\n<p>7. <strong>Rapport du Comit\u00e9 d\u2019\u00e9thique <\/strong>&#8211; Point d\u2019information<\/p>\n<\/div>\n<p><em>Pr\u00e9sentation du rapport du Comit\u00e9 d&rsquo;\u00e9thique, une instance consultative constitu\u00e9e \u00e0 l\u2019\u00e9chelle du groupe Smart, qui veille \u00e0 la coh\u00e9rence <\/em><em>entre les pratiques de la coop\u00e9rative et les valeurs qu\u2019elle affiche.<\/em><\/p>\n<p>Document: <a href=\"https:\/\/smartbe.be\/wp-content\/uploads\/2020\/06\/RA_Comite_ethique_Smart_2019.pdf\" target=\"_blank\" rel=\"noopener noreferrer\">Rapport d&rsquo;activit\u00e9 du Comit\u00e9 d&rsquo;\u00e9thique 2019<\/a><\/p>\n<p>Vid\u00e9o: <a href=\"https:\/\/www.youtube.com\/watch?v=SSIaQ_DTKnM\" target=\"_blank\" rel=\"noopener noreferrer\">Sarah De Heusch et Ann De Visscher pr\u00e9sentent le Comit\u00e9 d&rsquo;\u00e9thique<\/a><\/p>\n<p><strong>8. Smart in Progress :<\/strong><strong>Suivi des recommandations 2019-2020<\/strong> &#8211; Point d\u2019information<\/p>\n<div id=\"resolution6\">\n<p>Documents<\/p>\n<ul>\n<li><a href=\"https:\/\/smartbe.be\/fr\/la-cooperative-2\/smart-progress\/groupes-de-travail-2019-2020\/#recommandations\" target=\"_blank\" rel=\"noopener noreferrer\">Les projets des recommandations<\/a><\/li>\n<\/ul>\n<p><strong>Adoption des nouveaux th\u00e8mes pour 2020-2021<\/strong> &#8211; Point pour d\u00e9cision<\/p>\n<p><em>Afin d\u2019orienter les travaux \u00e0 mener sur l\u2019ann\u00e9e \u00e0 venir, exprimez vos priorit\u00e9s parmi les quatre th\u00e8mes de travail propos\u00e9s: (1) l\u2019accompagnement, (2) le projet politique, (3) un nouvel horizon post-crise sanitaire, (4) la place des salari\u00e9\u00b7es\u202fde l\u2019\u00e9quipe mutualis\u00e9e au sein de la communaut\u00e9 Smart.<\/em><\/p>\n<h4>R\u00c9SULTAT<\/h4>\n<ul>\n<li>Un nouvel horizon post-crise sanitaire : <u>1364 points <\/u><\/li>\n<li>Place des\u202fsalari\u00e9\u00b7es\u202fde l\u2019\u00e9quipe mutualis\u00e9e : <u>889 points<\/u><u> <\/u><\/li>\n<li>L\u2019accompagnement : <u>772 points<\/u><\/li>\n<li>Le projet politique : <u>689 points<\/u><\/li>\n<\/ul>\n<p>Vid\u00e9o: <a href=\"https:\/\/www.youtube.com\/watch?v=m5OUh7HzW30\" target=\"_blank\" rel=\"noopener noreferrer\">Anne-Laure Desgris et Maxime Dechesne: Smart in Progress, le cycle pass\u00e9 et le cycle \u00e0 venir<\/a><\/p>\n<p>Document: <a href=\"https:\/\/smartbe.be\/wp-content\/uploads\/2020\/06\/Smart-in-Progress-2020-2021-FR.pdf\" target=\"_blank\" rel=\"noopener noreferrer\">Proposition de th\u00e8mes de travail 2020-2021<\/a><\/p>\n<\/div>\n<div id=\"resolution7\">9. <strong>D\u00e9signations et pouvoirs pour les formalit\u00e9s <\/strong>&#8211; Point pour d\u00e9cision<\/div>\n<div>\n<h4>R\u00c9SULTAT<\/h4>\n<ul>\n<li>Je vote pour: 71%<\/li>\n<li>Je vote contre: 5%<\/li>\n<li>Je m\u2019abstiens: 24%<\/li>\n<\/ul>\n<\/div>\n<h2><span data-contrast=\"auto\">Assembl\u00e9e g\u00e9n\u00e9rale extraordinaire<\/span><\/h2>\n<div id=\"resolution8\">\n<p><strong>1. Validation des nouveaux statuts de SmartCoop<\/strong><\/p>\n<p><em><span class=\"Nlea3\">Les modifications concernent l<\/span>a mise en conformit\u00e9 avec le Code des Soci\u00e9t\u00e9s et Associations, la cr\u00e9ation<span class=\"Nlea3\"> d\u2019une cat\u00e9gorie de soci\u00e9taires, le c<\/span>onseil d\u2019administration<\/em><\/p>\n<h4>R\u00c9SULTAT<\/h4>\n<ul>\n<li>Je vote pour: 76%<\/li>\n<li>Je vote contre: 19%<\/li>\n<li>Je m\u2019abstiens: 5%<\/li>\n<\/ul>\n<p>Vid\u00e9o: <a href=\"https:\/\/www.youtube.com\/watch?v=FhnmNYuw96E\" target=\"_blank\" rel=\"noopener noreferrer\">Cl\u00e9mentine Julle-Dani\u00e8re et Julien Charles- Changements statutaires en Belgique<\/a><\/p>\n<p>Documents:<\/p>\n<ul>\n<li><a href=\"https:\/\/smartbe.be\/wp-content\/uploads\/2022\/08\/Statuts_SmartCoop_aout_22.pdf\" target=\"_blank\" rel=\"noopener noreferrer\">Les statuts de la coop\u00e9rative<\/a><\/li>\n<li><a href=\"https:\/\/smartbe.be\/wp-content\/uploads\/2020\/06\/BE_SmartCoop_AGE-20_Statuts_SmartCoop-versions_comparees2017-2020.pdf\" target=\"_blank\" rel=\"noopener noreferrer\">Versions compar\u00e9es des statuts : statuts 2017 et version soumise au vote<\/a><\/li>\n<li><a href=\"https:\/\/smartbe.be\/wp-content\/uploads\/2020\/06\/BE_SmartCoop_AGE-20_Note_complementaire_resolution_statuts.pdf\" target=\"_blank\" rel=\"noopener noreferrer\">R\u00e9vision des statuts \u2013 Note explicative<\/a><\/li>\n<li><a href=\"https:\/\/smartbe.be\/wp-content\/uploads\/2022\/08\/220621_ROI_SmartCoop_2022_FR.pdf\" target=\"_blank\" rel=\"noopener noreferrer\">R\u00e9glement d&rsquo;ordre int\u00e9rieur SmartCoop<\/a><\/li>\n<\/ul>\n<\/div>\n<div id=\"resolution9\"><strong>2. D\u00e9signations et pouvoirs pour les formalit\u00e9s<\/strong><\/div>\n<h4>R\u00c9SULTAT<\/h4>\n<ul>\n<li>Je vote pour: 70%<\/li>\n<li>Je vote contre: 4%<\/li>\n<li>Je m\u2019abstiens: 26%<\/li>\n<\/ul>\n<div><strong>Des questions?<\/strong> <a href=\"mailto:&#x6c;&#x65;&#x74;&#x73;&#x63;&#x6f;&#x6f;&#x70;&#x40;&#x73;&#x6d;&#x61;&#x72;&#x74;&#x2e;&#x63;&#x6f;&#x6f;&#x70;\">&#x6c;&#x65;&#x74;&#x73;&#x63;&#x6f;&#x6f;&#x70;&#x40;<span class=\"oe_displaynone\">null<\/span>&#x73;&#x6d;&#x61;&#x72;&#x74;&#x2e;&#x63;&#x6f;&#x6f;&#x70;<\/a><\/div>\n<p><strong><a href=\"https:\/\/smartbe.be\/wp-content\/uploads\/2021\/01\/fleche-arrow-long.png\"><img loading=\"lazy\" decoding=\"async\" class=\"alignnone size-full wp-image-33556\" src=\"https:\/\/smartbe.be\/wp-content\/uploads\/2021\/01\/fleche-arrow-long.png\" alt=\"\" width=\"142\" height=\"13\" \/><\/a>#Letscoop2020<\/strong><\/p>\n<\/div>","protected":false},"excerpt":{"rendered":"<p>SmartCoop\u202f\u2013 Soci\u00e9t\u00e9 coop\u00e9rative \u00e0 responsabilit\u00e9 limit\u00e9e et \u00e0 finalit\u00e9 sociale Les soci\u00e9taires ont \u00e9t\u00e9 invit\u00e9s \u00e0 exercer leur droit de vote lors de l\u2019Assembl\u00e9e g\u00e9n\u00e9rale \u202fmixte du\u202f23 juin 2020\u202f Retrouvez ci-dessous l\u2019ordre du jour, les points soumis au vote, les &hellip;<\/p>\n","protected":false},"author":54,"featured_media":0,"parent":0,"menu_order":0,"comment_status":"closed","ping_status":"closed","template":"","meta":{"footnotes":""},"tags":[],"class_list":["post-31315","page","type-page","status-publish","hentry"],"aioseo_notices":[],"_links":{"self":[{"href":"https:\/\/smartbe.be\/fr\/wp-json\/wp\/v2\/pages\/31315","targetHints":{"allow":["GET"]}}],"collection":[{"href":"https:\/\/smartbe.be\/fr\/wp-json\/wp\/v2\/pages"}],"about":[{"href":"https:\/\/smartbe.be\/fr\/wp-json\/wp\/v2\/types\/page"}],"author":[{"embeddable":true,"href":"https:\/\/smartbe.be\/fr\/wp-json\/wp\/v2\/users\/54"}],"replies":[{"embeddable":true,"href":"https:\/\/smartbe.be\/fr\/wp-json\/wp\/v2\/comments?post=31315"}],"version-history":[{"count":84,"href":"https:\/\/smartbe.be\/fr\/wp-json\/wp\/v2\/pages\/31315\/revisions"}],"predecessor-version":[{"id":37785,"href":"https:\/\/smartbe.be\/fr\/wp-json\/wp\/v2\/pages\/31315\/revisions\/37785"}],"wp:attachment":[{"href":"https:\/\/smartbe.be\/fr\/wp-json\/wp\/v2\/media?parent=31315"}],"wp:term":[{"taxonomy":"post_tag","embeddable":true,"href":"https:\/\/smartbe.be\/fr\/wp-json\/wp\/v2\/tags?post=31315"}],"curies":[{"name":"wp","href":"https:\/\/api.w.org\/{rel}","templated":true}]}}