
{"id":31305,"date":"2020-06-02T19:59:53","date_gmt":"2020-06-02T18:59:53","guid":{"rendered":"https:\/\/smartbe.be\/?page_id=31305"},"modified":"2022-02-25T16:24:52","modified_gmt":"2022-02-25T15:24:52","slug":"assemblee-generale-2020","status":"publish","type":"page","link":"https:\/\/smartbe.be\/fr\/assemblee-generale-2020\/","title":{"rendered":"Assembl\u00e9e g\u00e9n\u00e9rale 2020"},"content":{"rendered":"<p><a href=\"https:\/\/smartbe.be\/wp-content\/uploads\/2020\/06\/AG_2020_banner_FB.png\"><img loading=\"lazy\" decoding=\"async\" class=\" wp-image-31361 aligncenter\" src=\"https:\/\/smartbe.be\/wp-content\/uploads\/2020\/06\/AG_2020_banner_FB.png\" alt=\"\" width=\"633\" height=\"356\" srcset=\"https:\/\/smartbe.be\/wp-content\/uploads\/2020\/06\/AG_2020_banner_FB.png 820w, https:\/\/smartbe.be\/wp-content\/uploads\/2020\/06\/AG_2020_banner_FB-300x169.png 300w, https:\/\/smartbe.be\/wp-content\/uploads\/2020\/06\/AG_2020_banner_FB-768x432.png 768w, https:\/\/smartbe.be\/wp-content\/uploads\/2020\/06\/AG_2020_banner_FB-500x281.png 500w, https:\/\/smartbe.be\/wp-content\/uploads\/2020\/06\/AG_2020_banner_FB-290x163.png 290w\" sizes=\"auto, (max-width: 633px) 100vw, 633px\" \/><\/a><\/p>\n<p>&nbsp;<\/p>\n<h2>En bref<\/h2>\n<p>En 2020, notre assembl\u00e9e g\u00e9n\u00e9rale s&rsquo;est tenue <strong>le 23 juin<\/strong>, \u00e0 15h en format digital simultan\u00e9ment sur YouTube et Facebook. L\u2019\u00e9v\u00e9nement pouvait donc \u00eatre suivi en direct et a permis \u00e0 l&rsquo;audience de poser ses questions.<br \/>\nRetrouvez les captations francophones de ces diffusions:<\/p>\n<p><strong>*<\/strong><strong> Facebook FR <\/strong>(merci d&rsquo;avancer \u00e0 56min)<br \/>\n<a href=\"https:\/\/www.facebook.com\/SMartBeFR\/videos\/265162324721933\/\">https:\/\/www.facebook.com\/SMartBeFR\/videos\/265162324721933\/<\/a><\/p>\n<p><strong>*<\/strong><strong> YouTube FR <\/strong><br \/>\n<a href=\"https:\/\/www.youtube.com\/watch?v=N1uHxJVLyas\">https:\/\/www.youtube.com\/watch?v=N1uHxJVLyas<\/a><\/p>\n<p>&nbsp;<\/p>\n<p>Comme chaque ann\u00e9e, <strong>le vote des motions et d\u00e9cisions par les soci\u00e9taires est \u00e9lectronique<\/strong>.<br \/>\nDocuments, vid\u00e9os, temps d&rsquo;\u00e9change permettent de vous informer, et ont permis de voter en connaissance de cause.<\/p>\n<p><strong><img decoding=\"async\" class=\"\" src=\"https:\/\/gallery.mailchimp.com\/a1823cb340f9b593e2e56a242\/images\/abe5057e-3e1f-4129-b9af-da86f214989a.png\" alt=\"Go to\" \/><\/strong><strong><a href=\"https:\/\/smartbe.be\/fr\/?page_id=31315&amp;preview=true\">Ordre du jour de l\u2019assembl\u00e9e g\u00e9n\u00e9rale et r\u00e9sultats des votes<\/a> (pour SmartCoop)<\/strong><\/p>\n<h2><\/h2>\n<h2 class=\"null\">Blaise Ludik, com\u00e9dien et soci\u00e9taire\u202f: Pourquoi je participe\u2026<\/h2>\n<div class=\"video-container\"><iframe loading=\"lazy\" title=\"#Letscoop2020 - Blaise Ludik - Pourquoi je participe \u00e0 l&#039;AG\" width=\"584\" height=\"329\" src=\"https:\/\/www.youtube.com\/embed\/3o-S_A3QzAk?feature=oembed\" frameborder=\"0\" allow=\"accelerometer; autoplay; clipboard-write; encrypted-media; gyroscope; picture-in-picture; web-share\" referrerpolicy=\"strict-origin-when-cross-origin\" allowfullscreen><\/iframe><\/div>\n<h2><\/h2>\n<h2>Une formule adapt\u00e9e<\/h2>\n<p>Depuis quelques ann\u00e9es, l\u2019assembl\u00e9e g\u00e9n\u00e9rale est un temps phare de notre coop\u00e9rative, un temps formel que nous avons voulu aussi un temps d\u2019\u00e9changes et de vie collective. Cependant, la crise du coronavirus nous a contraints \u00e0 revoir la formule. Pas d\u2019ateliers, de conf\u00e9rences, de barbecue cette ann\u00e9e, tout rassemblement \u00e9tant impossible. L&rsquo;assembl\u00e9e g\u00e9n\u00e9rale s&rsquo;est donc tenue en format digital en live sur YouTube et Facebook. Le programme, compos\u00e9 dans ce cadre tr\u00e8s particulier du printemps 2020, fut centr\u00e9 sur les \u00e9changes et la participation pour permettre aux soci\u00e9taires de co-d\u00e9cider de l\u2019avenir de la coop\u00e9rative. Pas de repas collectif cette ann\u00e9e, nous en sommes toutes et tous rest\u00e9s \u00ab\u00a0sur notre faim\u00a0\u00bb, mais ce n&rsquo;est que partie remise, et le vote s&rsquo;est malgr\u00e9 tout d\u00e9roul\u00e9 sans accroc.<\/p>\n<p>Vous avez pu voter durant une dizaine de jours jusqu&rsquo;au mardi 23 juin \u00e0 16h30. Pour rappel, en tant que soci\u00e9taire de la coop\u00e9rative, vous disposez d\u2019un droit de vote (une personne = une voix) et d&rsquo;acc\u00e8s privil\u00e9gi\u00e9s aux discussions et aux groupes de travail annuels. Comme les ann\u00e9es pr\u00e9c\u00e9dentes, le vote \u00e9lectronique permettait de voter o\u00f9 que vous soyez.\u202fChaque soci\u00e9taire (membres, \u00e9quipe, partenaires) disposait du m\u00eame laps de temps pour voter. Les r\u00e9solutions soumises au vote ainsi que la marche \u00e0 suivre ont \u00e9t\u00e9 communiqu\u00e9es par mail individuel.<\/p>\n<h2>Plus d&rsquo;infos&#8230;<\/h2>\n<p>Afin de vous permettre de s&rsquo;informer au mieux et de voter en connaissance de cause, <strong>une s\u00e9rie de ressources<\/strong> \u00e9taient mises \u00e0 votre disposition : vid\u00e9os, documents, temps d&rsquo;\u00e9changes. <a href=\"https:\/\/smartbe.be\/fr\/assemblee-generale-ordinaire-et-extraordinaire-2020\/\">L&rsquo;ensemble de ces ressources<\/a> reste disponible \u00e0 la consultation.<\/p>\n<p>Vid\u00e9os pr\u00e9alables 2020 sur le d\u00e9roulement de l&rsquo;Assembl\u00e9e, les r\u00e9solutions, les chiffres 2019, la d\u00e9marche Smart in Progress et les changements statutaires&#8230; dont voici la premi\u00e8re de la s\u00e9rie:<\/p>\n<div class=\"video-container\"><iframe loading=\"lazy\" title=\"Let&#039;s coop 2020 - Assembl\u00e9e g\u00e9n\u00e9rale de Smart\" width=\"584\" height=\"329\" src=\"https:\/\/www.youtube.com\/embed\/videoseries?list=PL0ui8MceUYB94mQCmIDx6IgOS5dCMNdwI\" frameborder=\"0\" allow=\"accelerometer; autoplay; clipboard-write; encrypted-media; gyroscope; picture-in-picture; web-share\" referrerpolicy=\"strict-origin-when-cross-origin\" allowfullscreen><\/iframe><\/div>\n<p>&nbsp;<\/p>\n<p>Une <strong>visioconf\u00e9rence consacr\u00e9e aux chiffres 2019<\/strong> a aussi \u00e9t\u00e9 organis\u00e9e en fran\u00e7ais et n\u00e9erlandais, un temps d\u2019\u00e9changes, de questions, de r\u00e9ponses pour lequel une invitation \u00e9tait d\u00e9livr\u00e9e sur inscription:<\/p>\n<ul>\n<li>les chiffres 2019 en n\u00e9erlandais &#8211; a eu lieu le 16\/06 de 10h \u00e0 11h avec Thomas Blondeel et Nicolas Wallet<\/li>\n<li>les chiffres 2019 en fran\u00e7ais &#8211; a eu lieu le 17\/06 de 14h \u00e0 15h avec Nicolas Wallet<\/li>\n<\/ul>\n<h2 class=\"null\">Des questions?<\/h2>\n<p>Le temps de l&rsquo;assembl\u00e9e g\u00e9n\u00e9rale \u00e9tant relativement court, nous avons tent\u00e9 de r\u00e9pondre en direct \u00e0 toutes les questions pos\u00e9es via les commentaires ou les canaux de discussion. Vous d\u00e9sirez solliciter l&rsquo;\u00e9quipe d&rsquo;organisation 2020 ou 2021? Une adresse : <u><a href=\"mailto:&#x6c;&#x65;&#x74;&#x73;&#x63;&#x6f;&#x6f;&#x70;&#x40;&#x73;&#x6d;&#x61;&#x72;&#x74;&#x2e;&#x63;&#x6f;&#x6f;&#x70;\" target=\"_blank\" rel=\"noreferrer noopener\">&#x6c;&#x65;&#x74;&#x73;&#x63;&#x6f;&#x6f;&#x70;&#x40;<span class=\"oe_displaynone\">null<\/span>&#x73;&#x6d;&#x61;&#x72;&#x74;&#x2e;&#x63;&#x6f;&#x6f;&#x70;<\/a><\/u><\/p>\n<p><strong>Pour 2020, n&rsquo;h\u00e9sitez pas \u00e0 lire le Rapport d&rsquo;Activit\u00e9, \u00e0 revoir les vid\u00e9os de l&rsquo;Assembl\u00e9e g\u00e9n\u00e9rale, \u00e0 consulter les r\u00e9sultats des diff\u00e9rents votes<\/strong><strong>.<\/strong><\/p>\n<p>D\u00e9mocratie, entreprise partag\u00e9e, pour avancer ensemble : Let\u2019s coop !<\/p>\n<p><strong><img decoding=\"async\" src=\"https:\/\/gallery.mailchimp.com\/a1823cb340f9b593e2e56a242\/images\/abe5057e-3e1f-4129-b9af-da86f214989a.png\" alt=\"Go to\" \/>#Letscoop2020<\/strong><\/p>","protected":false},"excerpt":{"rendered":"<p>&nbsp; En bref En 2020, notre assembl\u00e9e g\u00e9n\u00e9rale s&rsquo;est tenue le 23 juin, \u00e0 15h en format digital simultan\u00e9ment sur YouTube et Facebook. L\u2019\u00e9v\u00e9nement pouvait donc \u00eatre suivi en direct et a permis \u00e0 l&rsquo;audience de poser ses questions. Retrouvez &hellip;<\/p>\n","protected":false},"author":54,"featured_media":0,"parent":0,"menu_order":0,"comment_status":"closed","ping_status":"closed","template":"","meta":{"footnotes":""},"tags":[],"class_list":["post-31305","page","type-page","status-publish","hentry"],"aioseo_notices":[],"_links":{"self":[{"href":"https:\/\/smartbe.be\/fr\/wp-json\/wp\/v2\/pages\/31305","targetHints":{"allow":["GET"]}}],"collection":[{"href":"https:\/\/smartbe.be\/fr\/wp-json\/wp\/v2\/pages"}],"about":[{"href":"https:\/\/smartbe.be\/fr\/wp-json\/wp\/v2\/types\/page"}],"author":[{"embeddable":true,"href":"https:\/\/smartbe.be\/fr\/wp-json\/wp\/v2\/users\/54"}],"replies":[{"embeddable":true,"href":"https:\/\/smartbe.be\/fr\/wp-json\/wp\/v2\/comments?post=31305"}],"version-history":[{"count":35,"href":"https:\/\/smartbe.be\/fr\/wp-json\/wp\/v2\/pages\/31305\/revisions"}],"predecessor-version":[{"id":36759,"href":"https:\/\/smartbe.be\/fr\/wp-json\/wp\/v2\/pages\/31305\/revisions\/36759"}],"wp:attachment":[{"href":"https:\/\/smartbe.be\/fr\/wp-json\/wp\/v2\/media?parent=31305"}],"wp:term":[{"taxonomy":"post_tag","embeddable":true,"href":"https:\/\/smartbe.be\/fr\/wp-json\/wp\/v2\/tags?post=31305"}],"curies":[{"name":"wp","href":"https:\/\/api.w.org\/{rel}","templated":true}]}}