
{"id":30216,"date":"2020-03-06T11:30:36","date_gmt":"2020-03-06T10:30:36","guid":{"rendered":"https:\/\/smartbe.be\/?page_id=30216"},"modified":"2020-03-11T10:00:07","modified_gmt":"2020-03-11T09:00:07","slug":"07-05-bilan-participatif-de-liege","status":"publish","type":"page","link":"https:\/\/smartbe.be\/fr\/la-cooperative-2\/bilans-participatifs\/07-05-bilan-participatif-de-liege\/","title":{"rendered":"07\/05\u00a0\u2013 Bilan participatif de Li\u00e8ge\u00a0et d&rsquo;Eupen"},"content":{"rendered":"<h2><a href=\"https:\/\/smartbe.be\/wp-content\/uploads\/2020\/03\/bilans_B_LIEGE-site.png\"><img loading=\"lazy\" decoding=\"async\" class=\"alignnone size-full wp-image-30344\" src=\"https:\/\/smartbe.be\/wp-content\/uploads\/2020\/03\/bilans_B_LIEGE-site.png\" alt=\"\" width=\"800\" height=\"533\" srcset=\"https:\/\/smartbe.be\/wp-content\/uploads\/2020\/03\/bilans_B_LIEGE-site.png 800w, https:\/\/smartbe.be\/wp-content\/uploads\/2020\/03\/bilans_B_LIEGE-site-300x200.png 300w, https:\/\/smartbe.be\/wp-content\/uploads\/2020\/03\/bilans_B_LIEGE-site-768x512.png 768w, https:\/\/smartbe.be\/wp-content\/uploads\/2020\/03\/bilans_B_LIEGE-site-450x300.png 450w, https:\/\/smartbe.be\/wp-content\/uploads\/2020\/03\/bilans_B_LIEGE-site-290x193.png 290w\" sizes=\"auto, (max-width: 800px) 100vw, 800px\" \/><\/a><\/h2>\n<h2><span data-contrast=\"none\">Au p<\/span><span data-contrast=\"none\">rogramme\u00a0<\/span><span data-ccp-props=\"{&quot;201341983&quot;:0,&quot;335559739&quot;:160,&quot;335559740&quot;:259}\">\u00a0<\/span><\/h2>\n<h3><b><span data-contrast=\"none\">Mot\u00a0d\u2019introduction<\/span><\/b><span data-contrast=\"none\">\u00a0 (<\/span><b><span data-contrast=\"none\">14h-14h20)<\/span><\/b><span data-ccp-props=\"{&quot;201341983&quot;:0,&quot;335559739&quot;:160,&quot;335559740&quot;:259}\">\u00a0<\/span><\/h3>\n<h3 aria-level=\"3\"><b><span data-contrast=\"none\">Bilan des antennes li\u00e9geoise et eupenoise (14h20-15h)<\/span><\/b><span data-ccp-props=\"{&quot;201341983&quot;:0,&quot;335559738&quot;:40,&quot;335559739&quot;:0,&quot;335559740&quot;:259}\">\u00a0<\/span><\/h3>\n<ul>\n<li><span data-contrast=\"none\">Chiffres 2019<\/span><span data-ccp-props=\"{&quot;201341983&quot;:0,&quot;335559685&quot;:360,&quot;335559739&quot;:160,&quot;335559740&quot;:259,&quot;335559991&quot;:360}\">\u00a0<\/span><\/li>\n<li><span data-contrast=\"none\">Quelles perspectives envisag\u00e9es pour 2020 ?<\/span><span data-ccp-props=\"{&quot;201341983&quot;:0,&quot;335559685&quot;:360,&quot;335559739&quot;:160,&quot;335559740&quot;:259,&quot;335559991&quot;:360}\">\u00a0<\/span><\/li>\n<li><span data-contrast=\"none\">Retours sur le premier cycle belge \u201cSmart In Progress \u201c (en particulier \u2018penser et agir pour l\u2019\u00e9galit\u00e9\u2019)<\/span><span data-ccp-props=\"{&quot;201341983&quot;:0,&quot;335559685&quot;:360,&quot;335559739&quot;:160,&quot;335559740&quot;:259,&quot;335559991&quot;:360}\">\u00a0<\/span><\/li>\n<\/ul>\n<p><span data-contrast=\"none\">\u00a0<\/span><span data-ccp-props=\"{&quot;201341983&quot;:0,&quot;335559739&quot;:160,&quot;335559740&quot;:259}\">\u00a0<\/span><\/p>\n<h3><b><span data-contrast=\"none\">Atelier (15h-16h30)<\/span><\/b><b><span data-contrast=\"none\">\u00a0\u201c<\/span><\/b><span data-contrast=\"none\">Le bilan de mon activit\u00e9 en entreprise partag\u00e9e : entre autonomie et coop\u00e9ration<\/span><span data-contrast=\"none\">\u201d<\/span><span data-ccp-props=\"{&quot;201341983&quot;:0,&quot;335559739&quot;:160,&quot;335559740&quot;:259}\">\u00a0<\/span><\/h3>\n<p><span data-contrast=\"none\">\u00a0<\/span><span data-ccp-props=\"{&quot;201341983&quot;:0,&quot;335559739&quot;:160,&quot;335559740&quot;:259}\">\u00a0<\/span><\/p>\n<h3><b><span data-contrast=\"none\">Intervention impro\/slam (17h-17h45)<\/span><\/b><b><span data-contrast=\"none\">\u00a0<\/span><\/b><span data-contrast=\"none\">\u201cR<\/span><span data-contrast=\"none\">\u00e9tr<\/span><span data-contrast=\"none\">ospective sur l\u2019atelier et SIP<\/span><span data-contrast=\"none\">\u201d<\/span><span data-contrast=\"none\">\u00a0<\/span><span data-ccp-props=\"{&quot;201341983&quot;:0,&quot;335559739&quot;:160,&quot;335559740&quot;:259}\">\u00a0<\/span><\/h3>\n<h3><b><span data-contrast=\"none\">Lancement des 10 ans du CCT (18h-21h)<\/span><\/b><span data-ccp-props=\"{&quot;201341983&quot;:0,&quot;335559739&quot;:160,&quot;335559740&quot;:259}\">\u00a0<\/span><\/h3>\n<p><span data-contrast=\"none\">Portes ouvertes et ap\u00e9ritif d\u00eenatoire anim\u00e9 par Smart et les occupants du CCT<\/span><span data-ccp-props=\"{&quot;201341983&quot;:0,&quot;335559739&quot;:160,&quot;335559740&quot;:259}\">\u00a0<\/span><\/p>\n<p><span data-ccp-props=\"{&quot;201341983&quot;:0,&quot;335559739&quot;:160,&quot;335559740&quot;:259}\">\u00a0<\/span><\/p>\n<h2 aria-level=\"2\"><span data-contrast=\"none\">En pratique<\/span><span data-ccp-props=\"{&quot;201341983&quot;:0,&quot;335559738&quot;:40,&quot;335559739&quot;:0,&quot;335559740&quot;:259}\">\u00a0<\/span><\/h2>\n<h3 aria-level=\"3\"><b><span data-contrast=\"none\">Quand?<\/span><\/b><span data-ccp-props=\"{&quot;201341983&quot;:0,&quot;335559738&quot;:40,&quot;335559739&quot;:0,&quot;335559740&quot;:259}\">\u00a0<\/span><\/h3>\n<p><span data-contrast=\"none\">7 mai \u2013 14h&gt;21h<\/span><span data-ccp-props=\"{&quot;201341983&quot;:0,&quot;335559739&quot;:160,&quot;335559740&quot;:259}\">\u00a0<\/span><\/p>\n<h3 aria-level=\"3\"><b><span data-contrast=\"none\">O\u00f9?<\/span><\/b><span data-ccp-props=\"{&quot;201341983&quot;:0,&quot;335559738&quot;:40,&quot;335559739&quot;:0,&quot;335559740&quot;:259}\">\u00a0<\/span><\/h3>\n<p><span data-contrast=\"none\">2, Quai des Tanneurs, 4020 Li\u00e8ge<\/span><span data-ccp-props=\"{&quot;201341983&quot;:0,&quot;335559739&quot;:160,&quot;335559740&quot;:259}\">\u00a0<\/span><\/p>\n<p><span data-contrast=\"none\"><strong><img decoding=\"async\" src=\"https:\/\/gallery.mailchimp.com\/a1823cb340f9b593e2e56a242\/images\/abe5057e-3e1f-4129-b9af-da86f214989a.png\" alt=\"Go to\" \/><\/strong><a href=\"https:\/\/forms.office.com\/Pages\/ResponsePage.aspx?id=TEzYTCFpjUir0MT6deXQOYWqiqr9VddMs6KxKwrJmQxURVdJS1k4MzROQzdOUDVGNDkzSTJaUEFPQi4u\">S\u2019inscrire<\/a><\/span><span data-ccp-props=\"{&quot;201341983&quot;:0,&quot;335559739&quot;:160,&quot;335559740&quot;:259}\">\u00a0<\/span><\/p>","protected":false},"excerpt":{"rendered":"<p>Au programme\u00a0\u00a0 Mot\u00a0d\u2019introduction\u00a0 (14h-14h20)\u00a0 Bilan des antennes li\u00e9geoise et eupenoise (14h20-15h)\u00a0 Chiffres 2019\u00a0 Quelles perspectives envisag\u00e9es pour 2020 ?\u00a0 Retours sur le premier cycle belge \u201cSmart In Progress \u201c (en particulier \u2018penser et agir pour l\u2019\u00e9galit\u00e9\u2019)\u00a0 \u00a0\u00a0 Atelier (15h-16h30)\u00a0\u201cLe bilan &hellip;<\/p>\n","protected":false},"author":56,"featured_media":0,"parent":29808,"menu_order":0,"comment_status":"closed","ping_status":"closed","template":"","meta":{"footnotes":""},"tags":[],"class_list":["post-30216","page","type-page","status-publish","hentry"],"aioseo_notices":[],"_links":{"self":[{"href":"https:\/\/smartbe.be\/fr\/wp-json\/wp\/v2\/pages\/30216","targetHints":{"allow":["GET"]}}],"collection":[{"href":"https:\/\/smartbe.be\/fr\/wp-json\/wp\/v2\/pages"}],"about":[{"href":"https:\/\/smartbe.be\/fr\/wp-json\/wp\/v2\/types\/page"}],"author":[{"embeddable":true,"href":"https:\/\/smartbe.be\/fr\/wp-json\/wp\/v2\/users\/56"}],"replies":[{"embeddable":true,"href":"https:\/\/smartbe.be\/fr\/wp-json\/wp\/v2\/comments?post=30216"}],"version-history":[{"count":7,"href":"https:\/\/smartbe.be\/fr\/wp-json\/wp\/v2\/pages\/30216\/revisions"}],"predecessor-version":[{"id":30350,"href":"https:\/\/smartbe.be\/fr\/wp-json\/wp\/v2\/pages\/30216\/revisions\/30350"}],"up":[{"embeddable":true,"href":"https:\/\/smartbe.be\/fr\/wp-json\/wp\/v2\/pages\/29808"}],"wp:attachment":[{"href":"https:\/\/smartbe.be\/fr\/wp-json\/wp\/v2\/media?parent=30216"}],"wp:term":[{"taxonomy":"post_tag","embeddable":true,"href":"https:\/\/smartbe.be\/fr\/wp-json\/wp\/v2\/tags?post=30216"}],"curies":[{"name":"wp","href":"https:\/\/api.w.org\/{rel}","templated":true}]}}