
{"id":30175,"date":"2020-03-03T14:43:16","date_gmt":"2020-03-03T13:43:16","guid":{"rendered":"https:\/\/smartbe.be\/?page_id=30175"},"modified":"2020-03-06T16:45:12","modified_gmt":"2020-03-06T15:45:12","slug":"30175-2","status":"publish","type":"page","link":"https:\/\/smartbe.be\/fr\/la-cooperative-2\/bilans-participatifs\/30175-2\/","title":{"rendered":"09\/04 &#8211; Bilan participatif de Nantes"},"content":{"rendered":"<h2><a href=\"https:\/\/smartbe.be\/wp-content\/uploads\/2020\/03\/thumbnail_bilans_nantes_site-2.png\"><img loading=\"lazy\" decoding=\"async\" class=\"alignnone size-full wp-image-30232\" src=\"https:\/\/smartbe.be\/wp-content\/uploads\/2020\/03\/thumbnail_bilans_nantes_site-2.png\" alt=\"\" width=\"800\" height=\"533\" srcset=\"https:\/\/smartbe.be\/wp-content\/uploads\/2020\/03\/thumbnail_bilans_nantes_site-2.png 800w, https:\/\/smartbe.be\/wp-content\/uploads\/2020\/03\/thumbnail_bilans_nantes_site-2-300x200.png 300w, https:\/\/smartbe.be\/wp-content\/uploads\/2020\/03\/thumbnail_bilans_nantes_site-2-768x512.png 768w, https:\/\/smartbe.be\/wp-content\/uploads\/2020\/03\/thumbnail_bilans_nantes_site-2-450x300.png 450w, https:\/\/smartbe.be\/wp-content\/uploads\/2020\/03\/thumbnail_bilans_nantes_site-2-290x193.png 290w\" sizes=\"auto, (max-width: 800px) 100vw, 800px\" \/><\/a><\/h2>\n<h2>Au programme<\/h2>\n<h3><strong>Mot d&rsquo;introduction<\/strong><\/h3>\n<h3><strong>Bilan de l\u2019antenne nantaise<\/strong><\/h3>\n<ul>\n<li>Chiffres 2019<\/li>\n<li>Quelles perspectives envisag\u00e9es pour 2020 ?<\/li>\n<li>Retours sur le premier cycle fran\u00e7ais \u00ab\u00a0Smart In Progress \u00ab\u00a0<\/li>\n<\/ul>\n<h3><strong>Atelier \u00ab Comment valoriser le travail de nos membres \u00e0 travers un \u00e9v\u00e9nement collectif? \u00bb<\/strong><\/h3>\n<h3><strong>Ap\u00e9ro convivial<\/strong><\/h3>\n<p>&nbsp;<\/p>\n<h2>En pratique<\/h2>\n<h3><strong>Quand?<\/strong><\/h3>\n<p>9 avril &#8211; 14h&gt;19h<\/p>\n<h3><strong>O\u00f9?<\/strong><\/h3>\n<p>Le M\u00e9kano, 7 rue Leschaud, 44400 Rez\u00e9<\/p>\n<p>&nbsp;<\/p>\n<p><strong><img decoding=\"async\" src=\"https:\/\/gallery.mailchimp.com\/a1823cb340f9b593e2e56a242\/images\/abe5057e-3e1f-4129-b9af-da86f214989a.png\" alt=\"Go to\" \/><\/strong><a href=\"https:\/\/forms.office.com\/Pages\/ResponsePage.aspx?id=TEzYTCFpjUir0MT6deXQOYWqiqr9VddMs6KxKwrJmQxUOFVDTFdZQ0JUWU9IWVQ2OVdHQ0pUNENMVy4u\">S&rsquo;inscrire<\/a><\/p>","protected":false},"excerpt":{"rendered":"<p>Au programme Mot d&rsquo;introduction Bilan de l\u2019antenne nantaise Chiffres 2019 Quelles perspectives envisag\u00e9es pour 2020 ? Retours sur le premier cycle fran\u00e7ais \u00ab\u00a0Smart In Progress \u00ab\u00a0 Atelier \u00ab Comment valoriser le travail de nos membres \u00e0 travers un \u00e9v\u00e9nement collectif? &hellip;<\/p>\n","protected":false},"author":56,"featured_media":0,"parent":29808,"menu_order":0,"comment_status":"closed","ping_status":"closed","template":"","meta":{"footnotes":""},"tags":[],"class_list":["post-30175","page","type-page","status-publish","hentry"],"aioseo_notices":[],"_links":{"self":[{"href":"https:\/\/smartbe.be\/fr\/wp-json\/wp\/v2\/pages\/30175","targetHints":{"allow":["GET"]}}],"collection":[{"href":"https:\/\/smartbe.be\/fr\/wp-json\/wp\/v2\/pages"}],"about":[{"href":"https:\/\/smartbe.be\/fr\/wp-json\/wp\/v2\/types\/page"}],"author":[{"embeddable":true,"href":"https:\/\/smartbe.be\/fr\/wp-json\/wp\/v2\/users\/56"}],"replies":[{"embeddable":true,"href":"https:\/\/smartbe.be\/fr\/wp-json\/wp\/v2\/comments?post=30175"}],"version-history":[{"count":19,"href":"https:\/\/smartbe.be\/fr\/wp-json\/wp\/v2\/pages\/30175\/revisions"}],"predecessor-version":[{"id":30236,"href":"https:\/\/smartbe.be\/fr\/wp-json\/wp\/v2\/pages\/30175\/revisions\/30236"}],"up":[{"embeddable":true,"href":"https:\/\/smartbe.be\/fr\/wp-json\/wp\/v2\/pages\/29808"}],"wp:attachment":[{"href":"https:\/\/smartbe.be\/fr\/wp-json\/wp\/v2\/media?parent=30175"}],"wp:term":[{"taxonomy":"post_tag","embeddable":true,"href":"https:\/\/smartbe.be\/fr\/wp-json\/wp\/v2\/tags?post=30175"}],"curies":[{"name":"wp","href":"https:\/\/api.w.org\/{rel}","templated":true}]}}