
{"id":29742,"date":"2020-02-10T11:47:34","date_gmt":"2020-02-10T10:47:34","guid":{"rendered":"https:\/\/smartbe.be\/?page_id=29742"},"modified":"2024-12-04T17:37:17","modified_gmt":"2024-12-04T16:37:17","slug":"espaces-de-travail-partages-anvers","status":"publish","type":"page","link":"https:\/\/smartbe.be\/fr\/nos-services\/espaces-de-travail\/espaces-de-travail-partages-anvers\/","title":{"rendered":"De Winkelhaak (Anvers)"},"content":{"rendered":"<p><a href=\"https:\/\/smartbe.be\/wp-content\/uploads\/2020\/02\/3_designcenter_de_winkelhaak_ateliers_en_diensten_voor_ontwerpers.jpg\"><img loading=\"lazy\" decoding=\"async\" class=\"alignnone size-full wp-image-29745\" src=\"https:\/\/smartbe.be\/wp-content\/uploads\/2020\/02\/3_designcenter_de_winkelhaak_ateliers_en_diensten_voor_ontwerpers.jpg\" alt=\"\" width=\"1200\" height=\"798\" srcset=\"https:\/\/smartbe.be\/wp-content\/uploads\/2020\/02\/3_designcenter_de_winkelhaak_ateliers_en_diensten_voor_ontwerpers.jpg 1200w, https:\/\/smartbe.be\/wp-content\/uploads\/2020\/02\/3_designcenter_de_winkelhaak_ateliers_en_diensten_voor_ontwerpers-300x200.jpg 300w, https:\/\/smartbe.be\/wp-content\/uploads\/2020\/02\/3_designcenter_de_winkelhaak_ateliers_en_diensten_voor_ontwerpers-768x511.jpg 768w, https:\/\/smartbe.be\/wp-content\/uploads\/2020\/02\/3_designcenter_de_winkelhaak_ateliers_en_diensten_voor_ontwerpers-1024x681.jpg 1024w, https:\/\/smartbe.be\/wp-content\/uploads\/2020\/02\/3_designcenter_de_winkelhaak_ateliers_en_diensten_voor_ontwerpers-451x300.jpg 451w, https:\/\/smartbe.be\/wp-content\/uploads\/2020\/02\/3_designcenter_de_winkelhaak_ateliers_en_diensten_voor_ontwerpers-290x193.jpg 290w\" sizes=\"auto, (max-width: 1200px) 100vw, 1200px\" \/><\/a><\/p>\n<p><a href=\"https:\/\/www.winkelhaak.be\/\" target=\"_blank\" rel=\"noopener\">Winkelhaak<\/a> propose des espaces de travail flexibles, adapt\u00e9s aux start-ups et entrepreneur\u00b7es, avec un espace de coworking, des bureaux, des salles de r\u00e9union. Il abrite aussi une galerie de design, un lieu pour les \u00e9v\u00e9nements et pr\u00e9sentations, et le meilleur coin-caf\u00e9 de tout Anvers.<\/p>\n<p>En tant que membre de Smart, vous b\u00e9n\u00e9ficiez d&rsquo;un acc\u00e8s gratuit et libre aux espaces de coworking. Il vous suffit de passer par notre bureau ou de nous contacter par e-mail. Quatre salles de r\u00e9union peuvent \u00eatre \u00e9galement lou\u00e9es \u00e0 un tarif comp\u00e9titif.<\/p>\n<p>Quelques r\u00e8gles simples si vous venez travailler dans nos espaces partag\u00e9s:<\/p>\n<ul>\n<li>en arrivant, vous devez d&rsquo;abord vous inscrire au comptoir du rez-de-chauss\u00e9e, signaler que vous \u00eates membre Smart et que vous venez travailler dans le coworking;<\/li>\n<li>vous pouvez ensuite librement vous asseoir au troisi\u00e8me \u00e9tage;<\/li>\n<li>il vous est possible d&rsquo;imprimer des documents \u00e0 notre bureau;<\/li>\n<li>en partant il est essentiel de signaler aussi votre d\u00e9part au comptoir du rez-de-chauss\u00e9e.<\/li>\n<\/ul>\n<p><a href=\"https:\/\/www.winkelhaak.be\/\" target=\"_blank\" rel=\"noopener\">D\u00e9couvrez De Winkelhaak<\/a><\/p>\n<p><strong>Contactez-nous: <\/strong>0032 3 226 21 08 &#8211; <a href=\"mailto:&#x61;&#x6e;&#x74;&#x77;&#x65;&#x72;&#x70;&#x65;&#x6e;&#x40;&#x73;&#x6d;&#x61;&#x72;&#x74;&#x2e;&#x63;&#x6f;&#x6f;&#x70;\">&#x61;&#x6e;&#x74;&#x77;&#x65;&#x72;&#x70;&#x65;&#x6e;&#x40;<span class=\"oe_displaynone\">null<\/span>&#x73;&#x6d;&#x61;&#x72;&#x74;&#x2e;&#x63;&#x6f;&#x6f;&#x70;<\/a><\/p>\n<p><strong>Adresse: <\/strong>Lange Winkelhaakstraat 26\u00a02060 Antwerpen<\/p>","protected":false},"excerpt":{"rendered":"<p>Winkelhaak propose des espaces de travail flexibles, adapt\u00e9s aux start-ups et entrepreneur\u00b7es, avec un espace de coworking, des bureaux, des salles de r\u00e9union. Il abrite aussi une galerie de design, un lieu pour les \u00e9v\u00e9nements et pr\u00e9sentations, et le meilleur &hellip;<\/p>\n","protected":false},"author":56,"featured_media":0,"parent":24893,"menu_order":0,"comment_status":"closed","ping_status":"closed","template":"","meta":{"footnotes":""},"tags":[],"class_list":["post-29742","page","type-page","status-publish","hentry"],"aioseo_notices":[],"_links":{"self":[{"href":"https:\/\/smartbe.be\/fr\/wp-json\/wp\/v2\/pages\/29742","targetHints":{"allow":["GET"]}}],"collection":[{"href":"https:\/\/smartbe.be\/fr\/wp-json\/wp\/v2\/pages"}],"about":[{"href":"https:\/\/smartbe.be\/fr\/wp-json\/wp\/v2\/types\/page"}],"author":[{"embeddable":true,"href":"https:\/\/smartbe.be\/fr\/wp-json\/wp\/v2\/users\/56"}],"replies":[{"embeddable":true,"href":"https:\/\/smartbe.be\/fr\/wp-json\/wp\/v2\/comments?post=29742"}],"version-history":[{"count":20,"href":"https:\/\/smartbe.be\/fr\/wp-json\/wp\/v2\/pages\/29742\/revisions"}],"predecessor-version":[{"id":47753,"href":"https:\/\/smartbe.be\/fr\/wp-json\/wp\/v2\/pages\/29742\/revisions\/47753"}],"up":[{"embeddable":true,"href":"https:\/\/smartbe.be\/fr\/wp-json\/wp\/v2\/pages\/24893"}],"wp:attachment":[{"href":"https:\/\/smartbe.be\/fr\/wp-json\/wp\/v2\/media?parent=29742"}],"wp:term":[{"taxonomy":"post_tag","embeddable":true,"href":"https:\/\/smartbe.be\/fr\/wp-json\/wp\/v2\/tags?post=29742"}],"curies":[{"name":"wp","href":"https:\/\/api.w.org\/{rel}","templated":true}]}}