
{"id":29731,"date":"2020-02-10T11:38:20","date_gmt":"2020-02-10T10:38:20","guid":{"rendered":"https:\/\/smartbe.be\/?page_id=29731"},"modified":"2022-08-01T15:12:24","modified_gmt":"2022-08-01T13:12:24","slug":"espaces-de-travail-partages-gand","status":"publish","type":"page","link":"https:\/\/smartbe.be\/fr\/nos-services\/espaces-de-travail\/espaces-de-travail-partages-gand\/","title":{"rendered":"Espaces de travail partag\u00e9s (Gand)"},"content":{"rendered":"<p><img loading=\"lazy\" decoding=\"async\" class=\"\" src=\"https:\/\/mcusercontent.com\/0d934dff68436120a131ebc5e\/images\/75bd7439-34f7-43da-6afe-c6b5ac75d4dd.jpg\" width=\"544\" height=\"306\" \/><\/p>\n<p>Depuis 2022, le bureau de Smart vous accueille pour vos questions et rendez-vous au 2e \u00e9tage de ce b\u00e2timent collectif et polyvalent.<\/p>\n<p><span class=\"VIiyi\" lang=\"fr\"><span class=\"JLqJ4b ChMk0b\" data-language-for-alternatives=\"fr\" data-language-to-translate-into=\"nl\" data-phrase-index=\"4\" data-number-of-phrases=\"10\"><span class=\"Q4iAWc\">Vous aussi voulez travailler \u00e0 cette adresse? Vous souhaitez louer un espace de travail pour une (demi) journ\u00e9e?<\/span><\/span> <span class=\"JLqJ4b ChMk0b\" data-language-for-alternatives=\"fr\" data-language-to-translate-into=\"nl\" data-phrase-index=\"6\" data-number-of-phrases=\"10\"><span class=\"Q4iAWc\">Cette ancienne centrale \u00e9lectrique a \u00e9t\u00e9 convertie en 2017 en un complexe de bureaux ultramoderne avec espaces partag\u00e9s de travail, salle de r\u00e9union, et un espace r\u00e9serv\u00e9 aux \u00e9v\u00e9nements.<\/span><\/span> V<span class=\"JLqJ4b ChMk0b\" data-language-for-alternatives=\"fr\" data-language-to-translate-into=\"nl\" data-phrase-index=\"7\" data-number-of-phrases=\"10\"><span class=\"Q4iAWc\">ous pouvez y louer des locaux \u00ab\u00e9quip\u00e9s\u00bb en profitant d&rsquo;une remise de 20% si vous \u00eates membre de Smart.<\/span><\/span><br \/>\n<span class=\"JLqJ4b ChMk0b\" data-language-for-alternatives=\"fr\" data-language-to-translate-into=\"nl\" data-phrase-index=\"9\" data-number-of-phrases=\"10\"><span class=\"Q4iAWc\">Info: <a href=\"https:\/\/wattthefirms.be\/eventspace\/\">https:\/\/wattthefirms.be\/eventspace\/<\/a><\/span><\/span><\/span><\/p>\n<p><strong>Adresse<\/strong><\/p>\n<p>Nieuwewandeling 62 &#8211; 9000 Gent<\/p>\n<p>Plan: <a href=\"https:\/\/eur05.safelinks.protection.outlook.com\/?url=https%3A%2F%2Fgoo.gl%2Fmaps%2FoTJw8BTzNvezVMt27&amp;data=05%7C01%7Csara.musch%40smart.coop%7C3f16ec99628c4c9dce7008da24350777%7C4cd84c4c6921488dabd0c4fa75e5d039%7C0%7C0%7C637862107412799807%7CUnknown%7CTWFpbGZsb3d8eyJWIjoiMC4wLjAwMDAiLCJQIjoiV2luMzIiLCJBTiI6Ik1haWwiLCJXVCI6Mn0%3D%7C3000%7C%7C%7C&amp;sdata=z5soK6C7M459S3sBKerlVCBwXI5VNUxGhWHH3SL%2FyZg%3D&amp;reserved=0\">https:\/\/goo.gl\/maps\/oTJw8BTzNvezVMt27<\/a><\/p>\n<p><strong>Contact<\/strong><\/p>\n<p>T\u00e9l\u00e9phone: 09 233 51 90<br \/>\nMail: <a href=\"mailto:&#x67;&#x65;&#x6e;&#x74;&#x40;&#x73;&#x6d;&#x61;&#x72;&#x74;&#x2e;&#x63;&#x6f;&#x6f;&#x70;\">&#x67;&#x65;&#x6e;&#x74;&#x40;<span class=\"oe_displaynone\">null<\/span>&#x73;&#x6d;&#x61;&#x72;&#x74;&#x2e;&#x63;&#x6f;&#x6f;&#x70;<\/a><\/p>","protected":false},"excerpt":{"rendered":"<p>Depuis 2022, le bureau de Smart vous accueille pour vos questions et rendez-vous au 2e \u00e9tage de ce b\u00e2timent collectif et polyvalent. Vous aussi voulez travailler \u00e0 cette adresse? Vous souhaitez louer un espace de travail pour une (demi) journ\u00e9e? &hellip;<\/p>\n","protected":false},"author":56,"featured_media":0,"parent":24893,"menu_order":0,"comment_status":"closed","ping_status":"closed","template":"","meta":{"footnotes":""},"tags":[],"class_list":["post-29731","page","type-page","status-publish","hentry"],"aioseo_notices":[],"_links":{"self":[{"href":"https:\/\/smartbe.be\/fr\/wp-json\/wp\/v2\/pages\/29731","targetHints":{"allow":["GET"]}}],"collection":[{"href":"https:\/\/smartbe.be\/fr\/wp-json\/wp\/v2\/pages"}],"about":[{"href":"https:\/\/smartbe.be\/fr\/wp-json\/wp\/v2\/types\/page"}],"author":[{"embeddable":true,"href":"https:\/\/smartbe.be\/fr\/wp-json\/wp\/v2\/users\/56"}],"replies":[{"embeddable":true,"href":"https:\/\/smartbe.be\/fr\/wp-json\/wp\/v2\/comments?post=29731"}],"version-history":[{"count":8,"href":"https:\/\/smartbe.be\/fr\/wp-json\/wp\/v2\/pages\/29731\/revisions"}],"predecessor-version":[{"id":37680,"href":"https:\/\/smartbe.be\/fr\/wp-json\/wp\/v2\/pages\/29731\/revisions\/37680"}],"up":[{"embeddable":true,"href":"https:\/\/smartbe.be\/fr\/wp-json\/wp\/v2\/pages\/24893"}],"wp:attachment":[{"href":"https:\/\/smartbe.be\/fr\/wp-json\/wp\/v2\/media?parent=29731"}],"wp:term":[{"taxonomy":"post_tag","embeddable":true,"href":"https:\/\/smartbe.be\/fr\/wp-json\/wp\/v2\/tags?post=29731"}],"curies":[{"name":"wp","href":"https:\/\/api.w.org\/{rel}","templated":true}]}}