
{"id":29616,"date":"2020-01-31T11:42:26","date_gmt":"2020-01-31T10:42:26","guid":{"rendered":"https:\/\/smartbe.be\/?page_id=29616"},"modified":"2026-01-16T13:45:21","modified_gmt":"2026-01-16T12:45:21","slug":"comptoir-ressources-creatives-charleroi","status":"publish","type":"page","link":"https:\/\/smartbe.be\/fr\/nos-services\/espaces-de-travail\/comptoir-ressources-creatives-charleroi\/","title":{"rendered":"Comptoir des Ressources Cr\u00e9atives Charleroi"},"content":{"rendered":"<p><a href=\"https:\/\/smartbe.be\/wp-content\/uploads\/2020\/02\/charleroi_br.jpg\"><img loading=\"lazy\" decoding=\"async\" class=\"alignnone size-full wp-image-29642\" src=\"https:\/\/smartbe.be\/wp-content\/uploads\/2020\/02\/charleroi_br.jpg\" alt=\"\" width=\"1280\" height=\"960\" srcset=\"https:\/\/smartbe.be\/wp-content\/uploads\/2020\/02\/charleroi_br.jpg 1280w, https:\/\/smartbe.be\/wp-content\/uploads\/2020\/02\/charleroi_br-300x225.jpg 300w, https:\/\/smartbe.be\/wp-content\/uploads\/2020\/02\/charleroi_br-768x576.jpg 768w, https:\/\/smartbe.be\/wp-content\/uploads\/2020\/02\/charleroi_br-1024x768.jpg 1024w, https:\/\/smartbe.be\/wp-content\/uploads\/2020\/02\/charleroi_br-400x300.jpg 400w, https:\/\/smartbe.be\/wp-content\/uploads\/2020\/02\/charleroi_br-290x218.jpg 290w\" sizes=\"auto, (max-width: 1280px) 100vw, 1280px\" \/><\/a><\/p>\n<p>Avec l&rsquo;ambition de d\u00e9velopper un r\u00e9seau professionnel et solidaire de cr\u00e9ateurs \u00e0 Charleroi, le<em> Comptoir des Ressources Cr\u00e9atives<\/em> abrite des cr\u00e9ateurs professionnels d\u00e9sireux de travailler en communaut\u00e9!<\/p>\n<p>Smart y a install\u00e9 ses bureaux et dispose d&rsquo;une salle permettant aux soci\u00e9taires de b\u00e9n\u00e9ficier d\u2019un espace de travail et de rencontre. Pour Smart \u00a0ce n\u2019est pas seulement occuper un lieu, c\u2019est \u00e9galement faire des rencontres, collaborer ensemble et nourrir le projet pour le faire grandir.<\/p>\n<p>&nbsp;<\/p>\n<p><strong>Adresse du site :<\/strong><\/p>\n<p>174 rue de Corbigny &#8211;\u00a06001 Marcinelle<\/p>\n<p>\u00c0 dix minutes \u00e0 pied de la Gare de Charleroi-Sud (<a href=\"https:\/\/maps.app.goo.gl\/GBW7FfM6KdjVJvhn6\">plan<\/a>)<\/p>\n<p>Parking gratuit pour les membres Smart pr\u00e9sents dans les locaux<\/p>\n<p>&nbsp;<\/p>\n<p><strong>Vous souhaitez contacter Smart Charleroi?<\/strong>\u00a0 <a href=\"https:\/\/new.smartbe.be\/fr\/contact\/#charleroi\">Retrouvez les coordonn\u00e9es de notre bureau dans la section \u00ab\u00a0Contact\u00a0\u00bb de ce site.<\/a><\/p>\n<p><strong>Vous souhaitez plus d\u2019infos sur le CRC Charleroi?\u00a0<\/strong><\/p>\n<p><a href=\"https:\/\/www.facebook.com\/CRCCharleroi\">https:\/\/www.facebook.com\/CRCCharleroi<\/a><\/p>\n<p><a href=\"https:\/\/www.comptoirdesressourcescreatives.be\/les-comptoirs\/charleroi\">https:\/\/www.comptoirdesressourcescreatives.be\/les-comptoirs\/charleroi<\/a><\/p>\n<p>&nbsp;<\/p>\n<p>&nbsp;<\/p>\n<div class=\"video-container\"><iframe loading=\"lazy\" title=\"C&#039;est quoi  le Comptoir Des Ressources Cr\u00e9atives ?\" width=\"584\" height=\"329\" src=\"https:\/\/www.youtube.com\/embed\/oj4rjwuJznA?feature=oembed\" frameborder=\"0\" allow=\"accelerometer; autoplay; clipboard-write; encrypted-media; gyroscope; picture-in-picture; web-share\" referrerpolicy=\"strict-origin-when-cross-origin\" allowfullscreen><\/iframe><\/div>\n<p>&nbsp;<\/p>\n<p>&nbsp;<\/p>\n<p>&nbsp;<\/p>\n<p>&nbsp;<\/p>\n<p>&nbsp;<\/p>","protected":false},"excerpt":{"rendered":"<p>Avec l&rsquo;ambition de d\u00e9velopper un r\u00e9seau professionnel et solidaire de cr\u00e9ateurs \u00e0 Charleroi, le Comptoir des Ressources Cr\u00e9atives abrite des cr\u00e9ateurs professionnels d\u00e9sireux de travailler en communaut\u00e9! Smart y a install\u00e9 ses bureaux et dispose d&rsquo;une salle permettant aux soci\u00e9taires &hellip;<\/p>\n","protected":false},"author":56,"featured_media":0,"parent":24893,"menu_order":0,"comment_status":"closed","ping_status":"closed","template":"","meta":{"footnotes":""},"tags":[],"class_list":["post-29616","page","type-page","status-publish","hentry"],"aioseo_notices":[],"_links":{"self":[{"href":"https:\/\/smartbe.be\/fr\/wp-json\/wp\/v2\/pages\/29616","targetHints":{"allow":["GET"]}}],"collection":[{"href":"https:\/\/smartbe.be\/fr\/wp-json\/wp\/v2\/pages"}],"about":[{"href":"https:\/\/smartbe.be\/fr\/wp-json\/wp\/v2\/types\/page"}],"author":[{"embeddable":true,"href":"https:\/\/smartbe.be\/fr\/wp-json\/wp\/v2\/users\/56"}],"replies":[{"embeddable":true,"href":"https:\/\/smartbe.be\/fr\/wp-json\/wp\/v2\/comments?post=29616"}],"version-history":[{"count":29,"href":"https:\/\/smartbe.be\/fr\/wp-json\/wp\/v2\/pages\/29616\/revisions"}],"predecessor-version":[{"id":49128,"href":"https:\/\/smartbe.be\/fr\/wp-json\/wp\/v2\/pages\/29616\/revisions\/49128"}],"up":[{"embeddable":true,"href":"https:\/\/smartbe.be\/fr\/wp-json\/wp\/v2\/pages\/24893"}],"wp:attachment":[{"href":"https:\/\/smartbe.be\/fr\/wp-json\/wp\/v2\/media?parent=29616"}],"wp:term":[{"taxonomy":"post_tag","embeddable":true,"href":"https:\/\/smartbe.be\/fr\/wp-json\/wp\/v2\/tags?post=29616"}],"curies":[{"name":"wp","href":"https:\/\/api.w.org\/{rel}","templated":true}]}}