
{"id":29302,"date":"2020-01-02T09:40:52","date_gmt":"2020-01-02T08:40:52","guid":{"rendered":"https:\/\/smartbe.be\/?page_id=29302"},"modified":"2025-12-18T15:49:28","modified_gmt":"2025-12-18T14:49:28","slug":"assemblee-generale-2","status":"publish","type":"page","link":"https:\/\/smartbe.be\/fr\/assemblee-generale-2\/","title":{"rendered":"Assembl\u00e9es G\u00e9n\u00e9rales &#8211; Let&rsquo;s coop!"},"content":{"rendered":"<p>L\u2019assembl\u00e9e g\u00e9n\u00e9rale annuelle est une obligation l\u00e9gale \u00e0 laquelle sont tenues toutes les coop\u00e9ratives. Chaque ann\u00e9e, les soci\u00e9taires sont invit\u00e9s \u00e0 rencontrer l\u2019administration d\u00e9l\u00e9gu\u00e9e et le conseil d\u2019administration de la coop\u00e9rative afin d\u2019\u00eatre inform\u00e9s et de voter diff\u00e9rents points.<\/p>\n<p>Chez Smart, ce moment formel est \u00e9galement devenu un \u00e9v\u00e9nement convivial de rencontre, de d\u00e9couverte et d\u2019\u00e9change.<\/p>\n<p>Durant une journ\u00e9e enti\u00e8re, des ateliers, des conf\u00e9rences et des temps de partage sont organis\u00e9s \u00e0 votre attention.<\/p>\n<p><strong>En 2026, l&rsquo;assembl\u00e9e g\u00e9n\u00e9rale aura lieu le mardi 23 juin.<\/strong><\/p>\n<p><a href=\"https:\/\/smartbe.be\/wp-content\/uploads\/2020\/02\/lets-coop.jpg\"><img loading=\"lazy\" decoding=\"async\" class=\"alignnone size-full wp-image-29887\" src=\"https:\/\/smartbe.be\/wp-content\/uploads\/2020\/02\/lets-coop.jpg\" alt=\"\" width=\"799\" height=\"533\" srcset=\"https:\/\/smartbe.be\/wp-content\/uploads\/2020\/02\/lets-coop.jpg 799w, https:\/\/smartbe.be\/wp-content\/uploads\/2020\/02\/lets-coop-300x200.jpg 300w, https:\/\/smartbe.be\/wp-content\/uploads\/2020\/02\/lets-coop-768x512.jpg 768w, https:\/\/smartbe.be\/wp-content\/uploads\/2020\/02\/lets-coop-450x300.jpg 450w, https:\/\/smartbe.be\/wp-content\/uploads\/2020\/02\/lets-coop-290x193.jpg 290w\" sizes=\"auto, (max-width: 799px) 100vw, 799px\" \/><\/a><\/p>\n<p><strong><img loading=\"lazy\" decoding=\"async\" class=\"alignnone size-full wp-image-33556\" src=\"https:\/\/smartbe.be\/wp-content\/uploads\/2021\/01\/fleche-arrow-long.png\" alt=\"\" width=\"142\" height=\"13\" \/>Retrouvez les derni\u00e8res \u00e9ditions:<\/strong><\/p>\n<ul>\n<li><a href=\"https:\/\/smartbe.be\/fr\/assemblee-generale-2025\/\">Assembl\u00e9e g\u00e9n\u00e9rale 2025<\/a><\/li>\n<li><a href=\"https:\/\/smartbe.be\/fr\/assemblee-generale-2024\/\">Assembl\u00e9e g\u00e9n\u00e9rale 2024<\/a><\/li>\n<li><a href=\"https:\/\/smartbe.be\/fr\/assemblee-generale-2023\/\">Assembl\u00e9e g\u00e9n\u00e9rale 2023<\/a><\/li>\n<li><a href=\"https:\/\/smartbe.be\/fr\/assemblee-generale-2022\/\">Assembl\u00e9e g\u00e9n\u00e9rale 2022<\/a><\/li>\n<li><a href=\"https:\/\/smartbe.be\/fr\/assemblee-generale-2021\/\">Assembl\u00e9e g\u00e9n\u00e9rale 2021<\/a><\/li>\n<li><a href=\"https:\/\/smartbe.be\/fr\/assemblee-generale-2020\/\">Assembl\u00e9e g\u00e9n\u00e9rale 2020<\/a><\/li>\n<li><a href=\"https:\/\/smartbe.be\/fr\/assemblee-generale-2019\/\">Assembl\u00e9e g\u00e9n\u00e9rale 2019<\/a><\/li>\n<li><a href=\"https:\/\/smartbe.be\/fr\/assemblee-generale-2018\/\">Assembl\u00e9e g\u00e9n\u00e9rale 2018<\/a><\/li>\n<li><a href=\"https:\/\/smartbe.be\/fr\/la-cooperative-2\/assemblee-generale-ordinaire-2017\/\">Assembl\u00e9e g\u00e9n\u00e9rale 2017<\/a><\/li>\n<\/ul>","protected":false},"excerpt":{"rendered":"<p>L\u2019assembl\u00e9e g\u00e9n\u00e9rale annuelle est une obligation l\u00e9gale \u00e0 laquelle sont tenues toutes les coop\u00e9ratives. Chaque ann\u00e9e, les soci\u00e9taires sont invit\u00e9s \u00e0 rencontrer l\u2019administration d\u00e9l\u00e9gu\u00e9e et le conseil d\u2019administration de la coop\u00e9rative afin d\u2019\u00eatre inform\u00e9s et de voter diff\u00e9rents points. Chez &hellip;<\/p>\n","protected":false},"author":56,"featured_media":0,"parent":0,"menu_order":1,"comment_status":"closed","ping_status":"closed","template":"","meta":{"footnotes":""},"tags":[],"class_list":["post-29302","page","type-page","status-publish","hentry"],"aioseo_notices":[],"_links":{"self":[{"href":"https:\/\/smartbe.be\/fr\/wp-json\/wp\/v2\/pages\/29302","targetHints":{"allow":["GET"]}}],"collection":[{"href":"https:\/\/smartbe.be\/fr\/wp-json\/wp\/v2\/pages"}],"about":[{"href":"https:\/\/smartbe.be\/fr\/wp-json\/wp\/v2\/types\/page"}],"author":[{"embeddable":true,"href":"https:\/\/smartbe.be\/fr\/wp-json\/wp\/v2\/users\/56"}],"replies":[{"embeddable":true,"href":"https:\/\/smartbe.be\/fr\/wp-json\/wp\/v2\/comments?post=29302"}],"version-history":[{"count":44,"href":"https:\/\/smartbe.be\/fr\/wp-json\/wp\/v2\/pages\/29302\/revisions"}],"predecessor-version":[{"id":49049,"href":"https:\/\/smartbe.be\/fr\/wp-json\/wp\/v2\/pages\/29302\/revisions\/49049"}],"wp:attachment":[{"href":"https:\/\/smartbe.be\/fr\/wp-json\/wp\/v2\/media?parent=29302"}],"wp:term":[{"taxonomy":"post_tag","embeddable":true,"href":"https:\/\/smartbe.be\/fr\/wp-json\/wp\/v2\/tags?post=29302"}],"curies":[{"name":"wp","href":"https:\/\/api.w.org\/{rel}","templated":true}]}}