
{"id":29267,"date":"2019-12-31T16:46:12","date_gmt":"2019-12-31T15:46:12","guid":{"rendered":"https:\/\/smartbe.be\/?page_id=29267"},"modified":"2022-02-23T15:22:37","modified_gmt":"2022-02-23T14:22:37","slug":"la-representation-du-personnel-pour-quoi","status":"publish","type":"page","link":"https:\/\/smartbe.be\/fr\/la-representation-du-personnel-pour-quoi\/","title":{"rendered":"La repr\u00e9sentation du personnel, pour quoi ?"},"content":{"rendered":"<p><b><span data-contrast=\"none\">Le cadre l\u00e9gal<\/span><\/b><span data-ccp-props=\"{}\">\u00a0<\/span><\/p>\n<p><b><span data-contrast=\"auto\">La repr\u00e9sentation du personnel porte la voix des <\/span><\/b><b><span data-contrast=\"auto\">salari\u00e9<\/span><\/b><b><span data-contrast=\"auto\">\u2219es<\/span><\/b><span data-contrast=\"auto\">\u00a0aupr\u00e8s de l&#8217;employeur concernant les r\u00e9clamations individuelles ou collectives relatives aux salaires, \u00e0 l&rsquo;application du code du travail et des autres dispositions l\u00e9gales concernant notamment la protection sociale, ainsi que des conventions et accords applicables dans l&rsquo;entreprise.<\/span><span data-ccp-props=\"{}\">\u00a0<\/span><\/p>\n<p><span data-contrast=\"auto\">\u202f<\/span><b><span data-contrast=\"auto\">Elle contribue \u00e0 promouvoir la sant\u00e9, la s\u00e9curit\u00e9 et les conditions de travail dans l&rsquo;entreprise<\/span><\/b><span data-contrast=\"auto\">\u00a0et r\u00e9alise des enqu\u00eates en mati\u00e8re d&rsquo;accidents du travail ou de maladies professionnelles ou \u00e0 caract\u00e8re professionnel.<\/span><span data-ccp-props=\"{}\">\u00a0<\/span><\/p>\n<p><span data-contrast=\"auto\">S<\/span><span data-contrast=\"auto\">es champs de comp\u00e9tences se situent sur l&#8217;emploi et l&rsquo;organisation du travail (dont la formation professionnelle), sur les conditions de travail (dont les techniques de production) et la r\u00e9mun\u00e9ration, la vie priv\u00e9e et les nouvelles technologies, les \u00e9v\u00e9nements ou d\u00e9cisions susceptibles d\u2019avoir un impact important sur l\u2019organisation ou les conditions de travail, la pr\u00e9vention et la protection au travail. Elle est aussi inform\u00e9e et peut porter l&rsquo;expression des\u00a0<\/span><span data-contrast=\"auto\">salari\u00e9\u2219es<\/span><span data-contrast=\"auto\">\u00a0sur la gestion et l&rsquo;\u00e9volution \u00e9conomiques et financi\u00e8res de l&rsquo;entreprise.<\/span><span data-ccp-props=\"{}\">\u00a0<\/span><\/p>\n<p><a href=\"http:\/\/www.emploi.belgique.be\/defaultTab.aspx?id=44473\"><span data-contrast=\"none\">http:\/\/www.emploi.belgique.be\/defaultTab.aspx?id=44473<\/span><\/a><span data-ccp-props=\"{}\">\u00a0<\/span><\/p>\n<p><a href=\"http:\/\/www.emploi.belgique.be\/defaultTab.aspx?id=575\"><span data-contrast=\"none\">http:\/\/www.emploi.belgique.be\/defaultTab.aspx?id=575<\/span><\/a><span data-ccp-props=\"{}\">\u00a0<\/span><\/p>\n<p><span data-contrast=\"auto\">\u202f<\/span><\/p>\n<p><b><span data-contrast=\"auto\">La participation aux \u00e9lections sociales et \u00e0 la construction du dialogue social coop\u00e9ratif est donc essentiel<\/span><\/b><b><span data-contrast=\"auto\">le<\/span><\/b><b><span data-contrast=\"auto\">\u00a0pour faire \u00e9voluer collectivement les conditions de travail au sein de Smart et ainsi agir sur un ensemble de sujets tels que\u00a0<\/span><\/b><b><span data-contrast=\"auto\">l&rsquo;\u00e9galit\u00e9 professionnelle, le handicap, la formation, l&rsquo;\u00e9volution des carri\u00e8res, des comp\u00e9tences, les risques psychosociaux, la s\u00e9curit\u00e9 au quotidien, l&rsquo;impact des nouvelles technologies\u2026<\/span><\/b><span data-ccp-props=\"{}\">\u00a0<\/span><\/p>\n<p><span data-contrast=\"auto\">\u202f<\/span><span data-ccp-props=\"{}\">\u00a0<\/span><\/p>\n<p><b><span data-contrast=\"none\">Repr\u00e9senter aussi les\u00a0<\/span><\/b><b><span data-contrast=\"none\">travailleur\u00b7euses<\/span><\/b><b><span data-contrast=\"none\">\u00a0autonomes, \u00e0 quoi \u00e7a me sert ?<\/span><\/b><span data-ccp-props=\"{}\">\u00a0<\/span><\/p>\n<p><span data-contrast=\"auto\">Lorsque je r\u00e9alise une prestation avec Smart, je signe un contrat, je deviens\u00a0<\/span><span data-contrast=\"auto\">salari\u00e9\u00b7e<\/span><span data-contrast=\"auto\">\u00a0et Smart est employeur.<\/span><span data-ccp-props=\"{}\">\u00a0<\/span><\/p>\n<p><span data-contrast=\"auto\">Pour r\u00e9unir les conditions d\u2019une repr\u00e9sentation du travail \u00e0 Smart, et amener les\u00a0<\/span><span data-contrast=\"auto\">entrepreneur\u00b7es<\/span><span data-contrast=\"auto\">\u00a0\u00e0 devenir autonomes \u00e0 plusieurs plut\u00f4t qu\u2019\u00e0 \u00eatre des\u00a0<\/span><span data-contrast=\"auto\">ind\u00e9pendant\u00b7es<\/span><span data-contrast=\"auto\">\u00a0qui coexistent, il est n\u00e9cessaire de mieux penser le mixage des postures qui se trouve chez une m\u00eame personne :\u00a0<\/span><span data-contrast=\"auto\">salari\u00e9\u00b7e<\/span><span data-contrast=\"auto\">,\u00a0<\/span><span data-contrast=\"auto\">entrepreneu<\/span><span data-contrast=\"auto\">r<\/span><span data-contrast=\"auto\">\u00b7e<\/span><span data-contrast=\"auto\">, membre,\u00a0<\/span><span data-contrast=\"auto\">soci\u00e9taire<\/span><span data-contrast=\"auto\">, autonome,\u00a0<\/span><span data-contrast=\"auto\">ind\u00e9pendant\u00b7e<\/span><span data-contrast=\"auto\">. Car ces postures ou ces identit\u00e9s coexistent et se confrontent parfois.\u00a0<\/span><span data-ccp-props=\"{}\">\u00a0<\/span><\/p>\n<p><span data-contrast=\"auto\">Il s\u2019agit donc de trouver un \u00e9quilibre, dynamique, pour accompagner ce mouvement<\/span><span data-contrast=\"auto\">\u00a0<\/span><span data-contrast=\"auto\">entre les diff\u00e9rentes postures vers un travail autonome \u00e0 plusieurs. Cet accompagnement peut \u00eatre assur\u00e9 par soi-m\u00eame, par ses pairs ou par des\u00a0<\/span><span data-contrast=\"auto\">salari\u00e9\u00b7es<\/span><span data-contrast=\"auto\">\u00a0de la structure mutualis\u00e9e<\/span><span data-contrast=\"auto\">\u00a0ou<\/span><span data-contrast=\"auto\">\u00a0par un espace de dialogue entre les\u00a0<\/span><span data-contrast=\"auto\">repr\u00e9sentant\u00b7es<\/span><span data-contrast=\"auto\">\u00a0de diff\u00e9rentes coop\u00e9ratives du m\u00eame type qui mettront ainsi en\u00a0<\/span><span data-contrast=\"auto\">commun\u00a0<\/span><span data-contrast=\"auto\">les situations, les solutions, les rites qui permettent de d\u00e9passer les clivages\u00a0<\/span><span data-contrast=\"auto\">d<\/span><span data-contrast=\"auto\">\u2019un fonctionnement\u00a0<\/span><span data-contrast=\"auto\">r\u00e9duit \u00e0 une expression binaire patronat \/ salariat.<\/span><span data-ccp-props=\"{}\">\u00a0<\/span><\/p>\n<p><span data-contrast=\"auto\">En participant \u00e0 la repr\u00e9sentation du personnel, j&rsquo;agis aussi sur ma condition et celle des autres en tant que\u00a0<\/span><span data-contrast=\"auto\">travailleur\u2219euse<\/span><span data-contrast=\"auto\">\u00a0autonome.<\/span><span data-ccp-props=\"{}\">\u00a0<\/span><\/p>\n<p><span data-contrast=\"auto\">M\u00eame si la question \u00e9conomique est premi\u00e8re &#8211; dans le sens\u00a0<\/span><span data-contrast=\"auto\">o\u00f9<\/span><span data-contrast=\"auto\">\u00a0<\/span><span data-contrast=\"auto\">je dois moi-m\u00eame g\u00e9n\u00e9rer mon revenu\u00a0<\/span><span data-contrast=\"auto\">\u2013<\/span><span data-contrast=\"auto\">\u00a0<\/span><span data-contrast=\"auto\">pour<\/span><span data-contrast=\"auto\">\u00a0<\/span><span data-contrast=\"auto\">mon activit\u00e9, mon \u00e9mancipation passe aussi par ce que je vis au quotidien.\u00a0<\/span><span data-ccp-props=\"{}\">\u00a0<\/span><\/p>\n<p><span data-contrast=\"auto\">M\u00eame si j&rsquo;organise mon activit\u00e9, mon temps, mes modes de mise au travail, le cadre de mon activit\u00e9 autonome se cr\u00e9e gr\u00e2ce \u00e0 des \u00e9changes collectifs et des actions au sein de Smart.\u00a0<\/span><span data-ccp-props=\"{}\">\u00a0<\/span><\/p>\n<p><span data-contrast=\"auto\">En \u00e9changeant sur les probl\u00e9matiques communes \u00e0\u00a0<\/span><span data-contrast=\"auto\">de<\/span><span data-contrast=\"auto\">\u00a0nombreux\u00a0<\/span><span data-contrast=\"auto\">travailleur\u2219euses<\/span><span data-contrast=\"auto\">\u00a0(temps, revenu, s\u00e9curit\u00e9, pr\u00e9vention, protection, formations, \u00e9galit\u00e9\u2026) au sein des instances repr\u00e9sentatives du personnel, nous aurons les moyens de faire \u00e9voluer notre quotidien.<\/span><span data-ccp-props=\"{}\">\u00a0<\/span><\/p>\n<p><strong id=\"dialogue\">\u202fDu dialogue social vers le dialogue social coop\u00e9ratif\u00a0<\/strong><\/p>\n<p><i><span data-contrast=\"auto\">Cette partie s\u2019appuie sur les travaux r\u00e9alis\u00e9s en partenariat avec\u00a0<\/span><\/i><a href=\"http:\/\/www.manufacture.coop\/\"><i><span data-contrast=\"none\">la Manufacture Coop\u00e9rative<\/span><\/i><\/a><i><span data-contrast=\"auto\">.\u00a0<\/span><\/i><i><span data-contrast=\"auto\">La Manufacture Coop\u00e9rative allie\u00a0<\/span><\/i><i><span data-contrast=\"auto\">praticien<\/span><\/i><i><span data-contrast=\"auto\">\u2219<\/span><\/i><i><span data-contrast=\"auto\">ne<\/span><\/i><i><span data-contrast=\"auto\">s<\/span><\/i><i><span data-contrast=\"auto\">\u00a0de la coop\u00e9ration et\u00a0<\/span><\/i><i><span data-contrast=\"auto\">chercheur<\/span><\/i><i><span data-contrast=\"auto\">\u2219euses<\/span><\/i><i><span data-contrast=\"auto\">\u00a0dans\u00a0<\/span><\/i><i><span data-contrast=\"auto\">une dy<\/span><\/i><i><span data-contrast=\"auto\">namique de recherche-action.<\/span><\/i><span data-ccp-props=\"{}\">\u00a0<\/span><\/p>\n<p><span data-contrast=\"none\">Le cadre l\u00e9gal du\u00a0<\/span><span data-contrast=\"none\">dialogue social\u00a0<\/span><span data-contrast=\"none\">est le produit d\u2019une histoire sociale industrielle, marqu\u00e9e par cette dimension mat\u00e9rielle de la mise au travail, des risques, des accidents et par le caract\u00e8re aussi physique de la confrontation entre\u00a0<\/span><span data-contrast=\"none\">ouvrier<\/span><span data-contrast=\"auto\">\u2219es<\/span><span data-contrast=\"none\">\u00a0et\u00a0<\/span><span data-contrast=\"none\">patron<\/span><span data-contrast=\"auto\">\u2219nes<\/span><span data-contrast=\"none\">\u00a0(ou le plus souvent cadres\u00a0<\/span><span data-contrast=\"none\">dirigeant<\/span><span data-contrast=\"auto\">\u2219es<\/span><span data-contrast=\"none\">). A cette dimension industrielle, s\u2019ajoute une dimension institutionnelle : le fonctionnement de la repr\u00e9sentation du personnel est d\u00e9fini l\u00e9galement, ce cadre servira de guide normatif, voire de rep\u00e8re pour un recours.<\/span><span data-ccp-props=\"{}\">\u00a0<\/span><\/p>\n<p><span data-contrast=\"none\">\u202f<\/span><span data-contrast=\"none\">Les r\u00e8gles l\u00e9gales, les r\u00f4les sociaux tels que d\u00e9finis, mais aussi une large part des repr\u00e9sentations sociales (imaginaire, histoire, formation,\u00a0<\/span><span data-contrast=\"none\">vademecum<\/span><span data-contrast=\"none\">\u00a0des\u00a0<\/span><span data-contrast=\"none\">repr\u00e9sentant<\/span><span data-contrast=\"auto\">\u2219es<\/span><span data-contrast=\"none\">, etc.) dont nous disposons (via syndicats, organismes de conseil, etc.) construisent des postures oppos\u00e9es. Il s\u2019agira alors pour les\u00a0<\/span><span data-contrast=\"none\">repr\u00e9sentant<\/span><span data-contrast=\"auto\">\u2219es<\/span><span data-contrast=\"none\">\u00a0<\/span><span data-contrast=\"none\">salari\u00e9<\/span><span data-contrast=\"auto\">\u2219es<\/span><span data-contrast=\"none\">\u00a0d\u2019interroger la direction, de demander des comptes, de revendiquer. Loin de l\u2019id\u00e9e que l\u2019ensemble de\u00a0<\/span><span data-contrast=\"none\">c<\/span><span data-contrast=\"none\">es<\/span><span data-contrast=\"none\">\u00a0postures et actions des\u00a0<\/span><span data-contrast=\"none\">repr\u00e9sentant<\/span><span data-contrast=\"auto\">\u2219es<\/span><span data-contrast=\"auto\">\u00a0du personnel\u00a0<\/span><span data-contrast=\"none\">puissent \u00eatre d\u00e9nonc\u00e9es dans nombre d\u2019entreprises, car ces\u00a0<\/span><span data-contrast=\"none\">acteur<\/span><span data-contrast=\"none\">.rice<\/span><span data-contrast=\"none\">s<\/span><span data-contrast=\"none\">\u00a0font face \u00e0 la r\u00e9alit\u00e9 de la coupure instaur\u00e9e par les patronats, il semble int\u00e9ressant de voir ce que ces dispositifs produisent dans la culture coop\u00e9rative.<\/span><span data-ccp-props=\"{}\">\u00a0<\/span><\/p>\n<p><span data-contrast=\"none\">\u202f<\/span><span data-ccp-props=\"{}\">\u00a0<\/span><span data-contrast=\"none\">La construction institutionnelle de la repr\u00e9sentation du personnel heurte les coop\u00e9ratives &#8211; et encore plus lorsqu&rsquo;elles regroupent des\u00a0<\/span><span data-contrast=\"none\">travailleur<\/span><span data-contrast=\"auto\">\u2219euses<\/span><span data-contrast=\"auto\">\u00a0autonomes &#8211;\u00a0<\/span><span data-contrast=\"none\">d\u2019un double point de vue :<\/span><span data-ccp-props=\"{}\">\u00a0<\/span><\/p>\n<ul>\n<li data-leveltext=\"\uf0b7\" data-font=\"Symbol\" data-listid=\"10\" aria-setsize=\"-1\" data-aria-posinset=\"1\" data-aria-level=\"1\"><span data-contrast=\"none\">en tant que coop\u00e9rative, le projet originel est de d\u00e9passer les coupures et non de les entretenir, pour r\u00e9pondre aux enjeux d&rsquo;une gouvernance partag\u00e9e<\/span><span data-contrast=\"none\">.<\/span><span data-ccp-props=\"{&quot;134233279&quot;:true}\">\u00a0<\/span><\/li>\n<\/ul>\n<ul>\n<li data-leveltext=\"\uf0b7\" data-font=\"Symbol\" data-listid=\"10\" aria-setsize=\"-1\" data-aria-posinset=\"1\" data-aria-level=\"1\"><span data-contrast=\"none\">en tant qu\u2019entreprise de travail autonome, se baser sur des instances propres au salariat fordien conduit \u00e0 des injonctions contradictoires\u00a0<\/span><span data-contrast=\"none\">; c\u2019est l\u2019enjeu du travail autonome en structure collective et coop\u00e9rative, celui plus sp\u00e9cifiquement des\u00a0<\/span><span data-contrast=\"none\">entrepreneur<\/span><span data-contrast=\"none\">\u2219es-salari\u00e9\u2219es<\/span><span data-contrast=\"none\">.<\/span><span data-ccp-props=\"{}\">\u00a0<\/span><\/li>\n<\/ul>\n<p><span data-contrast=\"none\">\u202f<\/span><span data-contrast=\"none\">Le cadre de la repr\u00e9sentation du personnel coupe, clive, assigne \u00e0 des r\u00f4les oppos\u00e9s. L\u00e0 o\u00f9 le projet de coop\u00e9rative vise \u00e0 \u00eatre un espace de co-construction, de d\u00e9lib\u00e9ration. Le r\u00e9f\u00e9rentiel implicite de la repr\u00e9sentation du personnel est ainsi contradictoire avec la d\u00e9marche coop\u00e9rative, en ce qu\u2019il fixe des postures, impose des r\u00f4les o\u00f9 l\u2019on va demander des comptes \u00e0 la direction.<\/span><span data-ccp-props=\"{}\">\u00a0<\/span><\/p>\n<p><span data-contrast=\"none\">De cette contrainte qui fige les r\u00f4les, construit des oppositions et souligne la subordination quand elle existe, la fa\u00e7onne quand elle n\u2019existe pas (pour les\u00a0<\/span><span data-contrast=\"none\">travailleur<\/span><span data-contrast=\"auto\">\u2219euses<\/span><span data-contrast=\"auto\">\u00a0autonomes\u00a0<\/span><span data-contrast=\"none\">de facto) il semble qu\u2019on pourrait la subvertir, comme l\u2019histoire des mutuelles de travail et des coop\u00e9ratives nous montre que l\u2019innovation et l\u2019exp\u00e9rimentation\u00a0<\/span><span data-contrast=\"none\">passe<\/span><span data-contrast=\"none\">nt<\/span><span data-contrast=\"none\">\u00a0par<\/span><span data-contrast=\"none\">\u00a0la subversion des r\u00e8gles.\u00a0<\/span><span data-ccp-props=\"{}\">\u00a0<\/span><\/p>\n<p><span data-contrast=\"auto\">Il est n\u00e9cessaire d\u2019investir la repr\u00e9sentation du personnel avec l\u2019esprit coop\u00e9ratif &#8211; et non la laisser se construire dans une d\u00e9marche d\u2019opposition et de coupure \u2013 pour permettre de faire \u00e9merger un nouvel espace de dialogue.<\/span><span data-ccp-props=\"{}\">\u00a0<\/span><\/p>\n<p><span data-contrast=\"none\">Il s\u2019agit alors de mettre le travail, les conditions de travail, les conditions de la mise au travail comme objet essentiel d\u2019\u00e9change, de d\u00e9lib\u00e9ration, sans isoler les\u00a0<\/span><span data-contrast=\"none\">repr\u00e9sentant\u2219es<\/span><span data-contrast=\"none\">\u00a0dans un ailleurs, mais qu&rsquo;<\/span><span data-contrast=\"none\">ils.elles<\/span><span data-contrast=\"none\">\u00a0participent v\u00e9ritablement au c\u0153ur des sujets de notre coop\u00e9rative.<\/span><span data-contrast=\"none\">\u00a0<\/span><span data-ccp-props=\"{}\">\u00a0<\/span><\/p>\n<p><span data-contrast=\"none\">\u202f<\/span><span data-ccp-props=\"{}\">\u00a0<\/span><\/p>\n<p><b><span data-contrast=\"none\">\u00c9<\/span><\/b><b><span data-contrast=\"none\">mancipation\u00a0<\/span><\/b><b><span data-contrast=\"none\">\u00e9conomique et \u00e9mancipation politique\u00a0<\/span><\/b><span data-ccp-props=\"{}\">\u00a0<\/span><\/p>\n<p><i><span data-contrast=\"auto\">Cette partie s\u2019appuie sur les travaux r\u00e9alis\u00e9s en partenariat avec\u00a0<\/span><\/i><a href=\"http:\/\/www.manufacture.coop\/\"><i><span data-contrast=\"none\">la Manufacture Coop\u00e9rative<\/span><\/i><\/a><i><span data-contrast=\"auto\">. La Manufacture Coop\u00e9rative allie\u00a0<\/span><\/i><i><span data-contrast=\"auto\">praticien\u2219nes<\/span><\/i><i><span data-contrast=\"auto\">\u00a0de la coop\u00e9ration et\u00a0<\/span><\/i><i><span data-contrast=\"auto\">chercheur\u2219euses<\/span><\/i><i><span data-contrast=\"auto\">\u00a0dans une dynamique de recherche-action.<\/span><\/i><span data-ccp-props=\"{}\">\u00a0<\/span><\/p>\n<p><span data-ccp-props=\"{}\">\u00a0<\/span><span data-contrast=\"auto\">Ce que le dialogue social coop\u00e9ratif dans une structure comme la n\u00f4tre a pour objet renvoie \u00e0 la fois \u00e0 l&rsquo;\u00e9mancipation \u00e9conomique et \u00e0 l&rsquo;\u00e9mancipation politique.\u00a0<\/span><span data-ccp-props=\"{}\">\u00a0<\/span><\/p>\n<p><span data-contrast=\"auto\">A la fin du XIX<\/span><span data-contrast=\"auto\">e<\/span><span data-contrast=\"auto\">\u00a0si\u00e8cle, ces deux approches diff\u00e9rentes se sont oppos\u00e9es et ont abouti \u00e0 une scission au sein du mouvement ouvrier, dont on peut consid\u00e9rer qu\u2019elle est une des origines de la s\u00e9paration entre le mouvement ouvrier (au sens syndical) et le mouvement coop\u00e9ratif.\u00a0<\/span><span data-ccp-props=\"{}\">\u00a0<\/span><\/p>\n<p><span data-contrast=\"auto\">Lorsque Proudhon\u00a0<\/span><span data-contrast=\"auto\">privil\u00e9gie<\/span><span data-contrast=\"auto\">\u00a0l\u2019\u00e9mancipation \u00e9conomique\u00a0<\/span><span data-contrast=\"auto\">\u00e0<\/span><span data-contrast=\"auto\">\u00a0l\u2019\u00e9mancipation politique, il s\u2019int\u00e9resse \u00e0 l\u2019agir coop\u00e9ratif<\/span><span data-contrast=\"auto\">.<\/span><span data-contrast=\"auto\">\u00a0<\/span><span data-contrast=\"auto\">I<\/span><span data-contrast=\"auto\">l met en avant la n\u00e9cessit\u00e9 de s\u2019organiser entre\u00a0<\/span><span data-contrast=\"auto\">travailleur\u2219euses<\/span><span data-contrast=\"auto\">, au sein des\u00a0<\/span><span data-contrast=\"auto\">lieux de productions<\/span><span data-contrast=\"auto\">, et s\u2019oppose \u00e0 un mouvement qui chercherait, de fa\u00e7on centralis\u00e9e une \u00e9mancipation d\u2019abord politique.<\/span><span data-ccp-props=\"{}\">\u00a0<\/span><\/p>\n<p><span data-contrast=\"auto\">L\u2019\u00e9mancipation chez Marx est aussi collective, mais elle ne se situe pas dans le travail au sens de l\u2019activit\u00e9, ni dans\u00a0<\/span><span data-contrast=\"auto\">une auto-organisation de la production<\/span><span data-contrast=\"auto\">, mais dans la lutte politique<\/span><span data-contrast=\"auto\">.<\/span><span data-contrast=\"auto\">\u00a0<\/span><span data-contrast=\"auto\">A<\/span><span data-contrast=\"auto\">lors que chez Proudhon puis dans le\u00a0<\/span><span data-contrast=\"auto\">mouvement coop\u00e9ratif, l\u2019\u00e9mancipation est dans le travail (bien sur la r\u00e9alit\u00e9 dans le panorama des coop\u00e9ratives est en fort d\u00e9calage avec cette position de principe).<\/span><span data-ccp-props=\"{}\">\u00a0<\/span><\/p>\n<p><span data-contrast=\"auto\">Toujours est-il que cette coupure entre\u00a0<\/span><span data-contrast=\"auto\">objectif\u00a0<\/span><span data-contrast=\"auto\">autogestionnaire<\/span><span data-contrast=\"auto\">\u00a0ancr\u00e9e dans la production et vis\u00e9e r\u00e9volutionnaire ancr\u00e9e dans le mouvement politique marque tr\u00e8s profond\u00e9ment les imaginaires politiques depuis 150 ans.\u00a0<\/span><span data-ccp-props=\"{}\">\u00a0<\/span><\/p>\n<p><span data-contrast=\"auto\">\u202f<\/span><span data-contrast=\"auto\">Sans avoir<\/span><span data-contrast=\"auto\">\u00a0une ambition d\u00e9mesur\u00e9e par rapport \u00e0 ce clivage, il s&rsquo;agit\u00a0<\/span><span data-contrast=\"auto\">aujourd&rsquo;hui de regarder \u00e9mancipation politique et \u00e9mancipation \u00e9conomique comme deux composantes en relation<\/span><span data-contrast=\"auto\">\u00a0; et cela d\u2019autant plus que nous nous situons dans des organisations au<\/span><span data-contrast=\"auto\">x<\/span><span data-contrast=\"auto\">\u00a0prise<\/span><span data-contrast=\"auto\">s<\/span><span data-contrast=\"auto\">\u00a0avec l\u2019effritement du salariat alors que le d\u00e9bat Marx-Proudhon est en avant-garde de sa structuration. Nous savons ce que le salariat a apport\u00e9 et comment il a transform\u00e9 la soci\u00e9t\u00e9<\/span><span data-contrast=\"auto\">.\u00a0<\/span><span data-contrast=\"auto\">Le point pour nous est de d\u00e9finir comment, en suivant la position proudhonienne de l\u2019\u00e9mancipation \u00e0 l\u2019\u00e9chelle de collectif de travail, accorder conjointement une dimension politique forte.\u00a0<\/span><b><span data-contrast=\"auto\">Ainsi, et plus concr\u00e8tement, pour atteindre et associer \u00e9mancipation \u00e9conomique et \u00e9mancipation politique, il est n\u00e9cessaire de m\u00ealer diff\u00e9rents facteurs qui interagissent entre eux et forment les conditions de la vie priv\u00e9e pour permettre de travailler correctement<\/span><\/b><b><span data-contrast=\"auto\">.<\/span><\/b><span data-contrast=\"auto\">\u00a0La stabilit\u00e9 \u00e9conomique pour vivre correctement est en quelque sorte un pr\u00e9alable pour envisager de s&rsquo;int\u00e9resser \u00e0 la culture coop\u00e9rative et prendre part \u00e0 la vie coop\u00e9rative. Et respectivement, plus cette derni\u00e8re est investie, plus elle permet de r\u00e9partir la responsabilit\u00e9 du portage du projet coop\u00e9ratif.<\/span><span data-ccp-props=\"{}\">\u00a0<\/span><\/p>\n<p><span data-contrast=\"auto\">\u202f<\/span><span data-contrast=\"auto\">En cumulant l&rsquo;approche sur ces sujets, ce sont bien l&rsquo;\u00e9mancipation \u00e9conomique et l&rsquo;\u00e9mancipation politique qui sont invit\u00e9es \u00e0 entrer en r\u00e9sonnance. Ce dialogue social coop\u00e9ratif est incarn\u00e9 et port\u00e9 par\u00a0<\/span><span data-contrast=\"auto\">diff\u00e9rent\u00b7e<\/span><span data-contrast=\"auto\">s<\/span><span data-contrast=\"auto\">\u00a0<\/span><span data-contrast=\"auto\">acteur\u00b7trices<\/span><span data-contrast=\"auto\">\u00a0de la coop\u00e9rative plus ou moins fortement\u00a0<\/span><span data-contrast=\"auto\">qu&rsquo;<\/span><span data-contrast=\"auto\">il<\/span><span data-contrast=\"auto\">.elle<\/span><span data-contrast=\"auto\">s<\/span><span data-contrast=\"auto\">\u00a0soient en posture de\u00a0<\/span><span data-contrast=\"auto\">salari\u00e9\u00b7e<\/span><span data-contrast=\"auto\">, d&rsquo;<\/span><span data-contrast=\"auto\">entrepreneur\u00b7e<\/span><span data-contrast=\"auto\">\u00a0ou de\u00a0<\/span><span data-contrast=\"auto\">soci\u00e9taires<\/span><span data-contrast=\"auto\">et<\/span><span data-contrast=\"auto\">\u00a0qu&rsquo;<\/span><span data-contrast=\"auto\">il<\/span><span data-contrast=\"auto\">.elles<\/span><span data-contrast=\"auto\">\u00a0exercent l&rsquo;accompagnement, la production, la m\u00e9diation, la repr\u00e9sentation ou la responsabilit\u00e9 l\u00e9gale.<\/span><span data-ccp-props=\"{}\">\u00a0<\/span><\/p>\n<p>Si vous \u00eates d\u00e8s maintenant int\u00e9ress\u00e9\u2219es, pour vous impliquer, \u00eatre mis en relation avec d\u2019autres personnes int\u00e9ress\u00e9es ou avoir plus d\u2019informations, une adresse de contact pour cela :\u00a0<a href=\"mailto:&#x64;&#x69;&#x61;&#x6c;&#x6f;&#x67;&#x75;&#x65;&#x73;&#x6f;&#x63;&#x69;&#x61;&#x6c;&#x63;&#x6f;&#x6f;&#x70;&#x65;&#x72;&#x61;&#x74;&#x69;&#x66;&#x40;&#x73;&#x6d;&#x61;&#x72;&#x74;&#x2e;&#x63;&#x6f;&#x6f;&#x70;\">&#x64;&#x69;&#x61;&#x6c;&#x6f;&#x67;&#x75;&#x65;&#x73;&#x6f;&#x63;&#x69;&#x61;&#x6c;&#x63;&#x6f;&#x6f;&#x70;&#x65;&#x72;&#x61;&#x74;&#x69;&#x66;&#x40;<span class=\"oe_displaynone\">null<\/span>&#x73;&#x6d;&#x61;&#x72;&#x74;&#x2e;&#x63;&#x6f;&#x6f;&#x70;<\/a><\/p>","protected":false},"excerpt":{"rendered":"<p>Le cadre l\u00e9gal\u00a0 La repr\u00e9sentation du personnel porte la voix des salari\u00e9\u2219es\u00a0aupr\u00e8s de l&#8217;employeur concernant les r\u00e9clamations individuelles ou collectives relatives aux salaires, \u00e0 l&rsquo;application du code du travail et des autres dispositions l\u00e9gales concernant notamment la protection sociale, ainsi &hellip;<\/p>\n","protected":false},"author":53,"featured_media":0,"parent":0,"menu_order":0,"comment_status":"closed","ping_status":"closed","template":"","meta":{"footnotes":""},"tags":[],"class_list":["post-29267","page","type-page","status-publish","hentry"],"aioseo_notices":[],"_links":{"self":[{"href":"https:\/\/smartbe.be\/fr\/wp-json\/wp\/v2\/pages\/29267","targetHints":{"allow":["GET"]}}],"collection":[{"href":"https:\/\/smartbe.be\/fr\/wp-json\/wp\/v2\/pages"}],"about":[{"href":"https:\/\/smartbe.be\/fr\/wp-json\/wp\/v2\/types\/page"}],"author":[{"embeddable":true,"href":"https:\/\/smartbe.be\/fr\/wp-json\/wp\/v2\/users\/53"}],"replies":[{"embeddable":true,"href":"https:\/\/smartbe.be\/fr\/wp-json\/wp\/v2\/comments?post=29267"}],"version-history":[{"count":15,"href":"https:\/\/smartbe.be\/fr\/wp-json\/wp\/v2\/pages\/29267\/revisions"}],"predecessor-version":[{"id":36708,"href":"https:\/\/smartbe.be\/fr\/wp-json\/wp\/v2\/pages\/29267\/revisions\/36708"}],"wp:attachment":[{"href":"https:\/\/smartbe.be\/fr\/wp-json\/wp\/v2\/media?parent=29267"}],"wp:term":[{"taxonomy":"post_tag","embeddable":true,"href":"https:\/\/smartbe.be\/fr\/wp-json\/wp\/v2\/tags?post=29267"}],"curies":[{"name":"wp","href":"https:\/\/api.w.org\/{rel}","templated":true}]}}