
{"id":2896,"date":"2014-02-04T16:31:53","date_gmt":"2014-02-04T15:31:53","guid":{"rendered":"http:\/\/smartbe.be\/?page_id=2896"},"modified":"2014-05-05T09:37:41","modified_gmt":"2014-05-05T08:37:41","slug":"notion","status":"publish","type":"page","link":"https:\/\/smartbe.be\/fr\/sinformer\/droit\/voisins\/notion\/","title":{"rendered":"Notion"},"content":{"rendered":"<p>Les droits voisins sont des droits voisins du droit d\u2019auteur qui prot\u00e8gent certaines cat\u00e9gories de personnes d\u00e9finies par la loi.<\/p>\n<p>En particulier, les droits voisins des artistes interpr\u00e8tes ou ex\u00e9cutants sont les droits voisins qui prot\u00e8gent les personnes qui interpr\u00e8tent ou ex\u00e9cutent des \u0153uvres litt\u00e9raires ou artistiques ou encore des num\u00e9ros de cirque ou de vari\u00e9t\u00e9.<\/p>\n<p>Les droits voisins sont des droits similaires aux droits des auteurs mais ils ne sont pas aussi \u00e9tendus. En outre, ces droits voisins ne peuvent jamais porter atteinte ou limiter les droits des auteurs (en cas de conflit, les droits des auteurs priment).<\/p>\n<p>&nbsp;<\/p>","protected":false},"excerpt":{"rendered":"<p>Les droits voisins sont des droits voisins du droit d\u2019auteur qui prot\u00e8gent certaines cat\u00e9gories de personnes d\u00e9finies par la loi. En particulier, les droits voisins des artistes interpr\u00e8tes ou ex\u00e9cutants sont les droits voisins qui prot\u00e8gent les personnes qui interpr\u00e8tent &hellip;<\/p>\n","protected":false},"author":3,"featured_media":0,"parent":154,"menu_order":1,"comment_status":"closed","ping_status":"closed","template":"","meta":{"footnotes":""},"tags":[],"class_list":["post-2896","page","type-page","status-publish","hentry"],"aioseo_notices":[],"_links":{"self":[{"href":"https:\/\/smartbe.be\/fr\/wp-json\/wp\/v2\/pages\/2896","targetHints":{"allow":["GET"]}}],"collection":[{"href":"https:\/\/smartbe.be\/fr\/wp-json\/wp\/v2\/pages"}],"about":[{"href":"https:\/\/smartbe.be\/fr\/wp-json\/wp\/v2\/types\/page"}],"author":[{"embeddable":true,"href":"https:\/\/smartbe.be\/fr\/wp-json\/wp\/v2\/users\/3"}],"replies":[{"embeddable":true,"href":"https:\/\/smartbe.be\/fr\/wp-json\/wp\/v2\/comments?post=2896"}],"version-history":[{"count":7,"href":"https:\/\/smartbe.be\/fr\/wp-json\/wp\/v2\/pages\/2896\/revisions"}],"predecessor-version":[{"id":3609,"href":"https:\/\/smartbe.be\/fr\/wp-json\/wp\/v2\/pages\/2896\/revisions\/3609"}],"up":[{"embeddable":true,"href":"https:\/\/smartbe.be\/fr\/wp-json\/wp\/v2\/pages\/154"}],"wp:attachment":[{"href":"https:\/\/smartbe.be\/fr\/wp-json\/wp\/v2\/media?parent=2896"}],"wp:term":[{"taxonomy":"post_tag","embeddable":true,"href":"https:\/\/smartbe.be\/fr\/wp-json\/wp\/v2\/tags?post=2896"}],"curies":[{"name":"wp","href":"https:\/\/api.w.org\/{rel}","templated":true}]}}