
{"id":28864,"date":"2019-11-05T16:26:07","date_gmt":"2019-11-05T15:26:07","guid":{"rendered":"https:\/\/smartbe.be\/?page_id=28864"},"modified":"2025-03-10T17:59:37","modified_gmt":"2025-03-10T16:59:37","slug":"penser-et-agir-pour-legalite","status":"publish","type":"page","link":"https:\/\/smartbe.be\/fr\/la-cooperative-2\/smart-progress\/groupes-de-travail-2019-2020\/penser-et-agir-pour-legalite\/","title":{"rendered":"Penser et agir pour l\u2019\u00e9galit\u00e9"},"content":{"rendered":"<h2>Contexte<span data-ccp-props=\"{&quot;335559738&quot;:40}\">\u00a0<\/span><\/h2>\n<p><span data-contrast=\"auto\">Cette th\u00e9matique, <\/span><span data-contrast=\"auto\">co-construite<\/span><span data-contrast=\"auto\"> avec le collectif 8Smart qui s\u2019est constitu\u00e9 lors de la mobilisation pour la journ\u00e9e internationale pour les droits des femmes le 8 mars 2019 et inspir\u00e9e du dernier rapport triennal de l\u2019observatoire pour l\u2019\u00e9galit\u00e9 dans l\u2019\u00e9conomie sociale et solidaire, est centrale pour Smart. Elle a \u00e9t\u00e9 valid\u00e9<\/span><span data-contrast=\"auto\">e par le conseil d\u2019administration comme th\u00e9matique \u00e0 traiter via la d\u00e9marche participative Smart <\/span><span data-contrast=\"auto\">i<\/span><span data-contrast=\"auto\">n Progress.<\/span><span data-ccp-props=\"{&quot;134233117&quot;:true,&quot;134233118&quot;:true}\">\u00a0<\/span><\/p>\n<p><span data-contrast=\"auto\">En Belgique, 45% des membres sont des femmes et 55% des hommes.<\/span><span data-ccp-props=\"{&quot;134233117&quot;:true,&quot;134233118&quot;:true}\">\u00a0<\/span><\/p>\n<p><span data-contrast=\"auto\">Bien que les femmes soient un peu moins de la moiti\u00e9, elles sont bien plus repr\u00e9sent\u00e9es chez Smart que dans les statistiques sur les <\/span><span data-contrast=\"auto\">ind\u00e9pendant<\/span><span data-contrast=\"auto\">\u2219<\/span><span data-contrast=\"auto\">e<\/span><span data-contrast=\"auto\">s<\/span><span data-contrast=\"auto\"> et freelance. C\u2019est une tendance qui se v\u00e9rifie \u00e9galement en France et au sein de l\u2019ensemble des <\/span><span data-contrast=\"auto\">coop\u00e9ratives<em>(<\/em><\/span><em>1)<\/em><span data-contrast=\"auto\">. Par exemple, en France en 2014, les femmes ne repr\u00e9sentaient que 28% des cr\u00e9ateurs et cr\u00e9atrices d\u2019entreprise hors secteur agricole. Les femmes sont aussi plus repr\u00e9sent\u00e9es dans l\u2019\u00e9conomie sociale<\/span><span data-contrast=\"auto\">.<\/span><span data-contrast=\"auto\">\u00a0<\/span><span data-ccp-props=\"{&quot;134233117&quot;:true,&quot;134233118&quot;:true}\">\u00a0<\/span><\/p>\n<p><span data-contrast=\"auto\">Cette sur-repr\u00e9sentation des femmes entrepreneures au sein de Smart peut s\u2019expliquer notamment par des parcours professionnels influenc\u00e9s par des rapports de genre comme la n\u00e9cessit\u00e9 per\u00e7ue pour les femmes de mieux concilier vie professionnelle et vie priv\u00e9e via une flexibilit\u00e9 dans l\u2019emploi ou la perception d\u2019\u00eatre plus \u00e9loign\u00e9es du monde de la cr\u00e9ation d\u2019entreprise et souhaitant b\u00e9n\u00e9ficier d\u2019un accompagnement.<\/span><span data-ccp-props=\"{&quot;134233117&quot;:true,&quot;134233118&quot;:true}\">\u00a0<\/span><\/p>\n<p><span data-contrast=\"auto\">Malgr\u00e9 les valeurs d\u2019\u00e9galit\u00e9 pr\u00f4n\u00e9es dans les secteurs de l\u2019\u00e9conomie sociale ou de la culture, les discriminations persistent et se refl\u00e8tent aussi chez Smart. Une \u00e9tude men\u00e9e au sein de Smart en 2013 montre que sur les 10% de membres qui ont les r\u00e9mun\u00e9rations les plus \u00e9lev\u00e9es 27% \u00e9taient des femmes et 73% des hommes(<\/span><span data-contrast=\"auto\">2)<\/span><span data-contrast=\"auto\">.<\/span><span data-ccp-props=\"{&quot;134233117&quot;:true,&quot;134233118&quot;:true}\">\u00a0<\/span><\/p>\n<p><span data-contrast=\"auto\">Les statistiques sur l\u2019\u00e9galit\u00e9 sont peu nombreuses, ce qui participe \u00e0 une invisibilisation des discriminations persistantes. Le fait que nous (Smart, l\u2019\u00e9conomie sociale) avons d\u00e9j\u00e0 des valeurs peut entrainer un d\u00e9ni de ce qu\u2019il reste \u00e0 faire. Le sujet est souvent consid\u00e9r\u00e9 comme secondaire.<\/span><span data-ccp-props=\"{&quot;134233117&quot;:true,&quot;134233118&quot;:true}\">\u00a0<\/span><\/p>\n<p><span data-contrast=\"auto\">Ce manque de discussion est issu d\u2019une s\u00e9rie de freins li\u00e9s \u00e0 un sentiment d\u2019impuissance face \u00e0 des in\u00e9galit\u00e9s trop ancr\u00e9es au-del\u00e0 de nos sph\u00e8res d\u2019action, une perception de complexit\u00e9, des peurs li\u00e9es \u00e0 l\u2019instrumentalisation, d\u2019ouvrir un d\u00e9bat trop houleux.<\/span><span data-ccp-props=\"{&quot;134233117&quot;:true,&quot;134233118&quot;:true}\">\u00a0<\/span><\/p>\n<h2>\u00c9tat de la r\u00e9flexion au sein du groupe Smart<\/h2>\n<p><span data-contrast=\"auto\">Smart, dans sa volont\u00e9 de constamment offrir des r\u00e9ponses pratiques et socialement innovantes r\u00e9pondant aux besoins des utilisatrices et utilisateurs, souhaite aborder l\u2019enjeu li\u00e9 \u00e0 l\u2019\u00e9galit\u00e9 entre les genres.\u202f<\/span><span data-ccp-props=\"{&quot;134233117&quot;:true,&quot;134233118&quot;:true}\">\u00a0<\/span><\/p>\n<p><span data-contrast=\"auto\">L&rsquo;\u00e9galit\u00e9 entre les genres (F\/H\/X), c&rsquo;est<\/span><span data-contrast=\"auto\">\u202f<\/span><span data-contrast=\"auto\">:<\/span><span data-ccp-props=\"{&quot;134233117&quot;:true,&quot;134233118&quot;:true}\">\u00a0<\/span><\/p>\n<ul>\n<li data-leveltext=\"\uf0b7\" data-font=\"Symbol\" data-listid=\"1\" aria-setsize=\"-1\" data-aria-posinset=\"1\" data-aria-level=\"1\"><span data-contrast=\"auto\">int<\/span><span data-contrast=\"none\">erroger<\/span><span data-contrast=\"none\"> les gouvernances et les rapports de pouvoir<\/span><span data-contrast=\"none\">\u202f;<\/span><span data-contrast=\"none\">\u202f<\/span><span data-ccp-props=\"{&quot;134233117&quot;:true,&quot;134233118&quot;:true}\">\u00a0<\/span><\/li>\n<li data-leveltext=\"\uf0b7\" data-font=\"Symbol\" data-listid=\"1\" aria-setsize=\"-1\" data-aria-posinset=\"2\" data-aria-level=\"1\"><span data-contrast=\"none\">q<\/span><span data-contrast=\"none\">uestionner<\/span><span data-contrast=\"none\"> les conditions de travail et les rapports de domination<\/span><span data-contrast=\"none\">\u202f;<\/span><span data-contrast=\"none\">\u202f<\/span><span data-ccp-props=\"{&quot;134233117&quot;:true,&quot;134233118&quot;:true}\">\u00a0<\/span><\/li>\n<li data-leveltext=\"\uf0b7\" data-font=\"Symbol\" data-listid=\"1\" aria-setsize=\"-1\" data-aria-posinset=\"3\" data-aria-level=\"1\"><span data-contrast=\"none\">c<\/span><span data-contrast=\"none\">hercher<\/span><span data-contrast=\"none\"> \u00e0 favoriser l&rsquo;autonomisation des femmes, l&rsquo;initiative et la responsabilit\u00e9 citoyenne de toutes et tous<\/span><span data-contrast=\"none\">.<\/span><span data-contrast=\"none\">\u202f<\/span><span data-ccp-props=\"{&quot;134233117&quot;:true,&quot;134233118&quot;:true}\"><br \/>\n<\/span><\/li>\n<\/ul>\n<h2>Objectifs de r\u00e9flexion du groupe de travail<\/h2>\n<p><span data-contrast=\"auto\">Ce groupe de travail r\u00e9fl\u00e9chira aux enjeux transversaux de l&rsquo;\u00e9galit\u00e9 des genres (F\/H\/X) et proposera des pistes d&rsquo;actions concr\u00e8tes pour faire bouger les lignes <\/span><span data-contrast=\"auto\">\u00ab\u202f<\/span><span data-contrast=\"auto\">dans les t\u00eates et dans les faits<\/span><span data-contrast=\"auto\">\u202f<\/span><span data-contrast=\"auto\">\u00bb<\/span><span data-contrast=\"auto\">.\u200b<\/span><span data-contrast=\"auto\">\u202f<\/span><span data-ccp-props=\"{&quot;134233117&quot;:true,&quot;134233118&quot;:true}\">\u00a0<\/span><\/p>\n<p><span data-contrast=\"auto\">L\u2019objectif du groupe de travail est de r\u00e9fl\u00e9chir \u00e0 l\u2019\u00e9galit\u00e9 au niveau des soci\u00e9taires Smart.<\/span><span data-ccp-props=\"{&quot;134233117&quot;:true,&quot;134233118&quot;:true}\">\u00a0<\/span><\/p>\n<p><span data-contrast=\"auto\">Il n\u2019a pas pour vocation de remettre des recommandations quant au traitement de cette question au sein de la structure interne et de l\u2019\u00e9quipe support de Smart.<\/span><span data-ccp-props=\"{&quot;134233117&quot;:true,&quot;134233118&quot;:true}\">\u00a0<\/span><\/p>\n<h2>Questions-clefs<\/h2>\n<p><span data-contrast=\"auto\">Les questions clefs devront \u00eatre d\u00e9finies par le groupe de travail, en fonction du d\u00e9veloppement et des avancements des r\u00e9flexions. N\u00e9anmoins \u00e0 titre d\u2019inspiration, voici quelques suggestions\u202f:\u00a0<\/span><span data-ccp-props=\"{}\">\u00a0<\/span><\/p>\n<ul>\n<li data-leveltext=\"\uf0b7\" data-font=\"Symbol\" data-listid=\"3\" aria-setsize=\"-1\" data-aria-posinset=\"1\" data-aria-level=\"1\"><span data-contrast=\"none\">outre<\/span><span data-contrast=\"none\"> les quotas, comment s\u2019assurer d\u2019une repr\u00e9sentation \u00e9gale entre les genres au sein des instances dirigeantes de Smart\u202f?<\/span><span data-ccp-props=\"{&quot;134233279&quot;:true,&quot;469777462&quot;:[4962],&quot;469777927&quot;:[0],&quot;469777928&quot;:[1]}\">\u00a0<\/span><\/li>\n<li data-leveltext=\"\uf0b7\" data-font=\"Symbol\" data-listid=\"3\" aria-setsize=\"-1\" data-aria-posinset=\"2\" data-aria-level=\"1\"><span data-contrast=\"none\">quels<\/span><span data-contrast=\"none\"> sont les freins li\u00e9s au d\u00e9veloppement des activit\u00e9s, notamment des femmes, et comment y rem\u00e9dier\u202f?\u00a0<\/span><span data-ccp-props=\"{&quot;134233279&quot;:true,&quot;469777462&quot;:[4962],&quot;469777927&quot;:[0],&quot;469777928&quot;:[1]}\">\u00a0<\/span><\/li>\n<\/ul>\n<ul>\n<li data-leveltext=\"\uf0b7\" data-font=\"Symbol\" data-listid=\"3\" aria-setsize=\"-1\" data-aria-posinset=\"1\" data-aria-level=\"1\"><span data-contrast=\"none\">quels<\/span><span data-contrast=\"none\"> services peut ou doit mettre en place Smart pour r\u00e9pondre aux besoins diff\u00e9renci\u00e9s par le genre de <\/span><span data-contrast=\"none\">ses<\/span><span data-contrast=\"none\"> soci\u00e9taires\u202fet favoriser l\u2019autonomisation des femmes\u202f?\u00a0<\/span><span data-ccp-props=\"{&quot;134233279&quot;:true,&quot;469777462&quot;:[4962],&quot;469777927&quot;:[0],&quot;469777928&quot;:[1]}\">\u00a0<\/span><\/li>\n<li data-leveltext=\"\uf0b7\" data-font=\"Symbol\" data-listid=\"3\" aria-setsize=\"-1\" data-aria-posinset=\"2\" data-aria-level=\"1\"><span data-contrast=\"none\">Smart doit-elle r\u00e9aliser un diagnostic de situation compar\u00e9e femmes-hommes pour l\u2019ensemble des soci\u00e9taires\u202f?<\/span><span data-ccp-props=\"{&quot;134233279&quot;:true,&quot;469777462&quot;:[4962],&quot;469777927&quot;:[0],&quot;469777928&quot;:[1]}\">\u00a0<\/span><\/li>\n<li data-leveltext=\"\uf0b7\" data-font=\"Symbol\" data-listid=\"3\" aria-setsize=\"-1\" data-aria-posinset=\"3\" data-aria-level=\"1\"><span data-contrast=\"none\">comment<\/span><span data-contrast=\"none\"> Smart peut-elle mettre en place des mesures positives pour faciliter l\u2019acc\u00e8s \u00e0 l\u2019\u00e9galit\u00e9 en termes de r\u00e9mun\u00e9ration\u202f?<\/span><span data-ccp-props=\"{&quot;134233279&quot;:true,&quot;469777462&quot;:[4962],&quot;469777927&quot;:[0],&quot;469777928&quot;:[1]}\">\u00a0<\/span><\/li>\n<\/ul>\n<p><a href=\"https:\/\/smartbe.be\/wp-content\/uploads\/2019\/11\/fleche-01.png\"><img loading=\"lazy\" decoding=\"async\" class=\"alignnone size-full wp-image-28846\" src=\"https:\/\/smartbe.be\/wp-content\/uploads\/2019\/11\/fleche-01.png\" alt=\"\" width=\"142\" height=\"13\" \/><\/a><a href=\"https:\/\/forms.office.com\/Pages\/ResponsePage.aspx?id=TEzYTCFpjUir0MT6deXQOZv5laWiqUdJmwi7nC2i7bhUMEdQOUNXN1JaRVM4NFBGN0JXSzlNRjZCWC4u\" target=\"_blank\" rel=\"noopener noreferrer\">Je participe<\/a><\/p>\n<h2>Des questions?<\/h2>\n<p><strong><a href=\"mailto:&#x73;&#x6d;&#x61;&#x72;&#x74;&#x69;&#x6e;&#x70;&#x72;&#x6f;&#x67;&#x72;&#x65;&#x73;&#x73;&#x40;&#x73;&#x6d;&#x61;&#x72;&#x74;&#x2e;&#x63;&#x6f;&#x6f;&#x70;\">&#x73;&#x6d;&#x61;&#x72;&#x74;&#x69;&#x6e;&#x70;&#x72;&#x6f;&#x67;&#x72;&#x65;&#x73;&#x73;&#x40;<span class=\"oe_displaynone\">null<\/span>&#x73;&#x6d;&#x61;&#x72;&#x74;&#x2e;&#x63;&#x6f;&#x6f;&#x70;<\/a><\/strong><\/p>\n<h2>Consultez les enjeux et les travaux attendus des autres groupes de travail<\/h2>\n<p><a href=\"https:\/\/smartbe.be\/fr\/la-cooperative-2\/smart-progress\/groupes-de-travail-2019-2020\/consolider-mon-activite\/\" target=\"_blank\" rel=\"noopener noreferrer\">&gt; Consolider mon activit\u00e9<\/a><\/p>\n<p><a href=\"https:\/\/smartbe.be\/fr\/la-cooperative-2\/smart-progress\/groupes-de-travail-2019-2020\/espaces-partages-tiers-lieux%e2%80%af-les-espaces-de-travail\/\" target=\"_blank\" rel=\"noopener noreferrer\">&gt; Espaces partag\u00e9s, tiers-lieux\u202f: les espaces de travail<\/a><\/p>\n<p><em>(1) Virginie Fontier \u00ab\u202fLa f\u00e9minisation des coop\u00e9ratives d\u2019activit\u00e9 et d\u2019emploi au regard de la sociologie\u202f\u00bb Smart, mai 2017\u00a0<\/em><\/p>\n<p><em>(2) \u00c9tude cit\u00e9e dans Adrien de Fraipont \u00ab\u202fIdentit\u00e9 de genre et discrimination\u202f: la culture n\u2019est pas \u00e9pargn\u00e9e\u202f\u00bb Smart, juin 2016\u00a0<\/em><\/p>","protected":false},"excerpt":{"rendered":"<p>Contexte\u00a0 Cette th\u00e9matique, co-construite avec le collectif 8Smart qui s\u2019est constitu\u00e9 lors de la mobilisation pour la journ\u00e9e internationale pour les droits des femmes le 8 mars 2019 et inspir\u00e9e du dernier rapport triennal de l\u2019observatoire pour l\u2019\u00e9galit\u00e9 dans l\u2019\u00e9conomie &hellip;<\/p>\n","protected":false},"author":66,"featured_media":0,"parent":28843,"menu_order":0,"comment_status":"closed","ping_status":"closed","template":"","meta":{"footnotes":""},"tags":[],"class_list":["post-28864","page","type-page","status-publish","hentry"],"aioseo_notices":[],"_links":{"self":[{"href":"https:\/\/smartbe.be\/fr\/wp-json\/wp\/v2\/pages\/28864","targetHints":{"allow":["GET"]}}],"collection":[{"href":"https:\/\/smartbe.be\/fr\/wp-json\/wp\/v2\/pages"}],"about":[{"href":"https:\/\/smartbe.be\/fr\/wp-json\/wp\/v2\/types\/page"}],"author":[{"embeddable":true,"href":"https:\/\/smartbe.be\/fr\/wp-json\/wp\/v2\/users\/66"}],"replies":[{"embeddable":true,"href":"https:\/\/smartbe.be\/fr\/wp-json\/wp\/v2\/comments?post=28864"}],"version-history":[{"count":15,"href":"https:\/\/smartbe.be\/fr\/wp-json\/wp\/v2\/pages\/28864\/revisions"}],"predecessor-version":[{"id":48093,"href":"https:\/\/smartbe.be\/fr\/wp-json\/wp\/v2\/pages\/28864\/revisions\/48093"}],"up":[{"embeddable":true,"href":"https:\/\/smartbe.be\/fr\/wp-json\/wp\/v2\/pages\/28843"}],"wp:attachment":[{"href":"https:\/\/smartbe.be\/fr\/wp-json\/wp\/v2\/media?parent=28864"}],"wp:term":[{"taxonomy":"post_tag","embeddable":true,"href":"https:\/\/smartbe.be\/fr\/wp-json\/wp\/v2\/tags?post=28864"}],"curies":[{"name":"wp","href":"https:\/\/api.w.org\/{rel}","templated":true}]}}