
{"id":28843,"date":"2019-11-05T10:56:37","date_gmt":"2019-11-05T09:56:37","guid":{"rendered":"https:\/\/smartbe.be\/?page_id=28843"},"modified":"2021-01-29T12:50:02","modified_gmt":"2021-01-29T11:50:02","slug":"groupes-de-travail-2019-2020","status":"publish","type":"page","link":"https:\/\/smartbe.be\/fr\/la-cooperative-2\/smart-progress\/groupes-de-travail-2019-2020\/","title":{"rendered":"Groupes de travail 2019-2020 [cl\u00f4tur\u00e9]"},"content":{"rendered":"<div class=\"video-container\"><iframe loading=\"lazy\" title=\"Smart in Progress 2019 - 4\u00e8me Cycle - Belgique - Appel \u00e0 participer\" width=\"584\" height=\"329\" src=\"https:\/\/www.youtube.com\/embed\/djgQmmHwJZ4?feature=oembed\" frameborder=\"0\" allow=\"accelerometer; autoplay; clipboard-write; encrypted-media; gyroscope; picture-in-picture; web-share\" referrerpolicy=\"strict-origin-when-cross-origin\" allowfullscreen><\/iframe><\/div>\n<p>En juin 2019, lors de l&rsquo;Assembl\u00e9e g\u00e9n\u00e9rale, les soci\u00e9taires de la coop\u00e9rative ont vot\u00e9 la constitution de trois groupes de travail. Ces groupes de travail ont \u00e9t\u00e9 amen\u00e9s \u00e0 r\u00e9fl\u00e9chir \u00e0 trois th\u00e9matiques\u202f:<\/p>\n<ol>\n<li>Penser et agir pour l\u2019\u00e9galit\u00e9 des genres<\/li>\n<li>Consolider mon activit\u00e9 professionnelle<\/li>\n<li>D\u00e9velopper des espaces de travail partag\u00e9s<\/li>\n<\/ol>\n<p>&nbsp;<\/p>\n<h2 aria-level=\"2\">Les enjeux et les missions des groupes de travail<\/h2>\n<ol>\n<li><a href=\"https:\/\/smartbe.be\/fr\/la-cooperative-2\/smart-progress\/groupes-de-travail-2019-2020\/penser-et-agir-pour-legalite\/\"><b><span data-contrast=\"none\">Penser et agir pour l\u2019\u00e9galit\u00e9<\/span><\/b><\/a><span data-contrast=\"none\">. L&rsquo;\u00e9galit\u00e9 entre les genres (F\/H\/X), c&rsquo;est interroger les gouvernances et les rapports de pouvoir ; questionner les conditions de travail et les rapports de domination ; chercher \u00e0 favoriser l&rsquo;autonomisation des femmes, l&rsquo;initiative et la responsabilit\u00e9 citoyenne de toutes et tous. Ce groupe de travail r\u00e9fl\u00e9chira aux enjeux transversaux de l&rsquo;\u00e9galit\u00e9 des genres et proposera des pistes d&rsquo;actions concr\u00e8tes pour faire bouger les lignes <\/span><span data-contrast=\"none\">\u00ab\u202f<\/span><span data-contrast=\"none\">dans les t\u00eates et dans les faits<\/span><span data-contrast=\"none\">\u202f\u00bb<\/span><span data-contrast=\"none\">.\u202f<\/span><a href=\"https:\/\/smartbe.be\/fr\/la-cooperative-2\/smart-progress\/groupes-de-travail-2019-2020\/penser-et-agir-pour-legalite\/\"><span data-contrast=\"none\">En savoir plus<\/span><span data-ccp-props=\"{&quot;134233117&quot;:true,&quot;134233118&quot;:true,&quot;201341983&quot;:2,&quot;335559738&quot;:96,&quot;335559739&quot;:192,&quot;335559740&quot;:384}\">\u00a0<\/span><\/a><\/li>\n<li data-leveltext=\"%1.\" data-font=\"Calibri\" data-listid=\"5\" aria-setsize=\"-1\" data-aria-posinset=\"2\" data-aria-level=\"1\"><a href=\"https:\/\/smartbe.be\/fr\/la-cooperative-2\/smart-progress\/groupes-de-travail-2019-2020\/consolider-mon-activite\/\"><b><span data-contrast=\"none\">Consolider mon activit\u00e9<\/span><\/b><\/a><span data-contrast=\"none\"> : quels sont les besoins d\u2019accompagnement, de conseil et de formation utiles au lancement, au d\u00e9veloppement et \u00e0 la consolidation de mon activit\u00e9 professionnelle ?\u202f<\/span><a href=\"https:\/\/smartbe.be\/fr\/la-cooperative-2\/smart-progress\/groupes-de-travail-2019-2020\/consolider-mon-activite\/\"><span data-contrast=\"none\">En savoir plus<\/span><\/a><\/li>\n<li><a href=\"https:\/\/smartbe.be\/fr\/la-cooperative-2\/smart-progress\/groupes-de-travail-2019-2020\/espaces-partages-tiers-lieux%e2%80%af-les-espaces-de-travail\/\"><b><span data-contrast=\"none\">Espaces partag\u00e9s, tiers-lieux\u202f: les espaces de travail<\/span><\/b><\/a><span data-contrast=\"none\">. Travailler \u00e0 mon domicile, dans un espace de co-working ou louer un local avec d\u2019autres personnes\u2026comment Smart peut r\u00e9pondre \u00e0 ces besoins ?\u202f<\/span><a href=\"https:\/\/smartbe.be\/fr\/la-cooperative-2\/smart-progress\/groupes-de-travail-2019-2020\/espaces-partages-tiers-lieux%e2%80%af-les-espaces-de-travail\/\"><span data-contrast=\"none\">En savoir plus<\/span><span data-ccp-props=\"{&quot;134233117&quot;:true,&quot;134233118&quot;:true,&quot;201341983&quot;:2,&quot;335559738&quot;:96,&quot;335559739&quot;:192,&quot;335559740&quot;:384}\">\u00a0<\/span><\/a><\/li>\n<\/ol>\n<p>&nbsp;<\/p>\n<h2>Une th\u00e9matique par ville<\/h2>\n<p>Pour faciliter la participation de toutes et tous, chaque bureau de Smart a travaill\u00e9 sur une th\u00e9matique.<\/p>\n<p>De d\u00e9cembre 2019 \u00e0 avril 2020, les groupes ont eu pour mission de formuler des recommandations au Conseil d\u2019administration en vue de la mise en \u0153uvre de projets en lien avec chaque th\u00e9matique.<\/p>\n<p>Appuy\u00e9s par un animateur et un conseiller de votre bureau, les groupes se sont organis\u00e9s pour traiter leur sujet. Ils ont pu faire appel \u00e0 des experts et partenaires pour s\u2019inspirer et apporter une diversit\u00e9 de points de vue.<\/p>\n<p>&nbsp;<\/p>\n<h2><a name=\"recommandations\"><\/a>Les recommandations \u00e9mises<\/h2>\n<p><span data-contrast=\"none\">Avant que les recommandations n&rsquo;aient \u00e9t\u00e9 confi\u00e9es, en mai 2020, aux conseils d\u2019administration pour instruction et dans la perspective de pr\u00e9parer <\/span><span data-contrast=\"none\">l\u2019assembl\u00e9e g\u00e9n\u00e9rale, <\/span><span data-contrast=\"none\">les recommandations \u00e9mises par tous les groupes de travail belges et fran\u00e7ais issus de la d\u00e9marche Smart in Progress ont \u00e9t\u00e9 pr\u00e9sent\u00e9es aux soci\u00e9taires en live et en consultation libre.<\/span><\/p>\n<p>Chacun.e a pu prendre connaissance des projets de recommandations, il.elle a pu les commenter via le blog et en discuter lors des visioconf\u00e9rence.<\/p>\n<p>Consulter les recommandations transmises aux conseils d&rsquo;administration (Belgique et France):<\/p>\n<p><a href=\"https:\/\/smartbe.be\/wp-content\/uploads\/2021\/01\/fleche-arrow-long.png\"><img loading=\"lazy\" decoding=\"async\" class=\"alignnone size-full wp-image-33556\" src=\"https:\/\/smartbe.be\/wp-content\/uploads\/2021\/01\/fleche-arrow-long.png\" alt=\"\" width=\"142\" height=\"13\" \/><\/a><a href=\"https:\/\/smartbe.be\/wp-content\/uploads\/2020\/05\/Recommandations-SIP-2019-2020-Espaces-Partag%C3%A9s.pdf\">Les recommandations\u00a0<b>\u00ab\u00a0<\/b><b>Espaces partag\u00e9s, tiers-lieux : les espaces de travail <\/b><\/a><b><a href=\"https:\/\/smartbe.be\/wp-content\/uploads\/2020\/05\/Recommandations-SIP2019-2020-Gouvernance.pdf\"><strong>\u00bb<\/strong><\/a><\/b><\/p>\n<p><span data-contrast=\"auto\"><a href=\"https:\/\/smartbe.be\/wp-content\/uploads\/2021\/01\/fleche-arrow-long.png\"><img loading=\"lazy\" decoding=\"async\" class=\"alignnone size-full wp-image-33556\" src=\"https:\/\/smartbe.be\/wp-content\/uploads\/2021\/01\/fleche-arrow-long.png\" alt=\"\" width=\"142\" height=\"13\" \/><\/a><a href=\"https:\/\/smartbe.be\/wp-content\/uploads\/2020\/05\/Recommandations-SIP2019-2020-Gouvernance.pdf\">Les recommandations\u00a0<strong>\u00ab\u00a0Une entreprise partag\u00e9e et participative est ce bien r\u00e9aliste ?\u00a0\u00bb<\/strong><\/a><\/span><\/p>\n<p><span data-contrast=\"auto\"><a href=\"https:\/\/smartbe.be\/wp-content\/uploads\/2021\/01\/fleche-arrow-long.png\"><img loading=\"lazy\" decoding=\"async\" class=\"alignnone size-full wp-image-33556\" src=\"https:\/\/smartbe.be\/wp-content\/uploads\/2021\/01\/fleche-arrow-long.png\" alt=\"\" width=\"142\" height=\"13\" \/><\/a><a href=\"https:\/\/smartbe.be\/wp-content\/uploads\/2020\/05\/Recommandations-SIP-2019-2020-Publics.pdf\">Les recommandations \u00ab\u00a0<b>\u00catre<\/b><b>\u00a0une coop\u00e9rative<\/b><b>\u00a0<\/b><b>avec qui et pour qui<\/b><b>\u00a0<\/b><b>?\u00a0\u00bb<\/b><\/a><\/span><\/p>\n<p><a href=\"https:\/\/smartbe.be\/wp-content\/uploads\/2021\/01\/fleche-arrow-long.png\"><img loading=\"lazy\" decoding=\"async\" class=\"alignnone size-full wp-image-33556\" src=\"https:\/\/smartbe.be\/wp-content\/uploads\/2021\/01\/fleche-arrow-long.png\" alt=\"\" width=\"142\" height=\"13\" \/><\/a><a href=\"https:\/\/smartbe.be\/wp-content\/uploads\/2020\/05\/Recommanddations-SIP-2019-2020-Egalit%C3%A9.pdf\"><span data-ccp-props=\"{&quot;201341983&quot;:0,&quot;335559739&quot;:160,&quot;335559740&quot;:259}\">Les recommandations\u00a0<\/span><b><span data-contrast=\"auto\">\u00ab\u00a0<\/span><\/b><b><span data-contrast=\"auto\">Penser et agir pour l\u2019\u00e9galit\u00e9<\/span><\/b><b><span data-contrast=\"auto\">\u00a0\u00bb<\/span><\/b><\/a><b><span data-contrast=\"auto\">\u00a0<\/span><\/b><\/p>\n<p><a href=\"https:\/\/smartbe.be\/wp-content\/uploads\/2021\/01\/fleche-arrow-long.png\"><img loading=\"lazy\" decoding=\"async\" class=\"alignnone size-full wp-image-33556\" src=\"https:\/\/smartbe.be\/wp-content\/uploads\/2021\/01\/fleche-arrow-long.png\" alt=\"\" width=\"142\" height=\"13\" \/><\/a><a href=\"https:\/\/smartbe.be\/wp-content\/uploads\/2020\/05\/Recommandations-SIP-2019-2020-Outils-.pdf\">Les recommandations\u00a0<b><span data-contrast=\"auto\">\u00ab\u00a0<\/span><\/b><b><span data-contrast=\"auto\">Cr\u00e9er<\/span><\/b><b><span data-contrast=\"auto\">,\u00a0<\/span><\/b><b><span data-contrast=\"auto\">d\u00e9velopper<\/span><\/b><b><span data-contrast=\"auto\">\u00a0et consolider mon activit\u00e9<\/span><\/b><b><span data-contrast=\"auto\">\u00a0:<\/span><\/b><b><span data-contrast=\"auto\"> comment et avec quels outils ?<\/span><\/b><\/a><b><a href=\"https:\/\/smartbe.be\/wp-content\/uploads\/2020\/05\/Recommandations-SIP2019-2020-Gouvernance.pdf\"><strong>\u00bb<\/strong><\/a><\/b><b><span data-contrast=\"auto\">\u00a0<\/span><\/b><\/p>\n<p><a href=\"https:\/\/smartbe.be\/wp-content\/uploads\/2021\/01\/fleche-arrow-long.png\"><img loading=\"lazy\" decoding=\"async\" class=\"alignnone size-full wp-image-33556\" src=\"https:\/\/smartbe.be\/wp-content\/uploads\/2021\/01\/fleche-arrow-long.png\" alt=\"\" width=\"142\" height=\"13\" \/><\/a><a href=\"https:\/\/smartbe.be\/wp-content\/uploads\/2020\/04\/smart_SIP-2020-Modele-eco-point.pdf\">La r\u00e9flexion sur la th\u00e9matique\u00a0<b>\u00ab\u00a0<\/b><b>M<\/b><b>utualiste, redistributif, solidaire : un mod\u00e8le \u00e9conomique viable ?\u00a0\u00bb<\/b><\/a><\/p>\n<h2><\/h2>\n<p>&nbsp;<\/p>\n<h2>Des questions\u202f?<\/h2>\n<p><a href=\"https:\/\/smartbe.be\/wp-content\/uploads\/2021\/01\/fleche-arrow-long.png\"><img loading=\"lazy\" decoding=\"async\" class=\"alignnone size-full wp-image-33556\" src=\"https:\/\/smartbe.be\/wp-content\/uploads\/2021\/01\/fleche-arrow-long.png\" alt=\"\" width=\"142\" height=\"13\" \/><\/a><a href=\"mailto:&#x73;&#x6d;&#x61;&#x72;&#x74;&#x69;&#x6e;&#x70;&#x72;&#x6f;&#x67;&#x72;&#x65;&#x73;&#x73;&#x40;&#x73;&#x6d;&#x61;&#x72;&#x74;&#x2e;&#x63;&#x6f;&#x6f;&#x70;\">&#x73;&#x6d;&#x61;&#x72;&#x74;&#x69;&#x6e;&#x70;&#x72;&#x6f;&#x67;&#x72;&#x65;&#x73;&#x73;&#x40;<span class=\"oe_displaynone\">null<\/span>&#x73;&#x6d;&#x61;&#x72;&#x74;&#x2e;&#x63;&#x6f;&#x6f;&#x70;<span data-ccp-props=\"{&quot;201341983&quot;:0,&quot;335559739&quot;:200,&quot;335559740&quot;:276}\">\u00a0<\/span><\/a><\/p>\n<p>&nbsp;<\/p>\n<h2>Smart in Progress<\/h2>\n<p>La mise en place de ces groupes de travail s\u2019inscrit dans la d\u00e9marche\u202f<a href=\"https:\/\/smartbe.be\/fr\/smart-progress\/\" target=\"_blank\" rel=\"noopener noreferrer\">Smart in Progress<\/a>, qui\u202fpropose des espaces de r\u00e9flexion et d\u2019\u00e9change autour de notre projet et de son \u00e9volution.<br \/>\nLanc\u00e9e en Belgique en 2015, la d\u00e9marche a d\u00e9j\u00e0 permis \u00e0 plus de 4000 personnes de prendre part \u00e0 la vie de la coop\u00e9rative et aux \u00e9volutions de son projet. Poursuivre le processus, le lancer sur d\u2019autres territoires, y associer toujours plus les soci\u00e9taires, tout en pr\u00e9voyant des formats adapt\u00e9s aux capacit\u00e9s de chacun et chacune, est une des priorit\u00e9s de la coop\u00e9rative.<\/p>\n<h2>Les \u00e9ditions pr\u00e9c\u00e9dentes<\/h2>\n<p>Retour sur les \u00e9ditions pr\u00e9c\u00e9dentes lors de l&rsquo;Assembl\u00e9e g\u00e9n\u00e9rale 2019<\/p>\n<div class=\"video-container\"><iframe loading=\"lazy\" title=\"[LIVE] Let&#039;s Coop 2019 - Assembl\u00e9e g\u00e9n\u00e9rale Belgique\" width=\"584\" height=\"329\" src=\"https:\/\/www.youtube.com\/embed\/MCHXaq-AMgY?start=3990&#038;feature=oembed\" frameborder=\"0\" allow=\"accelerometer; autoplay; clipboard-write; encrypted-media; gyroscope; picture-in-picture; web-share\" referrerpolicy=\"strict-origin-when-cross-origin\" allowfullscreen><\/iframe><\/div>\n<p>&nbsp;<\/p>\n<p><a href=\"https:\/\/smartbe.be\/fr\/la-cooperative-2\/smart-progress\/groupes-de-travail-2018-2019\/\" rel=\"noopener noreferrer\"><span data-contrast=\"none\">S<\/span><span data-contrast=\"none\">i<\/span><span data-contrast=\"none\">P<\/span><span data-contrast=\"none\">#<\/span><span data-contrast=\"none\">3\u202f<\/span><span data-contrast=\"none\">&#8211; Centrale d\u2019achat \u00e9co-responsable, impact social\u202fde Smart fili\u00e8res \u00e9conomiques (<\/span><span data-contrast=\"none\">2018-2019<\/span><span data-contrast=\"auto\">)<\/span><\/a><span data-contrast=\"auto\">\u00a0<\/span><span data-ccp-props=\"{&quot;134233279&quot;:true,&quot;201341983&quot;:0,&quot;335559739&quot;:200,&quot;335559740&quot;:276}\">\u00a0<\/span><\/p>\n<p><a href=\"https:\/\/smartbe.be\/fr\/la-cooperative-2\/smart-progress\/groupes-de-travail-participatifs-et-multi-societaires\/\" rel=\"noopener noreferrer\"><span data-contrast=\"none\">S<\/span><span data-contrast=\"none\">i<\/span><span data-contrast=\"none\">P<\/span><span data-contrast=\"none\">#<\/span><span data-contrast=\"none\">2- Comit\u00e9 \u00e9thique, repr\u00e9sentation de Smart, informations financi\u00e8res et \u00e9conomiques, outils informatiques (<\/span><span data-contrast=\"none\">2017-2018<\/span><span data-contrast=\"auto\">)<\/span><span data-ccp-props=\"{&quot;134233279&quot;:true,&quot;201341983&quot;:0,&quot;335559739&quot;:200,&quot;335559740&quot;:276}\">\u00a0<\/span><\/a><\/p>\n<p><a href=\"https:\/\/smartbe.be\/fr\/la-cooperative-2\/les-archives-de-la-cooperative\/6-mois-de-debats-2015-2016\/\"><span data-contrast=\"none\">SiP<\/span><span data-contrast=\"none\">#<\/span><span data-contrast=\"none\">1 &#8211; <\/span><span data-contrast=\"none\">R<\/span><span data-contrast=\"none\">ed\u00e9finition du projet Smart (2015-2016)<\/span><\/a><span data-ccp-props=\"{&quot;134233279&quot;:true,&quot;201341983&quot;:0,&quot;335559739&quot;:200,&quot;335559740&quot;:276}\">\u00a0<\/span><\/p>\n<p><span data-ccp-props=\"{&quot;201341983&quot;:2,&quot;335559739&quot;:200,&quot;335559740&quot;:315}\">\u00a0<\/span><\/p>\n<p><b><span data-contrast=\"auto\">Publications<\/span><\/b><span data-ccp-props=\"{&quot;201341983&quot;:0,&quot;335559739&quot;:200,&quot;335559740&quot;:276}\">\u00a0<\/span><\/p>\n<p><span data-contrast=\"none\">Retour sur le sens et les enseignements de cette d\u00e9marche de coop\u00e9ration.<\/span><span data-ccp-props=\"{&quot;201341983&quot;:0,&quot;335559739&quot;:200,&quot;335559740&quot;:276}\">\u00a0<\/span><\/p>\n<ul>\n<li data-leveltext=\"\uf0b7\" data-font=\"Symbol\" data-listid=\"13\" aria-setsize=\"-1\" data-aria-posinset=\"1\" data-aria-level=\"1\"><a href=\"https:\/\/smartbe.be\/fr\/comprendre\/publications\/education-permanente\/pour-une-ecole-de-la-cooperation-chez-smart\/\"><span data-contrast=\"none\">Pour une \u00e9cole de la coop\u00e9ration chez Smart<\/span><\/a><span data-ccp-props=\"{&quot;134233117&quot;:true,&quot;134233118&quot;:true,&quot;201341983&quot;:2,&quot;335559739&quot;:238,&quot;335559740&quot;:450}\">\u00a0<\/span><\/li>\n<li data-leveltext=\"\uf0b7\" data-font=\"Symbol\" data-listid=\"13\" aria-setsize=\"-1\" data-aria-posinset=\"2\" data-aria-level=\"1\"><a href=\"https:\/\/smartbe.be\/wp-content\/uploads\/2019\/10\/2019-08-SIP1webpageFR.pdf\"><span data-contrast=\"none\">Smart in Progress \u2013 Faire coop\u00e9rative<\/span><\/a><span data-contrast=\"auto\">\u202f:<\/span><span data-contrast=\"none\">\u00a0la vie coop\u00e9rative au sein d\u2019une coalition de travailleuses et travailleurs autonomes<\/span><span data-ccp-props=\"{&quot;134233279&quot;:true,&quot;201341983&quot;:0,&quot;335559739&quot;:200,&quot;335559740&quot;:276}\">\u00a0<\/span><\/li>\n<li data-leveltext=\"\uf0b7\" data-font=\"Symbol\" data-listid=\"13\" aria-setsize=\"-1\" data-aria-posinset=\"3\" data-aria-level=\"1\"><a href=\"https:\/\/smartbe.be\/fr\/comprendre\/publications\/education-permanente\/un-processus-participatif-les-groupes-de-travail-de-smart-progress-12\/\"><span data-contrast=\"none\">Un processus participatif : les groupes de travail de Smart in Progress (1\/2)<\/span><\/a><span data-ccp-props=\"{&quot;134233279&quot;:true,&quot;201341983&quot;:0,&quot;335559739&quot;:200,&quot;335559740&quot;:276}\">\u00a0<\/span><\/li>\n<li data-leveltext=\"\uf0b7\" data-font=\"Symbol\" data-listid=\"13\" aria-setsize=\"-1\" data-aria-posinset=\"4\" data-aria-level=\"1\"><a href=\"https:\/\/smartbe.be\/fr\/comprendre\/publications\/education-permanente\/les-groupes-de-travail-de-smart-progress-22-reflexions-sur-une-experience\/\" target=\"_blank\" rel=\"noopener noreferrer\"><span data-contrast=\"none\">Les groupes de travail de Smart in Progress (2\/2) : R\u00e9flexions sur une exp\u00e9rience<\/span><span data-ccp-props=\"{&quot;134233279&quot;:true,&quot;201341983&quot;:0,&quot;335559739&quot;:200,&quot;335559740&quot;:276}\">\u00a0<\/span><\/a><\/li>\n<\/ul>\n<p><span data-ccp-props=\"{&quot;134233279&quot;:true,&quot;201341983&quot;:0,&quot;335559685&quot;:720,&quot;335559739&quot;:200,&quot;335559740&quot;:276}\">\u00a0<\/span><\/p>","protected":false},"excerpt":{"rendered":"<p>En juin 2019, lors de l&rsquo;Assembl\u00e9e g\u00e9n\u00e9rale, les soci\u00e9taires de la coop\u00e9rative ont vot\u00e9 la constitution de trois groupes de travail. Ces groupes de travail ont \u00e9t\u00e9 amen\u00e9s \u00e0 r\u00e9fl\u00e9chir \u00e0 trois th\u00e9matiques\u202f: Penser et agir pour l\u2019\u00e9galit\u00e9 des genres &hellip;<\/p>\n","protected":false},"author":66,"featured_media":0,"parent":11514,"menu_order":0,"comment_status":"closed","ping_status":"closed","template":"","meta":{"footnotes":""},"tags":[],"class_list":["post-28843","page","type-page","status-publish","hentry"],"aioseo_notices":[],"_links":{"self":[{"href":"https:\/\/smartbe.be\/fr\/wp-json\/wp\/v2\/pages\/28843","targetHints":{"allow":["GET"]}}],"collection":[{"href":"https:\/\/smartbe.be\/fr\/wp-json\/wp\/v2\/pages"}],"about":[{"href":"https:\/\/smartbe.be\/fr\/wp-json\/wp\/v2\/types\/page"}],"author":[{"embeddable":true,"href":"https:\/\/smartbe.be\/fr\/wp-json\/wp\/v2\/users\/66"}],"replies":[{"embeddable":true,"href":"https:\/\/smartbe.be\/fr\/wp-json\/wp\/v2\/comments?post=28843"}],"version-history":[{"count":43,"href":"https:\/\/smartbe.be\/fr\/wp-json\/wp\/v2\/pages\/28843\/revisions"}],"predecessor-version":[{"id":33694,"href":"https:\/\/smartbe.be\/fr\/wp-json\/wp\/v2\/pages\/28843\/revisions\/33694"}],"up":[{"embeddable":true,"href":"https:\/\/smartbe.be\/fr\/wp-json\/wp\/v2\/pages\/11514"}],"wp:attachment":[{"href":"https:\/\/smartbe.be\/fr\/wp-json\/wp\/v2\/media?parent=28843"}],"wp:term":[{"taxonomy":"post_tag","embeddable":true,"href":"https:\/\/smartbe.be\/fr\/wp-json\/wp\/v2\/tags?post=28843"}],"curies":[{"name":"wp","href":"https:\/\/api.w.org\/{rel}","templated":true}]}}