
{"id":28630,"date":"2019-10-18T21:07:00","date_gmt":"2019-10-18T20:07:00","guid":{"rendered":"https:\/\/smartbe.be\/?page_id=28630"},"modified":"2025-11-06T20:00:11","modified_gmt":"2025-11-06T19:00:11","slug":"smart-en-bref","status":"publish","type":"page","link":"https:\/\/smartbe.be\/fr\/smart-en-bref\/","title":{"rendered":"Smart en bref"},"content":{"rendered":"<p>Smart permet \u00e0 des travailleur\u00b7euses, cr\u00e9atif\u00b7ves, ind\u00e9pendant\u00b7es ou entrepreneur\u00b7es d\u2019h\u00e9berger leur projet.<\/p>\n<p>Au sein de Smart, ils et elles partagent des moyens, des outils et des garanties pour d\u00e9velopper leurs activit\u00e9s en toute s\u00e9r\u00e9nit\u00e9.<\/p>\n<p>En choisissant la solution coop\u00e9rative Smart, ils et elles font le choix de la protection sociale du salari\u00e9 alli\u00e9e \u00e0 la libert\u00e9 de l\u2019ind\u00e9pendant.<\/p>\n<h3><\/h3>\n<h3><a href=\"https:\/\/smartbe.be\/fr\/pourquoi-rejoindre-smart\/\">SMART, POUR QUOI?<\/a><\/h3>\n<p>Smart r\u00e9pond utilement aux enjeux et aux \u00e9volutions du travail et notamment au d\u00e9veloppement de la multi-activit\u00e9 et propose une alternative s\u00e9curis\u00e9e \u00e0 la cr\u00e9ation d\u2019entreprise ou au statut d\u2019ind\u00e9pendant.<\/p>\n<p>Smart permet \u00e0 toute personne de d\u00e9velopper son activit\u00e9 \u00e9conomique sans cr\u00e9er d\u2019entreprise et sans prendre de risque. Smart, en tant que structure employeuse de ses membres, porte la responsabilit\u00e9 de la r\u00e9mun\u00e9ration et de toutes les d\u00e9clarations sociales et fiscales qui d\u00e9coulent de leur activit\u00e9 tandis qu\u2019aux yeux de leurs client\u00b7es, ils et elles agissent comme des travailleur\u00b7euses ind\u00e9pendant\u00b7es.<\/p>\n<h3><a href=\"https:\/\/smartbe.be\/fr\/smart-pour-qui\/\">SMART POUR QUI?<\/a><\/h3>\n<p>Ils et elles sont journalistes, musicien\u00b7nes, webdesigners, consultant\u00b7es, formateur\u00b7trices ou encore profs de sport. Ils ou elles sont porteurs d\u2019un projet entrepreneurial p\u00e9renne, demandeur\u00b7euses d\u2019emploi reprenant une activit\u00e9, \u00e9tudiant\u00b7es testant une activit\u00e9, retrait\u00e9\u00b7es ou salari\u00e9\u00b7es effectuant des missions en compl\u00e9ment de leurs revenus.<\/p>\n<p>Quel que soit leur profil ou leur secteur d\u2019activit\u00e9, qu\u2019ils ou elles d\u00e9veloppent leurs activit\u00e9s de fa\u00e7on p\u00e9renne ou ponctuelle, Smart leur permet de b\u00e9n\u00e9ficier d\u2019un support administratif, juridique et financier mutualis\u00e9.<\/p>\n<h3><a href=\"https:\/\/smartbe.be\/fr\/comment-fonctionne-une-entreprise-partagee\/\">SMART, UNE ENTREPRISE PARTAG\u00c9E<\/a><\/h3>\n<p>Une entreprise partag\u00e9e d\u00e9signe une entreprise constitu\u00e9e de travailleuses et travailleurs autonomes qui d\u00e9cident de s\u2019associer pour exercer leur m\u00e9tier en mutualisant un ensemble de services et d\u2019outils inh\u00e9rents \u00e0 la cr\u00e9ation d\u2019activit\u00e9s \u00e9conomiques.<\/p>\n<p>Plut\u00f4t que de cr\u00e9er chacun leur propre structure, ils utilisent l\u2019entreprise partag\u00e9e qui constitue le v\u00e9hicule commun, juridique, administratif et assurantiel emprunt\u00e9 par l\u2019ensemble des entit\u00e9s associ\u00e9es afin d\u2019agir \u00e9conomiquement: investir, acheter, engager du personnel, produire ou encore vendre.<\/p>\n<h3>SMART, UNE COOP\u00c9RATIVE<\/h3>\n<p>Smart a fait le choix de s\u2019organiser sous forme de coop\u00e9rative ouverte. \u00c0 ce titre, elle ne filtre pas ses soci\u00e9taires et promeut une gouvernance participative active, avec d\u2019autant plus d\u2019efficacit\u00e9 qu\u2019elle a fait le choix de ne pas r\u00e9mun\u00e9rer ces derniers: ni dividendes, ni valorisation des parts sociales. Cette formule leur garantit le contr\u00f4le de la richesse cr\u00e9\u00e9e par leur travail.<\/p>\n<p>&nbsp;<\/p>\n<p>&nbsp;<\/p>\n<p>&nbsp;<\/p>\n<h3><strong>Pour aller plus loin:<\/strong><\/h3>\n<ul>\n<li><a href=\"https:\/\/smartbe.be\/fr\/smart-pour-qui\/\">Smart, pour qui?<\/a><\/li>\n<\/ul>\n<ul>\n<li><a href=\"https:\/\/smartbe.be\/fr\/comment-fonctionne-une-entreprise-partagee\/\">Comment fonctionne une entreprise partag\u00e9e?<\/a><\/li>\n<\/ul>\n<ul>\n<li><a href=\"https:\/\/smartbe.be\/fr\/securisez-votre-projet-professionnel\/\">S\u00e9curisez votre projet professionnel<\/a><\/li>\n<\/ul>\n<ul>\n<li><a href=\"https:\/\/smartbe.be\/fr\/pourquoi-rejoindre-smart\/\">Pourquoi rejoindre Smart?<\/a><\/li>\n<\/ul>\n<ul>\n<li><a href=\"https:\/\/smartbe.be\/fr\/nos-services\/\">Les outils et services de l\u2019entreprise partag\u00e9e<\/a><\/li>\n<\/ul>\n<ul>\n<li><a href=\"https:\/\/smartbe.be\/fr\/nos-services\/modele-economique\/\">Que co\u00fbte Smart?<\/a><\/li>\n<\/ul>\n<ul>\n<li><a href=\"https:\/\/guide.smart.coop\/docs\/comprendre-smart\">Comprendre Smart, le guide<\/a><\/li>\n<\/ul>\n<ul>\n<li><a href=\"https:\/\/smartbe.be\/fr\/news\/portrait\/mascha-je-nai-pas-le-temps-de-rappeler-les-impayes-je-prefere-de-loin-consacrer-ce-temps-la-au-processus-de-creation\/\">Ils et elles ont rejoint Smart. D\u00e9couvrez pourquoi<\/a><\/li>\n<\/ul>\n<p>&nbsp;<\/p>\n<p>&nbsp;<\/p>","protected":false},"excerpt":{"rendered":"<p>Smart permet \u00e0 des travailleur\u00b7euses, cr\u00e9atif\u00b7ves, ind\u00e9pendant\u00b7es ou entrepreneur\u00b7es d\u2019h\u00e9berger leur projet. Au sein de Smart, ils et elles partagent des moyens, des outils et des garanties pour d\u00e9velopper leurs activit\u00e9s en toute s\u00e9r\u00e9nit\u00e9. En choisissant la solution coop\u00e9rative Smart, &hellip;<\/p>\n","protected":false},"author":54,"featured_media":0,"parent":0,"menu_order":0,"comment_status":"closed","ping_status":"closed","template":"","meta":{"footnotes":""},"tags":[],"class_list":["post-28630","page","type-page","status-publish","hentry"],"aioseo_notices":[],"_links":{"self":[{"href":"https:\/\/smartbe.be\/fr\/wp-json\/wp\/v2\/pages\/28630","targetHints":{"allow":["GET"]}}],"collection":[{"href":"https:\/\/smartbe.be\/fr\/wp-json\/wp\/v2\/pages"}],"about":[{"href":"https:\/\/smartbe.be\/fr\/wp-json\/wp\/v2\/types\/page"}],"author":[{"embeddable":true,"href":"https:\/\/smartbe.be\/fr\/wp-json\/wp\/v2\/users\/54"}],"replies":[{"embeddable":true,"href":"https:\/\/smartbe.be\/fr\/wp-json\/wp\/v2\/comments?post=28630"}],"version-history":[{"count":13,"href":"https:\/\/smartbe.be\/fr\/wp-json\/wp\/v2\/pages\/28630\/revisions"}],"predecessor-version":[{"id":48968,"href":"https:\/\/smartbe.be\/fr\/wp-json\/wp\/v2\/pages\/28630\/revisions\/48968"}],"wp:attachment":[{"href":"https:\/\/smartbe.be\/fr\/wp-json\/wp\/v2\/media?parent=28630"}],"wp:term":[{"taxonomy":"post_tag","embeddable":true,"href":"https:\/\/smartbe.be\/fr\/wp-json\/wp\/v2\/tags?post=28630"}],"curies":[{"name":"wp","href":"https:\/\/api.w.org\/{rel}","templated":true}]}}