
{"id":28455,"date":"2019-10-01T16:08:12","date_gmt":"2019-10-01T15:08:12","guid":{"rendered":"https:\/\/smartbe.be\/?page_id=28455"},"modified":"2024-01-31T15:20:16","modified_gmt":"2024-01-31T14:20:16","slug":"centre-de-documentation","status":"publish","type":"page","link":"https:\/\/smartbe.be\/fr\/publications\/centre-de-documentation\/","title":{"rendered":"Centre de documentation"},"content":{"rendered":"<p>Depuis mai 2018, un centre de documentation est install\u00e9 au c\u0153ur de l\u2019espace de coworking KOP<strong><em>,<\/em><\/strong> rue Coenraets 72 \u00e0 Saint-Gilles (Bruxelles).<\/p>\n<p><a href=\"https:\/\/smartbe.be\/wp-content\/uploads\/2019\/10\/centredocumentation2019-IMG_4368-web.jpg\"><img loading=\"lazy\" decoding=\"async\" class=\" wp-image-28674 aligncenter\" src=\"https:\/\/smartbe.be\/wp-content\/uploads\/2019\/10\/centredocumentation2019-IMG_4368-web-1024x683.jpg\" alt=\"\" width=\"396\" height=\"264\" srcset=\"https:\/\/smartbe.be\/wp-content\/uploads\/2019\/10\/centredocumentation2019-IMG_4368-web-1024x683.jpg 1024w, https:\/\/smartbe.be\/wp-content\/uploads\/2019\/10\/centredocumentation2019-IMG_4368-web-300x200.jpg 300w, https:\/\/smartbe.be\/wp-content\/uploads\/2019\/10\/centredocumentation2019-IMG_4368-web-768x512.jpg 768w, https:\/\/smartbe.be\/wp-content\/uploads\/2019\/10\/centredocumentation2019-IMG_4368-web-450x300.jpg 450w, https:\/\/smartbe.be\/wp-content\/uploads\/2019\/10\/centredocumentation2019-IMG_4368-web-290x193.jpg 290w, https:\/\/smartbe.be\/wp-content\/uploads\/2019\/10\/centredocumentation2019-IMG_4368-web.jpg 1200w\" sizes=\"auto, (max-width: 396px) 100vw, 396px\" \/><\/a><\/p>\n<p><strong><em>Les partenaires<\/em><\/strong><\/p>\n<p>Ce centre de documentation est le fruit de la mise en commun en 2008, par Smart et l\u2019association <a href=\"http:\/\/www.cultureetdemocratie.be\/\">Culture &amp; D\u00e9mocratie<\/a>, d\u2019un important fonds documentaire sectoriel.<\/p>\n<p>Centr\u00e9 au d\u00e9part sur les m\u00e9tiers artistiques et sur les probl\u00e9matiques li\u00e9es \u00e0 la culture, ce fonds s\u2019ouvre d\u00e9sormais \u00e9galement aux questions d\u2019\u00e9conomie, de gestion de l\u2019entreprise et au monde du travail dans son ensemble, en particulier dans une perspective de coop\u00e9ration.<\/p>\n<p><strong><em>La collection<\/em><\/strong><\/p>\n<p>Suite \u00e0 un minutieux processus d\u2019inventaire, le fonds documentaire a \u00e9t\u00e9 actualis\u00e9 et le stock r\u00e9pertori\u00e9. Certaines ressources ont \u00e9t\u00e9 archiv\u00e9es et les publications obsol\u00e8tes ont \u00e9t\u00e9 \u00e9cart\u00e9es.<\/p>\n<p>Aujourd\u2019hui, la collection multilingue (FR, NL, EN, essentiellement) contient plus de 3000 ouvrages (livres, revues, dossiers, DVDs, num\u00e9rique) organis\u00e9s par th\u00e9matique (culture, m\u00e9tiers artistiques, \u00e9conomie sociale, politique, travail et ressources humaines, coop\u00e9ration\u2026).<\/p>\n<p><a href=\"https:\/\/smartbe.be\/wp-content\/uploads\/2019\/10\/centredocumentation2019-IMG_4390-web.jpg\"><img loading=\"lazy\" decoding=\"async\" class=\" wp-image-28670 aligncenter\" src=\"https:\/\/smartbe.be\/wp-content\/uploads\/2019\/10\/centredocumentation2019-IMG_4390-web-1024x671.jpg\" alt=\"\" width=\"417\" height=\"273\" srcset=\"https:\/\/smartbe.be\/wp-content\/uploads\/2019\/10\/centredocumentation2019-IMG_4390-web-1024x671.jpg 1024w, https:\/\/smartbe.be\/wp-content\/uploads\/2019\/10\/centredocumentation2019-IMG_4390-web-300x197.jpg 300w, https:\/\/smartbe.be\/wp-content\/uploads\/2019\/10\/centredocumentation2019-IMG_4390-web-768x503.jpg 768w, https:\/\/smartbe.be\/wp-content\/uploads\/2019\/10\/centredocumentation2019-IMG_4390-web-458x300.jpg 458w, https:\/\/smartbe.be\/wp-content\/uploads\/2019\/10\/centredocumentation2019-IMG_4390-web-290x190.jpg 290w, https:\/\/smartbe.be\/wp-content\/uploads\/2019\/10\/centredocumentation2019-IMG_4390-web-416x271.jpg 416w, https:\/\/smartbe.be\/wp-content\/uploads\/2019\/10\/centredocumentation2019-IMG_4390-web.jpg 1200w\" sizes=\"auto, (max-width: 417px) 100vw, 417px\" \/><\/a><\/p>\n<p><strong><em>Pour qui et comment ?<br \/>\n<\/em><\/strong><\/p>\n<p>Accessible au plus grand nombre\u00a0(le personnel des entit\u00e9s pr\u00e9sentes sur le site, leurs partenaires, les visiteurs de la KOP), les ouvrages sont \u00e0 consulter sur place uniquement. M\u00eame si on ne peut les emporter, il est toujours possible d\u2019en photocopier des extraits.<\/p>\n<p><strong><em>Comment chercher un livre\u00a0?<\/em><\/strong><\/p>\n<p><a href=\"https:\/\/pmb.smartbe.be\/pmb\/opac_css\/\">Le catalogue du centre de documentation<\/a> est consultable en ligne. Ce catalogue est r\u00e9guli\u00e8rement mis \u00e0 jour. Il permet d\u2019identifier les ouvrages mis librement \u00e0 la disposition du public ainsi que ceux qui ont \u00e9t\u00e9 archiv\u00e9 dans nos r\u00e9serves,<strong> mais qui restent consultables<\/strong> sur demande.<\/p>\n<p><a href=\"https:\/\/smartbe.be\/wp-content\/uploads\/2019\/10\/screenshot-documentatiecentrum.png\"><img loading=\"lazy\" decoding=\"async\" class=\"wp-image-28473 aligncenter\" src=\"https:\/\/smartbe.be\/wp-content\/uploads\/2019\/10\/screenshot-documentatiecentrum.png\" alt=\"\" width=\"348\" height=\"233\" srcset=\"https:\/\/smartbe.be\/wp-content\/uploads\/2019\/10\/screenshot-documentatiecentrum.png 900w, https:\/\/smartbe.be\/wp-content\/uploads\/2019\/10\/screenshot-documentatiecentrum-300x201.png 300w, https:\/\/smartbe.be\/wp-content\/uploads\/2019\/10\/screenshot-documentatiecentrum-768x515.png 768w, https:\/\/smartbe.be\/wp-content\/uploads\/2019\/10\/screenshot-documentatiecentrum-448x300.png 448w, https:\/\/smartbe.be\/wp-content\/uploads\/2019\/10\/screenshot-documentatiecentrum-290x194.png 290w\" sizes=\"auto, (max-width: 348px) 100vw, 348px\" \/><\/a><\/p>\n<p><strong><em>Comment trouver le livre\u00a0?<\/em><\/strong><\/p>\n<p>La collection est subdivis\u00e9e en neuf rubriques. <strong>Le syst\u00e8me de classification<\/strong> et <strong>une vision simplifi\u00e9e<\/strong> <strong>de sa distribution<\/strong> au sein du centre de documentation sont affich\u00e9s dans la KOP, en face de l\u2019accueil, ainsi que sur les \u00e9tag\u00e8res.<\/p>\n<p><a href=\"https:\/\/smartbe.be\/wp-content\/uploads\/2019\/10\/centredocumentation2019-IMG_4373.jpg\"><img loading=\"lazy\" decoding=\"async\" class=\" wp-image-28678 aligncenter\" src=\"https:\/\/smartbe.be\/wp-content\/uploads\/2019\/10\/centredocumentation2019-IMG_4373-1024x683.jpg\" alt=\"\" width=\"424\" height=\"282\" srcset=\"https:\/\/smartbe.be\/wp-content\/uploads\/2019\/10\/centredocumentation2019-IMG_4373-1024x683.jpg 1024w, https:\/\/smartbe.be\/wp-content\/uploads\/2019\/10\/centredocumentation2019-IMG_4373-300x200.jpg 300w, https:\/\/smartbe.be\/wp-content\/uploads\/2019\/10\/centredocumentation2019-IMG_4373-768x512.jpg 768w, https:\/\/smartbe.be\/wp-content\/uploads\/2019\/10\/centredocumentation2019-IMG_4373-450x300.jpg 450w, https:\/\/smartbe.be\/wp-content\/uploads\/2019\/10\/centredocumentation2019-IMG_4373-290x193.jpg 290w, https:\/\/smartbe.be\/wp-content\/uploads\/2019\/10\/centredocumentation2019-IMG_4373.jpg 1200w\" sizes=\"auto, (max-width: 424px) 100vw, 424px\" \/><\/a><\/p>\n<p>Pour une recherche dans les archives et d\u2019autres questions, <strong>contactez<\/strong> <a href=\"mailto:&#x62;&#x69;&#x62;&#x6c;&#x69;&#x6f;&#x40;&#x73;&#x6d;&#x61;&#x72;&#x74;&#x2e;&#x63;&#x6f;&#x6f;&#x70;\" data-linkindex=\"0\">&#x62;&#x69;&#x62;&#x6c;&#x69;&#x6f;&#x40;<span class=\"oe_displaynone\">null<\/span>&#x73;&#x6d;&#x61;&#x72;&#x74;&#x2e;&#x63;&#x6f;&#x6f;&#x70;<\/a>\u00a0qui g\u00e8re le centre.<\/p>","protected":false},"excerpt":{"rendered":"<p>Depuis mai 2018, un centre de documentation est install\u00e9 au c\u0153ur de l\u2019espace de coworking KOP, rue Coenraets 72 \u00e0 Saint-Gilles (Bruxelles). Les partenaires Ce centre de documentation est le fruit de la mise en commun en 2008, par Smart &hellip;<\/p>\n","protected":false},"author":13,"featured_media":0,"parent":24941,"menu_order":0,"comment_status":"closed","ping_status":"closed","template":"","meta":{"footnotes":""},"tags":[331,329,330],"class_list":["post-28455","page","type-page","status-publish","hentry","tag-bibliotheque","tag-documentation","tag-livres"],"aioseo_notices":[],"_links":{"self":[{"href":"https:\/\/smartbe.be\/fr\/wp-json\/wp\/v2\/pages\/28455","targetHints":{"allow":["GET"]}}],"collection":[{"href":"https:\/\/smartbe.be\/fr\/wp-json\/wp\/v2\/pages"}],"about":[{"href":"https:\/\/smartbe.be\/fr\/wp-json\/wp\/v2\/types\/page"}],"author":[{"embeddable":true,"href":"https:\/\/smartbe.be\/fr\/wp-json\/wp\/v2\/users\/13"}],"replies":[{"embeddable":true,"href":"https:\/\/smartbe.be\/fr\/wp-json\/wp\/v2\/comments?post=28455"}],"version-history":[{"count":7,"href":"https:\/\/smartbe.be\/fr\/wp-json\/wp\/v2\/pages\/28455\/revisions"}],"predecessor-version":[{"id":46279,"href":"https:\/\/smartbe.be\/fr\/wp-json\/wp\/v2\/pages\/28455\/revisions\/46279"}],"up":[{"embeddable":true,"href":"https:\/\/smartbe.be\/fr\/wp-json\/wp\/v2\/pages\/24941"}],"wp:attachment":[{"href":"https:\/\/smartbe.be\/fr\/wp-json\/wp\/v2\/media?parent=28455"}],"wp:term":[{"taxonomy":"post_tag","embeddable":true,"href":"https:\/\/smartbe.be\/fr\/wp-json\/wp\/v2\/tags?post=28455"}],"curies":[{"name":"wp","href":"https:\/\/api.w.org\/{rel}","templated":true}]}}