
{"id":27922,"date":"2019-08-20T14:57:40","date_gmt":"2019-08-20T13:57:40","guid":{"rendered":"https:\/\/smartbe.be\/?page_id=27922"},"modified":"2019-08-21T21:21:38","modified_gmt":"2019-08-21T20:21:38","slug":"rapport-dactivite-2019-belgique-france","status":"publish","type":"page","link":"https:\/\/smartbe.be\/fr\/rapport-dactivite-2019-belgique-france\/","title":{"rendered":"Rapport d&rsquo;activit\u00e9 2018"},"content":{"rendered":"<p><strong>Il est une balise n\u00e9cessaire dans la vie d\u2019une entreprise, t\u00e9moin du pass\u00e9, il influence le futur,<\/strong> le rapport d\u2019activit\u00e9 est un r\u00e9el outil de transparence \u00e0 l\u2019attention de nos soci\u00e9taires, utilisateurs de nos outils ou pas mais aussi de nos partenaires pr\u00e9sents et futurs.<\/p>\n<p>Outre les donn\u00e9es financi\u00e8res propres \u00e0 notre coop\u00e9rative, il relate les projets men\u00e9s \u00e0 bien durant l\u2019ann\u00e9e \u00e9coul\u00e9e, l\u2019\u00e9tat d\u2019avancement des actions en cours et les principales orientations strat\u00e9giques pour le futur.<\/p>\n<p>Le rapport d\u2019activit\u00e9 2018 existe en version \u00e9lectronique ou en version papier, il est disponible dans tous les bureaux Smart.<\/p>\n<p>On y retrouve, par exemple\u00a0:<\/p>\n<ul>\n<li>L\u2019\u00e9volution du nombre d\u2019inscrits et les m\u00e9tiers repr\u00e9sent\u00e9s (Les utilisateur.trice.s page 18)\u00a0;<\/li>\n<li>Des informations d\u00e9taill\u00e9es sur le nouveau \u00ab\u00a0design de services\u00a0\u00bb (Enjeux et perspectives page 11)\u00a0;<\/li>\n<li>Des ressources sur la vie coop\u00e9rative (Animation de la vie coop\u00e9rative et gouvernance \u2013 page 47).<\/li>\n<\/ul>\n<p>\u00ab\u00a0<em>La nouveaut\u00e9, cette ann\u00e9e, est l\u2019\u00e9laboration d\u2019un seul et m\u00eame rapport pour d\u00e9crire nos activit\u00e9s en Belgique et France. Il ne s\u2019agit pas l\u00e0 d\u2019un symbole mais d\u2019une preuve par l\u2019exemple que notre projet peut et doit d\u00e9passer les barri\u00e8res qui continuent sournoisement de se hisser pour renforcer les diff\u00e9rences nationales partout en Europe.\u00a0<\/em>\u00bb Sandrino Graceffa \u2013 Edito du Rapport d\u2019activit\u00e9 2018.<\/p>\n<div>\n<div><a href=\"https:\/\/www.calameo.com\/books\/004698141c344c3356082\" target=\"_blank\" rel=\"noopener\">Rapport d&rsquo;activit\u00e9 Smart 2018 Belgique\/France<\/a><\/div>\n<p><iframe loading=\"lazy\" src=\"\/\/v.calameo.com\/?bkcode=004698141c344c3356082&amp;mode=mini\" width=\"480\" height=\"300\" frameborder=\"0\" scrolling=\"no\" allowfullscreen=\"allowfullscreen\" data-mce-fragment=\"1\"><\/iframe><\/p>\n<\/div>\n<p><a href=\"https:\/\/smartbe.be\/wp-content\/uploads\/2019\/06\/Rapport-dactivite-Smart-2018.pdf\">T\u00e9l\u00e9charger le rapport d&rsquo;activit\u00e9<\/a><\/p>","protected":false},"excerpt":{"rendered":"<p>Il est une balise n\u00e9cessaire dans la vie d\u2019une entreprise, t\u00e9moin du pass\u00e9, il influence le futur, le rapport d\u2019activit\u00e9 est un r\u00e9el outil de transparence \u00e0 l\u2019attention de nos soci\u00e9taires, utilisateurs de nos outils ou pas mais aussi de &hellip;<\/p>\n","protected":false},"author":66,"featured_media":0,"parent":0,"menu_order":0,"comment_status":"closed","ping_status":"closed","template":"","meta":{"footnotes":""},"tags":[],"class_list":["post-27922","page","type-page","status-publish","hentry"],"aioseo_notices":[],"_links":{"self":[{"href":"https:\/\/smartbe.be\/fr\/wp-json\/wp\/v2\/pages\/27922","targetHints":{"allow":["GET"]}}],"collection":[{"href":"https:\/\/smartbe.be\/fr\/wp-json\/wp\/v2\/pages"}],"about":[{"href":"https:\/\/smartbe.be\/fr\/wp-json\/wp\/v2\/types\/page"}],"author":[{"embeddable":true,"href":"https:\/\/smartbe.be\/fr\/wp-json\/wp\/v2\/users\/66"}],"replies":[{"embeddable":true,"href":"https:\/\/smartbe.be\/fr\/wp-json\/wp\/v2\/comments?post=27922"}],"version-history":[{"count":3,"href":"https:\/\/smartbe.be\/fr\/wp-json\/wp\/v2\/pages\/27922\/revisions"}],"predecessor-version":[{"id":27934,"href":"https:\/\/smartbe.be\/fr\/wp-json\/wp\/v2\/pages\/27922\/revisions\/27934"}],"wp:attachment":[{"href":"https:\/\/smartbe.be\/fr\/wp-json\/wp\/v2\/media?parent=27922"}],"wp:term":[{"taxonomy":"post_tag","embeddable":true,"href":"https:\/\/smartbe.be\/fr\/wp-json\/wp\/v2\/tags?post=27922"}],"curies":[{"name":"wp","href":"https:\/\/api.w.org\/{rel}","templated":true}]}}