
{"id":27801,"date":"2019-08-13T10:43:33","date_gmt":"2019-08-13T09:43:33","guid":{"rendered":"https:\/\/smartbe.be\/?page_id=27801"},"modified":"2025-04-07T20:53:09","modified_gmt":"2025-04-07T18:53:09","slug":"la-kop","status":"publish","type":"page","link":"https:\/\/smartbe.be\/fr\/nos-services\/espaces-de-travail\/la-kop\/","title":{"rendered":"La KOP (Bruxelles)"},"content":{"rendered":"<p><a title=\"LA KOP\" href=\"https:\/\/www.flickr.com\/photos\/smartbe\/albums\/72157710279318401\" data-flickr-embed=\"true\"><img loading=\"lazy\" decoding=\"async\" src=\"https:\/\/live.staticflickr.com\/65535\/48526807666_971862acbb_z.jpg\" alt=\"LA KOP\" width=\"640\" height=\"427\" \/><\/a><script async=\"\" src=\"\/\/embedr.flickr.com\/assets\/client-code.js\" charset=\"utf-8\"><\/script><\/p>\n<p>On y retrouve notamment Smart, <a href=\"https:\/\/www.pourlasolidarite.eu\/\" target=\"_blank\" rel=\"noopener\">Pour la solidarit\u00e9<\/a> (PLS), <a href=\"https:\/\/www.solsoc.be\/\" target=\"_blank\" rel=\"noopener\">Solsoc<\/a>, ainsi qu\u2019une vingtaine d\u2019occupant\u00b7es, une dizaine de salles \u00e0 louer, deux espaces de coworking et la <a href=\"https:\/\/smartbe.be\/fr\/nos-services\/espaces-de-travail\/brussels-art-factory-bruxelles\/\">Brussels Art Factory<\/a> (ateliers d\u2019artistes).<\/p>\n<p>C\u2019est \u00e9galement dans cet espace convivial, o\u00f9 il est possible de s\u2019installer juste pour lire le journal en d\u00e9gustant un caf\u00e9 (ouvert du lundi au vendredi de 9h \u00e0 17h), qu\u2019a pris place le <a href=\"https:\/\/smartbe.be\/fr\/publications\/centre-de-documentation\/\">centre de documentation<\/a> conjoint de Smart, Culture &amp; D\u00e9mocratie, Pour La Solidarit\u00e9 et CoopCity.<\/p>\n<p><strong>Adresse:\u00a0<\/strong><\/p>\n<p>Rue Coenraets, 72 &#8211; 1060 Saint-Gilles<\/p>\n<p>Ouvert du lundi au vendredi de 9h \u00e0 17h<\/p>\n<p><strong>Infos et contact r\u00e9servation:<\/strong><br \/>\nSalles uniquement r\u00e9servables du lundi au vendredi, entre 9h et 17h.<br \/>\nDemande au plus tard 5 jours ouvrables avant la date souhait\u00e9e.<br \/>\n<a href=\"mailto:&#x62;&#x6f;&#x6f;&#x6b;&#x69;&#x6e;&#x67;&#x5f;&#x72;&#x6f;&#x6f;&#x6d;&#x40;&#x73;&#x6d;&#x61;&#x72;&#x74;&#x2e;&#x63;&#x6f;&#x6f;&#x70;\">&#x62;&#x6f;&#x6f;&#x6b;&#x69;&#x6e;&#x67;&#x5f;&#x72;&#x6f;&#x6f;&#x6d;&#x40;<span class=\"oe_displaynone\">null<\/span>&#x73;&#x6d;&#x61;&#x72;&#x74;&#x2e;&#x63;&#x6f;&#x6f;&#x70;<\/a><\/p>\n<p>&nbsp;<\/p>\n<h3><strong>\u00c9quipements\/salles<\/strong><\/h3>\n<ul>\n<li><strong>Salle Bruxelles\u202f(15 pers):<\/strong> 1 hub pc HDMI, 1 tv HDMI, 1 flip chart, 1 table haute, 10 tables, 25 chaises, 1 multiprises.<\/li>\n<li><strong>Salle Stockholm\u202f(3 pers):<\/strong> 1 table, 1 table basse, 1 tabouret, 5 fauteuils, pas de lumi\u00e8re naturelle.<\/li>\n<li><strong>Salle Rochefort (4 pers):<\/strong> 1 table, 4 chaises, 1 flipchart, lumi\u00e8re naturelle. (tarif identique \u00e0 Stockholm)<\/li>\n<li><strong>Salle Tunis (3 pers):<\/strong> 1 table, 1 tableau blanc, 1 table basse, 4 chaises, pas de lumi\u00e8re naturelle.<\/li>\n<li><strong>Salle Berlin (25 pers):<\/strong> 1 tv HDMI, 1 hub pc HDMI, 3 multiprises, 1 flip chart, 12 tables, 26 chaises, 12 chaises pliantes.<\/li>\n<li><strong>Salle Milan\u202f(15 pers):<\/strong> 1 tv HDMI, 1 hub pc HDMI, 2 tableaux blancs, 1 flip chart, 1 multiprises, 8 tables, 2 tables carr\u00e9es, 15 chaises.<\/li>\n<li><strong>Barceloneta (30 pers):<\/strong> 1 tableau blanc, 1 tv HDMI, 1 hub pc HDMI, 5 tables, 1 table haute, 2 multiprises, 34 chaises, pas de lumi\u00e8re naturelle.<\/li>\n<li><strong>Salle Rome (6 pers):<\/strong> 1 \u00e9cran Ricoh pc\/tableau, 2 claviers, 2 multiprises, 1 tableau blanc, 4 chaises \u00e0 roulettes, 2 chaises, salle insonoris\u00e9e.<\/li>\n<li><strong>Salle Amsterdam (15 pers):<\/strong> 9 tables, 1 tv HDMI, 1 hub pc HDMI, 1 tableau, 14 chaises.<\/li>\n<li><strong>Salles Londres (21 pers):<\/strong> 1 tv HDMI, 1 tableau blanc, 8 tables, 1 flipchart, 1 hub pc HDMI, 2 multiprises, 22 chaises.<\/li>\n<li><strong>Salle KOP (100 pers):<\/strong> adaptable sur demande.<\/li>\n<li><strong>Salle Barcelone (60 pers):<\/strong> adaptable sur demande.<\/li>\n<\/ul>\n<p><strong><a href=\"https:\/\/smartbe.be\/wp-content\/uploads\/2025\/04\/Tarifs-locations-salles-KOP.pdf\">Consulter les tarifs<\/a><\/strong><\/p>","protected":false},"excerpt":{"rendered":"<p>On y retrouve notamment Smart, Pour la solidarit\u00e9 (PLS), Solsoc, ainsi qu\u2019une vingtaine d\u2019occupant\u00b7es, une dizaine de salles \u00e0 louer, deux espaces de coworking et la Brussels Art Factory (ateliers d\u2019artistes). C\u2019est \u00e9galement dans cet espace convivial, o\u00f9 il est &hellip;<\/p>\n","protected":false},"author":54,"featured_media":0,"parent":24893,"menu_order":0,"comment_status":"closed","ping_status":"closed","template":"","meta":{"footnotes":""},"tags":[],"class_list":["post-27801","page","type-page","status-publish","hentry"],"aioseo_notices":[],"_links":{"self":[{"href":"https:\/\/smartbe.be\/fr\/wp-json\/wp\/v2\/pages\/27801","targetHints":{"allow":["GET"]}}],"collection":[{"href":"https:\/\/smartbe.be\/fr\/wp-json\/wp\/v2\/pages"}],"about":[{"href":"https:\/\/smartbe.be\/fr\/wp-json\/wp\/v2\/types\/page"}],"author":[{"embeddable":true,"href":"https:\/\/smartbe.be\/fr\/wp-json\/wp\/v2\/users\/54"}],"replies":[{"embeddable":true,"href":"https:\/\/smartbe.be\/fr\/wp-json\/wp\/v2\/comments?post=27801"}],"version-history":[{"count":44,"href":"https:\/\/smartbe.be\/fr\/wp-json\/wp\/v2\/pages\/27801\/revisions"}],"predecessor-version":[{"id":48201,"href":"https:\/\/smartbe.be\/fr\/wp-json\/wp\/v2\/pages\/27801\/revisions\/48201"}],"up":[{"embeddable":true,"href":"https:\/\/smartbe.be\/fr\/wp-json\/wp\/v2\/pages\/24893"}],"wp:attachment":[{"href":"https:\/\/smartbe.be\/fr\/wp-json\/wp\/v2\/media?parent=27801"}],"wp:term":[{"taxonomy":"post_tag","embeddable":true,"href":"https:\/\/smartbe.be\/fr\/wp-json\/wp\/v2\/tags?post=27801"}],"curies":[{"name":"wp","href":"https:\/\/api.w.org\/{rel}","templated":true}]}}