
{"id":27,"date":"2013-10-21T15:36:10","date_gmt":"2013-10-21T14:36:10","guid":{"rendered":"http:\/\/smartbe.be\/?page_id=27"},"modified":"2025-11-06T19:59:04","modified_gmt":"2025-11-06T18:59:04","slug":"a-propos","status":"publish","type":"page","link":"https:\/\/smartbe.be\/fr\/a-propos\/","title":{"rendered":"Smart, l&rsquo;entreprise partag\u00e9e"},"content":{"rendered":"<p>Smart est une coop\u00e9rative de travailleurs et travailleuses. Elle vous permet d\u2019h\u00e9berger vos projets professionnels, de partager des moyens, des outils et des garanties pour d\u00e9velopper vos activit\u00e9s en toute s\u00e9r\u00e9nit\u00e9. En choisissant la solution coop\u00e9rative Smart, vous faites le choix de la protection sociale des salari\u00e9\u00b7es alli\u00e9e \u00e0 la libert\u00e9 d\u2019entreprendre.<\/p>\n<p>Vous rejoignez \u00e9galement une communaut\u00e9 de personnes qui partagent la m\u00eame envie de construire de nouvelles mani\u00e8res d\u2019agir dans le monde et de privil\u00e9gier le travail sur le capital.<\/p>\n<p><b>\u00a0Avec Smart, lib\u00e9rez votre savoir-faire en toute s\u00e9r\u00e9nit\u00e9.<\/b><\/p>\n<p><!--<a href=\"https:\/\/smartbe.be\/fr\/nos-services\/\"><img decoding=\"async\" src=\"https:\/\/smartbe.be\/wp-content\/uploads\/2021\/01\/fleche-arrow-long.png\" \/>D\u00e9couvrez nos services<\/a>--><\/p>\n<p>&nbsp;<\/p>\n<p>Smart en 3 minutes, sur Canal Z en juin 2023:<\/p>\n<div class=\"video-container\"><iframe loading=\"lazy\" title=\"Canal Z - La coop\u00e9rative Smart en 180 secondes\" width=\"584\" height=\"329\" src=\"https:\/\/www.youtube.com\/embed\/PpfJ-_-oUis?feature=oembed\" frameborder=\"0\" allow=\"accelerometer; autoplay; clipboard-write; encrypted-media; gyroscope; picture-in-picture; web-share\" referrerpolicy=\"strict-origin-when-cross-origin\" allowfullscreen><\/iframe><\/div>\n<p>&nbsp;<\/p>\n<p>Smart, une pr\u00e9sentation en 90 secondes:<\/p>\n<div class=\"video-container\"><iframe loading=\"lazy\" title=\"Smart Coop\u00e9rative - Pr\u00e9sentation\" width=\"584\" height=\"329\" src=\"https:\/\/www.youtube.com\/embed\/0QzLr6DTW4U?feature=oembed\" frameborder=\"0\" allow=\"accelerometer; autoplay; clipboard-write; encrypted-media; gyroscope; picture-in-picture; web-share\" referrerpolicy=\"strict-origin-when-cross-origin\" allowfullscreen><\/iframe><\/div>\n<p>&nbsp;<\/p>\n<p>&nbsp;<\/p>\n<p>&nbsp;<\/p>\n<p>&nbsp;<\/p>\n<h3><strong>Pour aller plus loin:<\/strong><\/h3>\n<ul>\n<li><a href=\"https:\/\/smartbe.be\/fr\/smart-pour-qui\/\">Smart, pour qui?<\/a><\/li>\n<\/ul>\n<ul>\n<li><a href=\"https:\/\/smartbe.be\/fr\/comment-fonctionne-une-entreprise-partagee\/\">Comment fonctionne une entreprise partag\u00e9e?<\/a><\/li>\n<\/ul>\n<ul>\n<li><a href=\"https:\/\/smartbe.be\/fr\/securisez-votre-projet-professionnel\/\">S\u00e9curisez votre projet professionnel<\/a><\/li>\n<\/ul>\n<ul>\n<li><a href=\"https:\/\/smartbe.be\/fr\/pourquoi-rejoindre-smart\/\">Pourquoi rejoindre Smart?<\/a><\/li>\n<\/ul>\n<ul>\n<li><a href=\"https:\/\/smartbe.be\/fr\/nos-services\/\">Les outils et services de l\u2019entreprise partag\u00e9e<\/a><\/li>\n<\/ul>\n<ul>\n<li><a href=\"https:\/\/smartbe.be\/fr\/nos-services\/modele-economique\/\">Que co\u00fbte Smart?<\/a><\/li>\n<\/ul>\n<ul>\n<li><a href=\"https:\/\/guide.smart.coop\/docs\/comprendre-smart\">Comprendre Smart, le guide<\/a><\/li>\n<\/ul>\n<ul>\n<li><a href=\"https:\/\/smartbe.be\/fr\/news\/portrait\/mascha-je-nai-pas-le-temps-de-rappeler-les-impayes-je-prefere-de-loin-consacrer-ce-temps-la-au-processus-de-creation\/\">Ils et elles ont rejoint Smart. D\u00e9couvrez pourquoi<\/a><\/li>\n<\/ul>\n<p>&nbsp;<\/p>\n<p>&nbsp;<\/p>","protected":false},"excerpt":{"rendered":"<p>Smart est une coop\u00e9rative de travailleurs et travailleuses. Elle vous permet d\u2019h\u00e9berger vos projets professionnels, de partager des moyens, des outils et des garanties pour d\u00e9velopper vos activit\u00e9s en toute s\u00e9r\u00e9nit\u00e9. En choisissant la solution coop\u00e9rative Smart, vous faites le &hellip;<\/p>\n","protected":false},"author":20,"featured_media":0,"parent":0,"menu_order":1,"comment_status":"closed","ping_status":"closed","template":"","meta":{"footnotes":""},"tags":[],"class_list":["post-27","page","type-page","status-publish","hentry"],"aioseo_notices":[],"_links":{"self":[{"href":"https:\/\/smartbe.be\/fr\/wp-json\/wp\/v2\/pages\/27","targetHints":{"allow":["GET"]}}],"collection":[{"href":"https:\/\/smartbe.be\/fr\/wp-json\/wp\/v2\/pages"}],"about":[{"href":"https:\/\/smartbe.be\/fr\/wp-json\/wp\/v2\/types\/page"}],"author":[{"embeddable":true,"href":"https:\/\/smartbe.be\/fr\/wp-json\/wp\/v2\/users\/20"}],"replies":[{"embeddable":true,"href":"https:\/\/smartbe.be\/fr\/wp-json\/wp\/v2\/comments?post=27"}],"version-history":[{"count":76,"href":"https:\/\/smartbe.be\/fr\/wp-json\/wp\/v2\/pages\/27\/revisions"}],"predecessor-version":[{"id":48967,"href":"https:\/\/smartbe.be\/fr\/wp-json\/wp\/v2\/pages\/27\/revisions\/48967"}],"wp:attachment":[{"href":"https:\/\/smartbe.be\/fr\/wp-json\/wp\/v2\/media?parent=27"}],"wp:term":[{"taxonomy":"post_tag","embeddable":true,"href":"https:\/\/smartbe.be\/fr\/wp-json\/wp\/v2\/tags?post=27"}],"curies":[{"name":"wp","href":"https:\/\/api.w.org\/{rel}","templated":true}]}}