
{"id":26664,"date":"2019-05-23T10:33:25","date_gmt":"2019-05-23T09:33:25","guid":{"rendered":"https:\/\/smartbe.be\/?page_id=26664\/"},"modified":"2020-02-11T12:59:50","modified_gmt":"2020-02-11T11:59:50","slug":"assemblee-generale-2019","status":"publish","type":"page","link":"https:\/\/smartbe.be\/fr\/assemblee-generale-2\/assemblee-generale-2019\/","title":{"rendered":"Assembl\u00e9e g\u00e9n\u00e9rale 2019"},"content":{"rendered":"<p>Notre Assembl\u00e9e g\u00e9n\u00e9rale\u00a0s&rsquo;est d\u00e9roul\u00e9e le 17 juin \u00e0 Lille et le 18 juin \u00e0 Bruxelles. Le programme a fait la part belle \u00e0 la diversit\u00e9 et aux nombreux talents de notre communaut\u00e9 de soci\u00e9taires qui font la force de notre coop\u00e9rative.\u00a0Au programme\u00a0: des ateliers, des d\u00e9bats, des conf\u00e9rences, des informations sur les services, les outils et la situation de notre entreprise partag\u00e9e, mais aussi des opportunit\u00e9s de rencontres, des t\u00e9moignages&#8230; Et, n&rsquo;oublions pas la f\u00eate : musique, animations et ap\u00e9ro ont cl\u00f4tur\u00e9 ces journ\u00e9es.<\/p>\n<p>Retrouvez:<\/p>\n<ul>\n<li><a href=\"https:\/\/smartbe.be\/fr\/news\/workshop-ag-2019\/?req=\">le programme<\/a><\/li>\n<li><a href=\"https:\/\/smartbe.be\/fr\/news\/intervenant-ag-2019\/?req=\">la liste des intervenant.e.s<\/a><\/li>\n<li><a href=\"https:\/\/smartbe.be\/fr\/assemblee-generale-ordinaire-2019\/\">l&rsquo;ordre du jour de l&rsquo;Assembl\u00e9e G\u00e9n\u00e9rale ordinaire 2019 et le r\u00e9sultat des votes<\/a><\/li>\n<\/ul>\n<p>&nbsp;<\/p>\n<h2><strong>Vid\u00e9os<\/strong><\/h2>\n<p><strong>\u2013 un petit r\u00e9cap&rsquo; des deux journ\u00e9es<\/strong><\/p>\n<div class=\"video-container\"><iframe loading=\"lazy\" title=\"Smart - Let&#039;s Coop 2019 - Aftermovie\" width=\"584\" height=\"329\" src=\"https:\/\/www.youtube.com\/embed\/QIlR4PEtXlM?feature=oembed\" frameborder=\"0\" allow=\"accelerometer; autoplay; clipboard-write; encrypted-media; gyroscope; picture-in-picture; web-share\" referrerpolicy=\"strict-origin-when-cross-origin\" allowfullscreen><\/iframe><\/div>\n<p>&nbsp;<\/p>\n<p>&nbsp;<\/p>\n<p><strong>\u2013 revoir l\u2019Assembl\u00e9e g\u00e9n\u00e9rale du 17\/06\/2019 \u00e0 Lille<\/strong><\/p>\n<div class=\"video-container\"><iframe loading=\"lazy\" title=\"[LIVE] Let&#039;s Coop 2019 - Assembl\u00e9e g\u00e9n\u00e9rale Smart France\" width=\"584\" height=\"329\" src=\"https:\/\/www.youtube.com\/embed\/Op19lMLZ8ck?feature=oembed\" frameborder=\"0\" allow=\"accelerometer; autoplay; clipboard-write; encrypted-media; gyroscope; picture-in-picture; web-share\" referrerpolicy=\"strict-origin-when-cross-origin\" allowfullscreen><\/iframe><\/div>\n<p><strong>\u2013 et la suite du 18\/06\/2019 \u00e0 Bruxelles<\/strong><\/p>\n<div class=\"video-container\"><iframe loading=\"lazy\" title=\"[LIVE] Let&#039;s Coop 2019 - Assembl\u00e9e g\u00e9n\u00e9rale Belgique\" width=\"584\" height=\"329\" src=\"https:\/\/www.youtube.com\/embed\/MCHXaq-AMgY?feature=oembed\" frameborder=\"0\" allow=\"accelerometer; autoplay; clipboard-write; encrypted-media; gyroscope; picture-in-picture; web-share\" referrerpolicy=\"strict-origin-when-cross-origin\" allowfullscreen><\/iframe><\/div>\n<p>&nbsp;<\/p>\n<h2><strong>Photos<\/strong><\/h2>\n<p><strong>\u2013 l&rsquo;album photo de Let&rsquo;s coop \u00e0 Lille<\/strong><\/p>\n<p><a title=\"Let's coop 2019 - Lille\" href=\"https:\/\/www.flickr.com\/photos\/smartbe\/albums\/72157709230999191\" data-flickr-embed=\"true\"><img loading=\"lazy\" decoding=\"async\" src=\"https:\/\/live.staticflickr.com\/65535\/48119946923_3d71ae8953_z.jpg\" alt=\"Let's coop 2019 - Lille\" width=\"640\" height=\"427\" \/><\/a><script async src=\"\/\/embedr.flickr.com\/assets\/client-code.js\" charset=\"utf-8\"><\/script><\/p>\n<p><strong>\u2013 l&rsquo;album photo de Let&rsquo;s coop \u00e0 Bruxelles<\/strong><\/p>\n<p><a title=\"Let's coop 2019 - Bruxelles\" href=\"https:\/\/www.flickr.com\/photos\/smartbe\/albums\/72157709229809072\" data-flickr-embed=\"true\"><img loading=\"lazy\" decoding=\"async\" src=\"https:\/\/live.staticflickr.com\/65535\/48119551086_b828b376bb_z.jpg\" alt=\"Let's coop 2019 - Bruxelles\" width=\"640\" height=\"427\" \/><\/a><script async src=\"\/\/embedr.flickr.com\/assets\/client-code.js\" charset=\"utf-8\"><\/script><\/p>\n<p>&nbsp;<\/p>\n<p><strong><span class=\"no-responsive\">Des questions? <a href=\"-----------------\" target=\"_blank\" rel=\"noopener noreferrer\">&#x73;&#x6d;&#x61;&#x72;&#x74;&#x69;&#x6e;&#x70;&#x72;&#x6f;&#x67;&#x72;&#x65;&#x73;&#x73;&#x40;<span class=\"oe_displaynone\">null<\/span>&#x73;&#x6d;&#x61;&#x72;&#x74;&#x2e;&#x63;&#x6f;&#x6f;&#x70;<\/a><\/span><\/strong><\/p>\n<p><img loading=\"lazy\" decoding=\"async\" src=\"https:\/\/gallery.mailchimp.com\/a1823cb340f9b593e2e56a242\/images\/abe5057e-3e1f-4129-b9af-da86f214989a.png\" alt=\"Go to\" width=\"142\" height=\"13\" data-file-id=\"3932879\" data-cke-saved-src=\"https:\/\/gallery.mailchimp.com\/a1823cb340f9b593e2e56a242\/images\/abe5057e-3e1f-4129-b9af-da86f214989a.png\" \/><strong>#Letscoop2019<\/strong><\/p>","protected":false},"excerpt":{"rendered":"<p>Notre Assembl\u00e9e g\u00e9n\u00e9rale\u00a0s&rsquo;est d\u00e9roul\u00e9e le 17 juin \u00e0 Lille et le 18 juin \u00e0 Bruxelles. Le programme a fait la part belle \u00e0 la diversit\u00e9 et aux nombreux talents de notre communaut\u00e9 de soci\u00e9taires qui font la force de notre &hellip;<\/p>\n","protected":false},"author":53,"featured_media":0,"parent":29302,"menu_order":0,"comment_status":"closed","ping_status":"closed","template":"","meta":{"footnotes":""},"tags":[],"class_list":["post-26664","page","type-page","status-publish","hentry"],"aioseo_notices":[],"_links":{"self":[{"href":"https:\/\/smartbe.be\/fr\/wp-json\/wp\/v2\/pages\/26664","targetHints":{"allow":["GET"]}}],"collection":[{"href":"https:\/\/smartbe.be\/fr\/wp-json\/wp\/v2\/pages"}],"about":[{"href":"https:\/\/smartbe.be\/fr\/wp-json\/wp\/v2\/types\/page"}],"author":[{"embeddable":true,"href":"https:\/\/smartbe.be\/fr\/wp-json\/wp\/v2\/users\/53"}],"replies":[{"embeddable":true,"href":"https:\/\/smartbe.be\/fr\/wp-json\/wp\/v2\/comments?post=26664"}],"version-history":[{"count":16,"href":"https:\/\/smartbe.be\/fr\/wp-json\/wp\/v2\/pages\/26664\/revisions"}],"predecessor-version":[{"id":29060,"href":"https:\/\/smartbe.be\/fr\/wp-json\/wp\/v2\/pages\/26664\/revisions\/29060"}],"up":[{"embeddable":true,"href":"https:\/\/smartbe.be\/fr\/wp-json\/wp\/v2\/pages\/29302"}],"wp:attachment":[{"href":"https:\/\/smartbe.be\/fr\/wp-json\/wp\/v2\/media?parent=26664"}],"wp:term":[{"taxonomy":"post_tag","embeddable":true,"href":"https:\/\/smartbe.be\/fr\/wp-json\/wp\/v2\/tags?post=26664"}],"curies":[{"name":"wp","href":"https:\/\/api.w.org\/{rel}","templated":true}]}}