
{"id":26481,"date":"2019-05-21T10:17:49","date_gmt":"2019-05-21T09:17:49","guid":{"rendered":"https:\/\/smartbe.be\/?page_id=26481\/"},"modified":"2022-02-25T16:35:36","modified_gmt":"2022-02-25T15:35:36","slug":"assemblee-generale-2019","status":"publish","type":"page","link":"https:\/\/smartbe.be\/fr\/assemblee-generale-2019\/","title":{"rendered":"Assembl\u00e9e g\u00e9n\u00e9rale 2019"},"content":{"rendered":"<p>Notre Assembl\u00e9e g\u00e9n\u00e9rale s&rsquo;est d\u00e9roul\u00e9e le 18 juin \u00e0 Bruxelles. Le programme a fait la part belle \u00e0 la diversit\u00e9 et aux nombreux talents de notre communaut\u00e9 de soci\u00e9taires qui font la force de notre coop\u00e9rative.<\/p>\n<p>Au programme\u00a0: des ateliers, des d\u00e9bats, des conf\u00e9rences, des informations sur les services, les outils et la situation de notre entreprise partag\u00e9e, mais aussi des opportunit\u00e9s de rencontres, des t\u00e9moignages&#8230; Et, n&rsquo;oublions pas la f\u00eate : musique, animations et ap\u00e9ro pour cl\u00f4turer ces journ\u00e9es comme il se doit\u00a0!<\/p>\n<ul>\n<li><a href=\"https:\/\/smartbe.be\/fr\/news\/workshop-ag-2019\/?req=\">Programme<\/a><\/li>\n<li><a href=\"https:\/\/smartbe.be\/fr\/news\/intervenant-ag-2019\/?req=\">Intervenant.e.s<\/a><\/li>\n<li><a href=\"https:\/\/smartbe.be\/fr\/assemblee-generale-ordinaire-2019\/\">Assembl\u00e9e g\u00e9n\u00e9rale ordinaire: Ordre du jour et r\u00e9sultats du vote\u00a0<\/a><\/li>\n<\/ul>\n<h2 role=\"heading\" aria-level=\"1\">Vous n&rsquo;avez jamais particip\u00e9 \u00e0 une Assembl\u00e9e g\u00e9n\u00e9rale de Smart ?<\/h2>\n<p><strong>\u2013 En vid\u00e9o, un survol rapide de l&rsquo;\u00e9dition 2019<br \/>\n<\/strong><\/p>\n<div class=\"video-container\"><iframe loading=\"lazy\" title=\"Smart - Let&#039;s Coop 2019 - Aftermovie\" width=\"584\" height=\"329\" src=\"https:\/\/www.youtube.com\/embed\/QIlR4PEtXlM?feature=oembed\" frameborder=\"0\" allow=\"accelerometer; autoplay; clipboard-write; encrypted-media; gyroscope; picture-in-picture; web-share\" referrerpolicy=\"strict-origin-when-cross-origin\" allowfullscreen><\/iframe><\/div>\n<p><strong>\u2013\u00a0\u00a0En photos<\/strong><\/p>\n<p><a title=\"Let's coop 2019 - Bruxelles\" href=\"https:\/\/www.flickr.com\/photos\/smartbe\/albums\/72157709229809072\" data-flickr-embed=\"true\"><img loading=\"lazy\" decoding=\"async\" src=\"https:\/\/live.staticflickr.com\/65535\/48119551086_b828b376bb_z.jpg\" alt=\"Let's coop 2019 - Bruxelles\" width=\"640\" height=\"427\" \/><\/a><script async src=\"\/\/embedr.flickr.com\/assets\/client-code.js\" charset=\"utf-8\"><\/script><\/p>\n<p>&nbsp;<\/p>\n<p><strong><span class=\"no-responsive\">Des questions? <a href=\"-----------------\" target=\"_blank\" rel=\"noopener noreferrer\">&#x73;&#x6d;&#x61;&#x72;&#x74;&#x69;&#x6e;&#x70;&#x72;&#x6f;&#x67;&#x72;&#x65;&#x73;&#x73;&#x40;<span class=\"oe_displaynone\">null<\/span>&#x73;&#x6d;&#x61;&#x72;&#x74;&#x2e;&#x63;&#x6f;&#x6f;&#x70;<\/a><\/span><\/strong><\/p>\n<p><img loading=\"lazy\" decoding=\"async\" src=\"https:\/\/gallery.mailchimp.com\/a1823cb340f9b593e2e56a242\/images\/abe5057e-3e1f-4129-b9af-da86f214989a.png\" alt=\"Go to\" width=\"142\" height=\"13\" data-file-id=\"3932879\" data-cke-saved-src=\"https:\/\/gallery.mailchimp.com\/a1823cb340f9b593e2e56a242\/images\/abe5057e-3e1f-4129-b9af-da86f214989a.png\" \/><strong>#Letscoop2019<\/strong><\/p>","protected":false},"excerpt":{"rendered":"<p>Notre Assembl\u00e9e g\u00e9n\u00e9rale s&rsquo;est d\u00e9roul\u00e9e le 18 juin \u00e0 Bruxelles. Le programme a fait la part belle \u00e0 la diversit\u00e9 et aux nombreux talents de notre communaut\u00e9 de soci\u00e9taires qui font la force de notre coop\u00e9rative. Au programme\u00a0: des ateliers, &hellip;<\/p>\n","protected":false},"author":54,"featured_media":26533,"parent":0,"menu_order":0,"comment_status":"closed","ping_status":"closed","template":"","meta":{"footnotes":""},"tags":[],"class_list":["post-26481","page","type-page","status-publish","has-post-thumbnail","hentry"],"aioseo_notices":[],"_links":{"self":[{"href":"https:\/\/smartbe.be\/fr\/wp-json\/wp\/v2\/pages\/26481","targetHints":{"allow":["GET"]}}],"collection":[{"href":"https:\/\/smartbe.be\/fr\/wp-json\/wp\/v2\/pages"}],"about":[{"href":"https:\/\/smartbe.be\/fr\/wp-json\/wp\/v2\/types\/page"}],"author":[{"embeddable":true,"href":"https:\/\/smartbe.be\/fr\/wp-json\/wp\/v2\/users\/54"}],"replies":[{"embeddable":true,"href":"https:\/\/smartbe.be\/fr\/wp-json\/wp\/v2\/comments?post=26481"}],"version-history":[{"count":25,"href":"https:\/\/smartbe.be\/fr\/wp-json\/wp\/v2\/pages\/26481\/revisions"}],"predecessor-version":[{"id":36764,"href":"https:\/\/smartbe.be\/fr\/wp-json\/wp\/v2\/pages\/26481\/revisions\/36764"}],"wp:featuredmedia":[{"embeddable":true,"href":"https:\/\/smartbe.be\/fr\/wp-json\/wp\/v2\/media\/26533"}],"wp:attachment":[{"href":"https:\/\/smartbe.be\/fr\/wp-json\/wp\/v2\/media?parent=26481"}],"wp:term":[{"taxonomy":"post_tag","embeddable":true,"href":"https:\/\/smartbe.be\/fr\/wp-json\/wp\/v2\/tags?post=26481"}],"curies":[{"name":"wp","href":"https:\/\/api.w.org\/{rel}","templated":true}]}}