
{"id":2645,"date":"2014-02-03T12:06:46","date_gmt":"2014-02-03T11:06:46","guid":{"rendered":"http:\/\/smartbe.be\/?page_id=2645"},"modified":"2014-05-05T09:40:07","modified_gmt":"2014-05-05T08:40:07","slug":"vous-venez-dun-pays-hors-europe-sans-droit-de-residence","status":"publish","type":"page","link":"https:\/\/smartbe.be\/fr\/sinformer\/mobilite\/travailler-en-belgique\/vous-venez-dun-pays-hors-europe-sans-droit-de-residence\/","title":{"rendered":"Vous venez d&rsquo;un pays hors-Europe, sans droit de r\u00e9sidence"},"content":{"rendered":"<p>Vous \u00eates ressortissant d\u2019un pays qui ne fait pas partie de l\u2019UE \/ l\u2019EEE et vous ne b\u00e9n\u00e9ficiez pas du droit de r\u00e9sidence dans un pays de l\u2019UE.<\/p>\n<h1>Votre s\u00e9jour en Belgique<\/h1>\n<h2>En g\u00e9n\u00e9ral<\/h2>\n<ul>\n<li>Vous devrez disposer d\u2019un passeport valable accompagn\u00e9 d\u2019un visa de r\u00e9sident provisoire en entrant en Belgique.<\/li>\n<\/ul>\n<h2>Vous \u00eates artiste de sc\u00e8ne de renomm\u00e9e internationale<\/h2>\n<ul>\n<li>Si vous \u00eates un artiste de sc\u00e8ne de renomm\u00e9e internationale, vous \u00eates dispens\u00e9 de l\u2019obtention d\u2019un permis de r\u00e9sidence pour autant que votre s\u00e9jour en Belgique ne d\u00e9passe pas trois mois successifs. Dans ce cas, un passeport valable et, le cas \u00e9ch\u00e9ant, un visa vous suffiront. Il vous suffira de d\u00e9poser une d\u00e9claration d\u2019arriv\u00e9e aupr\u00e8s de l\u2019administration communale de votre lieu de s\u00e9jour.<\/li>\n<\/ul>\n<h1>Permis de travail<\/h1>\n<h2>En g\u00e9n\u00e9ral<\/h2>\n<ul>\n<li>Avant de venir en Belgique, vous devrez vous munir d\u2019une carte de travail B.<\/li>\n<li>Votre donneur d\u2019ordre devra disposer d\u2019un permis de travail.<\/li>\n<li>Si vous venez travailler dans un pays de l\u2019UE pour la premi\u00e8re fois, le permis de travail devra \u00eatre accompagn\u00e9 d\u2019un certificat m\u00e9dical.<\/li>\n<li>Si vous remplissez des conditions sp\u00e9ciales, vous pourrez entrer en ligne de compte pour une carte de travail A (si, au cours d\u2019une p\u00e9riode de dix ans de r\u00e9sidence l\u00e9gale et ininterrompue, le travailleur a travaill\u00e9 pendant quatre ans avec une carte de travail B ou a travaill\u00e9 pendant trois ans avec une carte de travail B et r\u00e9side en Belgique avec sa famille). Dans ce cas, votre donneur d\u2019ordre n\u2019aura pas besoin d\u2019un permis de travail pour pouvoir vous employer.<\/li>\n<\/ul>\n<h2>Vous \u00eates artiste de sc\u00e8ne de renomm\u00e9e internationale.<\/h2>\n<ul>\n<li>Si vous \u00eates un artiste de sc\u00e8ne de renomm\u00e9e internationale, vous \u00eates dispens\u00e9 de l\u2019obtention d\u2019une carte de travail pour autant que votre s\u00e9jour en Belgique ne d\u00e9passe pas trois mois successifs. Dans ce cas, votre donneur d\u2019ordre ne devra pas non plus obtenir un permis de travail.<\/li>\n<\/ul>\n<h1>Ce que Smart peut faire pour vous<\/h1>\n<h2>Vous \u00eates ressortissant d\u2019un pays qui ne fait pas partie de l\u2019UE \/ l\u2019EEE, vous ne b\u00e9n\u00e9ficiez pas du droit de r\u00e9sidence et vous d\u00e9sirez r\u00e9sider et travailler en Belgique.<\/h2>\n<ul>\n<li>Dans ce cas, et pour autant que vous ayez rempli les conditions de r\u00e9sidence et apr\u00e8s que vous et votre donneur d\u2019ordre ayez demand\u00e9 respectivement une carte de travail et un permis de travail, vous pourrez travailler avec SMartBe apr\u00e8s \u00eatre devenu membre de Smart.<\/li>\n<\/ul>\n<h2>Vous \u00eates artiste de sc\u00e8ne de renomm\u00e9e internationale<\/h2>\n<ul>\n<li>Dans ce cas, et si vous \u00eates membre de Smart, nous pouvons prendre soin de l\u2019administration salariale pour vos prestations pendant trois mois.<\/li>\n<\/ul>","protected":false},"excerpt":{"rendered":"<p>Vous \u00eates ressortissant d\u2019un pays qui ne fait pas partie de l\u2019UE \/ l\u2019EEE et vous ne b\u00e9n\u00e9ficiez pas du droit de r\u00e9sidence dans un pays de l\u2019UE. Votre s\u00e9jour en Belgique En g\u00e9n\u00e9ral Vous devrez disposer d\u2019un passeport valable &hellip;<\/p>\n","protected":false},"author":3,"featured_media":0,"parent":2578,"menu_order":5,"comment_status":"closed","ping_status":"closed","template":"","meta":{"footnotes":""},"tags":[],"class_list":["post-2645","page","type-page","status-publish","hentry"],"aioseo_notices":[],"_links":{"self":[{"href":"https:\/\/smartbe.be\/fr\/wp-json\/wp\/v2\/pages\/2645","targetHints":{"allow":["GET"]}}],"collection":[{"href":"https:\/\/smartbe.be\/fr\/wp-json\/wp\/v2\/pages"}],"about":[{"href":"https:\/\/smartbe.be\/fr\/wp-json\/wp\/v2\/types\/page"}],"author":[{"embeddable":true,"href":"https:\/\/smartbe.be\/fr\/wp-json\/wp\/v2\/users\/3"}],"replies":[{"embeddable":true,"href":"https:\/\/smartbe.be\/fr\/wp-json\/wp\/v2\/comments?post=2645"}],"version-history":[{"count":18,"href":"https:\/\/smartbe.be\/fr\/wp-json\/wp\/v2\/pages\/2645\/revisions"}],"predecessor-version":[{"id":2686,"href":"https:\/\/smartbe.be\/fr\/wp-json\/wp\/v2\/pages\/2645\/revisions\/2686"}],"up":[{"embeddable":true,"href":"https:\/\/smartbe.be\/fr\/wp-json\/wp\/v2\/pages\/2578"}],"wp:attachment":[{"href":"https:\/\/smartbe.be\/fr\/wp-json\/wp\/v2\/media?parent=2645"}],"wp:term":[{"taxonomy":"post_tag","embeddable":true,"href":"https:\/\/smartbe.be\/fr\/wp-json\/wp\/v2\/tags?post=2645"}],"curies":[{"name":"wp","href":"https:\/\/api.w.org\/{rel}","templated":true}]}}