
{"id":2643,"date":"2014-02-03T12:02:49","date_gmt":"2014-02-03T11:02:49","guid":{"rendered":"http:\/\/smartbe.be\/?page_id=2643"},"modified":"2014-05-05T09:40:04","modified_gmt":"2014-05-05T08:40:04","slug":"vous-venez-dun-pays-hors-europe-avec-droit-de-residence","status":"publish","type":"page","link":"https:\/\/smartbe.be\/fr\/sinformer\/mobilite\/travailler-en-belgique\/vous-venez-dun-pays-hors-europe-avec-droit-de-residence\/","title":{"rendered":"Vous venez d&rsquo;un pays hors-Europe, avec droit de r\u00e9sidence"},"content":{"rendered":"<p>Vous \u00eates ressortissant d\u2019un pays qui ne fait pas partie de l\u2019UE \/ l\u2019EEE et vous b\u00e9n\u00e9ficiez du droit de r\u00e9sidence dans un pays de l\u2019UE.<\/p>\n<h1>Votre s\u00e9jour en Belgique<\/h1>\n<ul>\n<li>Si vous b\u00e9n\u00e9ficiez d\u2019un droit de r\u00e9sidence de dur\u00e9e d\u00e9termin\u00e9e (ce sera le cas si, par exemple, vous \u00eates demandeur d\u2019asile d\u00e9clar\u00e9 recevable, ou si un s\u00e9jour, prolongeable en fonction de l\u2019obtention d\u2019un emploi, vous a \u00e9t\u00e9 accord\u00e9), vous pourrez r\u00e9sider en Belgique en fonction du titre de r\u00e9sidence accord\u00e9.<\/li>\n<li>Si vous b\u00e9n\u00e9ficiez d\u2019un droit de r\u00e9sidence de dur\u00e9e ind\u00e9termin\u00e9e, vous pourrez r\u00e9sider en Belgique, pour autant que vous ayez respect\u00e9 la proc\u00e9dure de r\u00e9sidence.<\/li>\n<\/ul>\n<h1>Permis de travail<\/h1>\n<ul>\n<li>Si vous b\u00e9n\u00e9ficiez d\u2019un droit de r\u00e9sidence de dur\u00e9e d\u00e9termin\u00e9e, votre donneur d\u2019ordre n\u2019aura pas besoin d\u2019un permis de travail pour pouvoir vous employer. Vous devrez toutefois disposer d\u2019une carte de travail C avant de pouvoir travailler. Cette carte est valable pour tous les donneurs d\u2019ordre, et cela pendant un an.<\/li>\n<li>Si vous b\u00e9n\u00e9ficiez d\u2019un droit de r\u00e9sidence de dur\u00e9e ind\u00e9termin\u00e9e, votre donneur d\u2019ordre n\u2019aura pas besoin d\u2019un permis de travail pour pouvoir vous employer. En tant que travailleur, vous ne devrez pas disposer d\u2019un permis de travail.<\/li>\n<\/ul>\n<h1>Ce que Smart peut faire pour vous<\/h1>\n<h2>Vous \u00eates ressortissant d\u2019un pays qui ne fait pas partie de l\u2019UE \/ l\u2019EEE, vous b\u00e9n\u00e9ficiez du droit de r\u00e9sidence et vous d\u00e9sirez r\u00e9sider et travailler en Belgique.<\/h2>\n<ul>\n<li>Dans ce cas, et pour autant que vous ayez rempli les conditions de r\u00e9sidence et apr\u00e8s que vous et votre donneur d\u2019ordre ayez obtenu respectivement une carte de travail et un permis de travail, vous pourrez travailler avec Smart apr\u00e8s \u00eatre devenu membre de Smart.<\/li>\n<\/ul>","protected":false},"excerpt":{"rendered":"<p>Vous \u00eates ressortissant d\u2019un pays qui ne fait pas partie de l\u2019UE \/ l\u2019EEE et vous b\u00e9n\u00e9ficiez du droit de r\u00e9sidence dans un pays de l\u2019UE. Votre s\u00e9jour en Belgique Si vous b\u00e9n\u00e9ficiez d\u2019un droit de r\u00e9sidence de dur\u00e9e d\u00e9termin\u00e9e &hellip;<\/p>\n","protected":false},"author":3,"featured_media":0,"parent":2578,"menu_order":4,"comment_status":"closed","ping_status":"closed","template":"","meta":{"footnotes":""},"tags":[],"class_list":["post-2643","page","type-page","status-publish","hentry"],"aioseo_notices":[],"_links":{"self":[{"href":"https:\/\/smartbe.be\/fr\/wp-json\/wp\/v2\/pages\/2643","targetHints":{"allow":["GET"]}}],"collection":[{"href":"https:\/\/smartbe.be\/fr\/wp-json\/wp\/v2\/pages"}],"about":[{"href":"https:\/\/smartbe.be\/fr\/wp-json\/wp\/v2\/types\/page"}],"author":[{"embeddable":true,"href":"https:\/\/smartbe.be\/fr\/wp-json\/wp\/v2\/users\/3"}],"replies":[{"embeddable":true,"href":"https:\/\/smartbe.be\/fr\/wp-json\/wp\/v2\/comments?post=2643"}],"version-history":[{"count":11,"href":"https:\/\/smartbe.be\/fr\/wp-json\/wp\/v2\/pages\/2643\/revisions"}],"predecessor-version":[{"id":2682,"href":"https:\/\/smartbe.be\/fr\/wp-json\/wp\/v2\/pages\/2643\/revisions\/2682"}],"up":[{"embeddable":true,"href":"https:\/\/smartbe.be\/fr\/wp-json\/wp\/v2\/pages\/2578"}],"wp:attachment":[{"href":"https:\/\/smartbe.be\/fr\/wp-json\/wp\/v2\/media?parent=2643"}],"wp:term":[{"taxonomy":"post_tag","embeddable":true,"href":"https:\/\/smartbe.be\/fr\/wp-json\/wp\/v2\/tags?post=2643"}],"curies":[{"name":"wp","href":"https:\/\/api.w.org\/{rel}","templated":true}]}}