
{"id":2620,"date":"2014-01-31T16:29:30","date_gmt":"2014-01-31T15:29:30","guid":{"rendered":"http:\/\/smartbe.be\/?page_id=2620"},"modified":"2014-05-05T09:40:10","modified_gmt":"2014-05-05T08:40:10","slug":"vous-etes-un-artiste-envoye-en-belgique-par-un-donneur-dordre-dun-autre-pays-de-lue-ou-de-suisse","status":"publish","type":"page","link":"https:\/\/smartbe.be\/fr\/sinformer\/mobilite\/vous-etes-un-artiste-envoye-en-belgique-par-un-donneur-dordre-dun-autre-pays-de-lue-ou-de-suisse\/","title":{"rendered":"Travailler en Belgique pour un DO \u00e9tranger"},"content":{"rendered":"<h1>Vous \u00eates d\u00e9tach\u00e9 en Belgique<\/h1>\n<p>Vous \u00eates artiste et vous \u00eates employ\u00e9 par un donneur d\u2019ordre (employeur) \u00e9tabli dans un pays de l\u2019UE autre que la Belgique et qui vous y d\u00e9tache pour y ex\u00e9cuter une prestation.<\/p>\n<ul>\n<li>C\u2019est le cas si votre donneur d\u2019ordre vous envoie temporairement, pour une p\u00e9riode ne d\u00e9passant pas 12 mois, en Belgique pour des raisons professionnelles.<\/li>\n<li>Dans ce cas, vous restez assujetti \u00e0 la s\u00e9curit\u00e9 sociale du pays o\u00f9 vous \u00e9tiez employ\u00e9. Avant votre d\u00e9part dans le pays de d\u00e9tachement, vous devrez \u00eatre en possession d\u2019un formulaire A1 d\u00e9clarant que c\u2019est la l\u00e9gislation de l\u2019ancien pays d\u2019emploi qui r\u00e9git vos cotisations de s\u00e9curit\u00e9 sociale.<\/li>\n<li>Le d\u00e9tachement pr\u00e9sente l\u2019avantage que vous payez vos cotisations \u00e0 la s\u00e9curit\u00e9 sociale dans un m\u00eame pays, \u00e0 savoir votre ancien pays d\u2019emploi, au b\u00e9n\u00e9fice de vos droits dans le cadre de la s\u00e9curit\u00e9 sociale.<\/li>\n<li>Dans ce cas, il n\u2019est pas opportun de faire appel \u00e0 Smart pour votre administration salariale, sinon vous payerez vos cotisations de s\u00e9curit\u00e9 sociale en Belgique (au lieu de votre ancien pays d\u2019emploi).<\/li>\n<\/ul>","protected":false},"excerpt":{"rendered":"<p>Vous \u00eates d\u00e9tach\u00e9 en Belgique Vous \u00eates artiste et vous \u00eates employ\u00e9 par un donneur d\u2019ordre (employeur) \u00e9tabli dans un pays de l\u2019UE autre que la Belgique et qui vous y d\u00e9tache pour y ex\u00e9cuter une prestation. C\u2019est le cas &hellip;<\/p>\n","protected":false},"author":3,"featured_media":0,"parent":171,"menu_order":2,"comment_status":"closed","ping_status":"closed","template":"","meta":{"footnotes":""},"tags":[],"class_list":["post-2620","page","type-page","status-publish","hentry"],"aioseo_notices":[],"_links":{"self":[{"href":"https:\/\/smartbe.be\/fr\/wp-json\/wp\/v2\/pages\/2620","targetHints":{"allow":["GET"]}}],"collection":[{"href":"https:\/\/smartbe.be\/fr\/wp-json\/wp\/v2\/pages"}],"about":[{"href":"https:\/\/smartbe.be\/fr\/wp-json\/wp\/v2\/types\/page"}],"author":[{"embeddable":true,"href":"https:\/\/smartbe.be\/fr\/wp-json\/wp\/v2\/users\/3"}],"replies":[{"embeddable":true,"href":"https:\/\/smartbe.be\/fr\/wp-json\/wp\/v2\/comments?post=2620"}],"version-history":[{"count":35,"href":"https:\/\/smartbe.be\/fr\/wp-json\/wp\/v2\/pages\/2620\/revisions"}],"predecessor-version":[{"id":6474,"href":"https:\/\/smartbe.be\/fr\/wp-json\/wp\/v2\/pages\/2620\/revisions\/6474"}],"up":[{"embeddable":true,"href":"https:\/\/smartbe.be\/fr\/wp-json\/wp\/v2\/pages\/171"}],"wp:attachment":[{"href":"https:\/\/smartbe.be\/fr\/wp-json\/wp\/v2\/media?parent=2620"}],"wp:term":[{"taxonomy":"post_tag","embeddable":true,"href":"https:\/\/smartbe.be\/fr\/wp-json\/wp\/v2\/tags?post=2620"}],"curies":[{"name":"wp","href":"https:\/\/api.w.org\/{rel}","templated":true}]}}