
{"id":2610,"date":"2014-01-31T16:17:54","date_gmt":"2014-01-31T15:17:54","guid":{"rendered":"http:\/\/smartbe.be\/?page_id=2610"},"modified":"2014-05-05T09:40:00","modified_gmt":"2014-05-05T08:40:00","slug":"bulgarie-et-roumanie","status":"publish","type":"page","link":"https:\/\/smartbe.be\/fr\/sinformer\/mobilite\/travailler-en-belgique\/bulgarie-et-roumanie\/","title":{"rendered":"Vous \u00eates ressortissant croate"},"content":{"rendered":"<h1>Votre s\u00e9jour en Belgique<\/h1>\n<h2>En g\u00e9n\u00e9ral<\/h2>\n<ul>\n<li>Votre droit \u00e0 la libre circulation des travailleurs est limit\u00e9 au 30 juin 2015. Cela veut dire que, dans un premier temps, vous ne b\u00e9n\u00e9ficierez que d\u2019un droit de r\u00e9sidence temporaire.<\/li>\n<li>Plus particuli\u00e8rement, vous devrez disposer d\u2019un passeport valable accompagn\u00e9 d\u2019un visa de r\u00e9sident provisoire en entrant en Belgique.<\/li>\n<\/ul>\n<h2>Vous \u00eates artiste de sc\u00e8ne de renomm\u00e9e internationale.<\/h2>\n<ul>\n<li>Si vous \u00eates un artiste de sc\u00e8ne de renomm\u00e9e internationale, vous \u00eates dispens\u00e9 de l\u2019obtention d\u2019un permis de r\u00e9sidence pour autant que votre s\u00e9jour en Belgique ne d\u00e9passe pas trois mois successifs. Dans ce cas, un passeport valable et, le cas \u00e9ch\u00e9ant, un visa vous suffiront. Il vous suffira de d\u00e9poser une d\u00e9claration d\u2019arriv\u00e9e aupr\u00e8s de l\u2019administration communale de votre lieu de s\u00e9jour.<\/li>\n<\/ul>\n<h1>Permis de travail<\/h1>\n<h2>En g\u00e9n\u00e9ral<\/h2>\n<ul>\n<li>Vous devrez disposer d\u2019une carte de travail B avant de pouvoir travailler en Belgique (mesure transitoire pour les nouveaux \u00e9tats membres de l\u2019UE).<\/li>\n<li>Votre donneur d\u2019ordre devra disposer d\u2019un permis de travail pour pouvoir vous employer (mesure transitoire pour les nouveaux \u00e9tats membres de l\u2019UE).<\/li>\n<\/ul>\n<h2>Vous \u00eates artiste de sc\u00e8ne de renomm\u00e9e internationale.<\/h2>\n<ul>\n<li>vous \u00eates un artiste de sc\u00e8ne de renomm\u00e9e internationale, vous \u00eates dispens\u00e9 de l\u2019obtention d\u2019une carte de travail pour autant que votre s\u00e9jour en Belgique ne d\u00e9passe pas trois mois successifs. Dans ce cas, votre donneur d\u2019ordre ne devra pas obtenir de permis de travail.<\/li>\n<\/ul>\n<h1>Ce que Smart peut faire pour vous<\/h1>\n<h2>Vous \u00eates ressortissant\u00a0 de l\u2019UE \/ l\u2019EEE et vous d\u00e9sirez r\u00e9sider et travailler en Belgique.<\/h2>\n<ul>\n<li>Dans ce cas, et pour autant que vous ayez rempli les conditions de r\u00e9sidence et apr\u00e8s que vous et votre donneur d\u2019ordre ayez demand\u00e9 respectivement une carte de travail et un permis de travail, vous pourrez travailler avec Smart apr\u00e8s \u00eatre devenu membre de Smart.<\/li>\n<\/ul>\n<h2>Vous \u00eates artiste de sc\u00e8ne de renomm\u00e9e internationale<\/h2>\n<ul>\n<li>Dans ce cas, et si vous \u00eates membre de Smart, nous pouvons prendre soin de votre administration salariale pendant trois mois<\/li>\n<\/ul>","protected":false},"excerpt":{"rendered":"<p>Votre s\u00e9jour en Belgique En g\u00e9n\u00e9ral Votre droit \u00e0 la libre circulation des travailleurs est limit\u00e9 au 30 juin 2015. Cela veut dire que, dans un premier temps, vous ne b\u00e9n\u00e9ficierez que d\u2019un droit de r\u00e9sidence temporaire. Plus particuli\u00e8rement, vous &hellip;<\/p>\n","protected":false},"author":3,"featured_media":0,"parent":2578,"menu_order":3,"comment_status":"closed","ping_status":"closed","template":"","meta":{"footnotes":""},"tags":[],"class_list":["post-2610","page","type-page","status-publish","hentry"],"aioseo_notices":[],"_links":{"self":[{"href":"https:\/\/smartbe.be\/fr\/wp-json\/wp\/v2\/pages\/2610","targetHints":{"allow":["GET"]}}],"collection":[{"href":"https:\/\/smartbe.be\/fr\/wp-json\/wp\/v2\/pages"}],"about":[{"href":"https:\/\/smartbe.be\/fr\/wp-json\/wp\/v2\/types\/page"}],"author":[{"embeddable":true,"href":"https:\/\/smartbe.be\/fr\/wp-json\/wp\/v2\/users\/3"}],"replies":[{"embeddable":true,"href":"https:\/\/smartbe.be\/fr\/wp-json\/wp\/v2\/comments?post=2610"}],"version-history":[{"count":26,"href":"https:\/\/smartbe.be\/fr\/wp-json\/wp\/v2\/pages\/2610\/revisions"}],"predecessor-version":[{"id":2668,"href":"https:\/\/smartbe.be\/fr\/wp-json\/wp\/v2\/pages\/2610\/revisions\/2668"}],"up":[{"embeddable":true,"href":"https:\/\/smartbe.be\/fr\/wp-json\/wp\/v2\/pages\/2578"}],"wp:attachment":[{"href":"https:\/\/smartbe.be\/fr\/wp-json\/wp\/v2\/media?parent=2610"}],"wp:term":[{"taxonomy":"post_tag","embeddable":true,"href":"https:\/\/smartbe.be\/fr\/wp-json\/wp\/v2\/tags?post=2610"}],"curies":[{"name":"wp","href":"https:\/\/api.w.org\/{rel}","templated":true}]}}