
{"id":2608,"date":"2014-01-31T16:15:49","date_gmt":"2014-01-31T15:15:49","guid":{"rendered":"http:\/\/smartbe.be\/?page_id=2608"},"modified":"2014-05-05T09:39:57","modified_gmt":"2014-05-05T08:39:57","slug":"pologne-hongrie-estonie-lettonie-lituanie-tchequie-slovenie-slovaquie-chypre-ou-malte","status":"publish","type":"page","link":"https:\/\/smartbe.be\/fr\/sinformer\/mobilite\/travailler-en-belgique\/pologne-hongrie-estonie-lettonie-lituanie-tchequie-slovenie-slovaquie-chypre-ou-malte\/","title":{"rendered":"Pologne, Hongrie, Estonie, Lettonie, Lituanie, Tch\u00e9quie, Slov\u00e9nie, Slovaquie, Chypre ou Malte"},"content":{"rendered":"<p>Vous \u00eates ressortissant d\u2019un \u00ab nouvel \u00c9tat membre \u00bb de l\u2019UE \/ l\u2019EEE, devenu membre de l\u2019UE au 1er mai 2004.<\/p>\n<p>&nbsp;<\/p>\n<p>* <strong>Votre s\u00e9jour en Belgique<\/strong><\/p>\n<ul>\n<li>En g\u00e9n\u00e9ral<\/li>\n<\/ul>\n<p>&#8211;\u00a0 Vous disposerez d\u2019un droit restreint \u00e0 la libre circulation des travailleurs jusqu\u2019au 30 avril 2009, sauf si vous venez de Malte ou de Chypre. Cela veut dire que, dans un premier temps, vous ne b\u00e9n\u00e9ficierez que d\u2019un droit de r\u00e9sidence temporaire.<br \/>\n&#8211;\u00a0 Plus particuli\u00e8rement, vous devrez disposer d\u2019un passeport valable accompagn\u00e9 d\u2019un visa de r\u00e9sident provisoire en entrant en Belgique.<br \/>\n&#8211;\u00a0 Si vous arrivez de Malte ou de Chypre, vous aurez droit aux m\u00eames conditions que les ressortissants des \u00ab anciens \u00c9tats membres \u00bb de l\u2019UE (voir ci-dessus).<\/p>\n<ul>\n<li>Vous \u00eates artiste de sc\u00e8ne de renomm\u00e9e internationale.<\/li>\n<\/ul>\n<p>&#8211;\u00a0 Si vous \u00eates un artiste de sc\u00e8ne de renomm\u00e9e internationale, vous \u00eates dispens\u00e9 de l\u2019obtention d\u2019un permis de r\u00e9sidence pour autant que votre s\u00e9jour en Belgique ne d\u00e9passe pas trois mois successifs. Dans ce cas, un passeport valable et, le cas \u00e9ch\u00e9ant, un visa vous suffiront. Il vous suffira de d\u00e9poser une d\u00e9claration d\u2019arriv\u00e9e aupr\u00e8s de l\u2019administration communale de votre lieu de s\u00e9jour.<\/p>\n<p>&nbsp;<\/p>\n<p>* <strong>Carte de travail et permis de travail<\/strong><\/p>\n<ul>\n<li>En g\u00e9n\u00e9ral<\/li>\n<\/ul>\n<p>&#8211;\u00a0 A moins que vous ne soyez originaire de Malte ou de Chypre, vous devrez disposer d\u2019une carte de travail B avant de pouvoir travailler en Belgique (mesure transitoire pour les nouveaux \u00c9tats membres de l\u2019UE).<br \/>\n&#8211;\u00a0 Votre donneur d\u2019ordre devra disposer d\u2019un permis de travail pour pouvoir vous employer (mesure transitoire pour les nouveaux \u00c9tats membres de l\u2019UE).<br \/>\n&#8211;\u00a0 Pour plus d\u2019infos concernant les proc\u00e9dures normales et acc\u00e9l\u00e9r\u00e9es des mesures transitoires et pour conna\u00eetre les exceptions \u00e0 cette proc\u00e9dure, lisez le document PDF de Smart \u00ab Le droit au s\u00e9jour et au travail des \u00e9trangers \u00bb.<\/p>\n<ul>\n<li>Vous \u00eates artiste de sc\u00e8ne de renomm\u00e9e internationale.<\/li>\n<\/ul>\n<p>&#8211;\u00a0 Si vous \u00eates un artiste de sc\u00e8ne de renomm\u00e9e internationale, vous \u00eates dispens\u00e9 de l\u2019obtention d\u2019une carte de travail pour autant que votre s\u00e9jour en Belgique ne d\u00e9passe pas trois mois successifs. Dans ce cas, votre donneur d\u2019ordre ne devra pas obtenir de permis de travail.<br \/>\n&#8211;\u00a0 Pour plus d\u2019infos concernant la carte de travail et le permis de travail, lisez le document PDF de Smart \u00ab Le droit au s\u00e9jour et au travail des \u00e9trangers \u00bb.<\/p>\n<p>&nbsp;<\/p>\n<p>* <strong>Ce que Smart peut faire pour vous<\/strong><\/p>\n<ul>\n<li>Vous \u00eates ressortissant d\u2019un \u00ab nouvel Etat membre \u00bb de l\u2019UE \/ l\u2019EEE et vous d\u00e9sirez r\u00e9sider et travailler en Belgique.<\/li>\n<\/ul>\n<p>&#8211;\u00a0 Dans ce cas, et pour autant que vous ayez rempli les conditions de r\u00e9sidence et apr\u00e8s que vous et votre donneur d\u2019ordre ayez obtenu respectivement une carte de travail et un permis de travail (sauf si vous \u00eates originaire de Malte ou de Chypre), vous pourrez travailler avec Smart apr\u00e8s \u00eatre devenu membre de Smart.<br \/>\n&#8211;\u00a0 Pour devenir membre, vous pouvez vous inscrire sur le site de Smart (smartbe.be) ; ensuite, vous serez invit\u00e9 \u00e0 suivre une session d\u2019information apr\u00e8s vous y \u00eatre inscrit sur le site de Smart.<\/p>\n<ul>\n<li>Vous \u00eates artiste de sc\u00e8ne de renomm\u00e9e internationale<\/li>\n<\/ul>\n<p>&#8211;\u00a0 Dans ce cas, et si vous \u00eates membre de Smart, nous pouvons prendre soin de votre administration salariale pendant trois mois (pour plus d\u2019explications, voir la partie : \u00ab Vous \u00eates ressortissant d\u2019un pays qui ne fait pas partie de l\u2019UE \/ l\u2019EEE et vous ne b\u00e9n\u00e9ficiez pas du droit de r\u00e9sidence dans un pays de l\u2019UE. \u00bb)<br \/>\n&#8211;\u00a0 Pour devenir membre, vous pouvez vous inscrire sur le site de Smart (www.smartasbl.be) ; ensuite, vous serez invit\u00e9 \u00e0 suivre une session d\u2019information apr\u00e8s vous y \u00eatre inscrit aussi sur le site de Smart.<\/p>","protected":false},"excerpt":{"rendered":"<p>Vous \u00eates ressortissant d\u2019un \u00ab nouvel \u00c9tat membre \u00bb de l\u2019UE \/ l\u2019EEE, devenu membre de l\u2019UE au 1er mai 2004. &nbsp; * Votre s\u00e9jour en Belgique En g\u00e9n\u00e9ral &#8211;\u00a0 Vous disposerez d\u2019un droit restreint \u00e0 la libre circulation des &hellip;<\/p>\n","protected":false},"author":3,"featured_media":0,"parent":2578,"menu_order":2,"comment_status":"closed","ping_status":"closed","template":"","meta":{"footnotes":""},"tags":[],"class_list":["post-2608","page","type-page","status-publish","hentry"],"aioseo_notices":[],"_links":{"self":[{"href":"https:\/\/smartbe.be\/fr\/wp-json\/wp\/v2\/pages\/2608","targetHints":{"allow":["GET"]}}],"collection":[{"href":"https:\/\/smartbe.be\/fr\/wp-json\/wp\/v2\/pages"}],"about":[{"href":"https:\/\/smartbe.be\/fr\/wp-json\/wp\/v2\/types\/page"}],"author":[{"embeddable":true,"href":"https:\/\/smartbe.be\/fr\/wp-json\/wp\/v2\/users\/3"}],"replies":[{"embeddable":true,"href":"https:\/\/smartbe.be\/fr\/wp-json\/wp\/v2\/comments?post=2608"}],"version-history":[{"count":11,"href":"https:\/\/smartbe.be\/fr\/wp-json\/wp\/v2\/pages\/2608\/revisions"}],"predecessor-version":[{"id":6470,"href":"https:\/\/smartbe.be\/fr\/wp-json\/wp\/v2\/pages\/2608\/revisions\/6470"}],"up":[{"embeddable":true,"href":"https:\/\/smartbe.be\/fr\/wp-json\/wp\/v2\/pages\/2578"}],"wp:attachment":[{"href":"https:\/\/smartbe.be\/fr\/wp-json\/wp\/v2\/media?parent=2608"}],"wp:term":[{"taxonomy":"post_tag","embeddable":true,"href":"https:\/\/smartbe.be\/fr\/wp-json\/wp\/v2\/tags?post=2608"}],"curies":[{"name":"wp","href":"https:\/\/api.w.org\/{rel}","templated":true}]}}