
{"id":2512,"date":"2014-01-30T16:17:22","date_gmt":"2014-01-30T15:17:22","guid":{"rendered":"http:\/\/smartbe.be\/?page_id=2512"},"modified":"2014-07-16T09:52:37","modified_gmt":"2014-07-16T08:52:37","slug":"les-allocation-dinsertion","status":"publish","type":"page","link":"https:\/\/smartbe.be\/fr\/les-allocation-dinsertion\/","title":{"rendered":"Les allocations d&rsquo;insertion"},"content":{"rendered":"<h1>Le stage d\u2019insertion professionnelle<\/h1>\n<p>A condition d\u2019avoir mis fin \u00e0 tout enseignement de plein exercice, le jeune peut faire d\u00e9marrer son stage d\u2019insertion professionnelle.<br \/>\nA la fin de ses \u00e9tudes, le jeune doit aller s\u2019inscrire \u00e0 ACTIRIS, au FOREM, au VDAB ou \u00e0 l\u2019ADG comme demandeur d\u2019emploi.<\/p>\n<h1>Dur\u00e9e du stage<\/h1>\n<p>Quel que soit l\u2019\u00e2ge du jeune, la dur\u00e9e du stage est de 310 jours. Celui-ci d\u00e9bute au plus t\u00f4t le 1er ao\u00fbt qui suit la fin des \u00e9tudes (sauf si le jeune a interrompu ses \u00e9tudes dans le courant de l\u2019ann\u00e9e scolaire).<\/p>\n<h2>Comptent notamment pour le stage d\u2019insertion professionnelle:<\/h2>\n<ul>\n<li>les journ\u00e9es de travail salari\u00e9 pour lesquelles les cotisations sociales ont \u00e9t\u00e9 retenues<\/li>\n<li>les journ\u00e9es de travail comme \u00e9tudiant effectu\u00e9es apr\u00e8s le d\u00e9marrage du stage d\u2019insertion (en ao\u00fbt et septembre qui suivent la fin des \u00e9tudes).<\/li>\n<li>les journ\u00e9es (sauf dimanche) situ\u00e9es dans les p\u00e9riodes pendant lesquelles le jeune s\u2019est install\u00e9 comme ind\u00e9pendant \u00e0 titre principal<\/li>\n<\/ul>\n<h1>Obligations du jeune<\/h1>\n<h2>Durant le stage d\u2019insertion, les obligations du jeune sont les suivantes:<\/h2>\n<ul>\n<li>\u00eatre disponible sur le march\u00e9 de l\u2019emploi<\/li>\n<li>accepter tout emploi ou formation convenable<\/li>\n<li>rechercher activement un emploi<\/li>\n<li>participer au trajet d\u2019insertion individuel qui lui est offert<\/li>\n<\/ul>\n<h1>La demande d\u2019allocation d\u2019insertion<\/h1>\n<p>Une fois le stage accompli, le jeune peut demander des allocations d\u2019insertion.<\/p>\n<h2>Les conditions sont:<\/h2>\n<ul>\n<li>avoir fini ses \u00e9tudes secondaires en Belgique (ou \u00e9tudes assimil\u00e9es)<\/li>\n<li>ne plus suivre d\u2019\u00e9tudes de plein exercice, ni aucune activit\u00e9 en relation avec ses \u00e9tudes<\/li>\n<li>avoir effectu\u00e9 le stage d\u2019insertion professionnelle<\/li>\n<li>ne pas avoir atteint l\u2019\u00e2ge de 30 ans<\/li>\n<\/ul>\n<h1>La proc\u00e9dure de demande d\u2019allocations d\u2019insertion<\/h1>\n<ul>\n<li>le jeune doit se pr\u00e9senter aupr\u00e8s du service r\u00e9gional de l\u2019emploi (ACTIRIS, FOREM, VDAB, ADG) \u00e0 la date mentionn\u00e9e sur la carte A23 ou dans les 8 jours qui suivent, afin de confirmer son inscription comme demandeur d\u2019emploi<\/li>\n<li>il se pr\u00e9sente avec le formulaire C109\/36 d\u00fbment compl\u00e9t\u00e9 par son \u00e9tablissement scolaire aupr\u00e8s d\u2019un organisme de paiement (syndicats : FGTB, CSC, CGSLB ou CAPAC www.onem.be) o\u00f9 il recevra une carte de contr\u00f4le<\/li>\n<li>il doit remettre sa carte de contr\u00f4le \u00e0 l\u2019organisme de paiement, \u00e0 la fin de chaque mois.<\/li>\n<\/ul>","protected":false},"excerpt":{"rendered":"<p>Le stage d\u2019insertion professionnelle A condition d\u2019avoir mis fin \u00e0 tout enseignement de plein exercice, le jeune peut faire d\u00e9marrer son stage d\u2019insertion professionnelle. A la fin de ses \u00e9tudes, le jeune doit aller s\u2019inscrire \u00e0 ACTIRIS, au FOREM, au &hellip;<\/p>\n","protected":false},"author":3,"featured_media":0,"parent":0,"menu_order":1,"comment_status":"closed","ping_status":"closed","template":"","meta":{"footnotes":""},"tags":[],"class_list":["post-2512","page","type-page","status-publish","hentry"],"aioseo_notices":[],"_links":{"self":[{"href":"https:\/\/smartbe.be\/fr\/wp-json\/wp\/v2\/pages\/2512","targetHints":{"allow":["GET"]}}],"collection":[{"href":"https:\/\/smartbe.be\/fr\/wp-json\/wp\/v2\/pages"}],"about":[{"href":"https:\/\/smartbe.be\/fr\/wp-json\/wp\/v2\/types\/page"}],"author":[{"embeddable":true,"href":"https:\/\/smartbe.be\/fr\/wp-json\/wp\/v2\/users\/3"}],"replies":[{"embeddable":true,"href":"https:\/\/smartbe.be\/fr\/wp-json\/wp\/v2\/comments?post=2512"}],"version-history":[{"count":20,"href":"https:\/\/smartbe.be\/fr\/wp-json\/wp\/v2\/pages\/2512\/revisions"}],"predecessor-version":[{"id":2548,"href":"https:\/\/smartbe.be\/fr\/wp-json\/wp\/v2\/pages\/2512\/revisions\/2548"}],"wp:attachment":[{"href":"https:\/\/smartbe.be\/fr\/wp-json\/wp\/v2\/media?parent=2512"}],"wp:term":[{"taxonomy":"post_tag","embeddable":true,"href":"https:\/\/smartbe.be\/fr\/wp-json\/wp\/v2\/tags?post=2512"}],"curies":[{"name":"wp","href":"https:\/\/api.w.org\/{rel}","templated":true}]}}