
{"id":25063,"date":"2018-11-06T12:50:59","date_gmt":"2018-11-06T11:50:59","guid":{"rendered":"https:\/\/smartbe.be\/?page_id=25063\/"},"modified":"2018-11-27T11:05:12","modified_gmt":"2018-11-27T10:05:12","slug":"groupe-de-travail-constitution-de-filieres-economiques","status":"publish","type":"page","link":"https:\/\/smartbe.be\/fr\/la-cooperative-2\/smart-progress\/groupes-de-travail-2018-2019\/groupe-de-travail-constitution-de-filieres-economiques\/","title":{"rendered":"Groupe de travail : constitution de fili\u00e8res \u00e9conomiques"},"content":{"rendered":"<h2>Situation actuelle\/probl\u00e9matique<\/h2>\n<p>SMart, en tant que coop\u00e9rative de travailleurs et travailleuses multi-activit\u00e9s, puise une partie de sa force dans l\u2019h\u00e9t\u00e9rog\u00e9n\u00e9it\u00e9 des profils qui la composent. Les outils standardis\u00e9s permettent \u00e0 un grand nombre de professionnels d\u2019exercer et de d\u00e9clarer leurs activit\u00e9s, quasiment quels que soient leur m\u00e9tier et domaine d\u2019activit\u00e9.<\/p>\n<p>Cette m\u00e9daille a un revers : il est capital de permettre aux pairs, aux gens qui exercent le m\u00eame m\u00e9tier ou travaillent dans le m\u00eame domaine d\u2019\u00e9changer sur leurs pratiques et de favoriser les synergies sur ce qu\u2019ils ou elles ont en commun.<\/p>\n<p>Cette valeur ajout\u00e9e sur l\u2019animation des fili\u00e8res que peut apporter la coop\u00e9rative est r\u00e9guli\u00e8rement r\u00e9clam\u00e9e par les soci\u00e9taires et doit \u00eatre structur\u00e9e et favoris\u00e9e par Smart, tant son utilit\u00e9 est \u00e9vidente.<\/p>\n<h2>Objectif du groupe de travail<\/h2>\n<p>Soumettre au Conseil d\u2019administration une proposition d\u2019approche et de structuration de l\u2019animation des fili\u00e8res au sein de la coop\u00e9rative.<\/p>\n<h2>Livrable<\/h2>\n<p>Le groupe fera des recommandations \u00e0 destination du Conseil d\u2019administration lui permettant de d\u00e9finir la d\u00e9marche d\u2019animation de fili\u00e8res. Une fois valid\u00e9e, celle-ci pourra \u00eatre d\u00e9ploy\u00e9e avec les membres par l\u2019\u00e9quipe op\u00e9rationnelle de Smart. Les retours d\u2019exp\u00e9riences et les exemples d\u2019organisation ad hoc sont les bienvenus.<\/p>\n<h2>Cadre de r\u00e9flexion<\/h2>\n<p>Quelques points d\u2019attention doivent cadrer et d\u00e9limiter les r\u00e9flexions du groupe de travail.<\/p>\n<ul>\n<li>Mettre \u00e0 disposition des soci\u00e9taires les outils et les moyens d\u2019animation des fili\u00e8res en auto-organisation, avec l\u2019appui lorsque n\u00e9cessaire de l\u2019\u00e9quipe op\u00e9rationnelle. Il est capital pour la p\u00e9rennit\u00e9 et la dynamique de l\u2019animation des fili\u00e8res que celle-ci soit prise en mains par les soci\u00e9taires eux-m\u00eames, gr\u00e2ce aux ressources que nous tiendrons \u00e0 leur disposition<\/li>\n<li>Favoriser l\u2019animation de fili\u00e8res transnationales<\/li>\n<li>Encourager l\u2019int\u00e9gration de la dimension animation de fili\u00e8res, qui est un moyen, au m\u00e9tier de conseiller<\/li>\n<li>Mettre en application nos valeurs coop\u00e9ratives et participatives, stimuler les collaborations internes, l\u2019acc\u00e8s \u00e0 de nouveaux march\u00e9s, etc.<\/li>\n<li>Prendre en compte la notion de territoires<\/li>\n<\/ul>\n<h2>Participation \u00e0 ce groupe de travail<\/h2>\n<p>Participer \u00e0 un groupe de travail permet \u00e0 chacun et chacune d\u2019enrichir sa vision et sa connaissance du sujet abord\u00e9, de l\u2019organisation Smart et ses parties prenantes puisqu\u2019y seront notamment favoris\u00e9s la convivialit\u00e9 et le r\u00e9seautage via des rencontres intra et inter groupes de travail.\u00a0Ce groupe est soutenu dans ses r\u00e9flexions par\u00a0Lira Campoamor,\u00a0Marie-Laure Lul\u00e9 et Sarah Ledant.<\/p>\n<p><strong>Quelques pr\u00e9requis\u00a0<\/strong><\/p>\n<ul>\n<li>\u00eatre soci\u00e9taire de la coop\u00e9rative<\/li>\n<li>pouvoir s\u2019engager sur la dur\u00e9e du groupe de travail: \u00e0 savoir une \u00e0 deux r\u00e9unions mensuelles de d\u00e9cembre 2018 \u00e0 avril 2019<\/li>\n<li>s\u2019engager \u00e0 participer de fa\u00e7on volontaire et non r\u00e9mun\u00e9r\u00e9e<\/li>\n<li>il n\u2019est pas n\u00e9cessaire d\u2019\u00eatre un expert, il est par contre attendu un int\u00e9r\u00eat pour le sujet et de souhaiter travailler en coop\u00e9ration<\/li>\n<\/ul>\n<p><strong>Des questions?\u00a0<a href=\"mailto:&#x73;&#x6d;&#x61;&#x72;&#x74;&#x69;&#x6e;&#x70;&#x72;&#x6f;&#x67;&#x72;&#x65;&#x73;&#x73;&#x40;&#x73;&#x6d;&#x61;&#x72;&#x74;&#x2e;&#x63;&#x6f;&#x6f;&#x70;\">&#x73;&#x6d;&#x61;&#x72;&#x74;&#x69;&#x6e;&#x70;&#x72;&#x6f;&#x67;&#x72;&#x65;&#x73;&#x73;&#x40;<span class=\"oe_displaynone\">null<\/span>&#x73;&#x6d;&#x61;&#x72;&#x74;&#x2e;&#x63;&#x6f;&#x6f;&#x70;<\/a><\/strong><\/p>\n<p>&nbsp;<\/p>\n<p><strong>Consultez les enjeux et les travaux attendus des autres groupes de travail<\/strong><\/p>\n<ul>\n<li><a href=\"https:\/\/smartbe.be\/fr\/smart-progress\/groupes-de-travail-2018-2019\/groupe-de-travail-une-centrale-dachat-eco-responsable-acheter-moins-cher-mais-pas-que-comment-profiter-de-la-force-du-nombre-pour-mutualiser-nos-achats\/\">Centrale d\u2019achat \u00e9co-responsable<\/a><\/li>\n<li><a href=\"https:\/\/smartbe.be\/fr\/smart-progress\/groupes-de-travail-2018-2019\/groupe-de-travail-mesure-de-limpact-social-de-smart\/\">Mesure de l\u2019impact social de Smart<\/a><\/li>\n<\/ul>","protected":false},"excerpt":{"rendered":"<p>Situation actuelle\/probl\u00e9matique SMart, en tant que coop\u00e9rative de travailleurs et travailleuses multi-activit\u00e9s, puise une partie de sa force dans l\u2019h\u00e9t\u00e9rog\u00e9n\u00e9it\u00e9 des profils qui la composent. Les outils standardis\u00e9s permettent \u00e0 un grand nombre de professionnels d\u2019exercer et de d\u00e9clarer leurs &hellip;<\/p>\n","protected":false},"author":56,"featured_media":0,"parent":25050,"menu_order":0,"comment_status":"closed","ping_status":"closed","template":"","meta":{"footnotes":""},"tags":[],"class_list":["post-25063","page","type-page","status-publish","hentry"],"aioseo_notices":[],"_links":{"self":[{"href":"https:\/\/smartbe.be\/fr\/wp-json\/wp\/v2\/pages\/25063","targetHints":{"allow":["GET"]}}],"collection":[{"href":"https:\/\/smartbe.be\/fr\/wp-json\/wp\/v2\/pages"}],"about":[{"href":"https:\/\/smartbe.be\/fr\/wp-json\/wp\/v2\/types\/page"}],"author":[{"embeddable":true,"href":"https:\/\/smartbe.be\/fr\/wp-json\/wp\/v2\/users\/56"}],"replies":[{"embeddable":true,"href":"https:\/\/smartbe.be\/fr\/wp-json\/wp\/v2\/comments?post=25063"}],"version-history":[{"count":12,"href":"https:\/\/smartbe.be\/fr\/wp-json\/wp\/v2\/pages\/25063\/revisions"}],"predecessor-version":[{"id":25295,"href":"https:\/\/smartbe.be\/fr\/wp-json\/wp\/v2\/pages\/25063\/revisions\/25295"}],"up":[{"embeddable":true,"href":"https:\/\/smartbe.be\/fr\/wp-json\/wp\/v2\/pages\/25050"}],"wp:attachment":[{"href":"https:\/\/smartbe.be\/fr\/wp-json\/wp\/v2\/media?parent=25063"}],"wp:term":[{"taxonomy":"post_tag","embeddable":true,"href":"https:\/\/smartbe.be\/fr\/wp-json\/wp\/v2\/tags?post=25063"}],"curies":[{"name":"wp","href":"https:\/\/api.w.org\/{rel}","templated":true}]}}