
{"id":25060,"date":"2018-11-06T12:47:06","date_gmt":"2018-11-06T11:47:06","guid":{"rendered":"https:\/\/smartbe.be\/?page_id=25060\/"},"modified":"2018-11-27T11:07:12","modified_gmt":"2018-11-27T10:07:12","slug":"groupe-de-travail-mesure-de-limpact-social-de-smart","status":"publish","type":"page","link":"https:\/\/smartbe.be\/fr\/la-cooperative-2\/smart-progress\/groupes-de-travail-2018-2019\/groupe-de-travail-mesure-de-limpact-social-de-smart\/","title":{"rendered":"Groupe de travail : mesure de l&rsquo;impact social de Smart"},"content":{"rendered":"<h2>Situation actuelle\/probl\u00e9matique<\/h2>\n<p>L\u2019impact soci(\u00e9t)al de Smart ne fait l\u2019objet actuellement d\u2019aucune mesure objective.<\/p>\n<p>Il convient de distinguer le rapport sp\u00e9cial sur la r\u00e9alisation du but social de Smart, qui est statutaire et limit\u00e9 \u00e0 un cadre d\u00e9fini dans les statuts et la mesure de l\u2019impact social de Smart, qui est plus large, plus universel et est issu d\u2019une volont\u00e9 affirm\u00e9e d\u2019avoir un impact social et soci\u00e9tal en tant que coop\u00e9rative de travailleurs et de choisir de le mesurer. C\u2019est cette derni\u00e8re qui est l\u2019objet de ce groupe de travail.<\/p>\n<h2>Objectif du groupe de travail<\/h2>\n<p>Proposer au Conseil d\u2019administration une d\u00e9marche globale d\u2019\u00e9valuation de l\u2019impact social pertinente et adapt\u00e9e aux sp\u00e9cificit\u00e9s de Smart: objectifs, moyens, r\u00e9sultats attendus.<\/p>\n<h2>Livrable<\/h2>\n<p>Le groupe fera des recommandations \u00e0 destination du Conseil d\u2019administration lui permettant de d\u00e9finir la m\u00e9thode d\u2019\u00e9valuation de notre impact social et d\u2019\u00eatre un outil de priorisation et d\u2019aide \u00e0 la d\u00e9cision. Une fois valid\u00e9s, ces principes seront mis en \u0153uvre par l\u2019\u00e9quipe op\u00e9rationnelle de Smart. Les retours d\u2019exp\u00e9riences et les exemples d\u2019organisation ad hoc sont les bienvenus.<\/p>\n<h2 class=\"x_MsoNormal\">Cadre de r\u00e9flexion<\/h2>\n<p class=\"x_MsoNormal\">La question de l\u2019impact social devra \u00eatre abord\u00e9e selon les axes suivants :<\/p>\n<ul>\n<li class=\"x_MsoNormal\">l\u2019utilit\u00e9 de la mesure de l\u2019impact social pour l\u2019ensemble des parties prenantes<\/li>\n<li class=\"x_MsoNormal\">renforcer la coh\u00e9rence en interne et requestionner le sens du projet<\/li>\n<li class=\"x_MsoNormal\">valoriser notre impact et le communiquer aupr\u00e8s de tous<\/li>\n<li class=\"x_MsoNormal\">piloter nos actions au regard d\u2019indicateurs pertinents et objectifs<\/li>\n<\/ul>\n<h2>Participation \u00e0 ce groupe de travail<\/h2>\n<p>Participer \u00e0 un groupe de travail permet \u00e0 chacun et chacune d\u2019enrichir sa vision et sa connaissance du sujet abord\u00e9, de l\u2019organisation Smart et ses parties prenantes puisqu\u2019y seront notamment favoris\u00e9s la convivialit\u00e9 et le r\u00e9seautage via des rencontres intra et inter groupes de travail. Ce groupe sera soutenu dans ses r\u00e9flexions par S\u00e9bastien Paule, Jo\u00eblle Boucher et Julien Charles.<\/p>\n<p><strong>Quelques pr\u00e9requis<\/strong><\/p>\n<ul>\n<li>\u00eatre soci\u00e9taire de la coop\u00e9rative<\/li>\n<li>pouvoir s\u2019engager sur la dur\u00e9e du groupe de travail: \u00e0 savoir une \u00e0 deux r\u00e9unions mensuelles de d\u00e9cembre 2018 \u00e0 avril 2019<\/li>\n<li>s\u2019engager \u00e0 participer de fa\u00e7on volontaire et non r\u00e9mun\u00e9r\u00e9e<\/li>\n<li>il n\u2019est pas n\u00e9cessaire d\u2019\u00eatre un expert, il est par contre attendu un int\u00e9r\u00eat pour le sujet et de souhaiter travailler en coop\u00e9ration<\/li>\n<\/ul>\n<p><strong>Des questions?\u00a0<a href=\"mailto:&#x73;&#x6d;&#x61;&#x72;&#x74;&#x69;&#x6e;&#x70;&#x72;&#x6f;&#x67;&#x72;&#x65;&#x73;&#x73;&#x40;&#x73;&#x6d;&#x61;&#x72;&#x74;&#x2e;&#x63;&#x6f;&#x6f;&#x70;\">&#x73;&#x6d;&#x61;&#x72;&#x74;&#x69;&#x6e;&#x70;&#x72;&#x6f;&#x67;&#x72;&#x65;&#x73;&#x73;&#x40;<span class=\"oe_displaynone\">null<\/span>&#x73;&#x6d;&#x61;&#x72;&#x74;&#x2e;&#x63;&#x6f;&#x6f;&#x70;<\/a><\/strong><\/p>\n<p>&nbsp;<\/p>\n<p><strong>Consultez les enjeux et les travaux attendus des autres groupes de travail<\/strong><\/p>\n<ul>\n<li><a href=\"https:\/\/smartbe.be\/fr\/smart-progress\/groupes-de-travail-2018-2019\/groupe-de-travail-une-centrale-dachat-eco-responsable-acheter-moins-cher-mais-pas-que-comment-profiter-de-la-force-du-nombre-pour-mutualiser-nos-achats\/\">Centrale d\u2019achat \u00e9co-responsable<\/a><\/li>\n<li><a href=\"https:\/\/smartbe.be\/fr\/smart-progress\/groupes-de-travail-2018-2019\/groupe-de-travail-constitution-de-filieres-economiques\/\">Constitution de fili\u00e8res \u00e9conomiques<\/a><\/li>\n<\/ul>","protected":false},"excerpt":{"rendered":"<p>Situation actuelle\/probl\u00e9matique L\u2019impact soci(\u00e9t)al de Smart ne fait l\u2019objet actuellement d\u2019aucune mesure objective. Il convient de distinguer le rapport sp\u00e9cial sur la r\u00e9alisation du but social de Smart, qui est statutaire et limit\u00e9 \u00e0 un cadre d\u00e9fini dans les statuts &hellip;<\/p>\n","protected":false},"author":56,"featured_media":0,"parent":25050,"menu_order":0,"comment_status":"closed","ping_status":"closed","template":"","meta":{"footnotes":""},"tags":[],"class_list":["post-25060","page","type-page","status-publish","hentry"],"aioseo_notices":[],"_links":{"self":[{"href":"https:\/\/smartbe.be\/fr\/wp-json\/wp\/v2\/pages\/25060","targetHints":{"allow":["GET"]}}],"collection":[{"href":"https:\/\/smartbe.be\/fr\/wp-json\/wp\/v2\/pages"}],"about":[{"href":"https:\/\/smartbe.be\/fr\/wp-json\/wp\/v2\/types\/page"}],"author":[{"embeddable":true,"href":"https:\/\/smartbe.be\/fr\/wp-json\/wp\/v2\/users\/56"}],"replies":[{"embeddable":true,"href":"https:\/\/smartbe.be\/fr\/wp-json\/wp\/v2\/comments?post=25060"}],"version-history":[{"count":14,"href":"https:\/\/smartbe.be\/fr\/wp-json\/wp\/v2\/pages\/25060\/revisions"}],"predecessor-version":[{"id":25297,"href":"https:\/\/smartbe.be\/fr\/wp-json\/wp\/v2\/pages\/25060\/revisions\/25297"}],"up":[{"embeddable":true,"href":"https:\/\/smartbe.be\/fr\/wp-json\/wp\/v2\/pages\/25050"}],"wp:attachment":[{"href":"https:\/\/smartbe.be\/fr\/wp-json\/wp\/v2\/media?parent=25060"}],"wp:term":[{"taxonomy":"post_tag","embeddable":true,"href":"https:\/\/smartbe.be\/fr\/wp-json\/wp\/v2\/tags?post=25060"}],"curies":[{"name":"wp","href":"https:\/\/api.w.org\/{rel}","templated":true}]}}