
{"id":25053,"date":"2018-11-06T12:25:55","date_gmt":"2018-11-06T11:25:55","guid":{"rendered":"https:\/\/smartbe.be\/?page_id=25053\/"},"modified":"2018-11-27T11:06:27","modified_gmt":"2018-11-27T10:06:27","slug":"groupe-de-travail-une-centrale-dachat-eco-responsable-acheter-moins-cher-mais-pas-que-comment-profiter-de-la-force-du-nombre-pour-mutualiser-nos-achats","status":"publish","type":"page","link":"https:\/\/smartbe.be\/fr\/la-cooperative-2\/smart-progress\/groupes-de-travail-2018-2019\/groupe-de-travail-une-centrale-dachat-eco-responsable-acheter-moins-cher-mais-pas-que-comment-profiter-de-la-force-du-nombre-pour-mutualiser-nos-achats\/","title":{"rendered":"Groupe de travail : centrale d\u2019achat \u00e9co-responsable"},"content":{"rendered":"<h2>Situation actuelle\/probl\u00e9matique<\/h2>\n<p>Il n&rsquo;existe pas aujourd\u2019hui de politique sp\u00e9cifique d\u2019achat permettant aux soci\u00e9taires de tirer profit du nombre et des \u00e9conomies d\u2019\u00e9chelle que peut permettre le groupement coop\u00e9ratif aupr\u00e8s des diff\u00e9rents fournisseurs. Ce chantier doit s\u2019engager en regard de notre \u00e9co-responsabilit\u00e9, dont les crit\u00e8res sont \u00e0 d\u00e9finir.<\/p>\n<h2>Objectif du groupe de travail<\/h2>\n<p>Fournir au Conseil d\u2019administration des recommandations quant aux contours que devrait prendre une future centrale d\u2019achat \u00e9co-responsable accessible \u00e0 tous les soci\u00e9taires.<\/p>\n<h2>Livrable<\/h2>\n<p>Le groupe fera des recommandations \u00e0 destination du Conseil d\u2019administration lui permettant de d\u00e9finir les contours strat\u00e9giques de la future centrale d\u2019achat \u00e9co-responsable. Une fois valid\u00e9s, ces principes seront mis en \u0153uvre par l\u2019\u00e9quipe op\u00e9rationnelle de Smart. Les retours d\u2019exp\u00e9riences et les exemples d\u2019organisation ad hoc sont les bienvenus.<\/p>\n<h2>Cadre de r\u00e9flexion<\/h2>\n<p>Il est demand\u00e9 au groupe de travail d\u2019aborder la probl\u00e9matique selon diff\u00e9rents axes:<\/p>\n<ul>\n<li><strong>logistique:\u00a0<\/strong>comment rendre possible une centralisation des achats de la coop\u00e9rative, groupement de commandes, centralisation des livraisons, etc.?<\/li>\n<li><strong>\u00e9thique:\u00a0<\/strong>quelle crit\u00e9risation pour d\u00e9finir les fournisseurs \u00e9thiques et\/ou \u00e9co-responsables ?<\/li>\n<li><strong>\u00e9conomique:\u00a0<\/strong>quel gain pour les soci\u00e9taires, quelles conditions en de\u00e7\u00e0 desquelles un fournisseur ne peut pr\u00e9tendre \u00e0 faire partie de la centrale d\u2019achats, etc.?<\/li>\n<\/ul>\n<h2>Participation \u00e0 ce groupe de travail<\/h2>\n<p>Participer \u00e0 un groupe de travail permet \u00e0 chacun et chacune d\u2019enrichir sa vision et sa connaissance du sujet abord\u00e9, de l\u2019organisation Smart et ses parties prenantes puisqu\u2019y seront notamment favoris\u00e9s la convivialit\u00e9 et le r\u00e9seautage via des rencontres intra et inter groupes de travail. Ce groupe sera soutenu dans ses r\u00e9flexions par Marie-Fran\u00e7oise Wirix et Fran\u00e7oise Kemajou.<\/p>\n<p><strong>Quelques pr\u00e9requis<\/strong><\/p>\n<ul>\n<li>\u00eatre soci\u00e9taire de la coop\u00e9rative<\/li>\n<li>pouvoir s\u2019engager sur la dur\u00e9e du groupe de travail: \u00e0 savoir une \u00e0 deux r\u00e9unions mensuelles de d\u00e9cembre 2018 \u00e0 avril 2019<\/li>\n<li>s\u2019engager \u00e0 participer de fa\u00e7on volontaire et non r\u00e9mun\u00e9r\u00e9e<\/li>\n<li>il n\u2019est pas n\u00e9cessaire d\u2019\u00eatre un expert, il est par contre attendu un int\u00e9r\u00eat pour le sujet et de souhaiter travailler en coop\u00e9ration<\/li>\n<\/ul>\n<p><strong>Des questions?\u00a0<a href=\"mailto:&#x73;&#x6d;&#x61;&#x72;&#x74;&#x69;&#x6e;&#x70;&#x72;&#x6f;&#x67;&#x72;&#x65;&#x73;&#x73;&#x40;&#x73;&#x6d;&#x61;&#x72;&#x74;&#x2e;&#x63;&#x6f;&#x6f;&#x70;\">&#x73;&#x6d;&#x61;&#x72;&#x74;&#x69;&#x6e;&#x70;&#x72;&#x6f;&#x67;&#x72;&#x65;&#x73;&#x73;&#x40;<span class=\"oe_displaynone\">null<\/span>&#x73;&#x6d;&#x61;&#x72;&#x74;&#x2e;&#x63;&#x6f;&#x6f;&#x70;<\/a><\/strong><\/p>\n<p>&nbsp;<\/p>\n<p><strong>Consultez les enjeux et les travaux attendus des autres groupes de travail<\/strong><\/p>\n<ul>\n<li><a href=\"https:\/\/smartbe.be\/fr\/smart-progress\/groupes-de-travail-2018-2019\/groupe-de-travail-mesure-de-limpact-social-de-smart\/\">Mesure de l\u2019impact social de Smart<\/a><\/li>\n<li><a href=\"https:\/\/smartbe.be\/fr\/smart-progress\/groupes-de-travail-2018-2019\/groupe-de-travail-constitution-de-filieres-economiques\/\">Constitution de fili\u00e8res \u00e9conomiques<\/a><\/li>\n<\/ul>","protected":false},"excerpt":{"rendered":"<p>Situation actuelle\/probl\u00e9matique Il n&rsquo;existe pas aujourd\u2019hui de politique sp\u00e9cifique d\u2019achat permettant aux soci\u00e9taires de tirer profit du nombre et des \u00e9conomies d\u2019\u00e9chelle que peut permettre le groupement coop\u00e9ratif aupr\u00e8s des diff\u00e9rents fournisseurs. Ce chantier doit s\u2019engager en regard de notre &hellip;<\/p>\n","protected":false},"author":56,"featured_media":0,"parent":25050,"menu_order":0,"comment_status":"closed","ping_status":"closed","template":"","meta":{"footnotes":""},"tags":[],"class_list":["post-25053","page","type-page","status-publish","hentry"],"aioseo_notices":[],"_links":{"self":[{"href":"https:\/\/smartbe.be\/fr\/wp-json\/wp\/v2\/pages\/25053","targetHints":{"allow":["GET"]}}],"collection":[{"href":"https:\/\/smartbe.be\/fr\/wp-json\/wp\/v2\/pages"}],"about":[{"href":"https:\/\/smartbe.be\/fr\/wp-json\/wp\/v2\/types\/page"}],"author":[{"embeddable":true,"href":"https:\/\/smartbe.be\/fr\/wp-json\/wp\/v2\/users\/56"}],"replies":[{"embeddable":true,"href":"https:\/\/smartbe.be\/fr\/wp-json\/wp\/v2\/comments?post=25053"}],"version-history":[{"count":17,"href":"https:\/\/smartbe.be\/fr\/wp-json\/wp\/v2\/pages\/25053\/revisions"}],"predecessor-version":[{"id":25296,"href":"https:\/\/smartbe.be\/fr\/wp-json\/wp\/v2\/pages\/25053\/revisions\/25296"}],"up":[{"embeddable":true,"href":"https:\/\/smartbe.be\/fr\/wp-json\/wp\/v2\/pages\/25050"}],"wp:attachment":[{"href":"https:\/\/smartbe.be\/fr\/wp-json\/wp\/v2\/media?parent=25053"}],"wp:term":[{"taxonomy":"post_tag","embeddable":true,"href":"https:\/\/smartbe.be\/fr\/wp-json\/wp\/v2\/tags?post=25053"}],"curies":[{"name":"wp","href":"https:\/\/api.w.org\/{rel}","templated":true}]}}