
{"id":25050,"date":"2018-11-06T12:20:30","date_gmt":"2018-11-06T11:20:30","guid":{"rendered":"https:\/\/smartbe.be\/?page_id=25050\/"},"modified":"2026-04-15T12:11:34","modified_gmt":"2026-04-15T10:11:34","slug":"groupes-de-travail-2018-2019","status":"publish","type":"page","link":"https:\/\/smartbe.be\/fr\/la-cooperative-2\/smart-progress\/groupes-de-travail-2018-2019\/","title":{"rendered":"Groupes de travail 2018-2019 [cl\u00f4tur\u00e9]"},"content":{"rendered":"<p>&nbsp;<\/p>\n<h2>Les enjeux et les missions des groupes de travail<\/h2>\n<ol>\n<li><a href=\"https:\/\/smartbe.be\/fr\/la-cooperative-2\/smart-progress\/groupes-de-travail-2018-2019\/groupe-de-travail-une-centrale-dachat-eco-responsable-acheter-moins-cher-mais-pas-que-comment-profiter-de-la-force-du-nombre-pour-mutualiser-nos-achats\/\"><strong>Centrale d\u2019achat \u00e9co-responsable<\/strong><\/a><em><strong>:<\/strong>\u00a0Acheter moins cher mais pas que ! Comment profiter de la force du nombre pour mutualiser nos achats ? <a href=\"https:\/\/smartbe.be\/fr\/la-cooperative-2\/smart-progress\/groupes-de-travail-2018-2019\/groupe-de-travail-une-centrale-dachat-eco-responsable-acheter-moins-cher-mais-pas-que-comment-profiter-de-la-force-du-nombre-pour-mutualiser-nos-achats\/\">En savoir plus<\/a><\/em><\/li>\n<li><a href=\"https:\/\/smartbe.be\/fr\/la-cooperative-2\/smart-progress\/groupes-de-travail-2018-2019\/groupe-de-travail-mesure-de-limpact-social-de-smart\/\"><strong>Mesure de l\u2019impact social de Smart<\/strong><\/a><strong>:<\/strong>\u00a0<em>Mesurer l\u2019impact social de Smart, est-ce possible ? Quels sont les crit\u00e8res et les indicateurs les plus pertinents en rapport avec notre but social ? <a href=\"https:\/\/smartbe.be\/fr\/la-cooperative-2\/smart-progress\/groupes-de-travail-2018-2019\/groupe-de-travail-mesure-de-limpact-social-de-smart\/\">En savoir plus<\/a><\/em><\/li>\n<li><strong><a href=\"https:\/\/smartbe.be\/fr\/la-cooperative-2\/smart-progress\/groupes-de-travail-2018-2019\/groupe-de-travail-constitution-de-filieres-economiques\/\">Constitution de fili\u00e8res \u00e9conomiques<\/a>:<\/strong>\u00a0<em>Travailler pour soi mais r\u00e9ussir ensemble ! Comment profiter de l\u2019exp\u00e9rience de mes pairs en d\u00e9veloppant mon r\u00e9seau professionnel en lien avec mon m\u00e9tier et\/ou mon secteur d\u2019activit\u00e9? <a href=\"https:\/\/smartbe.be\/fr\/la-cooperative-2\/smart-progress\/groupes-de-travail-2018-2019\/groupe-de-travail-constitution-de-filieres-economiques\/\">En savoir plus<\/a><\/em><\/li>\n<\/ol>\n<p><strong>Des questions? <a href=\"mailto:&#x6c;&#x65;&#x74;&#x73;&#x63;&#x6f;&#x6f;&#x70;&#x40;&#x73;&#x6d;&#x61;&#x72;&#x74;&#x2e;&#x63;&#x6f;&#x6f;&#x70;\">&#x6c;&#x65;&#x74;&#x73;&#x63;&#x6f;&#x6f;&#x70;&#x40;<span class=\"oe_displaynone\">null<\/span>&#x73;&#x6d;&#x61;&#x72;&#x74;&#x2e;&#x63;&#x6f;&#x6f;&#x70;<\/a><\/strong><\/p>\n<p>&nbsp;<\/p>\n<p><em><strong>La mise en place de ces groupes de travail s&rsquo;inscrit dans la d\u00e9marche\u00a0Smart in Progress, qui\u00a0propose des espaces de r\u00e9flexion et d&rsquo;\u00e9change autour de notre projet et de son \u00e9volution.<\/strong><\/em><\/p>\n<p>&nbsp;<\/p>\n<p>&nbsp;<\/p>\n<h2><\/h2>","protected":false},"excerpt":{"rendered":"<p>&nbsp; Les enjeux et les missions des groupes de travail Centrale d\u2019achat \u00e9co-responsable:\u00a0Acheter moins cher mais pas que ! Comment profiter de la force du nombre pour mutualiser nos achats ? En savoir plus Mesure de l\u2019impact social de Smart:\u00a0Mesurer &hellip;<\/p>\n","protected":false},"author":56,"featured_media":0,"parent":11514,"menu_order":0,"comment_status":"closed","ping_status":"closed","template":"","meta":{"footnotes":""},"tags":[],"class_list":["post-25050","page","type-page","status-publish","hentry"],"aioseo_notices":[],"_links":{"self":[{"href":"https:\/\/smartbe.be\/fr\/wp-json\/wp\/v2\/pages\/25050","targetHints":{"allow":["GET"]}}],"collection":[{"href":"https:\/\/smartbe.be\/fr\/wp-json\/wp\/v2\/pages"}],"about":[{"href":"https:\/\/smartbe.be\/fr\/wp-json\/wp\/v2\/types\/page"}],"author":[{"embeddable":true,"href":"https:\/\/smartbe.be\/fr\/wp-json\/wp\/v2\/users\/56"}],"replies":[{"embeddable":true,"href":"https:\/\/smartbe.be\/fr\/wp-json\/wp\/v2\/comments?post=25050"}],"version-history":[{"count":39,"href":"https:\/\/smartbe.be\/fr\/wp-json\/wp\/v2\/pages\/25050\/revisions"}],"predecessor-version":[{"id":49535,"href":"https:\/\/smartbe.be\/fr\/wp-json\/wp\/v2\/pages\/25050\/revisions\/49535"}],"up":[{"embeddable":true,"href":"https:\/\/smartbe.be\/fr\/wp-json\/wp\/v2\/pages\/11514"}],"wp:attachment":[{"href":"https:\/\/smartbe.be\/fr\/wp-json\/wp\/v2\/media?parent=25050"}],"wp:term":[{"taxonomy":"post_tag","embeddable":true,"href":"https:\/\/smartbe.be\/fr\/wp-json\/wp\/v2\/tags?post=25050"}],"curies":[{"name":"wp","href":"https:\/\/api.w.org\/{rel}","templated":true}]}}