
{"id":24948,"date":"2018-10-29T11:50:45","date_gmt":"2018-10-29T10:50:45","guid":{"rendered":"https:\/\/smartbe.be\/?page_id=24948\/"},"modified":"2026-02-26T18:26:42","modified_gmt":"2026-02-26T17:26:42","slug":"sessions-dinformation","status":"publish","type":"page","link":"https:\/\/smartbe.be\/fr\/nos-services\/sessions-dinformation\/","title":{"rendered":"Sessions d\u2019information"},"content":{"rendered":"<p>Vous avez un projet entrepreneurial? Vous voulez lancer votre activit\u00e9? Vous souhaitez effectuer quelques prestations de mani\u00e8re ponctuelle? Le statut d\u2019ind\u00e9pendant ne vous convainc pas?<\/p>\n<p>Smart est peut-\u00eatre la solution alternative et innovante dont vous avez besoin pour concr\u00e9tiser votre projet!<\/p>\n<p>Plus d\u2019infos sur <a href=\"https:\/\/guide.smart.coop\/docs\/registre-des-metiers-1\" target=\"_blank\" rel=\"noopener\">les m\u00e9tiers pouvant \u00eatre exerc\u00e9s au sein de Smart<\/a><\/p>\n<h1 id=\"modedemploi\">Participer \u00e0 une session d&rsquo;info: Smart, mode d\u2019emploi<\/h1>\n<p>D\u00e9couvrez, dans cette vid\u00e9o, ce que Smart peut faire pour vous et comment d\u00e9velopper votre activit\u00e9 professionnelle au sein de la coop\u00e9rative.<\/p>\n<div class=\"video-container\"><iframe loading=\"lazy\" title=\"Ce que Smart peut faire pour vous\" width=\"584\" height=\"329\" src=\"https:\/\/www.youtube.com\/embed\/2HC3atXEKQo?feature=oembed\" frameborder=\"0\" allow=\"accelerometer; autoplay; clipboard-write; encrypted-media; gyroscope; picture-in-picture; web-share\" referrerpolicy=\"strict-origin-when-cross-origin\" allowfullscreen><\/iframe><\/div>\n<p>Convaincu\u00b7e? Inscrivez-vous gratuitement \u00e0 une session d\u2019info. L\u2019occasion de d\u00e9couvrir plus en d\u00e9tail comment fonctionne Smart, ses outils, ses valeurs et posez vos questions aux conseiller\u00b7es. Nous organisons des sessions d\u2019info <b>en ligne et en pr\u00e9sentiel dans nos locaux<\/b>. Choisissez la formule qui vous convient.<\/p>\n<p>Important: l&rsquo;inscription \u00e0 une session est indispensable pour pouvoir ensuite y assister, les ajouts spontan\u00e9s ne sont pas possibles sur place.<\/p>\n<h3><strong>Faites votre choix:\u00a0<\/strong>Je souhaite m&rsquo;inscrire \u00e0<\/h3>\n<p><strong>une session d\u2019info EN LIGNE:<\/strong><em> (Choisissez une langue)<\/em><\/p>\n<ul>\n<li><a href=\"https:\/\/desk-sessions.smartbe.be\/#\/register\/BE-FR\/list\/66\/35\">Session d&rsquo;information en fran\u00e7ais<\/a><\/li>\n<li><a href=\"https:\/\/desk-sessions.smartbe.be\/#\/register\/BE-FR\/list\/71\/35\">Session d&rsquo;information en anglais<\/a><\/li>\n<li><a href=\"https:\/\/desk-sessions.smartbe.be\/#\/register\/BE-NL\/list\/67\/35\">Session d&rsquo;information en n\u00e9erlandais<\/a><\/li>\n<\/ul>\n<p><strong>une session d\u2019info EN PR\u00c9SENTIEL: <\/strong><em>(Choisissez une ville)<\/em><\/p>\n<ul>\n<li><a href=\"http:\/\/desk-sessions.smartbe.be\/#\/register\/BE-FR\/list\/1\/12\" target=\"_blank\" rel=\"noopener noreferrer\">Bruxelles<\/a><\/li>\n<li><a href=\"http:\/\/desk-sessions.smartbe.be\/#\/register\/BE-FR\/list\/3\/12\" target=\"_blank\" rel=\"noopener noreferrer\">Li\u00e8ge<\/a><\/li>\n<li><a href=\"http:\/\/desk-sessions.smartbe.be\/#\/register\/BE-FR\/list\/2\/12\" target=\"_blank\" rel=\"noopener noreferrer\">Namur<\/a><\/li>\n<li><a href=\"https:\/\/desk-sessions.smartbe.be\/#\/register\/BE-FR\/list\/75\/12\">Charleroi<\/a><\/li>\n<li><a href=\"https:\/\/desk-sessions.smartbe.be\/#\/register\/BE-FR\/list\/6\/12\">Mons<\/a><\/li>\n<li><a href=\"https:\/\/desk-sessions.smartbe.be\/#\/register\/BE-FR\/list\/76\/12\">Tournai<\/a><\/li>\n<li><a href=\"https:\/\/desk-sessions.smartbe.be\/#\/register\/BE-NL\/list\/4\/12\">Gent<\/a> (NL)<\/li>\n<li><a href=\"https:\/\/desk-sessions.smartbe.be\/#\/register\/BE-NL\/list\/5\/12\">Brussel<\/a> (NL)<\/li>\n<li><a href=\"https:\/\/desk-sessions.smartbe.be\/#\/register\/BE-NL\/list\/7\/12\">Antwerpen<\/a> (NL)<\/li>\n<li><a href=\"https:\/\/desk-sessions.smartbe.be\/#\/register\/BE-FR\/list\/74\/12\">Brussels<\/a> (EN)<\/li>\n<\/ul>","protected":false},"excerpt":{"rendered":"<p>Vous avez un projet entrepreneurial? Vous voulez lancer votre activit\u00e9? Vous souhaitez effectuer quelques prestations de mani\u00e8re ponctuelle? Le statut d\u2019ind\u00e9pendant ne vous convainc pas? Smart est peut-\u00eatre la solution alternative et innovante dont vous avez besoin pour concr\u00e9tiser votre &hellip;<\/p>\n","protected":false},"author":54,"featured_media":0,"parent":24860,"menu_order":0,"comment_status":"closed","ping_status":"closed","template":"","meta":{"footnotes":""},"tags":[],"class_list":["post-24948","page","type-page","status-publish","hentry"],"aioseo_notices":[],"_links":{"self":[{"href":"https:\/\/smartbe.be\/fr\/wp-json\/wp\/v2\/pages\/24948","targetHints":{"allow":["GET"]}}],"collection":[{"href":"https:\/\/smartbe.be\/fr\/wp-json\/wp\/v2\/pages"}],"about":[{"href":"https:\/\/smartbe.be\/fr\/wp-json\/wp\/v2\/types\/page"}],"author":[{"embeddable":true,"href":"https:\/\/smartbe.be\/fr\/wp-json\/wp\/v2\/users\/54"}],"replies":[{"embeddable":true,"href":"https:\/\/smartbe.be\/fr\/wp-json\/wp\/v2\/comments?post=24948"}],"version-history":[{"count":58,"href":"https:\/\/smartbe.be\/fr\/wp-json\/wp\/v2\/pages\/24948\/revisions"}],"predecessor-version":[{"id":49397,"href":"https:\/\/smartbe.be\/fr\/wp-json\/wp\/v2\/pages\/24948\/revisions\/49397"}],"up":[{"embeddable":true,"href":"https:\/\/smartbe.be\/fr\/wp-json\/wp\/v2\/pages\/24860"}],"wp:attachment":[{"href":"https:\/\/smartbe.be\/fr\/wp-json\/wp\/v2\/media?parent=24948"}],"wp:term":[{"taxonomy":"post_tag","embeddable":true,"href":"https:\/\/smartbe.be\/fr\/wp-json\/wp\/v2\/tags?post=24948"}],"curies":[{"name":"wp","href":"https:\/\/api.w.org\/{rel}","templated":true}]}}