
{"id":24941,"date":"2018-10-29T13:47:21","date_gmt":"2018-10-29T12:47:21","guid":{"rendered":"https:\/\/smartbe.be\/?page_id=24941\/"},"modified":"2025-11-24T13:31:10","modified_gmt":"2025-11-24T12:31:10","slug":"publications","status":"publish","type":"page","link":"https:\/\/smartbe.be\/fr\/publications\/","title":{"rendered":"Publications d&rsquo;\u00e9ducation permanente"},"content":{"rendered":"<p><strong>Des r\u00e9flexions en profondeur sur le cadre de vos pratiques.<\/strong><\/p>\n<p>Depuis 2012, une cellule au sein de Smart est sp\u00e9cialement affect\u00e9e \u00e0 la publication et \u00e0 la diffusion d\u2019analyses dans une perspective d\u2019\u00e9ducation permanente. Elle b\u00e9n\u00e9ficie pour ce faire d\u2019une subvention accord\u00e9e par la F\u00e9d\u00e9ration Wallonie-Bruxelles, \u00e0 l\u2019<strong>APMC<\/strong>, asbl historique de Smart. Elle propose des \u00e9l\u00e9ments de r\u00e9flexion qui permettent d\u2019alimenter le d\u00e9bat sur des questions touchant les \u00ab\u00a0travailleurs autonomes\u00a0\u00bb, intermittents et freelances de toutes professions.<\/p>\n<p>Parmi les domaines abord\u00e9s figurent les politiques de l\u2019emploi, l\u2019\u00e9conomie sociale, l\u2019\u00e9conomie de la culture, les politiques culturelles, les pratiques de mutualisation, la s\u00e9curit\u00e9 sociale, la d\u00e9fense des travailleurs autonomes, le Commun\u2026 Une attention particuli\u00e8re est accord\u00e9e au mouvement coop\u00e9ratif, dans la cadre d\u2019une \u00e9cole de la coop\u00e9ration que Smart met en place.<\/p>\n<p>Les analyses br\u00e8ves ou les\u00a0\u00e9tudes plus importantes publi\u00e9es ici sont l\u2019\u0153uvre de collaborateurs de Smart mais aussi d\u2019auteurs\u00a0ext\u00e9rieurs, le plus souvent\u00a0utilisateurs de nos services.<\/p>\n<p><a href=\"https:\/\/smartbe.be\/wp-content\/uploads\/2025\/11\/APMC_B.png\"><img loading=\"lazy\" decoding=\"async\" class=\"aligncenter wp-image-49002 size-full\" src=\"https:\/\/smartbe.be\/wp-content\/uploads\/2025\/11\/APMC_B.png\" alt=\"\" width=\"409\" height=\"97\" srcset=\"https:\/\/smartbe.be\/wp-content\/uploads\/2025\/11\/APMC_B.png 409w, https:\/\/smartbe.be\/wp-content\/uploads\/2025\/11\/APMC_B-300x71.png 300w, https:\/\/smartbe.be\/wp-content\/uploads\/2025\/11\/APMC_B-290x69.png 290w\" sizes=\"auto, (max-width: 409px) 100vw, 409px\" \/><\/a><\/p>\n<p><strong><u><a href=\"https:\/\/smartbe.be\/fr\/education-permanente-sommaire-general-des-analyses\/\">D\u00e9couvrez les Analyses<\/a><\/u><\/strong><br \/>\n<strong><u><a href=\"https:\/\/smartbe.be\/fr\/education-permanente-sommaire-general-des-cahiers\/\">D\u00e9couvrez les Cahiers<\/a><\/u><\/strong><\/p>\n<p>&nbsp;<\/p>\n<p>Tous les textes sont publi\u00e9s sous licence\u00a0<a href=\"http:\/\/creativecommons.org\/licenses\/by-nc-nd\/3.0\/\">Creative Commons BY-NC-ND<\/a>. Chacun peut donc les reproduire et les partager avec d\u2019autres, en pr\u00e9cisant qu\u2019ils sont \u00e9dit\u00e9s par Smart. Ils ne peuvent \u00eatre ni modifi\u00e9s ni utilis\u00e9s \u00e0 des fins commerciales.<\/p>\n<p>Certaines \u00e9tudes ou analyses font l\u2019objet d\u2019une publication papier au sein de notre collection\u00a0<strong><em>Les Cahiers<\/em><\/strong>, disponibles dans tous nos bureaux au prix de 1 ou 2 \u20ac.<\/p>\n<p>Vous avez des propositions d\u2019articles \u00e0 nous soumettre ?<br \/>\nContactez <a href=\"mailto:&#x6f;&#x72;&#x76;&#x69;&#x6c;&#x6c;&#x65;&#x2e;&#x70;&#x6c;&#x65;&#x74;&#x73;&#x63;&#x68;&#x65;&#x74;&#x74;&#x65;&#x40;&#x73;&#x6d;&#x61;&#x72;&#x74;&#x2e;&#x63;&#x6f;&#x6f;&#x70;\">Orville Pletschette<\/a><\/p>\n<div class=\"text-center\"><strong>Avec le soutien de la F\u00e9d\u00e9ration Wallonie-Bruxelles<\/strong><\/div>\n<div><\/div>\n<div><\/div>\n<div><\/div>\n<div><center><img loading=\"lazy\" decoding=\"async\" src=\"https:\/\/smartbe.be\/wp-content\/uploads\/2023\/11\/culturebe7-1024x446.jpg\" alt=\"\" width=\"126\" height=\"55\" \/>\u00a0\u00a0\u00a0 <img loading=\"lazy\" decoding=\"async\" class=\"\" src=\"https:\/\/smartbe.be\/wp-content\/uploads\/2023\/11\/FWB-logo-230OK_03.png\" alt=\"\" width=\"195\" height=\"43\" \/><\/center><\/div>\n<div><\/div>\n<div class=\"text-center\"><\/div>","protected":false},"excerpt":{"rendered":"<p>Des r\u00e9flexions en profondeur sur le cadre de vos pratiques. Depuis 2012, une cellule au sein de Smart est sp\u00e9cialement affect\u00e9e \u00e0 la publication et \u00e0 la diffusion d\u2019analyses dans une perspective d\u2019\u00e9ducation permanente. Elle b\u00e9n\u00e9ficie pour ce faire d\u2019une &hellip;<\/p>\n","protected":false},"author":54,"featured_media":0,"parent":0,"menu_order":0,"comment_status":"closed","ping_status":"closed","template":"","meta":{"footnotes":""},"tags":[],"class_list":["post-24941","page","type-page","status-publish","hentry"],"aioseo_notices":[],"_links":{"self":[{"href":"https:\/\/smartbe.be\/fr\/wp-json\/wp\/v2\/pages\/24941","targetHints":{"allow":["GET"]}}],"collection":[{"href":"https:\/\/smartbe.be\/fr\/wp-json\/wp\/v2\/pages"}],"about":[{"href":"https:\/\/smartbe.be\/fr\/wp-json\/wp\/v2\/types\/page"}],"author":[{"embeddable":true,"href":"https:\/\/smartbe.be\/fr\/wp-json\/wp\/v2\/users\/54"}],"replies":[{"embeddable":true,"href":"https:\/\/smartbe.be\/fr\/wp-json\/wp\/v2\/comments?post=24941"}],"version-history":[{"count":26,"href":"https:\/\/smartbe.be\/fr\/wp-json\/wp\/v2\/pages\/24941\/revisions"}],"predecessor-version":[{"id":49005,"href":"https:\/\/smartbe.be\/fr\/wp-json\/wp\/v2\/pages\/24941\/revisions\/49005"}],"wp:attachment":[{"href":"https:\/\/smartbe.be\/fr\/wp-json\/wp\/v2\/media?parent=24941"}],"wp:term":[{"taxonomy":"post_tag","embeddable":true,"href":"https:\/\/smartbe.be\/fr\/wp-json\/wp\/v2\/tags?post=24941"}],"curies":[{"name":"wp","href":"https:\/\/api.w.org\/{rel}","templated":true}]}}