
{"id":24939,"date":"2018-10-29T12:43:49","date_gmt":"2018-10-29T11:43:49","guid":{"rendered":"https:\/\/smartbe.be\/?page_id=24939\/"},"modified":"2023-08-23T15:57:26","modified_gmt":"2023-08-23T13:57:26","slug":"contrat-a-duree-indeterminee","status":"publish","type":"page","link":"https:\/\/smartbe.be\/fr\/nos-services\/contrat-a-duree-indeterminee\/","title":{"rendered":"Contrat \u00e0 dur\u00e9e ind\u00e9termin\u00e9e CDI"},"content":{"rendered":"<p>Smart offre la possibilit\u00e9 aux soci\u00e9taires de la coop\u00e9rative, sous certaines conditions, de travailler sous contrat \u00e0 dur\u00e9e ind\u00e9termin\u00e9e, \u00e0 temps plein ou temps partiel.<\/p>\n<p><strong>Pour qui?<\/strong><\/p>\n<p>Toute personne pouvant justifier de revenus r\u00e9guliers via son activit\u00e9 \u00e9conomique chez Smart.<\/p>\n<p><strong>Concr\u00e8tement, quels sont les b\u00e9n\u00e9fices?<\/strong><\/p>\n<ul>\n<li>La\u00a0<strong>SIMPLICIT\u00c9<\/strong> administrative: Plus besoin d\u2019encoder un contrat \u00e0 chaque nouvelle prestation.<\/li>\n<li>La\u00a0<strong>S\u00c9R\u00c9NIT\u00c9<\/strong> budg\u00e9taire: Fini les fluctuations de tr\u00e9sorerie, vous avez un salaire r\u00e9gulier tous les mois.<\/li>\n<li>La\u00a0<strong>FACILITATION<\/strong> de l&rsquo;acc\u00e8s \u00e0 des emprunts ou des investissements: Le CDI rassure les banques et les bailleurs. Smart vous accompagne dans vos besoins de tr\u00e9sorerie et d\u2019investissement.<\/li>\n<li>L\u2019<strong>OPTIMISATION<\/strong>\u00a0de votre\u00a0<strong>COUVERTURE SOCIALE<\/strong>: avec un CDI, vous augmentez vos droits aux allocations ch\u00f4mage en cas de perte d\u2019activit\u00e9s. Dans le cadre de ce CDI, si vous \u00eates \u00e9ligible, vous pouvez b\u00e9n\u00e9ficier des aides \u00e0 l&#8217;emploi ACTIVA.<\/li>\n<li>L\u2019<strong>ACC\u00c8S<\/strong>\u00a0\u00e0 un\u00a0<strong>PACK SALARIAL<\/strong> avantageux: Vous b\u00e9n\u00e9ficiez de tickets restaurants et d\u2019\u00e9coch\u00e8ques.<\/li>\n<\/ul>\n<p><strong>Ce dispositif vous int\u00e9resse?<\/strong><\/p>\n<p><a href=\"https:\/\/smartbe.be\/fr\/contact\/\">Prenez contact avec votre conseiller\u00b7e ou l\u2019une de nos \u00e9quipes<\/a>.<\/p>\n<p>Vous r\u00e9aliserez ensemble une analyse sur base notamment de la r\u00e9gularit\u00e9 de votre activit\u00e9 et du niveau de votre chiffre d\u2019affaires.<\/p>","protected":false},"excerpt":{"rendered":"<p>Smart offre la possibilit\u00e9 aux soci\u00e9taires de la coop\u00e9rative, sous certaines conditions, de travailler sous contrat \u00e0 dur\u00e9e ind\u00e9termin\u00e9e, \u00e0 temps plein ou temps partiel. Pour qui? Toute personne pouvant justifier de revenus r\u00e9guliers via son activit\u00e9 \u00e9conomique chez Smart. &hellip;<\/p>\n","protected":false},"author":54,"featured_media":0,"parent":24860,"menu_order":0,"comment_status":"closed","ping_status":"closed","template":"","meta":{"footnotes":""},"tags":[],"class_list":["post-24939","page","type-page","status-publish","hentry"],"aioseo_notices":[],"_links":{"self":[{"href":"https:\/\/smartbe.be\/fr\/wp-json\/wp\/v2\/pages\/24939","targetHints":{"allow":["GET"]}}],"collection":[{"href":"https:\/\/smartbe.be\/fr\/wp-json\/wp\/v2\/pages"}],"about":[{"href":"https:\/\/smartbe.be\/fr\/wp-json\/wp\/v2\/types\/page"}],"author":[{"embeddable":true,"href":"https:\/\/smartbe.be\/fr\/wp-json\/wp\/v2\/users\/54"}],"replies":[{"embeddable":true,"href":"https:\/\/smartbe.be\/fr\/wp-json\/wp\/v2\/comments?post=24939"}],"version-history":[{"count":9,"href":"https:\/\/smartbe.be\/fr\/wp-json\/wp\/v2\/pages\/24939\/revisions"}],"predecessor-version":[{"id":40382,"href":"https:\/\/smartbe.be\/fr\/wp-json\/wp\/v2\/pages\/24939\/revisions\/40382"}],"up":[{"embeddable":true,"href":"https:\/\/smartbe.be\/fr\/wp-json\/wp\/v2\/pages\/24860"}],"wp:attachment":[{"href":"https:\/\/smartbe.be\/fr\/wp-json\/wp\/v2\/media?parent=24939"}],"wp:term":[{"taxonomy":"post_tag","embeddable":true,"href":"https:\/\/smartbe.be\/fr\/wp-json\/wp\/v2\/tags?post=24939"}],"curies":[{"name":"wp","href":"https:\/\/api.w.org\/{rel}","templated":true}]}}