
{"id":24929,"date":"2018-10-29T12:45:27","date_gmt":"2018-10-29T11:45:27","guid":{"rendered":"https:\/\/smartbe.be\/?page_id=24929\/"},"modified":"2023-08-23T18:12:49","modified_gmt":"2023-08-23T16:12:49","slug":"assistance-juridique","status":"publish","type":"page","link":"https:\/\/smartbe.be\/fr\/nos-services\/assistance-juridique\/","title":{"rendered":"Assistance juridique"},"content":{"rendered":"<p>Nos conseiller\u00b7es mettent tout en \u0153uvre pour vous offrir un service complet. En soutien, certaines questions plus pointues pourront \u00eatre trait\u00e9es par l\u2019\u00e9quipe de juristes. Ce service vous conseille sur le droit social et fiscal, les droits d\u2019auteur et droits voisins et tous les contrats li\u00e9s \u00e0 ces mati\u00e8res, sur la r\u00e9glementation du ch\u00f4mage, la mobilit\u00e9 internationale, le droit commercial\u2026 et de mani\u00e8re g\u00e9n\u00e9rale toutes les mati\u00e8res du droit li\u00e9es \u00e0 votre carri\u00e8re socioprofessionnelle.<\/p>\n<p>Ce service gratuit propose en outre une assistance juridique et un service de m\u00e9diation aux membres pr\u00e9sentant des dossiers difficiles en mati\u00e8re fiscale ou de ch\u00f4mage.<\/p>\n<p>N&rsquo;h\u00e9sitez pas \u00e0 contacter nos conseillers\u00a0<a id=\"LPlnk429701\" class=\"x_OWAAutoLink\" href=\"http:\/\/smartbe.be\/fr\/nous-contacter\/\" target=\"_blank\" rel=\"noopener noreferrer\" data-auth=\"NotApplicable\">dans l\u2019un des bureaux de Smart<\/a>\u00a0pour plus d&rsquo;informations.<\/p>\n<p>&nbsp;<\/p>\n<h2>Conseil et d\u00e9fense en droit de la propri\u00e9t\u00e9 intellectuelle<\/h2>\n<p>Vous avez des questions relatives aux droits d\u2019auteur ou aux droits voisins? Vous n\u00e9gociez vos droits et avez besoin de conseils pour r\u00e9diger une convention ou des clauses particuli\u00e8res? Vous \u00eates dans un conflit relatif \u00e0 vos droits ou \u00e0 une convention? Vous \u00eates victime d\u2019un plagiat?<\/p>\n<p>Un service de conseil sp\u00e9cialis\u00e9 dans les mati\u00e8res li\u00e9es aux activit\u00e9s artistiques et intermittentes est \u00e0 votre disposition.<\/p>\n<p>\u00c0 la diff\u00e9rence du conseil de base propos\u00e9 par le service juridique de Smart, ce service est payant. Nous avons toutefois n\u00e9goci\u00e9 pour vous des tarifs horaires forts avantageux avec un partenaire, avocat sp\u00e9cialiste de ces questions. Dans les cas o\u00f9 ce sera possible, un devis pourra \u00eatre demand\u00e9 afin de mieux \u00e9valuer le co\u00fbt de la consultation souhait\u00e9e.<\/p>\n<p>&nbsp;<\/p>","protected":false},"excerpt":{"rendered":"<p>Nos conseiller\u00b7es mettent tout en \u0153uvre pour vous offrir un service complet. En soutien, certaines questions plus pointues pourront \u00eatre trait\u00e9es par l\u2019\u00e9quipe de juristes. Ce service vous conseille sur le droit social et fiscal, les droits d\u2019auteur et droits &hellip;<\/p>\n","protected":false},"author":54,"featured_media":0,"parent":24860,"menu_order":0,"comment_status":"closed","ping_status":"closed","template":"","meta":{"footnotes":""},"tags":[],"class_list":["post-24929","page","type-page","status-publish","hentry"],"aioseo_notices":[],"_links":{"self":[{"href":"https:\/\/smartbe.be\/fr\/wp-json\/wp\/v2\/pages\/24929","targetHints":{"allow":["GET"]}}],"collection":[{"href":"https:\/\/smartbe.be\/fr\/wp-json\/wp\/v2\/pages"}],"about":[{"href":"https:\/\/smartbe.be\/fr\/wp-json\/wp\/v2\/types\/page"}],"author":[{"embeddable":true,"href":"https:\/\/smartbe.be\/fr\/wp-json\/wp\/v2\/users\/54"}],"replies":[{"embeddable":true,"href":"https:\/\/smartbe.be\/fr\/wp-json\/wp\/v2\/comments?post=24929"}],"version-history":[{"count":8,"href":"https:\/\/smartbe.be\/fr\/wp-json\/wp\/v2\/pages\/24929\/revisions"}],"predecessor-version":[{"id":40393,"href":"https:\/\/smartbe.be\/fr\/wp-json\/wp\/v2\/pages\/24929\/revisions\/40393"}],"up":[{"embeddable":true,"href":"https:\/\/smartbe.be\/fr\/wp-json\/wp\/v2\/pages\/24860"}],"wp:attachment":[{"href":"https:\/\/smartbe.be\/fr\/wp-json\/wp\/v2\/media?parent=24929"}],"wp:term":[{"taxonomy":"post_tag","embeddable":true,"href":"https:\/\/smartbe.be\/fr\/wp-json\/wp\/v2\/tags?post=24929"}],"curies":[{"name":"wp","href":"https:\/\/api.w.org\/{rel}","templated":true}]}}