
{"id":24916,"date":"2018-10-29T12:46:50","date_gmt":"2018-10-29T11:46:50","guid":{"rendered":"https:\/\/smartbe.be\/?page_id=24916\/"},"modified":"2023-08-23T18:09:15","modified_gmt":"2023-08-23T16:09:15","slug":"formations","status":"publish","type":"page","link":"https:\/\/smartbe.be\/fr\/nos-services\/formations\/","title":{"rendered":"Formations"},"content":{"rendered":"<p class=\"lead\">Vous souhaitez d\u00e9velopper vos comp\u00e9tences et votre autonomie afin de pouvoir mieux vivre de votre activit\u00e9? Vous avez besoin de conseils pratiques pour pr\u00e9senter, g\u00e9rer et d\u00e9velopper vos projets?<\/p>\n<div class=\"at-above-post addthis_tool\" data-url=\"https:\/\/smartbe.be\/fr\/services\/formation\/\"><\/div>\n<p><b><\/b>Nous organisons des formations afin de vous permettre d\u2019acqu\u00e9rir des comp\u00e9tences p\u00e9riph\u00e9riques \u00e0 votre activit\u00e9 principale (d\u00e9finition de prix, n\u00e9gociation, communication, r\u00e9seautage\u2026)<\/p>\n<p>Bas\u00e9es sur une m\u00e9thodologie active et participative,\u00a0<strong>nos formations<\/strong> favorisent les \u00e9changes entre participant\u00b7es. Elles s\u2019adressent aux travailleurs et travailleuses autonomes de tous niveaux et permet \u00e0 chacun et chacune de confronter ses projets aux avis des autres professionnel\u00b7les pr\u00e9sent\u00b7es.<\/p>\n<p>Si la date ou le lieu ne vous conviennent pas, il nous est \u00e9galement possible d\u2019organiser des formations sur demande.\u00a0Il vous suffit de nous envoyer un mail \u00e0\u00a0<a href=\"mailto:&#x66;&#x6f;&#x72;&#x6d;&#x61;&#x74;&#x69;&#x6f;&#x6e;&#x40;&#x73;&#x6d;&#x61;&#x72;&#x74;&#x2e;&#x63;&#x6f;&#x6f;&#x70;\">&#x66;&#x6f;&#x72;&#x6d;&#x61;&#x74;&#x69;&#x6f;&#x6e;&#x40;<span class=\"oe_displaynone\">null<\/span>&#x73;&#x6d;&#x61;&#x72;&#x74;&#x2e;&#x63;&#x6f;&#x6f;&#x70;<\/a><\/p>\n<p><a href=\"https:\/\/smartbe.be\/fr\/formations-2022\/\"><strong>D\u00e9couvrez le catalogue de formation<\/strong><\/a><\/p>\n<p>Vous \u00eates membre\/soci\u00e9taire et vous souhaitez prolonger les \u00e9changes ou creuser certains sujets au-del\u00e0 de la formation que vous avez suivie\/que vous allez suivre, participez aux ateliers et <a href=\"https:\/\/smartbe.be\/fr\/la-cooperative-2\/#espacesparticipation\">impliquez-vous dans la coop\u00e9rative<\/a>.<\/p>\n<p>Vous vous interrogez encore sur nos outils de gestion et nos autres services,\u00a0 des\u00a0<strong><a href=\"https:\/\/smartbe.be\/fr\/nos-services\/sessions-dinformation\/\">sessions d\u2019information<\/a>\u00a0\u00a0<\/strong>sont organis\u00e9es pr\u00e8s de chez vous.<\/p>","protected":false},"excerpt":{"rendered":"<p>Vous souhaitez d\u00e9velopper vos comp\u00e9tences et votre autonomie afin de pouvoir mieux vivre de votre activit\u00e9? Vous avez besoin de conseils pratiques pour pr\u00e9senter, g\u00e9rer et d\u00e9velopper vos projets? Nous organisons des formations afin de vous permettre d\u2019acqu\u00e9rir des comp\u00e9tences &hellip;<\/p>\n","protected":false},"author":54,"featured_media":0,"parent":24860,"menu_order":0,"comment_status":"closed","ping_status":"closed","template":"","meta":{"footnotes":""},"tags":[],"class_list":["post-24916","page","type-page","status-publish","hentry"],"aioseo_notices":[],"_links":{"self":[{"href":"https:\/\/smartbe.be\/fr\/wp-json\/wp\/v2\/pages\/24916","targetHints":{"allow":["GET"]}}],"collection":[{"href":"https:\/\/smartbe.be\/fr\/wp-json\/wp\/v2\/pages"}],"about":[{"href":"https:\/\/smartbe.be\/fr\/wp-json\/wp\/v2\/types\/page"}],"author":[{"embeddable":true,"href":"https:\/\/smartbe.be\/fr\/wp-json\/wp\/v2\/users\/54"}],"replies":[{"embeddable":true,"href":"https:\/\/smartbe.be\/fr\/wp-json\/wp\/v2\/comments?post=24916"}],"version-history":[{"count":23,"href":"https:\/\/smartbe.be\/fr\/wp-json\/wp\/v2\/pages\/24916\/revisions"}],"predecessor-version":[{"id":40390,"href":"https:\/\/smartbe.be\/fr\/wp-json\/wp\/v2\/pages\/24916\/revisions\/40390"}],"up":[{"embeddable":true,"href":"https:\/\/smartbe.be\/fr\/wp-json\/wp\/v2\/pages\/24860"}],"wp:attachment":[{"href":"https:\/\/smartbe.be\/fr\/wp-json\/wp\/v2\/media?parent=24916"}],"wp:term":[{"taxonomy":"post_tag","embeddable":true,"href":"https:\/\/smartbe.be\/fr\/wp-json\/wp\/v2\/tags?post=24916"}],"curies":[{"name":"wp","href":"https:\/\/api.w.org\/{rel}","templated":true}]}}