
{"id":24907,"date":"2018-10-29T12:57:42","date_gmt":"2018-10-29T11:57:42","guid":{"rendered":"https:\/\/smartbe.be\/?page_id=24907\/"},"modified":"2025-03-26T19:20:39","modified_gmt":"2025-03-26T18:20:39","slug":"brussels-art-factory-bruxelles","status":"publish","type":"page","link":"https:\/\/smartbe.be\/fr\/nos-services\/espaces-de-travail\/brussels-art-factory-bruxelles\/","title":{"rendered":"Brussels Art Factory (Bruxelles)"},"content":{"rendered":"<p><a href=\"https:\/\/smartbe.be\/wp-content\/uploads\/2020\/01\/82909223_3661079760600191_2043710774202859520_n-1.jpg\"><img loading=\"lazy\" decoding=\"async\" class=\"alignnone size-full wp-image-29600\" src=\"https:\/\/smartbe.be\/wp-content\/uploads\/2020\/01\/82909223_3661079760600191_2043710774202859520_n-1.jpg\" alt=\"\" width=\"580\" height=\"466\" srcset=\"https:\/\/smartbe.be\/wp-content\/uploads\/2020\/01\/82909223_3661079760600191_2043710774202859520_n-1.jpg 580w, https:\/\/smartbe.be\/wp-content\/uploads\/2020\/01\/82909223_3661079760600191_2043710774202859520_n-1-300x241.jpg 300w, https:\/\/smartbe.be\/wp-content\/uploads\/2020\/01\/82909223_3661079760600191_2043710774202859520_n-1-373x300.jpg 373w, https:\/\/smartbe.be\/wp-content\/uploads\/2020\/01\/82909223_3661079760600191_2043710774202859520_n-1-290x233.jpg 290w\" sizes=\"auto, (max-width: 580px) 100vw, 580px\" \/><\/a><\/p>\n<p>Brussels Art Factory propose des services en soutien \u00e0 la cr\u00e9ation et aux travailleurs autonomes: mise \u00e0 disposition d\u2019ateliers et salle d\u2019exposition.<\/p>\n<p>&nbsp;<\/p>\n<p><strong>Adresse du site : <\/strong><\/p>\n<p>Rue Coenraets 82 &#8211; 1060 Bruxelles<\/p>\n<p>&nbsp;<\/p>\n<p><strong>Contact location espaces de travail:<\/strong><\/p>\n<div class=\"_3amnw _3v9gP css-621\" title=\"Anicee Arambatzis\" data-log-name=\"PersonName\"><a href=\"mailto:&#x62;&#x6f;&#x6f;&#x6b;&#x69;&#x6e;&#x67;&#x5f;&#x72;&#x6f;&#x6f;&#x6d;&#x40;&#x73;&#x6d;&#x61;&#x72;&#x74;&#x2e;&#x63;&#x6f;&#x6f;&#x70;\">&#x62;&#x6f;&#x6f;&#x6b;&#x69;&#x6e;&#x67;&#x5f;&#x72;&#x6f;&#x6f;&#x6d;&#x40;<span class=\"oe_displaynone\">null<\/span>&#x73;&#x6d;&#x61;&#x72;&#x74;&#x2e;&#x63;&#x6f;&#x6f;&#x70;<\/a><\/div>\n<p>&nbsp;<\/p>\n<p><strong>Plus d&rsquo;infos :<\/strong><\/p>\n<p><a href=\"http:\/\/www.brusselsartfactory.be\">www.brusselsartfactory.be<\/a><\/p>\n<p><a href=\"http:\/\/www.facebook.com\/BrusselsArtFactory\">www.facebook.com\/BrusselsArtFactory<\/a><\/p>","protected":false},"excerpt":{"rendered":"<p>Brussels Art Factory propose des services en soutien \u00e0 la cr\u00e9ation et aux travailleurs autonomes: mise \u00e0 disposition d\u2019ateliers et salle d\u2019exposition. &nbsp; Adresse du site : Rue Coenraets 82 &#8211; 1060 Bruxelles &nbsp; Contact location espaces de travail: &#x62;&#x6f;&#x6f;&#x6b;&#x69;&#x6e;&#x67;&#x5f;&#x72;&#x6f;&#x6f;&#x6d;&#x40;null&#x73;&#x6d;&#x61;&#x72;&#x74;&#x2e;&#x63;&#x6f;&#x6f;&#x70; &hellip;<\/p>\n","protected":false},"author":54,"featured_media":0,"parent":24893,"menu_order":0,"comment_status":"closed","ping_status":"closed","template":"","meta":{"footnotes":""},"tags":[],"class_list":["post-24907","page","type-page","status-publish","hentry"],"aioseo_notices":[],"_links":{"self":[{"href":"https:\/\/smartbe.be\/fr\/wp-json\/wp\/v2\/pages\/24907","targetHints":{"allow":["GET"]}}],"collection":[{"href":"https:\/\/smartbe.be\/fr\/wp-json\/wp\/v2\/pages"}],"about":[{"href":"https:\/\/smartbe.be\/fr\/wp-json\/wp\/v2\/types\/page"}],"author":[{"embeddable":true,"href":"https:\/\/smartbe.be\/fr\/wp-json\/wp\/v2\/users\/54"}],"replies":[{"embeddable":true,"href":"https:\/\/smartbe.be\/fr\/wp-json\/wp\/v2\/comments?post=24907"}],"version-history":[{"count":17,"href":"https:\/\/smartbe.be\/fr\/wp-json\/wp\/v2\/pages\/24907\/revisions"}],"predecessor-version":[{"id":48124,"href":"https:\/\/smartbe.be\/fr\/wp-json\/wp\/v2\/pages\/24907\/revisions\/48124"}],"up":[{"embeddable":true,"href":"https:\/\/smartbe.be\/fr\/wp-json\/wp\/v2\/pages\/24893"}],"wp:attachment":[{"href":"https:\/\/smartbe.be\/fr\/wp-json\/wp\/v2\/media?parent=24907"}],"wp:term":[{"taxonomy":"post_tag","embeddable":true,"href":"https:\/\/smartbe.be\/fr\/wp-json\/wp\/v2\/tags?post=24907"}],"curies":[{"name":"wp","href":"https:\/\/api.w.org\/{rel}","templated":true}]}}