
{"id":24905,"date":"2018-10-29T12:58:22","date_gmt":"2018-10-29T11:58:22","guid":{"rendered":"https:\/\/smartbe.be\/?page_id=24905\/"},"modified":"2023-09-29T15:23:17","modified_gmt":"2023-09-29T13:23:17","slug":"le-centre-de-creation-des-tanneurs-liege","status":"publish","type":"page","link":"https:\/\/smartbe.be\/fr\/nos-services\/espaces-de-travail\/le-centre-de-creation-des-tanneurs-liege\/","title":{"rendered":"Le Centre de Cr\u00e9ation des Tanneurs (Li\u00e8ge)"},"content":{"rendered":"<p><a title=\"Centre de cr\u00e9ation des Tanneurs\" href=\"https:\/\/www.flickr.com\/photos\/smartbe\/albums\/72157645257583802\" data-flickr-embed=\"true\"><img loading=\"lazy\" decoding=\"async\" src=\"https:\/\/live.staticflickr.com\/2922\/14278424450_86fae64d3e_z.jpg\" alt=\"Centre de cr\u00e9ation des Tanneurs\" width=\"640\" height=\"464\" \/><\/a><script async src=\"\/\/embedr.flickr.com\/assets\/client-code.js\" charset=\"utf-8\"><\/script><\/p>\n<p>&nbsp;<\/p>\n<p>Le Centre dispose:<\/p>\n<ul>\n<li>d&rsquo;espaces de bureaux disponibles \u00e0 la location (tout est complet pour l&rsquo;instant)<\/li>\n<li>d&rsquo;une salle de r\u00e9union pouvant \u00eatre r\u00e9serv\u00e9e gratuitement (par les soci\u00e9taires Smart)<\/li>\n<li>d&rsquo;un espace de coworking ouvert tous les premiers lundis du mois de 9h30 \u00e0 12h15 et de 14h \u00e0 17h.<\/li>\n<\/ul>\n<p>Notez que le bureau ne dispose pas d&rsquo;espace de coworking en libre acc\u00e8s.<\/p>\n<p>Le Centre des Tanneurs s\u2019inscrit dans un r\u00e9seau d\u2019espaces partag\u00e9s dont la gestion a \u00e9t\u00e9 confi\u00e9e au <a href=\"https:\/\/www.comptoirdesressourcescreatives.be\/\">Comptoir des Ressources\u00a0Cr\u00e9atives<\/a>, un r\u00e9seau dont fait \u00e9galement partie la <a href=\"https:\/\/smartbe.be\/fr\/nos-services\/espaces-de-travail\/lancienne-brasserie-haecht-liege\/\">Brasserie Haecht<\/a>, propri\u00e9t\u00e9 dont\u00a0la Ville a mis gratuitement un \u00e9tage \u00e0 la disposition de Smart, \u00e0 condition qu\u2019il soit\u00a0am\u00e9nag\u00e9 pour accueillir des ateliers destin\u00e9s \u00e0 des cr\u00e9ateurs.<\/p>\n<p>&nbsp;<\/p>\n<p><strong>Adresse du site :<\/strong><\/p>\n<p>Quai des Tanneurs 2\u00a0 4020 Li\u00e8ge<\/p>\n<p>&nbsp;<\/p>\n<p><strong>Contact :\u00a0<\/strong><\/p>\n<p><a href=\"mailto:&#x6c;&#x69;&#x65;&#x67;&#x65;&#x40;&#x73;&#x6d;&#x61;&#x72;&#x74;&#x2e;&#x63;&#x6f;&#x6f;&#x70;\" target=\"_blank\" rel=\"noopener noreferrer\" data-auth=\"NotApplicable\">&#x6c;&#x69;&#x65;&#x67;&#x65;&#x40;<span class=\"oe_displaynone\">null<\/span>&#x73;&#x6d;&#x61;&#x72;&#x74;&#x2e;&#x63;&#x6f;&#x6f;&#x70;<\/a>\u00a0 &#8211; 0032 4 342 71 15<\/p>","protected":false},"excerpt":{"rendered":"<p>&nbsp; Le Centre dispose: d&rsquo;espaces de bureaux disponibles \u00e0 la location (tout est complet pour l&rsquo;instant) d&rsquo;une salle de r\u00e9union pouvant \u00eatre r\u00e9serv\u00e9e gratuitement (par les soci\u00e9taires Smart) d&rsquo;un espace de coworking ouvert tous les premiers lundis du mois de &hellip;<\/p>\n","protected":false},"author":54,"featured_media":0,"parent":24893,"menu_order":0,"comment_status":"closed","ping_status":"closed","template":"","meta":{"footnotes":""},"tags":[],"class_list":["post-24905","page","type-page","status-publish","hentry"],"aioseo_notices":[],"_links":{"self":[{"href":"https:\/\/smartbe.be\/fr\/wp-json\/wp\/v2\/pages\/24905","targetHints":{"allow":["GET"]}}],"collection":[{"href":"https:\/\/smartbe.be\/fr\/wp-json\/wp\/v2\/pages"}],"about":[{"href":"https:\/\/smartbe.be\/fr\/wp-json\/wp\/v2\/types\/page"}],"author":[{"embeddable":true,"href":"https:\/\/smartbe.be\/fr\/wp-json\/wp\/v2\/users\/54"}],"replies":[{"embeddable":true,"href":"https:\/\/smartbe.be\/fr\/wp-json\/wp\/v2\/comments?post=24905"}],"version-history":[{"count":20,"href":"https:\/\/smartbe.be\/fr\/wp-json\/wp\/v2\/pages\/24905\/revisions"}],"predecessor-version":[{"id":45877,"href":"https:\/\/smartbe.be\/fr\/wp-json\/wp\/v2\/pages\/24905\/revisions\/45877"}],"up":[{"embeddable":true,"href":"https:\/\/smartbe.be\/fr\/wp-json\/wp\/v2\/pages\/24893"}],"wp:attachment":[{"href":"https:\/\/smartbe.be\/fr\/wp-json\/wp\/v2\/media?parent=24905"}],"wp:term":[{"taxonomy":"post_tag","embeddable":true,"href":"https:\/\/smartbe.be\/fr\/wp-json\/wp\/v2\/tags?post=24905"}],"curies":[{"name":"wp","href":"https:\/\/api.w.org\/{rel}","templated":true}]}}