
{"id":24893,"date":"2018-10-29T12:55:11","date_gmt":"2018-10-29T11:55:11","guid":{"rendered":"https:\/\/smartbe.be\/?page_id=24893\/"},"modified":"2025-12-08T13:09:21","modified_gmt":"2025-12-08T12:09:21","slug":"espaces-de-travail","status":"publish","type":"page","link":"https:\/\/smartbe.be\/fr\/nos-services\/espaces-de-travail\/","title":{"rendered":"Espaces de travail"},"content":{"rendered":"<p>Voici plusieurs ann\u00e9es que Smart d\u00e9veloppe (seule ou en partenariat) des espaces de travail partag\u00e9s, financi\u00e8rement accessibles, voire en libre acc\u00e8s. Ils peuvent prendre la forme d&rsquo;un coworking dans les locaux o\u00f9 travaillent les conseillers, de bureaux et d&rsquo;ateliers privatifs ou encore de salles de r\u00e9unions, pour des s\u00e9minaires et des \u00e9v\u00e8nements.<\/p>\n<p>Profitez de ces espaces pour venir travailler, rencontrer les \u00e9quipes de Smart, \u00e9changer avec d\u2019autres membres ou encore partager un caf\u00e9!<\/p>\n<ul>\n<li><a href=\"https:\/\/smartbe.be\/fr\/nos-services\/espaces-de-travail\/la-kop\/\">La KOP (Bruxelles)<\/a><\/li>\n<li><a href=\"https:\/\/smartbe.be\/fr\/nos-services\/espaces-de-travail\/brussels-art-factory-bruxelles\/\">Brussels Art Factory (Bruxelles)<\/a><\/li>\n<li><a href=\"https:\/\/smartbe.be\/fr\/nos-services\/espaces-de-travail\/le-centre-de-creation-des-tanneurs-liege\/\">Le Centre de Cr\u00e9ation des Tanneurs (Li\u00e8ge)<\/a><\/li>\n<li><a href=\"https:\/\/smartbe.be\/fr\/nos-services\/espaces-de-travail\/composite-espaces-creatifs-partages-charleroi\/\">Comptoir des Ressources Cr\u00e9atives (Charleroi)<\/a><\/li>\n<li><a href=\"https:\/\/smartbe.be\/fr\/nos-services\/espaces-de-travail\/espaces-de-travail-partages-gand\/\">Espaces de travail partag\u00e9s (Gand)<\/a><\/li>\n<li><a href=\"https:\/\/smartbe.be\/fr\/nos-services\/espaces-de-travail\/espaces-de-travail-partages-anvers\/\">De Winkelhaak (Anvers)<\/a><\/li>\n<\/ul>","protected":false},"excerpt":{"rendered":"<p>Voici plusieurs ann\u00e9es que Smart d\u00e9veloppe (seule ou en partenariat) des espaces de travail partag\u00e9s, financi\u00e8rement accessibles, voire en libre acc\u00e8s. Ils peuvent prendre la forme d&rsquo;un coworking dans les locaux o\u00f9 travaillent les conseillers, de bureaux et d&rsquo;ateliers privatifs &hellip;<\/p>\n","protected":false},"author":54,"featured_media":0,"parent":24860,"menu_order":0,"comment_status":"closed","ping_status":"closed","template":"","meta":{"footnotes":""},"tags":[],"class_list":["post-24893","page","type-page","status-publish","hentry"],"aioseo_notices":[],"_links":{"self":[{"href":"https:\/\/smartbe.be\/fr\/wp-json\/wp\/v2\/pages\/24893","targetHints":{"allow":["GET"]}}],"collection":[{"href":"https:\/\/smartbe.be\/fr\/wp-json\/wp\/v2\/pages"}],"about":[{"href":"https:\/\/smartbe.be\/fr\/wp-json\/wp\/v2\/types\/page"}],"author":[{"embeddable":true,"href":"https:\/\/smartbe.be\/fr\/wp-json\/wp\/v2\/users\/54"}],"replies":[{"embeddable":true,"href":"https:\/\/smartbe.be\/fr\/wp-json\/wp\/v2\/comments?post=24893"}],"version-history":[{"count":38,"href":"https:\/\/smartbe.be\/fr\/wp-json\/wp\/v2\/pages\/24893\/revisions"}],"predecessor-version":[{"id":49014,"href":"https:\/\/smartbe.be\/fr\/wp-json\/wp\/v2\/pages\/24893\/revisions\/49014"}],"up":[{"embeddable":true,"href":"https:\/\/smartbe.be\/fr\/wp-json\/wp\/v2\/pages\/24860"}],"wp:attachment":[{"href":"https:\/\/smartbe.be\/fr\/wp-json\/wp\/v2\/media?parent=24893"}],"wp:term":[{"taxonomy":"post_tag","embeddable":true,"href":"https:\/\/smartbe.be\/fr\/wp-json\/wp\/v2\/tags?post=24893"}],"curies":[{"name":"wp","href":"https:\/\/api.w.org\/{rel}","templated":true}]}}