
{"id":24889,"date":"2018-10-29T13:02:27","date_gmt":"2018-10-29T12:02:27","guid":{"rendered":"https:\/\/smartbe.be\/?page_id=24889\/"},"modified":"2023-08-23T18:07:37","modified_gmt":"2023-08-23T16:07:37","slug":"accompagnement","status":"publish","type":"page","link":"https:\/\/smartbe.be\/fr\/nos-services\/accompagnement\/","title":{"rendered":"Accompagnement"},"content":{"rendered":"<p>Vous b\u00e9n\u00e9ficiez, si vous le souhaitez, d\u2019un accompagnement individuel personnalis\u00e9. Vous \u00eates accueilli et accompagn\u00e9 par un\u00b7e conseiller\u00b7e <a href=\"http:\/\/smartbe.be\/fr\/nous-contacter\/\">dans l\u2019un des bureaux de Smart<\/a>, proche de chez vous.<\/p>\n<p>Les conseiller\u00b7es r\u00e9pondent aux questions relatives \u00e0:<\/p>\n<ul>\n<li>votre statut social et fiscal<\/li>\n<li>la gestion de vos contrats ou activit\u00e9s<\/li>\n<li>les formalit\u00e9s et obligations administratives<\/li>\n<li>le financement de votre projet<\/li>\n<\/ul>","protected":false},"excerpt":{"rendered":"<p>Vous b\u00e9n\u00e9ficiez, si vous le souhaitez, d\u2019un accompagnement individuel personnalis\u00e9. Vous \u00eates accueilli et accompagn\u00e9 par un\u00b7e conseiller\u00b7e dans l\u2019un des bureaux de Smart, proche de chez vous. Les conseiller\u00b7es r\u00e9pondent aux questions relatives \u00e0: votre statut social et fiscal &hellip;<\/p>\n","protected":false},"author":54,"featured_media":0,"parent":24860,"menu_order":0,"comment_status":"closed","ping_status":"closed","template":"","meta":{"footnotes":""},"tags":[],"class_list":["post-24889","page","type-page","status-publish","hentry"],"aioseo_notices":[],"_links":{"self":[{"href":"https:\/\/smartbe.be\/fr\/wp-json\/wp\/v2\/pages\/24889","targetHints":{"allow":["GET"]}}],"collection":[{"href":"https:\/\/smartbe.be\/fr\/wp-json\/wp\/v2\/pages"}],"about":[{"href":"https:\/\/smartbe.be\/fr\/wp-json\/wp\/v2\/types\/page"}],"author":[{"embeddable":true,"href":"https:\/\/smartbe.be\/fr\/wp-json\/wp\/v2\/users\/54"}],"replies":[{"embeddable":true,"href":"https:\/\/smartbe.be\/fr\/wp-json\/wp\/v2\/comments?post=24889"}],"version-history":[{"count":5,"href":"https:\/\/smartbe.be\/fr\/wp-json\/wp\/v2\/pages\/24889\/revisions"}],"predecessor-version":[{"id":40388,"href":"https:\/\/smartbe.be\/fr\/wp-json\/wp\/v2\/pages\/24889\/revisions\/40388"}],"up":[{"embeddable":true,"href":"https:\/\/smartbe.be\/fr\/wp-json\/wp\/v2\/pages\/24860"}],"wp:attachment":[{"href":"https:\/\/smartbe.be\/fr\/wp-json\/wp\/v2\/media?parent=24889"}],"wp:term":[{"taxonomy":"post_tag","embeddable":true,"href":"https:\/\/smartbe.be\/fr\/wp-json\/wp\/v2\/tags?post=24889"}],"curies":[{"name":"wp","href":"https:\/\/api.w.org\/{rel}","templated":true}]}}